{"id":3364,"date":"2021-11-24T15:25:48","date_gmt":"2021-11-24T15:25:48","guid":{"rendered":"https:\/\/mcazorla.com\/politica-de-cookies\/"},"modified":"2022-02-01T14:06:31","modified_gmt":"2022-02-01T14:06:31","slug":"cookie-policy","status":"publish","type":"page","link":"https:\/\/mcazorla.com\/en\/cookie-policy\/","title":{"rendered":"Cookie policy"},"content":{"rendered":"<div class=\"fusion-fullwidth fullwidth-box fusion-builder-row-1 fusion-flex-container nonhundred-percent-fullwidth non-hundred-percent-height-scrolling\" style=\"--awb-border-radius-top-left:0px;--awb-border-radius-top-right:0px;--awb-border-radius-bottom-right:0px;--awb-border-radius-bottom-left:0px;--awb-flex-wrap:wrap;\" ><div class=\"fusion-builder-row fusion-row fusion-flex-align-items-flex-start fusion-flex-content-wrap\" style=\"max-width:1365px;margin-left: calc(-5% \/ 2 );margin-right: calc(-5% \/ 2 );\"><div class=\"fusion-layout-column fusion_builder_column fusion-builder-column-0 fusion_builder_column_1_1 1_1 fusion-flex-column\" style=\"--awb-bg-size:cover;--awb-width-large:100%;--awb-margin-top-large:0px;--awb-spacing-right-large:2.375%;--awb-margin-bottom-large:0px;--awb-spacing-left-large:2.375%;--awb-width-medium:100%;--awb-spacing-right-medium:2.375%;--awb-spacing-left-medium:2.375%;--awb-width-small:100%;--awb-spacing-right-small:2.375%;--awb-spacing-left-small:2.375%;\"><div class=\"fusion-column-wrapper fusion-flex-justify-content-flex-start fusion-content-layout-column\"><div class=\"fusion-text fusion-text-1\" style=\"--awb-text-transform:none;\"><p>El lloc web i el domini\u00a0<a href=\"https:\/\/mcazorla.com\/ca\/356\/\" target=\"_blank\" rel=\"noopener\">www.mcazorla.com<\/a>\u00a0corresponen a M.CAZORLA S.L., amb NIF\u00a0B17236985\u00a0i domicili al C\/ Aigueta, n\u00ba 4 (CP 17761) de Figueres, tel\u00e8fon\u00a0972 50 44 43 i adre\u00e7a electr\u00f2nica:\u00a0<a href=\"mailto:infocazorla@telefonica.net\" target=\"_blank\" rel=\"noopener\">infocazorla@telefonica.net<\/a>.<\/p>\n<p>&nbsp;<\/p>\n<h3><strong>PROPIETAT INTEL\u00b7LECTUAL I INDUSTRIAL<\/strong><\/h3>\n<p>Els continguts d&#8217;aquest lloc, incloent-hi els textos, imatges i dissenys gr\u00e0fics, pertanyen a\u00a0M.CAZORLA S.L., o a tercers que n&#8217;han autoritzat el seu \u00fas.\u00a0M.CAZORLA S.L.\u00a0presenta aquests continguts amb finalitats d&#8217;informaci\u00f3 i publicitat.\u00a0M.CAZORLA S.L.\u00a0n&#8217;autoritza la utilitzaci\u00f3 exclusivament amb aquestes finalitats. Qualsevol utilitzaci\u00f3 d&#8217;aquests dissenys, imatges o textos haur\u00e0 de citar expressament la seva pertinen\u00e7a a\u00a0M.CAZORLA S.L., que es reserva el dret a iniciar les accions legals oportunes per reparar els danys i perjudicis causats per qualsevol acte que vulneri els seus drets de propietat intel\u00b7lectual o industrial.<\/p>\n<p>No s&#8217;autoritzen presentacions dels continguts d&#8217;aquest lloc en una finestra aliena a\u00a0<a href=\"https:\/\/mcazorla.com\/ca\/356\/\" target=\"_blank\" rel=\"noopener\">www.mcazorla.com<\/a>\u00a0(framing).<\/p>\n<h3>\u00a0<\/h3>\n<h3 id=\"proteccio-dades\"><strong>PROTECCI\u00d3 DE DADES<\/strong><\/h3>\n<p>Les dades personals que es puguin obtenir per mitj\u00e0 del formulari de contacte d&#8217;aquesta p\u00e0gina o b\u00e9 per la recepci\u00f3 de correus electr\u00f2nics s&#8217;incorporaran a un fitxer creat per\u00a0M.CAZORLA S.L.\u00a0per a l&#8217;enviament d&#8217;informaci\u00f3 de l&#8217;empresa.<\/p>\n<p>Les dades facilitades per a la subscripci\u00f3 al newsletter s&#8217;incorporaran en un fitxer creat per\u00a0M.CAZORLA S.L.\u00a0per a l&#8217;enviament d&#8217;informaci\u00f3. No seran cedides a terceres persones. En qualsevol moment la persona interessada podr\u00e0 exercir els seus drets d&#8217;acc\u00e9s a les dades, rectificaci\u00f3, oposici\u00f3 al tractament i cancel\u00b7laci\u00f3 adre\u00e7ant-se a\u00a0M.CAZORLA S.L.\u00a0de la forma que li sigui m\u00e9s c\u00f2moda.<\/p>\n<h3>\u00a0<\/h3>\n<h3><strong>RESPONSABILITAT SOBRE ELS CONTINGUTS<\/strong><\/h3>\n<p>Tot i que\u00a0M.CAZORLA S.L.\u00a0actua amb el m\u00e0xim de dilig\u00e8ncia possible, es pot donar el cas que alguna dada o informaci\u00f3 no estigui del tot actualitzada en el moment que l&#8217;usuari del lloc web el consulti. Per aix\u00f2\u00a0M.CAZORLA S.L.\u00a0manifesta que les refer\u00e8ncies dels productes i serveis que es presenten en el seu lloc web tenen una funci\u00f3 orientativa i no obliguen a\u00a0M.CAZORLA S.L.\u00a0fins a la contractaci\u00f3 expressa d&#8217;una comanda.<\/p>\n<p>M.CAZORLA S.L.\u00a0es reserva el dret a modificar unilateralment, en qualsevol moment i sense av\u00eds previ, la presentaci\u00f3, configuraci\u00f3 i continguts del web.<\/p>\n<p>M.CAZORLA S.L.\u00a0no ser\u00e0 responsable de la informaci\u00f3 que es pugui obtenir a trav\u00e9s d&#8217;enlla\u00e7os inclosos en el lloc.<\/p>\n<h3>\u00a0<\/h3>\n<h3 id=\"cookies\"><strong>POL\u00cdTICA DE COOKIES<\/strong><\/h3>\n<p>Les cookies o galetes s\u00f3n uns petits arxius de text que s&#8217;instal\u00b7len als equips des dels quals s&#8217;accedeix al nostre lloc web. Poden guardar la identificaci\u00f3 de l&#8217;usuari que visita el web i els llocs pels quals navega. Quan l&#8217;usuari (vost\u00e8 en aquest cas) ens torna a visitar es llegeixen les cookies per identificar-lo i restablir les seves prefer\u00e8ncies i configuraci\u00f3 de navegaci\u00f3. Si un usuari no autoritza l&#8217;\u00fas de les cookies alguns serveis o funcionalitats del lloc web podrien no estar disponibles.<\/p>\n<p>Volem que aquest lloc ofereixi un bon servei i que sigui f\u00e0cil d&#8217;utilitzar. El nostre objectiu \u00e9s oferir-li productes i serveis personalitzats. En aquest sentit les cookies ens permeten:<\/p>\n<p>&nbsp;<\/p>\n<ul>\n<li>Identificar els usuaris registrats quan tornen al lloc perqu\u00e8 puguin recuperar resultats de la seva activitat anterior.<\/li>\n<li>Estalviar temps evitant la necessitat de tornar a introduir la mateixa informaci\u00f3.<\/li>\n<li>Protegir la seva seguretat mitjan\u00e7ant la comprovaci\u00f3 de les dades d&#8217;inici de sessi\u00f3.<\/li>\n<\/ul>\n<p>Algunes cookies s\u00f3n de col\u00b7laboradors externs i serveixen per a:<\/p>\n<p>&nbsp;<\/p>\n<ul>\n<li>Analitzar estad\u00edsticament la informaci\u00f3 a la que accedeixen els usuaris del nostre lloc. Les dades recopilades poden incloure l&#8217;activitat del navegador de l&#8217;usuari quan ens visita, la ruta que segueixen els usuaris en el nostre lloc, informaci\u00f3 del prove\u00efdor de serveis d&#8217;Internet del visitant, el nombre de vegades que els usuaris accedeixen al lloc i el comportament dels usuaris al nostre lloc (p\u00e0gines que ha visitat, formularis que s&#8217;han completat i similars).<\/li>\n<li>Identificar els usuaris que ens visiten des de la invitaci\u00f3 d&#8217;un lloc web associat o d&#8217;un enlla\u00e7 patrocinat.<\/li>\n<\/ul>\n<p>&nbsp;<\/p>\n<p>Vost\u00e8 pot revocar el consentiment a la utilitzaci\u00f3 de cookies eliminant-les per mitj\u00e0 de les opcions que li ofereix el seu navegador.<\/p>\n<p>Aquest lloc web utilitza les galetes seg\u00fcents:<\/p>\n<p>&nbsp;<\/p>\n<ul>\n<li>Google Analytics GA Tracking (_ga) per a obtenir i analitzar informaci\u00f3 de la navegaci\u00f3 dels usuaris. M\u00e9s informaci\u00f3 a\u00a0<a href=\"http:\/\/www.google.com\/analytics\/\">www.google.com\/analytics\/<\/a>. Per controlar la recopilaci\u00f3 de dades amb finalitats anal\u00edtiques per part de Google Analytics, pot anar a\u00a0<a href=\"https:\/\/tools.google.com\/dlpage\/gaoptout?hl=en\">https:\/\/tools.google.com\/dlpage\/gaoptout?hl=en<\/a>.<\/li>\n<\/ul>\n<p>&nbsp;<\/p>\n<p>Vost\u00e8 pot configurar el seu navegador per tal que l&#8217;informi pr\u00e8viament de la possible instal\u00b7laci\u00f3 de cookies. Tamb\u00e9 podr\u00e0 optar per tal que es suprimeixin autom\u00e0ticament un cop es tanqui el navegador, equip o dispositiu. Pot trobar informaci\u00f3 sobre com fer-ho a:<\/p>\n<p>&nbsp;<\/p>\n<ul>\n<li>Per a Firefox a\u00a0<a href=\"http:\/\/support.mozilla.org\/ca\/kb\/Galetes\">http:\/\/support.mozilla.org\/ca\/kb\/Galetes<\/a><\/li>\n<li>Per a Chrome a\u00a0<a href=\"https:\/\/support.google.com\/chrome\/answer\/95647?hl=ca\">https:\/\/support.google.com\/chrome\/answer\/95647?hl=ca<\/a><\/li>\n<li>Per a Explorer a\u00a0<a href=\"http:\/\/windows.microsoft.com\/es-es\/windows7\/how-to-manage-cookies-in-internet-explorer-9\">http:\/\/windows.microsoft.com\/es-es\/windows7\/how-to-manage-cookies-in-internet-explorer-9<\/a><\/li>\n<li>Per a Safari a\u00a0<a href=\"http:\/\/support.apple.com\/kb\/ph5042\">http:\/\/support.apple.com\/kb\/ph5042<\/a><\/li>\n<li>Per a Safari per a iOS a\u00a0<a href=\"http:\/\/support.apple.com\/kb\/HT1677?viewlocale=es_ES\">http:\/\/support.apple.com\/kb\/HT1677?viewlocale=es_ES<\/a><\/li>\n<li>Per a Opera a\u00a0<a href=\"http:\/\/help.opera.com\/Windows\/11.50\/es-ES\/cookies.html\">http:\/\/help.opera.com\/Windows\/11.50\/es-ES\/cookies.html<\/a><\/li>\n<\/ul>\n<p>&nbsp;<\/p>\n<h3><strong>CONDICIONS D&#8217;\u00daS<\/strong><\/h3>\n<p>L&#8217;\u00fas d&#8217;aquest web implica l&#8217;acceptaci\u00f3 plena dels termes i condicions del present av\u00eds legal. Els possibles conflictes relatius a aquest web es regiran exclusivament pel dret de l&#8217;estat espanyol. Tota persona usu\u00e0ria del web, independentment de la jurisdicci\u00f3 territorial des de la qual es produeixi el seu acc\u00e9s, accepta el compliment i respecte d&#8217;aquestes cl\u00e0usules amb ren\u00fancia expressa a qualsevol altre fur que li pogu\u00e9s correspondre.<\/p>\n<p>&nbsp;<\/p>\n<h3><strong>\u00a0<\/strong><\/h3>\n<h3><strong>FORMULARI DE CONTACTE<br \/><\/strong><\/h3>\n<p>&nbsp;<\/p>\n<p>\u201cDe conformitat amb l&#8217;establert en la normativa vigent en Protecci\u00f3 de Dades de Car\u00e0cter Personal, li informem que les seves dades seran incorporades al sistema de tractament titularitat de M CAZORLA SL amb CIF B17236985 i domicili social situat en C\/ L AIGUETA N\u00ba 1 17761, CABANES (GIRONA), amb la finalitat d&#8217;atendre les seves consultes i remetre-li informaci\u00f3 relacionada que pugui ser del seu inter\u00e8s. En compliment amb la normativa vigent, M CAZORLA SL informa que les dades seran conservades durant el termini estrictament necessari per complir amb els preceptes esmentats amb anterioritat.<\/p>\n<p>Mentre no ens comuniqui el contrari, entendrem que les seves dades no han estat modificats, que vost\u00e8 es compromet a notificar-nos qualsevol variaci\u00f3 i que tenim el seu consentiment per utilitzar-los per a les finalitats esmentades.<\/p>\n<p>M CAZORLA SL informa que procedir\u00e0 a tractar les dades de manera l\u00edcita, lleial, transparent, adequada, pertinent, limitada, exacta i actualitzada. \u00c9s per aix\u00f2 que M CAZORLA SL es compromet a adoptar totes les mesures raonables perqu\u00e8 aquests se suprimeixin o rectifiquin sense dilaci\u00f3 quan siguin inexactes. D&#8217;acord amb els drets que li confereix el la normativa vigent en protecci\u00f3 de dades podr\u00e0 exercir els drets d&#8217;acc\u00e9s, rectificaci\u00f3, limitaci\u00f3 de tractament, supressi\u00f3, portabilitat i oposici\u00f3 al tractament de les seves dades de car\u00e0cter personal aix\u00ed com del consentiment prestat per al tractament dels mateixos, dirigint la seva petici\u00f3 a l&#8217;adre\u00e7a postal indicada m\u00e9s amunt o al correu electr\u00f2nic : Oficazorla@gmail.com.<\/p>\n<p>Al seu torn, li informem que pot contactar amb el Delegat de Protecci\u00f3 de Dades de M CAZORLA SL, dirigint-se per escrit a l&#8217;adre\u00e7a de correu dpo.cliente@conversia.es o al tel\u00e8fon 902877192. Podr\u00e0 dirigir-se a l&#8217;Autoritat de Control competent per presentar la reclamaci\u00f3 que consideri oportuna. Amb enviament del formulari de recollida de dades vost\u00e8 accepta la pol\u00edtica de privadesa de M CAZORLA SL.<\/p>\n<p>&nbsp;<\/p>\n<\/div><\/div><\/div><\/div><\/div>","protected":false},"excerpt":{"rendered":"","protected":false},"author":1,"featured_media":0,"parent":0,"menu_order":0,"comment_status":"closed","ping_status":"open","template":"","meta":{"footnotes":""},"class_list":["post-3364","page","type-page","status-publish","hentry"],"yoast_head":"<!-- This site is optimized with the Yoast SEO plugin v27.3 - https:\/\/yoast.com\/product\/yoast-seo-wordpress\/ -->\n<title>Cookie policy - M. Cazorla<\/title>\n<meta name=\"robots\" content=\"index, follow, max-snippet:-1, max-image-preview:large, max-video-preview:-1\" \/>\n<link rel=\"canonical\" href=\"https:\/\/mcazorla.com\/en\/cookie-policy\/\" \/>\n<meta property=\"og:locale\" content=\"en_US\" \/>\n<meta property=\"og:type\" content=\"article\" \/>\n<meta property=\"og:title\" content=\"Cookie policy - M. Cazorla\" \/>\n<meta property=\"og:url\" content=\"https:\/\/mcazorla.com\/en\/cookie-policy\/\" \/>\n<meta property=\"og:site_name\" content=\"M. Cazorla\" \/>\n<meta property=\"article:modified_time\" content=\"2022-02-01T14:06:31+00:00\" \/>\n<meta name=\"twitter:card\" content=\"summary_large_image\" \/>\n<meta name=\"twitter:label1\" content=\"Est. reading time\" \/>\n\t<meta name=\"twitter:data1\" content=\"8 minutes\" \/>\n<script type=\"application\/ld+json\" class=\"yoast-schema-graph\">{\"@context\":\"https:\\\/\\\/schema.org\",\"@graph\":[{\"@type\":\"WebPage\",\"@id\":\"https:\\\/\\\/mcazorla.com\\\/en\\\/cookie-policy\\\/\",\"url\":\"https:\\\/\\\/mcazorla.com\\\/en\\\/cookie-policy\\\/\",\"name\":\"Cookie policy - M. Cazorla\",\"isPartOf\":{\"@id\":\"https:\\\/\\\/mcazorla.com\\\/#website\"},\"datePublished\":\"2021-11-24T15:25:48+00:00\",\"dateModified\":\"2022-02-01T14:06:31+00:00\",\"breadcrumb\":{\"@id\":\"https:\\\/\\\/mcazorla.com\\\/en\\\/cookie-policy\\\/#breadcrumb\"},\"inLanguage\":\"en-US\",\"potentialAction\":[{\"@type\":\"ReadAction\",\"target\":[\"https:\\\/\\\/mcazorla.com\\\/en\\\/cookie-policy\\\/\"]}]},{\"@type\":\"BreadcrumbList\",\"@id\":\"https:\\\/\\\/mcazorla.com\\\/en\\\/cookie-policy\\\/#breadcrumb\",\"itemListElement\":[{\"@type\":\"ListItem\",\"position\":1,\"name\":\"Portada\",\"item\":\"https:\\\/\\\/mcazorla.com\\\/en\\\/\"},{\"@type\":\"ListItem\",\"position\":2,\"name\":\"Cookie policy\"}]},{\"@type\":\"WebSite\",\"@id\":\"https:\\\/\\\/mcazorla.com\\\/#website\",\"url\":\"https:\\\/\\\/mcazorla.com\\\/\",\"name\":\"M. Cazorla\",\"description\":\"Comercialitzaci\u00f3 de llavors, fertilizants, adobs ,fitosanitaris i cereals.\",\"potentialAction\":[{\"@type\":\"SearchAction\",\"target\":{\"@type\":\"EntryPoint\",\"urlTemplate\":\"https:\\\/\\\/mcazorla.com\\\/?s={search_term_string}\"},\"query-input\":{\"@type\":\"PropertyValueSpecification\",\"valueRequired\":true,\"valueName\":\"search_term_string\"}}],\"inLanguage\":\"en-US\"}]}<\/script>\n<!-- \/ Yoast SEO plugin. -->","yoast_head_json":{"title":"Cookie policy - M. Cazorla","robots":{"index":"index","follow":"follow","max-snippet":"max-snippet:-1","max-image-preview":"max-image-preview:large","max-video-preview":"max-video-preview:-1"},"canonical":"https:\/\/mcazorla.com\/en\/cookie-policy\/","og_locale":"en_US","og_type":"article","og_title":"Cookie policy - M. Cazorla","og_url":"https:\/\/mcazorla.com\/en\/cookie-policy\/","og_site_name":"M. Cazorla","article_modified_time":"2022-02-01T14:06:31+00:00","twitter_card":"summary_large_image","twitter_misc":{"Est. reading time":"8 minutes"},"schema":{"@context":"https:\/\/schema.org","@graph":[{"@type":"WebPage","@id":"https:\/\/mcazorla.com\/en\/cookie-policy\/","url":"https:\/\/mcazorla.com\/en\/cookie-policy\/","name":"Cookie policy - M. Cazorla","isPartOf":{"@id":"https:\/\/mcazorla.com\/#website"},"datePublished":"2021-11-24T15:25:48+00:00","dateModified":"2022-02-01T14:06:31+00:00","breadcrumb":{"@id":"https:\/\/mcazorla.com\/en\/cookie-policy\/#breadcrumb"},"inLanguage":"en-US","potentialAction":[{"@type":"ReadAction","target":["https:\/\/mcazorla.com\/en\/cookie-policy\/"]}]},{"@type":"BreadcrumbList","@id":"https:\/\/mcazorla.com\/en\/cookie-policy\/#breadcrumb","itemListElement":[{"@type":"ListItem","position":1,"name":"Portada","item":"https:\/\/mcazorla.com\/en\/"},{"@type":"ListItem","position":2,"name":"Cookie policy"}]},{"@type":"WebSite","@id":"https:\/\/mcazorla.com\/#website","url":"https:\/\/mcazorla.com\/","name":"M. Cazorla","description":"Comercialitzaci\u00f3 de llavors, fertilizants, adobs ,fitosanitaris i cereals.","potentialAction":[{"@type":"SearchAction","target":{"@type":"EntryPoint","urlTemplate":"https:\/\/mcazorla.com\/?s={search_term_string}"},"query-input":{"@type":"PropertyValueSpecification","valueRequired":true,"valueName":"search_term_string"}}],"inLanguage":"en-US"}]}},"_links":{"self":[{"href":"https:\/\/mcazorla.com\/en\/wp-json\/wp\/v2\/pages\/3364","targetHints":{"allow":["GET"]}}],"collection":[{"href":"https:\/\/mcazorla.com\/en\/wp-json\/wp\/v2\/pages"}],"about":[{"href":"https:\/\/mcazorla.com\/en\/wp-json\/wp\/v2\/types\/page"}],"author":[{"embeddable":true,"href":"https:\/\/mcazorla.com\/en\/wp-json\/wp\/v2\/users\/1"}],"replies":[{"embeddable":true,"href":"https:\/\/mcazorla.com\/en\/wp-json\/wp\/v2\/comments?post=3364"}],"version-history":[{"count":0,"href":"https:\/\/mcazorla.com\/en\/wp-json\/wp\/v2\/pages\/3364\/revisions"}],"wp:attachment":[{"href":"https:\/\/mcazorla.com\/en\/wp-json\/wp\/v2\/media?parent=3364"}],"curies":[{"name":"wp","href":"https:\/\/api.w.org\/{rel}","templated":true}]}}