{"id":4500,"date":"2022-08-25T14:00:00","date_gmt":"2022-08-25T14:00:00","guid":{"rendered":"https:\/\/www.mcazorla.com\/?post_type=product&#038;p=4500"},"modified":"2022-09-22T14:25:35","modified_gmt":"2022-09-22T14:25:35","slug":"lg50-627clp","status":"publish","type":"product","link":"https:\/\/mcazorla.com\/en\/producte\/lg50-627clp\/","title":{"rendered":"LG 50.627 CLP"},"content":{"rendered":"","protected":false},"excerpt":{"rendered":"<p>Varietat preco\u00e7, oleica i amb tractament Clearfield Plus.<\/p>\n<p>Resist\u00e8ncia al mildiu : 8.<\/p>\n<p>(Escala de valors : 1-3 : Sensible \/ 4-6 : Mitja &#8211; Bo \/ 7-9 : Tolerant &#8211; Excel\u00b7lent).<\/p>\n<ul>\n<li>Alt oleic.<\/li>\n<li>Alta toler\u00e0ncia a l&#8217;estr\u00e9s h\u00eddric.<\/li>\n<li>Flexibilitat en el maneig del cultiu davant la pres\u00e8ncia de males herbes.<\/li>\n<li>Bona relaci\u00f3 entre producci\u00f3 i contingut gras.<\/li>\n<\/ul>\n<p>Poc sensible a la Phomopsis<\/p>\n","protected":false},"featured_media":4710,"template":"","meta":[],"product_brand":[],"product_cat":[232],"product_tag":[],"class_list":{"0":"post-4500","1":"product","2":"type-product","3":"status-publish","4":"has-post-thumbnail","6":"product_cat-girasol","8":"first","9":"instock","10":"shipping-taxable","11":"product-type-simple"},"yoast_head":"<!-- This site is optimized with the Yoast SEO plugin v27.4 - https:\/\/yoast.com\/product\/yoast-seo-wordpress\/ -->\n<title>LG 50.627 CLP - M. Cazorla<\/title>\n<meta name=\"robots\" content=\"index, follow, max-snippet:-1, max-image-preview:large, max-video-preview:-1\" \/>\n<link rel=\"canonical\" href=\"https:\/\/mcazorla.com\/producte\/lg50-627clp\/\" \/>\n<meta property=\"og:locale\" content=\"en_US\" \/>\n<meta property=\"og:type\" content=\"article\" \/>\n<meta property=\"og:title\" content=\"LG 50.627 CLP - M. Cazorla\" \/>\n<meta property=\"og:description\" content=\"Varietat preco\u00e7, oleica i amb tractament Clearfield Plus.  Resist\u00e8ncia al mildiu : 8.  (Escala de valors : 1-3 : Sensible \/ 4-6 : Mitja - Bo \/ 7-9 : Tolerant - Excel\u00b7lent).   Alt oleic.  Alta toler\u00e0ncia a l&#039;estr\u00e9s h\u00eddric.  Flexibilitat en el maneig del cultiu davant la pres\u00e8ncia de males herbes.  Bona relaci\u00f3 entre producci\u00f3 i contingut gras.  Poc sensible a la Phomopsis\" \/>\n<meta property=\"og:url\" content=\"https:\/\/mcazorla.com\/producte\/lg50-627clp\/\" \/>\n<meta property=\"og:site_name\" content=\"M. Cazorla\" \/>\n<meta property=\"article:modified_time\" content=\"2022-09-22T14:25:35+00:00\" \/>\n<meta property=\"og:image\" content=\"https:\/\/mcazorla.com\/wp-content\/uploads\/2022\/08\/GIRASOL-50.627-HOV-CLP.jpg\" \/>\n\t<meta property=\"og:image:width\" content=\"500\" \/>\n\t<meta property=\"og:image:height\" content=\"386\" \/>\n\t<meta property=\"og:image:type\" content=\"image\/jpeg\" \/>\n<meta name=\"twitter:card\" content=\"summary_large_image\" \/>\n<script type=\"application\/ld+json\" class=\"yoast-schema-graph\">{\"@context\":\"https:\\\/\\\/schema.org\",\"@graph\":[{\"@type\":\"WebPage\",\"@id\":\"https:\\\/\\\/mcazorla.com\\\/producte\\\/lg50-627clp\\\/\",\"url\":\"https:\\\/\\\/mcazorla.com\\\/producte\\\/lg50-627clp\\\/\",\"name\":\"LG 50.627 CLP - M. Cazorla\",\"isPartOf\":{\"@id\":\"https:\\\/\\\/mcazorla.com\\\/#website\"},\"primaryImageOfPage\":{\"@id\":\"https:\\\/\\\/mcazorla.com\\\/producte\\\/lg50-627clp\\\/#primaryimage\"},\"image\":{\"@id\":\"https:\\\/\\\/mcazorla.com\\\/producte\\\/lg50-627clp\\\/#primaryimage\"},\"thumbnailUrl\":\"https:\\\/\\\/mcazorla.com\\\/wp-content\\\/uploads\\\/2022\\\/08\\\/GIRASOL-50.627-HOV-CLP.jpg\",\"datePublished\":\"2022-08-25T14:00:00+00:00\",\"dateModified\":\"2022-09-22T14:25:35+00:00\",\"breadcrumb\":{\"@id\":\"https:\\\/\\\/mcazorla.com\\\/producte\\\/lg50-627clp\\\/#breadcrumb\"},\"inLanguage\":\"en-US\",\"potentialAction\":[{\"@type\":\"ReadAction\",\"target\":[\"https:\\\/\\\/mcazorla.com\\\/producte\\\/lg50-627clp\\\/\"]}]},{\"@type\":\"ImageObject\",\"inLanguage\":\"en-US\",\"@id\":\"https:\\\/\\\/mcazorla.com\\\/producte\\\/lg50-627clp\\\/#primaryimage\",\"url\":\"https:\\\/\\\/mcazorla.com\\\/wp-content\\\/uploads\\\/2022\\\/08\\\/GIRASOL-50.627-HOV-CLP.jpg\",\"contentUrl\":\"https:\\\/\\\/mcazorla.com\\\/wp-content\\\/uploads\\\/2022\\\/08\\\/GIRASOL-50.627-HOV-CLP.jpg\",\"width\":500,\"height\":386},{\"@type\":\"BreadcrumbList\",\"@id\":\"https:\\\/\\\/mcazorla.com\\\/producte\\\/lg50-627clp\\\/#breadcrumb\",\"itemListElement\":[{\"@type\":\"ListItem\",\"position\":1,\"name\":\"Portada\",\"item\":\"https:\\\/\\\/mcazorla.com\\\/en\\\/\"},{\"@type\":\"ListItem\",\"position\":2,\"name\":\"Productes\",\"item\":\"https:\\\/\\\/mcazorla.com\\\/productes\\\/\"},{\"@type\":\"ListItem\",\"position\":3,\"name\":\"LG 50.627 CLP\"}]},{\"@type\":\"WebSite\",\"@id\":\"https:\\\/\\\/mcazorla.com\\\/#website\",\"url\":\"https:\\\/\\\/mcazorla.com\\\/\",\"name\":\"M. Cazorla\",\"description\":\"Comercialitzaci\u00f3 de llavors, fertilizants, adobs ,fitosanitaris i cereals.\",\"potentialAction\":[{\"@type\":\"SearchAction\",\"target\":{\"@type\":\"EntryPoint\",\"urlTemplate\":\"https:\\\/\\\/mcazorla.com\\\/?s={search_term_string}\"},\"query-input\":{\"@type\":\"PropertyValueSpecification\",\"valueRequired\":true,\"valueName\":\"search_term_string\"}}],\"inLanguage\":\"en-US\"}]}<\/script>\n<!-- \/ Yoast SEO plugin. -->","yoast_head_json":{"title":"LG 50.627 CLP - M. Cazorla","robots":{"index":"index","follow":"follow","max-snippet":"max-snippet:-1","max-image-preview":"max-image-preview:large","max-video-preview":"max-video-preview:-1"},"canonical":"https:\/\/mcazorla.com\/producte\/lg50-627clp\/","og_locale":"en_US","og_type":"article","og_title":"LG 50.627 CLP - M. Cazorla","og_description":"Varietat preco\u00e7, oleica i amb tractament Clearfield Plus.  Resist\u00e8ncia al mildiu : 8.  (Escala de valors : 1-3 : Sensible \/ 4-6 : Mitja - Bo \/ 7-9 : Tolerant - Excel\u00b7lent).   Alt oleic.  Alta toler\u00e0ncia a l'estr\u00e9s h\u00eddric.  Flexibilitat en el maneig del cultiu davant la pres\u00e8ncia de males herbes.  Bona relaci\u00f3 entre producci\u00f3 i contingut gras.  Poc sensible a la Phomopsis","og_url":"https:\/\/mcazorla.com\/producte\/lg50-627clp\/","og_site_name":"M. Cazorla","article_modified_time":"2022-09-22T14:25:35+00:00","og_image":[{"width":500,"height":386,"url":"https:\/\/mcazorla.com\/wp-content\/uploads\/2022\/08\/GIRASOL-50.627-HOV-CLP.jpg","type":"image\/jpeg"}],"twitter_card":"summary_large_image","schema":{"@context":"https:\/\/schema.org","@graph":[{"@type":"WebPage","@id":"https:\/\/mcazorla.com\/producte\/lg50-627clp\/","url":"https:\/\/mcazorla.com\/producte\/lg50-627clp\/","name":"LG 50.627 CLP - M. Cazorla","isPartOf":{"@id":"https:\/\/mcazorla.com\/#website"},"primaryImageOfPage":{"@id":"https:\/\/mcazorla.com\/producte\/lg50-627clp\/#primaryimage"},"image":{"@id":"https:\/\/mcazorla.com\/producte\/lg50-627clp\/#primaryimage"},"thumbnailUrl":"https:\/\/mcazorla.com\/wp-content\/uploads\/2022\/08\/GIRASOL-50.627-HOV-CLP.jpg","datePublished":"2022-08-25T14:00:00+00:00","dateModified":"2022-09-22T14:25:35+00:00","breadcrumb":{"@id":"https:\/\/mcazorla.com\/producte\/lg50-627clp\/#breadcrumb"},"inLanguage":"en-US","potentialAction":[{"@type":"ReadAction","target":["https:\/\/mcazorla.com\/producte\/lg50-627clp\/"]}]},{"@type":"ImageObject","inLanguage":"en-US","@id":"https:\/\/mcazorla.com\/producte\/lg50-627clp\/#primaryimage","url":"https:\/\/mcazorla.com\/wp-content\/uploads\/2022\/08\/GIRASOL-50.627-HOV-CLP.jpg","contentUrl":"https:\/\/mcazorla.com\/wp-content\/uploads\/2022\/08\/GIRASOL-50.627-HOV-CLP.jpg","width":500,"height":386},{"@type":"BreadcrumbList","@id":"https:\/\/mcazorla.com\/producte\/lg50-627clp\/#breadcrumb","itemListElement":[{"@type":"ListItem","position":1,"name":"Portada","item":"https:\/\/mcazorla.com\/en\/"},{"@type":"ListItem","position":2,"name":"Productes","item":"https:\/\/mcazorla.com\/productes\/"},{"@type":"ListItem","position":3,"name":"LG 50.627 CLP"}]},{"@type":"WebSite","@id":"https:\/\/mcazorla.com\/#website","url":"https:\/\/mcazorla.com\/","name":"M. Cazorla","description":"Comercialitzaci\u00f3 de llavors, fertilizants, adobs ,fitosanitaris i cereals.","potentialAction":[{"@type":"SearchAction","target":{"@type":"EntryPoint","urlTemplate":"https:\/\/mcazorla.com\/?s={search_term_string}"},"query-input":{"@type":"PropertyValueSpecification","valueRequired":true,"valueName":"search_term_string"}}],"inLanguage":"en-US"}]}},"_links":{"self":[{"href":"https:\/\/mcazorla.com\/en\/wp-json\/wp\/v2\/product\/4500","targetHints":{"allow":["GET"]}}],"collection":[{"href":"https:\/\/mcazorla.com\/en\/wp-json\/wp\/v2\/product"}],"about":[{"href":"https:\/\/mcazorla.com\/en\/wp-json\/wp\/v2\/types\/product"}],"wp:featuredmedia":[{"embeddable":true,"href":"https:\/\/mcazorla.com\/en\/wp-json\/wp\/v2\/media\/4710"}],"wp:attachment":[{"href":"https:\/\/mcazorla.com\/en\/wp-json\/wp\/v2\/media?parent=4500"}],"wp:term":[{"taxonomy":"product_brand","embeddable":true,"href":"https:\/\/mcazorla.com\/en\/wp-json\/wp\/v2\/product_brand?post=4500"},{"taxonomy":"product_cat","embeddable":true,"href":"https:\/\/mcazorla.com\/en\/wp-json\/wp\/v2\/product_cat?post=4500"},{"taxonomy":"product_tag","embeddable":true,"href":"https:\/\/mcazorla.com\/en\/wp-json\/wp\/v2\/product_tag?post=4500"}],"curies":[{"name":"wp","href":"https:\/\/api.w.org\/{rel}","templated":true}]}}