{"id":4611,"date":"2022-09-09T14:04:32","date_gmt":"2022-09-09T14:04:32","guid":{"rendered":"https:\/\/www.mcazorla.com\/?post_type=product&#038;p=4611"},"modified":"2022-09-20T07:34:41","modified_gmt":"2022-09-20T07:34:41","slug":"nectar","status":"publish","type":"product","link":"https:\/\/mcazorla.com\/en\/producte\/nectar\/","title":{"rendered":"Nectar"},"content":{"rendered":"","protected":false},"excerpt":{"rendered":"<p>Varietat farratgera, dol\u00e7a, una sega.<\/p>\n<ul>\n<li>Especialment adaptat a condicions de sec\u00e0.<\/li>\n<li>En condicions adverses o de regadiu deficient, t\u00e9 un producci\u00f3 m\u00e9s alta que el blat de moro, en qualitat i quantitat.<\/li>\n<li>Molt digestiu i palatable.<\/li>\n<\/ul>\n<p>Sac de 25 kg.<\/p>\n","protected":false},"featured_media":4770,"template":"","meta":[],"product_brand":[],"product_cat":[31,53,234],"product_tag":[],"class_list":{"0":"post-4611","1":"product","2":"type-product","3":"status-publish","4":"has-post-thumbnail","6":"product_cat-llavors","7":"product_cat-llavors-destiu","8":"product_cat-sorgo","10":"first","11":"instock","12":"shipping-taxable","13":"product-type-simple"},"yoast_head":"<!-- This site is optimized with the Yoast SEO plugin v27.3 - https:\/\/yoast.com\/product\/yoast-seo-wordpress\/ -->\n<title>Nectar - M. Cazorla<\/title>\n<meta name=\"robots\" content=\"index, follow, max-snippet:-1, max-image-preview:large, max-video-preview:-1\" \/>\n<link rel=\"canonical\" href=\"https:\/\/mcazorla.com\/producte\/nectar\/\" \/>\n<meta property=\"og:locale\" content=\"en_US\" \/>\n<meta property=\"og:type\" content=\"article\" \/>\n<meta property=\"og:title\" content=\"Nectar - M. Cazorla\" \/>\n<meta property=\"og:description\" content=\"Varietat farratgera, dol\u00e7a, una sega.   Especialment adaptat a condicions de sec\u00e0.  En condicions adverses o de regadiu deficient, t\u00e9 un producci\u00f3 m\u00e9s alta que el blat de moro, en qualitat i quantitat.  Molt digestiu i palatable.  Sac de 25 kg.\" \/>\n<meta property=\"og:url\" content=\"https:\/\/mcazorla.com\/producte\/nectar\/\" \/>\n<meta property=\"og:site_name\" content=\"M. Cazorla\" \/>\n<meta property=\"article:modified_time\" content=\"2022-09-20T07:34:41+00:00\" \/>\n<meta property=\"og:image\" content=\"https:\/\/mcazorla.com\/wp-content\/uploads\/2022\/09\/SORGO-NECTAR.jpg\" \/>\n\t<meta property=\"og:image:width\" content=\"500\" \/>\n\t<meta property=\"og:image:height\" content=\"386\" \/>\n\t<meta property=\"og:image:type\" content=\"image\/jpeg\" \/>\n<meta name=\"twitter:card\" content=\"summary_large_image\" \/>\n<script type=\"application\/ld+json\" class=\"yoast-schema-graph\">{\"@context\":\"https:\\\/\\\/schema.org\",\"@graph\":[{\"@type\":\"WebPage\",\"@id\":\"https:\\\/\\\/mcazorla.com\\\/producte\\\/nectar\\\/\",\"url\":\"https:\\\/\\\/mcazorla.com\\\/producte\\\/nectar\\\/\",\"name\":\"Nectar - M. Cazorla\",\"isPartOf\":{\"@id\":\"https:\\\/\\\/mcazorla.com\\\/#website\"},\"primaryImageOfPage\":{\"@id\":\"https:\\\/\\\/mcazorla.com\\\/producte\\\/nectar\\\/#primaryimage\"},\"image\":{\"@id\":\"https:\\\/\\\/mcazorla.com\\\/producte\\\/nectar\\\/#primaryimage\"},\"thumbnailUrl\":\"https:\\\/\\\/mcazorla.com\\\/wp-content\\\/uploads\\\/2022\\\/09\\\/SORGO-NECTAR.jpg\",\"datePublished\":\"2022-09-09T14:04:32+00:00\",\"dateModified\":\"2022-09-20T07:34:41+00:00\",\"breadcrumb\":{\"@id\":\"https:\\\/\\\/mcazorla.com\\\/producte\\\/nectar\\\/#breadcrumb\"},\"inLanguage\":\"en-US\",\"potentialAction\":[{\"@type\":\"ReadAction\",\"target\":[\"https:\\\/\\\/mcazorla.com\\\/producte\\\/nectar\\\/\"]}]},{\"@type\":\"ImageObject\",\"inLanguage\":\"en-US\",\"@id\":\"https:\\\/\\\/mcazorla.com\\\/producte\\\/nectar\\\/#primaryimage\",\"url\":\"https:\\\/\\\/mcazorla.com\\\/wp-content\\\/uploads\\\/2022\\\/09\\\/SORGO-NECTAR.jpg\",\"contentUrl\":\"https:\\\/\\\/mcazorla.com\\\/wp-content\\\/uploads\\\/2022\\\/09\\\/SORGO-NECTAR.jpg\",\"width\":500,\"height\":386},{\"@type\":\"BreadcrumbList\",\"@id\":\"https:\\\/\\\/mcazorla.com\\\/producte\\\/nectar\\\/#breadcrumb\",\"itemListElement\":[{\"@type\":\"ListItem\",\"position\":1,\"name\":\"Portada\",\"item\":\"https:\\\/\\\/mcazorla.com\\\/en\\\/\"},{\"@type\":\"ListItem\",\"position\":2,\"name\":\"Productes\",\"item\":\"https:\\\/\\\/mcazorla.com\\\/productes\\\/\"},{\"@type\":\"ListItem\",\"position\":3,\"name\":\"Nectar\"}]},{\"@type\":\"WebSite\",\"@id\":\"https:\\\/\\\/mcazorla.com\\\/#website\",\"url\":\"https:\\\/\\\/mcazorla.com\\\/\",\"name\":\"M. Cazorla\",\"description\":\"Comercialitzaci\u00f3 de llavors, fertilizants, adobs ,fitosanitaris i cereals.\",\"potentialAction\":[{\"@type\":\"SearchAction\",\"target\":{\"@type\":\"EntryPoint\",\"urlTemplate\":\"https:\\\/\\\/mcazorla.com\\\/?s={search_term_string}\"},\"query-input\":{\"@type\":\"PropertyValueSpecification\",\"valueRequired\":true,\"valueName\":\"search_term_string\"}}],\"inLanguage\":\"en-US\"}]}<\/script>\n<!-- \/ Yoast SEO plugin. -->","yoast_head_json":{"title":"Nectar - M. Cazorla","robots":{"index":"index","follow":"follow","max-snippet":"max-snippet:-1","max-image-preview":"max-image-preview:large","max-video-preview":"max-video-preview:-1"},"canonical":"https:\/\/mcazorla.com\/producte\/nectar\/","og_locale":"en_US","og_type":"article","og_title":"Nectar - M. Cazorla","og_description":"Varietat farratgera, dol\u00e7a, una sega.   Especialment adaptat a condicions de sec\u00e0.  En condicions adverses o de regadiu deficient, t\u00e9 un producci\u00f3 m\u00e9s alta que el blat de moro, en qualitat i quantitat.  Molt digestiu i palatable.  Sac de 25 kg.","og_url":"https:\/\/mcazorla.com\/producte\/nectar\/","og_site_name":"M. Cazorla","article_modified_time":"2022-09-20T07:34:41+00:00","og_image":[{"width":500,"height":386,"url":"https:\/\/mcazorla.com\/wp-content\/uploads\/2022\/09\/SORGO-NECTAR.jpg","type":"image\/jpeg"}],"twitter_card":"summary_large_image","schema":{"@context":"https:\/\/schema.org","@graph":[{"@type":"WebPage","@id":"https:\/\/mcazorla.com\/producte\/nectar\/","url":"https:\/\/mcazorla.com\/producte\/nectar\/","name":"Nectar - M. Cazorla","isPartOf":{"@id":"https:\/\/mcazorla.com\/#website"},"primaryImageOfPage":{"@id":"https:\/\/mcazorla.com\/producte\/nectar\/#primaryimage"},"image":{"@id":"https:\/\/mcazorla.com\/producte\/nectar\/#primaryimage"},"thumbnailUrl":"https:\/\/mcazorla.com\/wp-content\/uploads\/2022\/09\/SORGO-NECTAR.jpg","datePublished":"2022-09-09T14:04:32+00:00","dateModified":"2022-09-20T07:34:41+00:00","breadcrumb":{"@id":"https:\/\/mcazorla.com\/producte\/nectar\/#breadcrumb"},"inLanguage":"en-US","potentialAction":[{"@type":"ReadAction","target":["https:\/\/mcazorla.com\/producte\/nectar\/"]}]},{"@type":"ImageObject","inLanguage":"en-US","@id":"https:\/\/mcazorla.com\/producte\/nectar\/#primaryimage","url":"https:\/\/mcazorla.com\/wp-content\/uploads\/2022\/09\/SORGO-NECTAR.jpg","contentUrl":"https:\/\/mcazorla.com\/wp-content\/uploads\/2022\/09\/SORGO-NECTAR.jpg","width":500,"height":386},{"@type":"BreadcrumbList","@id":"https:\/\/mcazorla.com\/producte\/nectar\/#breadcrumb","itemListElement":[{"@type":"ListItem","position":1,"name":"Portada","item":"https:\/\/mcazorla.com\/en\/"},{"@type":"ListItem","position":2,"name":"Productes","item":"https:\/\/mcazorla.com\/productes\/"},{"@type":"ListItem","position":3,"name":"Nectar"}]},{"@type":"WebSite","@id":"https:\/\/mcazorla.com\/#website","url":"https:\/\/mcazorla.com\/","name":"M. Cazorla","description":"Comercialitzaci\u00f3 de llavors, fertilizants, adobs ,fitosanitaris i cereals.","potentialAction":[{"@type":"SearchAction","target":{"@type":"EntryPoint","urlTemplate":"https:\/\/mcazorla.com\/?s={search_term_string}"},"query-input":{"@type":"PropertyValueSpecification","valueRequired":true,"valueName":"search_term_string"}}],"inLanguage":"en-US"}]}},"_links":{"self":[{"href":"https:\/\/mcazorla.com\/en\/wp-json\/wp\/v2\/product\/4611","targetHints":{"allow":["GET"]}}],"collection":[{"href":"https:\/\/mcazorla.com\/en\/wp-json\/wp\/v2\/product"}],"about":[{"href":"https:\/\/mcazorla.com\/en\/wp-json\/wp\/v2\/types\/product"}],"wp:featuredmedia":[{"embeddable":true,"href":"https:\/\/mcazorla.com\/en\/wp-json\/wp\/v2\/media\/4770"}],"wp:attachment":[{"href":"https:\/\/mcazorla.com\/en\/wp-json\/wp\/v2\/media?parent=4611"}],"wp:term":[{"taxonomy":"product_brand","embeddable":true,"href":"https:\/\/mcazorla.com\/en\/wp-json\/wp\/v2\/product_brand?post=4611"},{"taxonomy":"product_cat","embeddable":true,"href":"https:\/\/mcazorla.com\/en\/wp-json\/wp\/v2\/product_cat?post=4611"},{"taxonomy":"product_tag","embeddable":true,"href":"https:\/\/mcazorla.com\/en\/wp-json\/wp\/v2\/product_tag?post=4611"}],"curies":[{"name":"wp","href":"https:\/\/api.w.org\/{rel}","templated":true}]}}