{"id":4619,"date":"2022-09-09T14:37:25","date_gmt":"2022-09-09T14:37:25","guid":{"rendered":"https:\/\/www.mcazorla.com\/?post_type=product&#038;p=4619"},"modified":"2022-09-20T08:28:39","modified_gmt":"2022-09-20T08:28:39","slug":"amiggo","status":"publish","type":"product","link":"https:\/\/mcazorla.com\/en\/producte\/amiggo\/","title":{"rendered":"Amiggo"},"content":{"rendered":"","protected":false},"excerpt":{"rendered":"<p>Varietat farratgera semi-preco\u00e7 a preco\u00e7, una sega.<\/p>\n<ul>\n<li>Excel\u00b7lent resist\u00e8ncia de tija, preco\u00e7 a collita.<\/li>\n<li>Collita i conservaci\u00f3 f\u00e0cils.<\/li>\n<li>Semi-preco\u00e7, baix en contingut en tanins.<\/li>\n<\/ul>\n<p>&nbsp;<\/p>\n","protected":false},"featured_media":4786,"template":"","meta":[],"product_brand":[],"product_cat":[31,53,234],"product_tag":[],"class_list":{"0":"post-4619","1":"product","2":"type-product","3":"status-publish","4":"has-post-thumbnail","6":"product_cat-llavors","7":"product_cat-llavors-destiu","8":"product_cat-sorgo","10":"first","11":"instock","12":"shipping-taxable","13":"product-type-simple"},"yoast_head":"<!-- This site is optimized with the Yoast SEO plugin v27.4 - https:\/\/yoast.com\/product\/yoast-seo-wordpress\/ -->\n<title>Amiggo - M. Cazorla<\/title>\n<meta name=\"robots\" content=\"index, follow, max-snippet:-1, max-image-preview:large, max-video-preview:-1\" \/>\n<link rel=\"canonical\" href=\"https:\/\/mcazorla.com\/producte\/amiggo\/\" \/>\n<meta property=\"og:locale\" content=\"en_US\" \/>\n<meta property=\"og:type\" content=\"article\" \/>\n<meta property=\"og:title\" content=\"Amiggo - M. Cazorla\" \/>\n<meta property=\"og:description\" content=\"Varietat farratgera semi-preco\u00e7 a preco\u00e7, una sega.   Excel\u00b7lent resist\u00e8ncia de tija, preco\u00e7 a collita.  Collita i conservaci\u00f3 f\u00e0cils.  Semi-preco\u00e7, baix en contingut en tanins.  &nbsp;\" \/>\n<meta property=\"og:url\" content=\"https:\/\/mcazorla.com\/producte\/amiggo\/\" \/>\n<meta property=\"og:site_name\" content=\"M. Cazorla\" \/>\n<meta property=\"article:modified_time\" content=\"2022-09-20T08:28:39+00:00\" \/>\n<meta property=\"og:image\" content=\"https:\/\/mcazorla.com\/wp-content\/uploads\/2022\/09\/SORGO-AMIGGO.jpg\" \/>\n\t<meta property=\"og:image:width\" content=\"500\" \/>\n\t<meta property=\"og:image:height\" content=\"386\" \/>\n\t<meta property=\"og:image:type\" content=\"image\/jpeg\" \/>\n<meta name=\"twitter:card\" content=\"summary_large_image\" \/>\n<script type=\"application\/ld+json\" class=\"yoast-schema-graph\">{\"@context\":\"https:\\\/\\\/schema.org\",\"@graph\":[{\"@type\":\"WebPage\",\"@id\":\"https:\\\/\\\/mcazorla.com\\\/producte\\\/amiggo\\\/\",\"url\":\"https:\\\/\\\/mcazorla.com\\\/producte\\\/amiggo\\\/\",\"name\":\"Amiggo - M. Cazorla\",\"isPartOf\":{\"@id\":\"https:\\\/\\\/mcazorla.com\\\/#website\"},\"primaryImageOfPage\":{\"@id\":\"https:\\\/\\\/mcazorla.com\\\/producte\\\/amiggo\\\/#primaryimage\"},\"image\":{\"@id\":\"https:\\\/\\\/mcazorla.com\\\/producte\\\/amiggo\\\/#primaryimage\"},\"thumbnailUrl\":\"https:\\\/\\\/mcazorla.com\\\/wp-content\\\/uploads\\\/2022\\\/09\\\/SORGO-AMIGGO.jpg\",\"datePublished\":\"2022-09-09T14:37:25+00:00\",\"dateModified\":\"2022-09-20T08:28:39+00:00\",\"breadcrumb\":{\"@id\":\"https:\\\/\\\/mcazorla.com\\\/producte\\\/amiggo\\\/#breadcrumb\"},\"inLanguage\":\"en-US\",\"potentialAction\":[{\"@type\":\"ReadAction\",\"target\":[\"https:\\\/\\\/mcazorla.com\\\/producte\\\/amiggo\\\/\"]}]},{\"@type\":\"ImageObject\",\"inLanguage\":\"en-US\",\"@id\":\"https:\\\/\\\/mcazorla.com\\\/producte\\\/amiggo\\\/#primaryimage\",\"url\":\"https:\\\/\\\/mcazorla.com\\\/wp-content\\\/uploads\\\/2022\\\/09\\\/SORGO-AMIGGO.jpg\",\"contentUrl\":\"https:\\\/\\\/mcazorla.com\\\/wp-content\\\/uploads\\\/2022\\\/09\\\/SORGO-AMIGGO.jpg\",\"width\":500,\"height\":386},{\"@type\":\"BreadcrumbList\",\"@id\":\"https:\\\/\\\/mcazorla.com\\\/producte\\\/amiggo\\\/#breadcrumb\",\"itemListElement\":[{\"@type\":\"ListItem\",\"position\":1,\"name\":\"Portada\",\"item\":\"https:\\\/\\\/mcazorla.com\\\/en\\\/\"},{\"@type\":\"ListItem\",\"position\":2,\"name\":\"Productes\",\"item\":\"https:\\\/\\\/mcazorla.com\\\/productes\\\/\"},{\"@type\":\"ListItem\",\"position\":3,\"name\":\"Amiggo\"}]},{\"@type\":\"WebSite\",\"@id\":\"https:\\\/\\\/mcazorla.com\\\/#website\",\"url\":\"https:\\\/\\\/mcazorla.com\\\/\",\"name\":\"M. Cazorla\",\"description\":\"Comercialitzaci\u00f3 de llavors, fertilizants, adobs ,fitosanitaris i cereals.\",\"potentialAction\":[{\"@type\":\"SearchAction\",\"target\":{\"@type\":\"EntryPoint\",\"urlTemplate\":\"https:\\\/\\\/mcazorla.com\\\/?s={search_term_string}\"},\"query-input\":{\"@type\":\"PropertyValueSpecification\",\"valueRequired\":true,\"valueName\":\"search_term_string\"}}],\"inLanguage\":\"en-US\"}]}<\/script>\n<!-- \/ Yoast SEO plugin. -->","yoast_head_json":{"title":"Amiggo - M. Cazorla","robots":{"index":"index","follow":"follow","max-snippet":"max-snippet:-1","max-image-preview":"max-image-preview:large","max-video-preview":"max-video-preview:-1"},"canonical":"https:\/\/mcazorla.com\/producte\/amiggo\/","og_locale":"en_US","og_type":"article","og_title":"Amiggo - M. Cazorla","og_description":"Varietat farratgera semi-preco\u00e7 a preco\u00e7, una sega.   Excel\u00b7lent resist\u00e8ncia de tija, preco\u00e7 a collita.  Collita i conservaci\u00f3 f\u00e0cils.  Semi-preco\u00e7, baix en contingut en tanins.  &nbsp;","og_url":"https:\/\/mcazorla.com\/producte\/amiggo\/","og_site_name":"M. Cazorla","article_modified_time":"2022-09-20T08:28:39+00:00","og_image":[{"width":500,"height":386,"url":"https:\/\/mcazorla.com\/wp-content\/uploads\/2022\/09\/SORGO-AMIGGO.jpg","type":"image\/jpeg"}],"twitter_card":"summary_large_image","schema":{"@context":"https:\/\/schema.org","@graph":[{"@type":"WebPage","@id":"https:\/\/mcazorla.com\/producte\/amiggo\/","url":"https:\/\/mcazorla.com\/producte\/amiggo\/","name":"Amiggo - M. Cazorla","isPartOf":{"@id":"https:\/\/mcazorla.com\/#website"},"primaryImageOfPage":{"@id":"https:\/\/mcazorla.com\/producte\/amiggo\/#primaryimage"},"image":{"@id":"https:\/\/mcazorla.com\/producte\/amiggo\/#primaryimage"},"thumbnailUrl":"https:\/\/mcazorla.com\/wp-content\/uploads\/2022\/09\/SORGO-AMIGGO.jpg","datePublished":"2022-09-09T14:37:25+00:00","dateModified":"2022-09-20T08:28:39+00:00","breadcrumb":{"@id":"https:\/\/mcazorla.com\/producte\/amiggo\/#breadcrumb"},"inLanguage":"en-US","potentialAction":[{"@type":"ReadAction","target":["https:\/\/mcazorla.com\/producte\/amiggo\/"]}]},{"@type":"ImageObject","inLanguage":"en-US","@id":"https:\/\/mcazorla.com\/producte\/amiggo\/#primaryimage","url":"https:\/\/mcazorla.com\/wp-content\/uploads\/2022\/09\/SORGO-AMIGGO.jpg","contentUrl":"https:\/\/mcazorla.com\/wp-content\/uploads\/2022\/09\/SORGO-AMIGGO.jpg","width":500,"height":386},{"@type":"BreadcrumbList","@id":"https:\/\/mcazorla.com\/producte\/amiggo\/#breadcrumb","itemListElement":[{"@type":"ListItem","position":1,"name":"Portada","item":"https:\/\/mcazorla.com\/en\/"},{"@type":"ListItem","position":2,"name":"Productes","item":"https:\/\/mcazorla.com\/productes\/"},{"@type":"ListItem","position":3,"name":"Amiggo"}]},{"@type":"WebSite","@id":"https:\/\/mcazorla.com\/#website","url":"https:\/\/mcazorla.com\/","name":"M. Cazorla","description":"Comercialitzaci\u00f3 de llavors, fertilizants, adobs ,fitosanitaris i cereals.","potentialAction":[{"@type":"SearchAction","target":{"@type":"EntryPoint","urlTemplate":"https:\/\/mcazorla.com\/?s={search_term_string}"},"query-input":{"@type":"PropertyValueSpecification","valueRequired":true,"valueName":"search_term_string"}}],"inLanguage":"en-US"}]}},"_links":{"self":[{"href":"https:\/\/mcazorla.com\/en\/wp-json\/wp\/v2\/product\/4619","targetHints":{"allow":["GET"]}}],"collection":[{"href":"https:\/\/mcazorla.com\/en\/wp-json\/wp\/v2\/product"}],"about":[{"href":"https:\/\/mcazorla.com\/en\/wp-json\/wp\/v2\/types\/product"}],"wp:featuredmedia":[{"embeddable":true,"href":"https:\/\/mcazorla.com\/en\/wp-json\/wp\/v2\/media\/4786"}],"wp:attachment":[{"href":"https:\/\/mcazorla.com\/en\/wp-json\/wp\/v2\/media?parent=4619"}],"wp:term":[{"taxonomy":"product_brand","embeddable":true,"href":"https:\/\/mcazorla.com\/en\/wp-json\/wp\/v2\/product_brand?post=4619"},{"taxonomy":"product_cat","embeddable":true,"href":"https:\/\/mcazorla.com\/en\/wp-json\/wp\/v2\/product_cat?post=4619"},{"taxonomy":"product_tag","embeddable":true,"href":"https:\/\/mcazorla.com\/en\/wp-json\/wp\/v2\/product_tag?post=4619"}],"curies":[{"name":"wp","href":"https:\/\/api.w.org\/{rel}","templated":true}]}}