{"id":3600,"date":"2022-01-17T16:29:29","date_gmt":"2022-01-17T16:29:29","guid":{"rendered":"https:\/\/mcazorla.com\/producto\/festuca\/"},"modified":"2022-02-15T15:11:33","modified_gmt":"2022-02-15T15:11:33","slug":"festuca","status":"publish","type":"product","link":"https:\/\/mcazorla.com\/es\/producte\/festuca\/","title":{"rendered":"Festuca"},"content":{"rendered":"","protected":false},"excerpt":{"rendered":"<p>La festuca es una gram\u00ednea muy r\u00fastica, buena por su adaptabilidad, tanto en terrenos secos c\u00f3mo h\u00famedos. De buena producci\u00f3n casi todo el a\u00f1o, pero especialmente cuando el tiempo es fresco. Se aconseja para la implantaci\u00f3n de pastos, en climas secos y condiciones duras. Tiene un sistema radicular bastante desarrollado, por lo que se utiliza en la fijaci\u00f3n de taludes, m\u00e1rgenes, etc. Se adapta a la mayor\u00eda de terrenos, con la excepci\u00f3n de suelos ligeros. Una de las variedades m\u00e1s populares es la festuca Fawn, variedad alternativa, r\u00fastica y adaptable con excelente productividad y gran resistencia a la sequ\u00eda.<\/p>\n","protected":false},"featured_media":3083,"template":"","meta":[],"product_brand":[],"product_cat":[103,110],"product_tag":[],"class_list":{"0":"post-3600","1":"product","2":"type-product","3":"status-publish","4":"has-post-thumbnail","6":"product_cat-semillas","7":"product_cat-semillas-forrajeras","9":"first","10":"instock","11":"shipping-taxable","12":"product-type-simple"},"yoast_head":"<!-- This site is optimized with the Yoast SEO plugin v27.3 - https:\/\/yoast.com\/product\/yoast-seo-wordpress\/ -->\n<title>Festuca - M. Cazorla<\/title>\n<meta name=\"robots\" content=\"index, follow, max-snippet:-1, max-image-preview:large, max-video-preview:-1\" \/>\n<link rel=\"canonical\" href=\"https:\/\/mcazorla.com\/es\/producte\/festuca\/\" \/>\n<meta property=\"og:locale\" content=\"es_ES\" \/>\n<meta property=\"og:type\" content=\"article\" \/>\n<meta property=\"og:title\" content=\"Festuca - M. Cazorla\" \/>\n<meta property=\"og:description\" content=\"La festuca es una gram\u00ednea muy r\u00fastica, buena por su adaptabilidad, tanto en terrenos secos c\u00f3mo h\u00famedos. De buena producci\u00f3n casi todo el a\u00f1o, pero especialmente cuando el tiempo es fresco. Se aconseja para la implantaci\u00f3n de pastos, en climas secos y condiciones duras. Tiene un sistema radicular bastante desarrollado, por lo que se utiliza en la fijaci\u00f3n de taludes, m\u00e1rgenes, etc. Se adapta a la mayor\u00eda de terrenos, con la excepci\u00f3n de suelos ligeros. Una de las variedades m\u00e1s populares es la festuca Fawn, variedad alternativa, r\u00fastica y adaptable con excelente productividad y gran resistencia a la sequ\u00eda.\" \/>\n<meta property=\"og:url\" content=\"https:\/\/mcazorla.com\/es\/producte\/festuca\/\" \/>\n<meta property=\"og:site_name\" content=\"M. Cazorla\" \/>\n<meta property=\"article:modified_time\" content=\"2022-02-15T15:11:33+00:00\" \/>\n<meta property=\"og:image\" content=\"https:\/\/mcazorla.com\/wp-content\/uploads\/2022\/01\/img-productes-festuca.jpg\" \/>\n\t<meta property=\"og:image:width\" content=\"500\" \/>\n\t<meta property=\"og:image:height\" content=\"386\" \/>\n\t<meta property=\"og:image:type\" content=\"image\/jpeg\" \/>\n<meta name=\"twitter:card\" content=\"summary_large_image\" \/>\n<script type=\"application\/ld+json\" class=\"yoast-schema-graph\">{\"@context\":\"https:\\\/\\\/schema.org\",\"@graph\":[{\"@type\":\"WebPage\",\"@id\":\"https:\\\/\\\/mcazorla.com\\\/es\\\/producte\\\/festuca\\\/\",\"url\":\"https:\\\/\\\/mcazorla.com\\\/es\\\/producte\\\/festuca\\\/\",\"name\":\"Festuca - M. Cazorla\",\"isPartOf\":{\"@id\":\"https:\\\/\\\/mcazorla.com\\\/#website\"},\"primaryImageOfPage\":{\"@id\":\"https:\\\/\\\/mcazorla.com\\\/es\\\/producte\\\/festuca\\\/#primaryimage\"},\"image\":{\"@id\":\"https:\\\/\\\/mcazorla.com\\\/es\\\/producte\\\/festuca\\\/#primaryimage\"},\"thumbnailUrl\":\"https:\\\/\\\/mcazorla.com\\\/wp-content\\\/uploads\\\/2022\\\/01\\\/img-productes-festuca.jpg\",\"datePublished\":\"2022-01-17T16:29:29+00:00\",\"dateModified\":\"2022-02-15T15:11:33+00:00\",\"breadcrumb\":{\"@id\":\"https:\\\/\\\/mcazorla.com\\\/es\\\/producte\\\/festuca\\\/#breadcrumb\"},\"inLanguage\":\"es\",\"potentialAction\":[{\"@type\":\"ReadAction\",\"target\":[\"https:\\\/\\\/mcazorla.com\\\/es\\\/producte\\\/festuca\\\/\"]}]},{\"@type\":\"ImageObject\",\"inLanguage\":\"es\",\"@id\":\"https:\\\/\\\/mcazorla.com\\\/es\\\/producte\\\/festuca\\\/#primaryimage\",\"url\":\"https:\\\/\\\/mcazorla.com\\\/wp-content\\\/uploads\\\/2022\\\/01\\\/img-productes-festuca.jpg\",\"contentUrl\":\"https:\\\/\\\/mcazorla.com\\\/wp-content\\\/uploads\\\/2022\\\/01\\\/img-productes-festuca.jpg\",\"width\":500,\"height\":386},{\"@type\":\"BreadcrumbList\",\"@id\":\"https:\\\/\\\/mcazorla.com\\\/es\\\/producte\\\/festuca\\\/#breadcrumb\",\"itemListElement\":[{\"@type\":\"ListItem\",\"position\":1,\"name\":\"Portada\",\"item\":\"https:\\\/\\\/mcazorla.com\\\/es\\\/\"},{\"@type\":\"ListItem\",\"position\":2,\"name\":\"Productes\",\"item\":\"https:\\\/\\\/mcazorla.com\\\/productes\\\/\"},{\"@type\":\"ListItem\",\"position\":3,\"name\":\"Festuca\"}]},{\"@type\":\"WebSite\",\"@id\":\"https:\\\/\\\/mcazorla.com\\\/#website\",\"url\":\"https:\\\/\\\/mcazorla.com\\\/\",\"name\":\"M. Cazorla\",\"description\":\"Comercialitzaci\u00f3 de llavors, fertilizants, adobs ,fitosanitaris i cereals.\",\"potentialAction\":[{\"@type\":\"SearchAction\",\"target\":{\"@type\":\"EntryPoint\",\"urlTemplate\":\"https:\\\/\\\/mcazorla.com\\\/?s={search_term_string}\"},\"query-input\":{\"@type\":\"PropertyValueSpecification\",\"valueRequired\":true,\"valueName\":\"search_term_string\"}}],\"inLanguage\":\"es\"}]}<\/script>\n<!-- \/ Yoast SEO plugin. -->","yoast_head_json":{"title":"Festuca - M. Cazorla","robots":{"index":"index","follow":"follow","max-snippet":"max-snippet:-1","max-image-preview":"max-image-preview:large","max-video-preview":"max-video-preview:-1"},"canonical":"https:\/\/mcazorla.com\/es\/producte\/festuca\/","og_locale":"es_ES","og_type":"article","og_title":"Festuca - M. Cazorla","og_description":"La festuca es una gram\u00ednea muy r\u00fastica, buena por su adaptabilidad, tanto en terrenos secos c\u00f3mo h\u00famedos. De buena producci\u00f3n casi todo el a\u00f1o, pero especialmente cuando el tiempo es fresco. Se aconseja para la implantaci\u00f3n de pastos, en climas secos y condiciones duras. Tiene un sistema radicular bastante desarrollado, por lo que se utiliza en la fijaci\u00f3n de taludes, m\u00e1rgenes, etc. Se adapta a la mayor\u00eda de terrenos, con la excepci\u00f3n de suelos ligeros. Una de las variedades m\u00e1s populares es la festuca Fawn, variedad alternativa, r\u00fastica y adaptable con excelente productividad y gran resistencia a la sequ\u00eda.","og_url":"https:\/\/mcazorla.com\/es\/producte\/festuca\/","og_site_name":"M. Cazorla","article_modified_time":"2022-02-15T15:11:33+00:00","og_image":[{"width":500,"height":386,"url":"https:\/\/mcazorla.com\/wp-content\/uploads\/2022\/01\/img-productes-festuca.jpg","type":"image\/jpeg"}],"twitter_card":"summary_large_image","schema":{"@context":"https:\/\/schema.org","@graph":[{"@type":"WebPage","@id":"https:\/\/mcazorla.com\/es\/producte\/festuca\/","url":"https:\/\/mcazorla.com\/es\/producte\/festuca\/","name":"Festuca - M. Cazorla","isPartOf":{"@id":"https:\/\/mcazorla.com\/#website"},"primaryImageOfPage":{"@id":"https:\/\/mcazorla.com\/es\/producte\/festuca\/#primaryimage"},"image":{"@id":"https:\/\/mcazorla.com\/es\/producte\/festuca\/#primaryimage"},"thumbnailUrl":"https:\/\/mcazorla.com\/wp-content\/uploads\/2022\/01\/img-productes-festuca.jpg","datePublished":"2022-01-17T16:29:29+00:00","dateModified":"2022-02-15T15:11:33+00:00","breadcrumb":{"@id":"https:\/\/mcazorla.com\/es\/producte\/festuca\/#breadcrumb"},"inLanguage":"es","potentialAction":[{"@type":"ReadAction","target":["https:\/\/mcazorla.com\/es\/producte\/festuca\/"]}]},{"@type":"ImageObject","inLanguage":"es","@id":"https:\/\/mcazorla.com\/es\/producte\/festuca\/#primaryimage","url":"https:\/\/mcazorla.com\/wp-content\/uploads\/2022\/01\/img-productes-festuca.jpg","contentUrl":"https:\/\/mcazorla.com\/wp-content\/uploads\/2022\/01\/img-productes-festuca.jpg","width":500,"height":386},{"@type":"BreadcrumbList","@id":"https:\/\/mcazorla.com\/es\/producte\/festuca\/#breadcrumb","itemListElement":[{"@type":"ListItem","position":1,"name":"Portada","item":"https:\/\/mcazorla.com\/es\/"},{"@type":"ListItem","position":2,"name":"Productes","item":"https:\/\/mcazorla.com\/productes\/"},{"@type":"ListItem","position":3,"name":"Festuca"}]},{"@type":"WebSite","@id":"https:\/\/mcazorla.com\/#website","url":"https:\/\/mcazorla.com\/","name":"M. Cazorla","description":"Comercialitzaci\u00f3 de llavors, fertilizants, adobs ,fitosanitaris i cereals.","potentialAction":[{"@type":"SearchAction","target":{"@type":"EntryPoint","urlTemplate":"https:\/\/mcazorla.com\/?s={search_term_string}"},"query-input":{"@type":"PropertyValueSpecification","valueRequired":true,"valueName":"search_term_string"}}],"inLanguage":"es"}]}},"_links":{"self":[{"href":"https:\/\/mcazorla.com\/es\/wp-json\/wp\/v2\/product\/3600","targetHints":{"allow":["GET"]}}],"collection":[{"href":"https:\/\/mcazorla.com\/es\/wp-json\/wp\/v2\/product"}],"about":[{"href":"https:\/\/mcazorla.com\/es\/wp-json\/wp\/v2\/types\/product"}],"wp:featuredmedia":[{"embeddable":true,"href":"https:\/\/mcazorla.com\/es\/wp-json\/wp\/v2\/media\/3083"}],"wp:attachment":[{"href":"https:\/\/mcazorla.com\/es\/wp-json\/wp\/v2\/media?parent=3600"}],"wp:term":[{"taxonomy":"product_brand","embeddable":true,"href":"https:\/\/mcazorla.com\/es\/wp-json\/wp\/v2\/product_brand?post=3600"},{"taxonomy":"product_cat","embeddable":true,"href":"https:\/\/mcazorla.com\/es\/wp-json\/wp\/v2\/product_cat?post=3600"},{"taxonomy":"product_tag","embeddable":true,"href":"https:\/\/mcazorla.com\/es\/wp-json\/wp\/v2\/product_tag?post=3600"}],"curies":[{"name":"wp","href":"https:\/\/api.w.org\/{rel}","templated":true}]}}