{"id":3621,"date":"2022-01-17T16:18:01","date_gmt":"2022-01-17T16:18:01","guid":{"rendered":"https:\/\/mcazorla.com\/producto\/raygrass\/"},"modified":"2022-02-15T15:29:52","modified_gmt":"2022-02-15T15:29:52","slug":"raygrass","status":"publish","type":"product","link":"https:\/\/mcazorla.com\/es\/producte\/raygrass\/","title":{"rendered":"Raygrass"},"content":{"rendered":"","protected":false},"excerpt":{"rendered":"<p>El raygrass es una de las gram\u00edneas m\u00e1s utilizadas para la formaci\u00f3n de pastos permanentes, para terrenos fuertes en climas suaves y h\u00famedos, no es aconsejable para climas secos y condiciones meteorol\u00f3gicas extremas. <\/p>\n<p>De todas las variedades existentes, disponemos de las m\u00e1s utilizadas, como el raygrass italiano, el cu\u00e1l tiene un gran valor por su r\u00e1pido crecimiento y excelente forraje. Aconsejable para pastos de duraci\u00f3n media con alto rendimiento forrajero, del que se pueden obtener hasta seis siegas si el terreno est\u00e1 debidamente abonado. Tambi\u00e9n ofrecemos la variedad inglesa destinada a pastos de larga duraci\u00f3n en zonas de clima suave y h\u00famedo.<\/p>\n","protected":false},"featured_media":3068,"template":"","meta":[],"product_brand":[],"product_cat":[103,110],"product_tag":[],"class_list":{"0":"post-3621","1":"product","2":"type-product","3":"status-publish","4":"has-post-thumbnail","6":"product_cat-semillas","7":"product_cat-semillas-forrajeras","9":"first","10":"instock","11":"shipping-taxable","12":"product-type-simple"},"yoast_head":"<!-- This site is optimized with the Yoast SEO plugin v27.4 - https:\/\/yoast.com\/product\/yoast-seo-wordpress\/ -->\n<title>Raygrass - M. Cazorla<\/title>\n<meta name=\"robots\" content=\"index, follow, max-snippet:-1, max-image-preview:large, max-video-preview:-1\" \/>\n<link rel=\"canonical\" href=\"https:\/\/mcazorla.com\/es\/producte\/raygrass\/\" \/>\n<meta property=\"og:locale\" content=\"es_ES\" \/>\n<meta property=\"og:type\" content=\"article\" \/>\n<meta property=\"og:title\" content=\"Raygrass - M. Cazorla\" \/>\n<meta property=\"og:description\" content=\"El raygrass es una de las gram\u00edneas m\u00e1s utilizadas para la formaci\u00f3n de pastos permanentes, para terrenos fuertes en climas suaves y h\u00famedos, no es aconsejable para climas secos y condiciones meteorol\u00f3gicas extremas.   De todas las variedades existentes, disponemos de las m\u00e1s utilizadas, como el raygrass italiano, el cu\u00e1l tiene un gran valor por su r\u00e1pido crecimiento y excelente forraje. Aconsejable para pastos de duraci\u00f3n media con alto rendimiento forrajero, del que se pueden obtener hasta seis siegas si el terreno est\u00e1 debidamente abonado. Tambi\u00e9n ofrecemos la variedad inglesa destinada a pastos de larga duraci\u00f3n en zonas de clima suave y h\u00famedo.\" \/>\n<meta property=\"og:url\" content=\"https:\/\/mcazorla.com\/es\/producte\/raygrass\/\" \/>\n<meta property=\"og:site_name\" content=\"M. Cazorla\" \/>\n<meta property=\"article:modified_time\" content=\"2022-02-15T15:29:52+00:00\" \/>\n<meta property=\"og:image\" content=\"https:\/\/mcazorla.com\/wp-content\/uploads\/2022\/01\/img-productes-raygrass.jpg\" \/>\n\t<meta property=\"og:image:width\" content=\"500\" \/>\n\t<meta property=\"og:image:height\" content=\"386\" \/>\n\t<meta property=\"og:image:type\" content=\"image\/jpeg\" \/>\n<meta name=\"twitter:card\" content=\"summary_large_image\" \/>\n<script type=\"application\/ld+json\" class=\"yoast-schema-graph\">{\"@context\":\"https:\\\/\\\/schema.org\",\"@graph\":[{\"@type\":\"WebPage\",\"@id\":\"https:\\\/\\\/mcazorla.com\\\/es\\\/producte\\\/raygrass\\\/\",\"url\":\"https:\\\/\\\/mcazorla.com\\\/es\\\/producte\\\/raygrass\\\/\",\"name\":\"Raygrass - M. Cazorla\",\"isPartOf\":{\"@id\":\"https:\\\/\\\/mcazorla.com\\\/#website\"},\"primaryImageOfPage\":{\"@id\":\"https:\\\/\\\/mcazorla.com\\\/es\\\/producte\\\/raygrass\\\/#primaryimage\"},\"image\":{\"@id\":\"https:\\\/\\\/mcazorla.com\\\/es\\\/producte\\\/raygrass\\\/#primaryimage\"},\"thumbnailUrl\":\"https:\\\/\\\/mcazorla.com\\\/wp-content\\\/uploads\\\/2022\\\/01\\\/img-productes-raygrass.jpg\",\"datePublished\":\"2022-01-17T16:18:01+00:00\",\"dateModified\":\"2022-02-15T15:29:52+00:00\",\"breadcrumb\":{\"@id\":\"https:\\\/\\\/mcazorla.com\\\/es\\\/producte\\\/raygrass\\\/#breadcrumb\"},\"inLanguage\":\"es\",\"potentialAction\":[{\"@type\":\"ReadAction\",\"target\":[\"https:\\\/\\\/mcazorla.com\\\/es\\\/producte\\\/raygrass\\\/\"]}]},{\"@type\":\"ImageObject\",\"inLanguage\":\"es\",\"@id\":\"https:\\\/\\\/mcazorla.com\\\/es\\\/producte\\\/raygrass\\\/#primaryimage\",\"url\":\"https:\\\/\\\/mcazorla.com\\\/wp-content\\\/uploads\\\/2022\\\/01\\\/img-productes-raygrass.jpg\",\"contentUrl\":\"https:\\\/\\\/mcazorla.com\\\/wp-content\\\/uploads\\\/2022\\\/01\\\/img-productes-raygrass.jpg\",\"width\":500,\"height\":386},{\"@type\":\"BreadcrumbList\",\"@id\":\"https:\\\/\\\/mcazorla.com\\\/es\\\/producte\\\/raygrass\\\/#breadcrumb\",\"itemListElement\":[{\"@type\":\"ListItem\",\"position\":1,\"name\":\"Portada\",\"item\":\"https:\\\/\\\/mcazorla.com\\\/es\\\/\"},{\"@type\":\"ListItem\",\"position\":2,\"name\":\"Productes\",\"item\":\"https:\\\/\\\/mcazorla.com\\\/productes\\\/\"},{\"@type\":\"ListItem\",\"position\":3,\"name\":\"Raygrass\"}]},{\"@type\":\"WebSite\",\"@id\":\"https:\\\/\\\/mcazorla.com\\\/#website\",\"url\":\"https:\\\/\\\/mcazorla.com\\\/\",\"name\":\"M. Cazorla\",\"description\":\"Comercialitzaci\u00f3 de llavors, fertilizants, adobs ,fitosanitaris i cereals.\",\"potentialAction\":[{\"@type\":\"SearchAction\",\"target\":{\"@type\":\"EntryPoint\",\"urlTemplate\":\"https:\\\/\\\/mcazorla.com\\\/?s={search_term_string}\"},\"query-input\":{\"@type\":\"PropertyValueSpecification\",\"valueRequired\":true,\"valueName\":\"search_term_string\"}}],\"inLanguage\":\"es\"}]}<\/script>\n<!-- \/ Yoast SEO plugin. -->","yoast_head_json":{"title":"Raygrass - M. Cazorla","robots":{"index":"index","follow":"follow","max-snippet":"max-snippet:-1","max-image-preview":"max-image-preview:large","max-video-preview":"max-video-preview:-1"},"canonical":"https:\/\/mcazorla.com\/es\/producte\/raygrass\/","og_locale":"es_ES","og_type":"article","og_title":"Raygrass - M. Cazorla","og_description":"El raygrass es una de las gram\u00edneas m\u00e1s utilizadas para la formaci\u00f3n de pastos permanentes, para terrenos fuertes en climas suaves y h\u00famedos, no es aconsejable para climas secos y condiciones meteorol\u00f3gicas extremas.   De todas las variedades existentes, disponemos de las m\u00e1s utilizadas, como el raygrass italiano, el cu\u00e1l tiene un gran valor por su r\u00e1pido crecimiento y excelente forraje. Aconsejable para pastos de duraci\u00f3n media con alto rendimiento forrajero, del que se pueden obtener hasta seis siegas si el terreno est\u00e1 debidamente abonado. Tambi\u00e9n ofrecemos la variedad inglesa destinada a pastos de larga duraci\u00f3n en zonas de clima suave y h\u00famedo.","og_url":"https:\/\/mcazorla.com\/es\/producte\/raygrass\/","og_site_name":"M. Cazorla","article_modified_time":"2022-02-15T15:29:52+00:00","og_image":[{"width":500,"height":386,"url":"https:\/\/mcazorla.com\/wp-content\/uploads\/2022\/01\/img-productes-raygrass.jpg","type":"image\/jpeg"}],"twitter_card":"summary_large_image","schema":{"@context":"https:\/\/schema.org","@graph":[{"@type":"WebPage","@id":"https:\/\/mcazorla.com\/es\/producte\/raygrass\/","url":"https:\/\/mcazorla.com\/es\/producte\/raygrass\/","name":"Raygrass - M. Cazorla","isPartOf":{"@id":"https:\/\/mcazorla.com\/#website"},"primaryImageOfPage":{"@id":"https:\/\/mcazorla.com\/es\/producte\/raygrass\/#primaryimage"},"image":{"@id":"https:\/\/mcazorla.com\/es\/producte\/raygrass\/#primaryimage"},"thumbnailUrl":"https:\/\/mcazorla.com\/wp-content\/uploads\/2022\/01\/img-productes-raygrass.jpg","datePublished":"2022-01-17T16:18:01+00:00","dateModified":"2022-02-15T15:29:52+00:00","breadcrumb":{"@id":"https:\/\/mcazorla.com\/es\/producte\/raygrass\/#breadcrumb"},"inLanguage":"es","potentialAction":[{"@type":"ReadAction","target":["https:\/\/mcazorla.com\/es\/producte\/raygrass\/"]}]},{"@type":"ImageObject","inLanguage":"es","@id":"https:\/\/mcazorla.com\/es\/producte\/raygrass\/#primaryimage","url":"https:\/\/mcazorla.com\/wp-content\/uploads\/2022\/01\/img-productes-raygrass.jpg","contentUrl":"https:\/\/mcazorla.com\/wp-content\/uploads\/2022\/01\/img-productes-raygrass.jpg","width":500,"height":386},{"@type":"BreadcrumbList","@id":"https:\/\/mcazorla.com\/es\/producte\/raygrass\/#breadcrumb","itemListElement":[{"@type":"ListItem","position":1,"name":"Portada","item":"https:\/\/mcazorla.com\/es\/"},{"@type":"ListItem","position":2,"name":"Productes","item":"https:\/\/mcazorla.com\/productes\/"},{"@type":"ListItem","position":3,"name":"Raygrass"}]},{"@type":"WebSite","@id":"https:\/\/mcazorla.com\/#website","url":"https:\/\/mcazorla.com\/","name":"M. Cazorla","description":"Comercialitzaci\u00f3 de llavors, fertilizants, adobs ,fitosanitaris i cereals.","potentialAction":[{"@type":"SearchAction","target":{"@type":"EntryPoint","urlTemplate":"https:\/\/mcazorla.com\/?s={search_term_string}"},"query-input":{"@type":"PropertyValueSpecification","valueRequired":true,"valueName":"search_term_string"}}],"inLanguage":"es"}]}},"_links":{"self":[{"href":"https:\/\/mcazorla.com\/es\/wp-json\/wp\/v2\/product\/3621","targetHints":{"allow":["GET"]}}],"collection":[{"href":"https:\/\/mcazorla.com\/es\/wp-json\/wp\/v2\/product"}],"about":[{"href":"https:\/\/mcazorla.com\/es\/wp-json\/wp\/v2\/types\/product"}],"wp:featuredmedia":[{"embeddable":true,"href":"https:\/\/mcazorla.com\/es\/wp-json\/wp\/v2\/media\/3068"}],"wp:attachment":[{"href":"https:\/\/mcazorla.com\/es\/wp-json\/wp\/v2\/media?parent=3621"}],"wp:term":[{"taxonomy":"product_brand","embeddable":true,"href":"https:\/\/mcazorla.com\/es\/wp-json\/wp\/v2\/product_brand?post=3621"},{"taxonomy":"product_cat","embeddable":true,"href":"https:\/\/mcazorla.com\/es\/wp-json\/wp\/v2\/product_cat?post=3621"},{"taxonomy":"product_tag","embeddable":true,"href":"https:\/\/mcazorla.com\/es\/wp-json\/wp\/v2\/product_tag?post=3621"}],"curies":[{"name":"wp","href":"https:\/\/api.w.org\/{rel}","templated":true}]}}