{"id":3709,"date":"2022-01-17T15:06:14","date_gmt":"2022-01-17T15:06:14","guid":{"rendered":"https:\/\/mcazorla.com\/producto\/profilm\/"},"modified":"2022-02-20T09:17:37","modified_gmt":"2022-02-20T09:17:37","slug":"profilm","status":"publish","type":"product","link":"https:\/\/mcazorla.com\/es\/producte\/profilm\/","title":{"rendered":"Profilm"},"content":{"rendered":"","protected":false},"excerpt":{"rendered":"<p>Producto a base de caol\u00edn en forma de polvo mojable. Para aplicaci\u00f3n foliar, es un protector de los cultivos contra los da\u00f1os producidos por temperaturas muy elevadas y las quemaduras por golpes de sol, formando sobre la planta una pel\u00edcula protectora blanca y reflectante. Su acci\u00f3n \u00abrefrescante\u00bb ayuda al cultivo a soportar las situaciones de estr\u00e9s h\u00eddrico y el exceso de insolaci\u00f3n y calor, especialmente en verano.<\/p>\n<p>Producto utilizable en agricultura ecol\u00f3gica conforme al Reglamento (CE) n\u00ba 834\/2007 Y 889\/2008 de la Agricultura Ecol\u00f3gica.  <\/p>\n<p><strong>DOSIS:<\/strong><\/p>\n<p>\u00c1rboles frutales, tomates y c\u00edtricos : 30 Kg de producto por cada 1000 L. de agua<\/p>\n<p>Vi\u00f1a y olivos : 50 Kg de producte per cada 1000 L. de agua<\/p>\n","protected":false},"featured_media":3002,"template":"","meta":[],"product_brand":[],"product_cat":[115,112],"product_tag":[],"class_list":{"0":"post-3709","1":"product","2":"type-product","3":"status-publish","4":"has-post-thumbnail","6":"product_cat-otros-productos-ecologicos","7":"product_cat-productos-ecologicos","9":"first","10":"instock","11":"shipping-taxable","12":"product-type-simple"},"yoast_head":"<!-- This site is optimized with the Yoast SEO plugin v27.4 - https:\/\/yoast.com\/product\/yoast-seo-wordpress\/ -->\n<title>Profilm - M. Cazorla<\/title>\n<meta name=\"robots\" content=\"index, follow, max-snippet:-1, max-image-preview:large, max-video-preview:-1\" \/>\n<link rel=\"canonical\" href=\"https:\/\/mcazorla.com\/es\/producte\/profilm\/\" \/>\n<meta property=\"og:locale\" content=\"es_ES\" \/>\n<meta property=\"og:type\" content=\"article\" \/>\n<meta property=\"og:title\" content=\"Profilm - M. Cazorla\" \/>\n<meta property=\"og:description\" content=\"Producto a base de caol\u00edn en forma de polvo mojable. Para aplicaci\u00f3n foliar, es un protector de los cultivos contra los da\u00f1os producidos por temperaturas muy elevadas y las quemaduras por golpes de sol, formando sobre la planta una pel\u00edcula protectora blanca y reflectante. Su acci\u00f3n &quot;refrescante&quot; ayuda al cultivo a soportar las situaciones de estr\u00e9s h\u00eddrico y el exceso de insolaci\u00f3n y calor, especialmente en verano.  Producto utilizable en agricultura ecol\u00f3gica conforme al Reglamento (CE) n\u00ba 834\/2007 Y 889\/2008 de la Agricultura Ecol\u00f3gica.   DOSIS:  \u00c1rboles frutales, tomates y c\u00edtricos : 30 Kg de producto por cada 1000 L. de agua  Vi\u00f1a y olivos : 50 Kg de producte per cada 1000 L. de agua\" \/>\n<meta property=\"og:url\" content=\"https:\/\/mcazorla.com\/es\/producte\/profilm\/\" \/>\n<meta property=\"og:site_name\" content=\"M. Cazorla\" \/>\n<meta property=\"article:modified_time\" content=\"2022-02-20T09:17:37+00:00\" \/>\n<meta property=\"og:image\" content=\"https:\/\/mcazorla.com\/wp-content\/uploads\/2022\/01\/img-productes-profilm.jpg\" \/>\n\t<meta property=\"og:image:width\" content=\"500\" \/>\n\t<meta property=\"og:image:height\" content=\"386\" \/>\n\t<meta property=\"og:image:type\" content=\"image\/jpeg\" \/>\n<meta name=\"twitter:card\" content=\"summary_large_image\" \/>\n<script type=\"application\/ld+json\" class=\"yoast-schema-graph\">{\"@context\":\"https:\\\/\\\/schema.org\",\"@graph\":[{\"@type\":\"WebPage\",\"@id\":\"https:\\\/\\\/mcazorla.com\\\/es\\\/producte\\\/profilm\\\/\",\"url\":\"https:\\\/\\\/mcazorla.com\\\/es\\\/producte\\\/profilm\\\/\",\"name\":\"Profilm - M. Cazorla\",\"isPartOf\":{\"@id\":\"https:\\\/\\\/mcazorla.com\\\/#website\"},\"primaryImageOfPage\":{\"@id\":\"https:\\\/\\\/mcazorla.com\\\/es\\\/producte\\\/profilm\\\/#primaryimage\"},\"image\":{\"@id\":\"https:\\\/\\\/mcazorla.com\\\/es\\\/producte\\\/profilm\\\/#primaryimage\"},\"thumbnailUrl\":\"https:\\\/\\\/mcazorla.com\\\/wp-content\\\/uploads\\\/2022\\\/01\\\/img-productes-profilm.jpg\",\"datePublished\":\"2022-01-17T15:06:14+00:00\",\"dateModified\":\"2022-02-20T09:17:37+00:00\",\"breadcrumb\":{\"@id\":\"https:\\\/\\\/mcazorla.com\\\/es\\\/producte\\\/profilm\\\/#breadcrumb\"},\"inLanguage\":\"es\",\"potentialAction\":[{\"@type\":\"ReadAction\",\"target\":[\"https:\\\/\\\/mcazorla.com\\\/es\\\/producte\\\/profilm\\\/\"]}]},{\"@type\":\"ImageObject\",\"inLanguage\":\"es\",\"@id\":\"https:\\\/\\\/mcazorla.com\\\/es\\\/producte\\\/profilm\\\/#primaryimage\",\"url\":\"https:\\\/\\\/mcazorla.com\\\/wp-content\\\/uploads\\\/2022\\\/01\\\/img-productes-profilm.jpg\",\"contentUrl\":\"https:\\\/\\\/mcazorla.com\\\/wp-content\\\/uploads\\\/2022\\\/01\\\/img-productes-profilm.jpg\",\"width\":500,\"height\":386},{\"@type\":\"BreadcrumbList\",\"@id\":\"https:\\\/\\\/mcazorla.com\\\/es\\\/producte\\\/profilm\\\/#breadcrumb\",\"itemListElement\":[{\"@type\":\"ListItem\",\"position\":1,\"name\":\"Portada\",\"item\":\"https:\\\/\\\/mcazorla.com\\\/es\\\/\"},{\"@type\":\"ListItem\",\"position\":2,\"name\":\"Productes\",\"item\":\"https:\\\/\\\/mcazorla.com\\\/productes\\\/\"},{\"@type\":\"ListItem\",\"position\":3,\"name\":\"Profilm\"}]},{\"@type\":\"WebSite\",\"@id\":\"https:\\\/\\\/mcazorla.com\\\/#website\",\"url\":\"https:\\\/\\\/mcazorla.com\\\/\",\"name\":\"M. Cazorla\",\"description\":\"Comercialitzaci\u00f3 de llavors, fertilizants, adobs ,fitosanitaris i cereals.\",\"potentialAction\":[{\"@type\":\"SearchAction\",\"target\":{\"@type\":\"EntryPoint\",\"urlTemplate\":\"https:\\\/\\\/mcazorla.com\\\/?s={search_term_string}\"},\"query-input\":{\"@type\":\"PropertyValueSpecification\",\"valueRequired\":true,\"valueName\":\"search_term_string\"}}],\"inLanguage\":\"es\"}]}<\/script>\n<!-- \/ Yoast SEO plugin. -->","yoast_head_json":{"title":"Profilm - M. Cazorla","robots":{"index":"index","follow":"follow","max-snippet":"max-snippet:-1","max-image-preview":"max-image-preview:large","max-video-preview":"max-video-preview:-1"},"canonical":"https:\/\/mcazorla.com\/es\/producte\/profilm\/","og_locale":"es_ES","og_type":"article","og_title":"Profilm - M. Cazorla","og_description":"Producto a base de caol\u00edn en forma de polvo mojable. Para aplicaci\u00f3n foliar, es un protector de los cultivos contra los da\u00f1os producidos por temperaturas muy elevadas y las quemaduras por golpes de sol, formando sobre la planta una pel\u00edcula protectora blanca y reflectante. Su acci\u00f3n \"refrescante\" ayuda al cultivo a soportar las situaciones de estr\u00e9s h\u00eddrico y el exceso de insolaci\u00f3n y calor, especialmente en verano.  Producto utilizable en agricultura ecol\u00f3gica conforme al Reglamento (CE) n\u00ba 834\/2007 Y 889\/2008 de la Agricultura Ecol\u00f3gica.   DOSIS:  \u00c1rboles frutales, tomates y c\u00edtricos : 30 Kg de producto por cada 1000 L. de agua  Vi\u00f1a y olivos : 50 Kg de producte per cada 1000 L. de agua","og_url":"https:\/\/mcazorla.com\/es\/producte\/profilm\/","og_site_name":"M. Cazorla","article_modified_time":"2022-02-20T09:17:37+00:00","og_image":[{"width":500,"height":386,"url":"https:\/\/mcazorla.com\/wp-content\/uploads\/2022\/01\/img-productes-profilm.jpg","type":"image\/jpeg"}],"twitter_card":"summary_large_image","schema":{"@context":"https:\/\/schema.org","@graph":[{"@type":"WebPage","@id":"https:\/\/mcazorla.com\/es\/producte\/profilm\/","url":"https:\/\/mcazorla.com\/es\/producte\/profilm\/","name":"Profilm - M. Cazorla","isPartOf":{"@id":"https:\/\/mcazorla.com\/#website"},"primaryImageOfPage":{"@id":"https:\/\/mcazorla.com\/es\/producte\/profilm\/#primaryimage"},"image":{"@id":"https:\/\/mcazorla.com\/es\/producte\/profilm\/#primaryimage"},"thumbnailUrl":"https:\/\/mcazorla.com\/wp-content\/uploads\/2022\/01\/img-productes-profilm.jpg","datePublished":"2022-01-17T15:06:14+00:00","dateModified":"2022-02-20T09:17:37+00:00","breadcrumb":{"@id":"https:\/\/mcazorla.com\/es\/producte\/profilm\/#breadcrumb"},"inLanguage":"es","potentialAction":[{"@type":"ReadAction","target":["https:\/\/mcazorla.com\/es\/producte\/profilm\/"]}]},{"@type":"ImageObject","inLanguage":"es","@id":"https:\/\/mcazorla.com\/es\/producte\/profilm\/#primaryimage","url":"https:\/\/mcazorla.com\/wp-content\/uploads\/2022\/01\/img-productes-profilm.jpg","contentUrl":"https:\/\/mcazorla.com\/wp-content\/uploads\/2022\/01\/img-productes-profilm.jpg","width":500,"height":386},{"@type":"BreadcrumbList","@id":"https:\/\/mcazorla.com\/es\/producte\/profilm\/#breadcrumb","itemListElement":[{"@type":"ListItem","position":1,"name":"Portada","item":"https:\/\/mcazorla.com\/es\/"},{"@type":"ListItem","position":2,"name":"Productes","item":"https:\/\/mcazorla.com\/productes\/"},{"@type":"ListItem","position":3,"name":"Profilm"}]},{"@type":"WebSite","@id":"https:\/\/mcazorla.com\/#website","url":"https:\/\/mcazorla.com\/","name":"M. Cazorla","description":"Comercialitzaci\u00f3 de llavors, fertilizants, adobs ,fitosanitaris i cereals.","potentialAction":[{"@type":"SearchAction","target":{"@type":"EntryPoint","urlTemplate":"https:\/\/mcazorla.com\/?s={search_term_string}"},"query-input":{"@type":"PropertyValueSpecification","valueRequired":true,"valueName":"search_term_string"}}],"inLanguage":"es"}]}},"_links":{"self":[{"href":"https:\/\/mcazorla.com\/es\/wp-json\/wp\/v2\/product\/3709","targetHints":{"allow":["GET"]}}],"collection":[{"href":"https:\/\/mcazorla.com\/es\/wp-json\/wp\/v2\/product"}],"about":[{"href":"https:\/\/mcazorla.com\/es\/wp-json\/wp\/v2\/types\/product"}],"wp:featuredmedia":[{"embeddable":true,"href":"https:\/\/mcazorla.com\/es\/wp-json\/wp\/v2\/media\/3002"}],"wp:attachment":[{"href":"https:\/\/mcazorla.com\/es\/wp-json\/wp\/v2\/media?parent=3709"}],"wp:term":[{"taxonomy":"product_brand","embeddable":true,"href":"https:\/\/mcazorla.com\/es\/wp-json\/wp\/v2\/product_brand?post=3709"},{"taxonomy":"product_cat","embeddable":true,"href":"https:\/\/mcazorla.com\/es\/wp-json\/wp\/v2\/product_cat?post=3709"},{"taxonomy":"product_tag","embeddable":true,"href":"https:\/\/mcazorla.com\/es\/wp-json\/wp\/v2\/product_tag?post=3709"}],"curies":[{"name":"wp","href":"https:\/\/api.w.org\/{rel}","templated":true}]}}