{"id":3729,"date":"2022-01-10T15:51:06","date_gmt":"2022-01-10T15:51:06","guid":{"rendered":"https:\/\/mcazorla.com\/producto\/cultivit-activ-ecologic\/"},"modified":"2022-02-20T09:57:20","modified_gmt":"2022-02-20T09:57:20","slug":"cultivit-activ-ecologico","status":"publish","type":"product","link":"https:\/\/mcazorla.com\/es\/producte\/cultivit-activ-ecologico\/","title":{"rendered":"Cultivit activ ecol\u00f3gico"},"content":{"rendered":"","protected":false},"excerpt":{"rendered":"<p><strong>Formulaci\u00f3n en Pellet<\/strong><\/p>\n<p>Es un fertilizante org\u00e1nico que proviene de la fermentaci\u00f3n controlada de esti\u00e9rcol de oveja. Su uso favorece y estabiliza la estructura del suelo, mejorando los suelos ligeros y pesados. Mejora la aeraci\u00f3n y la retenci\u00f3n de agua; aumenta la vida microbiana, liberando y poniendo a disposici\u00f3n de las plantas muchos oligoelementos.<\/p>\n<p>No contiene semillas ni malas hierbas, ni hongos patogenos, ni piedras que normalmente se encuentran en los esti\u00e9rcoles de oveja tradicionales.<\/p>\n<p>Riquezas garantizadas:<\/p>\n<p>Materia organica total: 54,40 % sms<br \/>\nMateria organica oxidable: 41,00 % sms<br \/>\nExtracto humico total: 12% sms<br \/>\nAcidos Humicos: 9% sms y Acidos Fulvicos: 3% sms<br \/>\nNitrogeno total: 3% sms<br \/>\nOxido de F\u00f3sforo (P2O5): 2,5% sms<br \/>\nOxido de Potasio (K2O): 2,5% sms<br \/>\nRelaci\u00f3n C\/N = 11<br \/>\npH = 7<br \/>\nHumedad maxima: 15%<\/p>\n<p><strong>Certificado en Agricultura Ecol\u00f3gica par CAAE<\/strong><\/p>\n","protected":false},"featured_media":2984,"template":"","meta":[],"product_brand":[],"product_cat":[114,112],"product_tag":[],"class_list":{"0":"post-3729","1":"product","2":"type-product","3":"status-publish","4":"has-post-thumbnail","6":"product_cat-abonos-granulados-en-eco","7":"product_cat-productos-ecologicos","9":"first","10":"instock","11":"shipping-taxable","12":"product-type-simple"},"yoast_head":"<!-- This site is optimized with the Yoast SEO plugin v27.4 - https:\/\/yoast.com\/product\/yoast-seo-wordpress\/ -->\n<title>Cultivit activ ecol\u00f3gico - M. Cazorla<\/title>\n<meta name=\"robots\" content=\"index, follow, max-snippet:-1, max-image-preview:large, max-video-preview:-1\" \/>\n<link rel=\"canonical\" href=\"https:\/\/mcazorla.com\/es\/producte\/cultivit-activ-ecologico\/\" \/>\n<meta property=\"og:locale\" content=\"es_ES\" \/>\n<meta property=\"og:type\" content=\"article\" \/>\n<meta property=\"og:title\" content=\"Cultivit activ ecol\u00f3gico - M. Cazorla\" \/>\n<meta property=\"og:description\" content=\"Formulaci\u00f3n en Pellet  Es un fertilizante org\u00e1nico que proviene de la fermentaci\u00f3n controlada de esti\u00e9rcol de oveja. Su uso favorece y estabiliza la estructura del suelo, mejorando los suelos ligeros y pesados. Mejora la aeraci\u00f3n y la retenci\u00f3n de agua; aumenta la vida microbiana, liberando y poniendo a disposici\u00f3n de las plantas muchos oligoelementos.  No contiene semillas ni malas hierbas, ni hongos patogenos, ni piedras que normalmente se encuentran en los esti\u00e9rcoles de oveja tradicionales.  Riquezas garantizadas:  Materia organica total: 54,40 % sms Materia organica oxidable: 41,00 % sms Extracto humico total: 12% sms Acidos Humicos: 9% sms y Acidos Fulvicos: 3% sms Nitrogeno total: 3% sms Oxido de F\u00f3sforo (P2O5): 2,5% sms Oxido de Potasio (K2O): 2,5% sms Relaci\u00f3n C\/N = 11 pH = 7 Humedad maxima: 15%  Certificado en Agricultura Ecol\u00f3gica par CAAE\" \/>\n<meta property=\"og:url\" content=\"https:\/\/mcazorla.com\/es\/producte\/cultivit-activ-ecologico\/\" \/>\n<meta property=\"og:site_name\" content=\"M. Cazorla\" \/>\n<meta property=\"article:modified_time\" content=\"2022-02-20T09:57:20+00:00\" \/>\n<meta property=\"og:image\" content=\"https:\/\/mcazorla.com\/wp-content\/uploads\/2022\/01\/img-productes-cultivit.jpg\" \/>\n\t<meta property=\"og:image:width\" content=\"500\" \/>\n\t<meta property=\"og:image:height\" content=\"386\" \/>\n\t<meta property=\"og:image:type\" content=\"image\/jpeg\" \/>\n<meta name=\"twitter:card\" content=\"summary_large_image\" \/>\n<script type=\"application\/ld+json\" class=\"yoast-schema-graph\">{\"@context\":\"https:\\\/\\\/schema.org\",\"@graph\":[{\"@type\":\"WebPage\",\"@id\":\"https:\\\/\\\/mcazorla.com\\\/es\\\/producte\\\/cultivit-activ-ecologico\\\/\",\"url\":\"https:\\\/\\\/mcazorla.com\\\/es\\\/producte\\\/cultivit-activ-ecologico\\\/\",\"name\":\"Cultivit activ ecol\u00f3gico - M. Cazorla\",\"isPartOf\":{\"@id\":\"https:\\\/\\\/mcazorla.com\\\/#website\"},\"primaryImageOfPage\":{\"@id\":\"https:\\\/\\\/mcazorla.com\\\/es\\\/producte\\\/cultivit-activ-ecologico\\\/#primaryimage\"},\"image\":{\"@id\":\"https:\\\/\\\/mcazorla.com\\\/es\\\/producte\\\/cultivit-activ-ecologico\\\/#primaryimage\"},\"thumbnailUrl\":\"https:\\\/\\\/mcazorla.com\\\/wp-content\\\/uploads\\\/2022\\\/01\\\/img-productes-cultivit.jpg\",\"datePublished\":\"2022-01-10T15:51:06+00:00\",\"dateModified\":\"2022-02-20T09:57:20+00:00\",\"breadcrumb\":{\"@id\":\"https:\\\/\\\/mcazorla.com\\\/es\\\/producte\\\/cultivit-activ-ecologico\\\/#breadcrumb\"},\"inLanguage\":\"es\",\"potentialAction\":[{\"@type\":\"ReadAction\",\"target\":[\"https:\\\/\\\/mcazorla.com\\\/es\\\/producte\\\/cultivit-activ-ecologico\\\/\"]}]},{\"@type\":\"ImageObject\",\"inLanguage\":\"es\",\"@id\":\"https:\\\/\\\/mcazorla.com\\\/es\\\/producte\\\/cultivit-activ-ecologico\\\/#primaryimage\",\"url\":\"https:\\\/\\\/mcazorla.com\\\/wp-content\\\/uploads\\\/2022\\\/01\\\/img-productes-cultivit.jpg\",\"contentUrl\":\"https:\\\/\\\/mcazorla.com\\\/wp-content\\\/uploads\\\/2022\\\/01\\\/img-productes-cultivit.jpg\",\"width\":500,\"height\":386},{\"@type\":\"BreadcrumbList\",\"@id\":\"https:\\\/\\\/mcazorla.com\\\/es\\\/producte\\\/cultivit-activ-ecologico\\\/#breadcrumb\",\"itemListElement\":[{\"@type\":\"ListItem\",\"position\":1,\"name\":\"Portada\",\"item\":\"https:\\\/\\\/mcazorla.com\\\/es\\\/\"},{\"@type\":\"ListItem\",\"position\":2,\"name\":\"Productes\",\"item\":\"https:\\\/\\\/mcazorla.com\\\/productes\\\/\"},{\"@type\":\"ListItem\",\"position\":3,\"name\":\"Cultivit activ ecol\u00f3gico\"}]},{\"@type\":\"WebSite\",\"@id\":\"https:\\\/\\\/mcazorla.com\\\/#website\",\"url\":\"https:\\\/\\\/mcazorla.com\\\/\",\"name\":\"M. Cazorla\",\"description\":\"Comercialitzaci\u00f3 de llavors, fertilizants, adobs ,fitosanitaris i cereals.\",\"potentialAction\":[{\"@type\":\"SearchAction\",\"target\":{\"@type\":\"EntryPoint\",\"urlTemplate\":\"https:\\\/\\\/mcazorla.com\\\/?s={search_term_string}\"},\"query-input\":{\"@type\":\"PropertyValueSpecification\",\"valueRequired\":true,\"valueName\":\"search_term_string\"}}],\"inLanguage\":\"es\"}]}<\/script>\n<!-- \/ Yoast SEO plugin. -->","yoast_head_json":{"title":"Cultivit activ ecol\u00f3gico - M. Cazorla","robots":{"index":"index","follow":"follow","max-snippet":"max-snippet:-1","max-image-preview":"max-image-preview:large","max-video-preview":"max-video-preview:-1"},"canonical":"https:\/\/mcazorla.com\/es\/producte\/cultivit-activ-ecologico\/","og_locale":"es_ES","og_type":"article","og_title":"Cultivit activ ecol\u00f3gico - M. Cazorla","og_description":"Formulaci\u00f3n en Pellet  Es un fertilizante org\u00e1nico que proviene de la fermentaci\u00f3n controlada de esti\u00e9rcol de oveja. Su uso favorece y estabiliza la estructura del suelo, mejorando los suelos ligeros y pesados. Mejora la aeraci\u00f3n y la retenci\u00f3n de agua; aumenta la vida microbiana, liberando y poniendo a disposici\u00f3n de las plantas muchos oligoelementos.  No contiene semillas ni malas hierbas, ni hongos patogenos, ni piedras que normalmente se encuentran en los esti\u00e9rcoles de oveja tradicionales.  Riquezas garantizadas:  Materia organica total: 54,40 % sms Materia organica oxidable: 41,00 % sms Extracto humico total: 12% sms Acidos Humicos: 9% sms y Acidos Fulvicos: 3% sms Nitrogeno total: 3% sms Oxido de F\u00f3sforo (P2O5): 2,5% sms Oxido de Potasio (K2O): 2,5% sms Relaci\u00f3n C\/N = 11 pH = 7 Humedad maxima: 15%  Certificado en Agricultura Ecol\u00f3gica par CAAE","og_url":"https:\/\/mcazorla.com\/es\/producte\/cultivit-activ-ecologico\/","og_site_name":"M. Cazorla","article_modified_time":"2022-02-20T09:57:20+00:00","og_image":[{"width":500,"height":386,"url":"https:\/\/mcazorla.com\/wp-content\/uploads\/2022\/01\/img-productes-cultivit.jpg","type":"image\/jpeg"}],"twitter_card":"summary_large_image","schema":{"@context":"https:\/\/schema.org","@graph":[{"@type":"WebPage","@id":"https:\/\/mcazorla.com\/es\/producte\/cultivit-activ-ecologico\/","url":"https:\/\/mcazorla.com\/es\/producte\/cultivit-activ-ecologico\/","name":"Cultivit activ ecol\u00f3gico - M. Cazorla","isPartOf":{"@id":"https:\/\/mcazorla.com\/#website"},"primaryImageOfPage":{"@id":"https:\/\/mcazorla.com\/es\/producte\/cultivit-activ-ecologico\/#primaryimage"},"image":{"@id":"https:\/\/mcazorla.com\/es\/producte\/cultivit-activ-ecologico\/#primaryimage"},"thumbnailUrl":"https:\/\/mcazorla.com\/wp-content\/uploads\/2022\/01\/img-productes-cultivit.jpg","datePublished":"2022-01-10T15:51:06+00:00","dateModified":"2022-02-20T09:57:20+00:00","breadcrumb":{"@id":"https:\/\/mcazorla.com\/es\/producte\/cultivit-activ-ecologico\/#breadcrumb"},"inLanguage":"es","potentialAction":[{"@type":"ReadAction","target":["https:\/\/mcazorla.com\/es\/producte\/cultivit-activ-ecologico\/"]}]},{"@type":"ImageObject","inLanguage":"es","@id":"https:\/\/mcazorla.com\/es\/producte\/cultivit-activ-ecologico\/#primaryimage","url":"https:\/\/mcazorla.com\/wp-content\/uploads\/2022\/01\/img-productes-cultivit.jpg","contentUrl":"https:\/\/mcazorla.com\/wp-content\/uploads\/2022\/01\/img-productes-cultivit.jpg","width":500,"height":386},{"@type":"BreadcrumbList","@id":"https:\/\/mcazorla.com\/es\/producte\/cultivit-activ-ecologico\/#breadcrumb","itemListElement":[{"@type":"ListItem","position":1,"name":"Portada","item":"https:\/\/mcazorla.com\/es\/"},{"@type":"ListItem","position":2,"name":"Productes","item":"https:\/\/mcazorla.com\/productes\/"},{"@type":"ListItem","position":3,"name":"Cultivit activ ecol\u00f3gico"}]},{"@type":"WebSite","@id":"https:\/\/mcazorla.com\/#website","url":"https:\/\/mcazorla.com\/","name":"M. Cazorla","description":"Comercialitzaci\u00f3 de llavors, fertilizants, adobs ,fitosanitaris i cereals.","potentialAction":[{"@type":"SearchAction","target":{"@type":"EntryPoint","urlTemplate":"https:\/\/mcazorla.com\/?s={search_term_string}"},"query-input":{"@type":"PropertyValueSpecification","valueRequired":true,"valueName":"search_term_string"}}],"inLanguage":"es"}]}},"_links":{"self":[{"href":"https:\/\/mcazorla.com\/es\/wp-json\/wp\/v2\/product\/3729","targetHints":{"allow":["GET"]}}],"collection":[{"href":"https:\/\/mcazorla.com\/es\/wp-json\/wp\/v2\/product"}],"about":[{"href":"https:\/\/mcazorla.com\/es\/wp-json\/wp\/v2\/types\/product"}],"wp:featuredmedia":[{"embeddable":true,"href":"https:\/\/mcazorla.com\/es\/wp-json\/wp\/v2\/media\/2984"}],"wp:attachment":[{"href":"https:\/\/mcazorla.com\/es\/wp-json\/wp\/v2\/media?parent=3729"}],"wp:term":[{"taxonomy":"product_brand","embeddable":true,"href":"https:\/\/mcazorla.com\/es\/wp-json\/wp\/v2\/product_brand?post=3729"},{"taxonomy":"product_cat","embeddable":true,"href":"https:\/\/mcazorla.com\/es\/wp-json\/wp\/v2\/product_cat?post=3729"},{"taxonomy":"product_tag","embeddable":true,"href":"https:\/\/mcazorla.com\/es\/wp-json\/wp\/v2\/product_tag?post=3729"}],"curies":[{"name":"wp","href":"https:\/\/api.w.org\/{rel}","templated":true}]}}