{"id":3735,"date":"2022-01-10T15:48:02","date_gmt":"2022-01-10T15:48:02","guid":{"rendered":"https:\/\/mcazorla.com\/producto\/biofuerza-5-5-10\/"},"modified":"2022-02-20T10:20:34","modified_gmt":"2022-02-20T10:20:34","slug":"biofuerza-5-5-10","status":"publish","type":"product","link":"https:\/\/mcazorla.com\/es\/producte\/biofuerza-5-5-10\/","title":{"rendered":"Biofuerza 5 5 10"},"content":{"rendered":"","protected":false},"excerpt":{"rendered":"<p>Fertilizante \u00f3rgano-mineral NF U 42-001<br \/>\nAbono \u00f3rgano-mineral NPK 5-5-10<\/p>\n<p><strong>Niveles declarados:<\/strong> Masa de producto crudo<\/p>\n<p>Nitr\u00f3geno (N) total: 5%<br \/>\ndel cual nitr\u00f3geno org\u00e1nico (a partir de esti\u00e9rcol de oveja compostado y prote\u00ednas animales procesadas): 4,5%<br \/>\nAnh\u00eddrido fosf\u00f3rico (P2O5) total: 5%<br \/>\n\u00d3xido de Potasio (K2O) soluble en agua: 10%<br \/>\nOtras caracter\u00edsticas: Materia org\u00e1nica procedente de esti\u00e9rcol de ovino compostado y prote\u00ednas animales procesadas (harina de carne hidrolizada clase 2): 40%<br \/>\nExtractos h\u00famicos totales: 10%<\/p>\n<p>Formulaci\u00f3n de tapa<\/p>\n<p><strong>Certificado en Agricultura Ecol\u00f3gica seg\u00fan Reglamento CE n\u00ba 837\/2007 por Sohiscert<\/strong><\/p>\n","protected":false},"featured_media":2981,"template":"","meta":[],"product_brand":[],"product_cat":[114,112],"product_tag":[],"class_list":{"0":"post-3735","1":"product","2":"type-product","3":"status-publish","4":"has-post-thumbnail","6":"product_cat-abonos-granulados-en-eco","7":"product_cat-productos-ecologicos","9":"first","10":"instock","11":"shipping-taxable","12":"product-type-simple"},"yoast_head":"<!-- This site is optimized with the Yoast SEO plugin v27.4 - https:\/\/yoast.com\/product\/yoast-seo-wordpress\/ -->\n<title>Biofuerza 5 5 10 - M. Cazorla<\/title>\n<meta name=\"robots\" content=\"index, follow, max-snippet:-1, max-image-preview:large, max-video-preview:-1\" \/>\n<link rel=\"canonical\" href=\"https:\/\/mcazorla.com\/es\/producte\/biofuerza-5-5-10\/\" \/>\n<meta property=\"og:locale\" content=\"es_ES\" \/>\n<meta property=\"og:type\" content=\"article\" \/>\n<meta property=\"og:title\" content=\"Biofuerza 5 5 10 - M. Cazorla\" \/>\n<meta property=\"og:description\" content=\"Fertilizante \u00f3rgano-mineral NF U 42-001 Abono \u00f3rgano-mineral NPK 5-5-10  Niveles declarados: Masa de producto crudo  Nitr\u00f3geno (N) total: 5% del cual nitr\u00f3geno org\u00e1nico (a partir de esti\u00e9rcol de oveja compostado y prote\u00ednas animales procesadas): 4,5% Anh\u00eddrido fosf\u00f3rico (P2O5) total: 5% \u00d3xido de Potasio (K2O) soluble en agua: 10% Otras caracter\u00edsticas: Materia org\u00e1nica procedente de esti\u00e9rcol de ovino compostado y prote\u00ednas animales procesadas (harina de carne hidrolizada clase 2): 40% Extractos h\u00famicos totales: 10%  Formulaci\u00f3n de tapa  Certificado en Agricultura Ecol\u00f3gica seg\u00fan Reglamento CE n\u00ba 837\/2007 por Sohiscert\" \/>\n<meta property=\"og:url\" content=\"https:\/\/mcazorla.com\/es\/producte\/biofuerza-5-5-10\/\" \/>\n<meta property=\"og:site_name\" content=\"M. Cazorla\" \/>\n<meta property=\"article:modified_time\" content=\"2022-02-20T10:20:34+00:00\" \/>\n<meta property=\"og:image\" content=\"https:\/\/mcazorla.com\/wp-content\/uploads\/2022\/01\/img-productes-biofuerza.jpg\" \/>\n\t<meta property=\"og:image:width\" content=\"500\" \/>\n\t<meta property=\"og:image:height\" content=\"386\" \/>\n\t<meta property=\"og:image:type\" content=\"image\/jpeg\" \/>\n<meta name=\"twitter:card\" content=\"summary_large_image\" \/>\n<script type=\"application\/ld+json\" class=\"yoast-schema-graph\">{\"@context\":\"https:\\\/\\\/schema.org\",\"@graph\":[{\"@type\":\"WebPage\",\"@id\":\"https:\\\/\\\/mcazorla.com\\\/es\\\/producte\\\/biofuerza-5-5-10\\\/\",\"url\":\"https:\\\/\\\/mcazorla.com\\\/es\\\/producte\\\/biofuerza-5-5-10\\\/\",\"name\":\"Biofuerza 5 5 10 - M. Cazorla\",\"isPartOf\":{\"@id\":\"https:\\\/\\\/mcazorla.com\\\/#website\"},\"primaryImageOfPage\":{\"@id\":\"https:\\\/\\\/mcazorla.com\\\/es\\\/producte\\\/biofuerza-5-5-10\\\/#primaryimage\"},\"image\":{\"@id\":\"https:\\\/\\\/mcazorla.com\\\/es\\\/producte\\\/biofuerza-5-5-10\\\/#primaryimage\"},\"thumbnailUrl\":\"https:\\\/\\\/mcazorla.com\\\/wp-content\\\/uploads\\\/2022\\\/01\\\/img-productes-biofuerza.jpg\",\"datePublished\":\"2022-01-10T15:48:02+00:00\",\"dateModified\":\"2022-02-20T10:20:34+00:00\",\"breadcrumb\":{\"@id\":\"https:\\\/\\\/mcazorla.com\\\/es\\\/producte\\\/biofuerza-5-5-10\\\/#breadcrumb\"},\"inLanguage\":\"es\",\"potentialAction\":[{\"@type\":\"ReadAction\",\"target\":[\"https:\\\/\\\/mcazorla.com\\\/es\\\/producte\\\/biofuerza-5-5-10\\\/\"]}]},{\"@type\":\"ImageObject\",\"inLanguage\":\"es\",\"@id\":\"https:\\\/\\\/mcazorla.com\\\/es\\\/producte\\\/biofuerza-5-5-10\\\/#primaryimage\",\"url\":\"https:\\\/\\\/mcazorla.com\\\/wp-content\\\/uploads\\\/2022\\\/01\\\/img-productes-biofuerza.jpg\",\"contentUrl\":\"https:\\\/\\\/mcazorla.com\\\/wp-content\\\/uploads\\\/2022\\\/01\\\/img-productes-biofuerza.jpg\",\"width\":500,\"height\":386},{\"@type\":\"BreadcrumbList\",\"@id\":\"https:\\\/\\\/mcazorla.com\\\/es\\\/producte\\\/biofuerza-5-5-10\\\/#breadcrumb\",\"itemListElement\":[{\"@type\":\"ListItem\",\"position\":1,\"name\":\"Portada\",\"item\":\"https:\\\/\\\/mcazorla.com\\\/es\\\/\"},{\"@type\":\"ListItem\",\"position\":2,\"name\":\"Productes\",\"item\":\"https:\\\/\\\/mcazorla.com\\\/productes\\\/\"},{\"@type\":\"ListItem\",\"position\":3,\"name\":\"Biofuerza 5 5 10\"}]},{\"@type\":\"WebSite\",\"@id\":\"https:\\\/\\\/mcazorla.com\\\/#website\",\"url\":\"https:\\\/\\\/mcazorla.com\\\/\",\"name\":\"M. Cazorla\",\"description\":\"Comercialitzaci\u00f3 de llavors, fertilizants, adobs ,fitosanitaris i cereals.\",\"potentialAction\":[{\"@type\":\"SearchAction\",\"target\":{\"@type\":\"EntryPoint\",\"urlTemplate\":\"https:\\\/\\\/mcazorla.com\\\/?s={search_term_string}\"},\"query-input\":{\"@type\":\"PropertyValueSpecification\",\"valueRequired\":true,\"valueName\":\"search_term_string\"}}],\"inLanguage\":\"es\"}]}<\/script>\n<!-- \/ Yoast SEO plugin. -->","yoast_head_json":{"title":"Biofuerza 5 5 10 - M. Cazorla","robots":{"index":"index","follow":"follow","max-snippet":"max-snippet:-1","max-image-preview":"max-image-preview:large","max-video-preview":"max-video-preview:-1"},"canonical":"https:\/\/mcazorla.com\/es\/producte\/biofuerza-5-5-10\/","og_locale":"es_ES","og_type":"article","og_title":"Biofuerza 5 5 10 - M. Cazorla","og_description":"Fertilizante \u00f3rgano-mineral NF U 42-001 Abono \u00f3rgano-mineral NPK 5-5-10  Niveles declarados: Masa de producto crudo  Nitr\u00f3geno (N) total: 5% del cual nitr\u00f3geno org\u00e1nico (a partir de esti\u00e9rcol de oveja compostado y prote\u00ednas animales procesadas): 4,5% Anh\u00eddrido fosf\u00f3rico (P2O5) total: 5% \u00d3xido de Potasio (K2O) soluble en agua: 10% Otras caracter\u00edsticas: Materia org\u00e1nica procedente de esti\u00e9rcol de ovino compostado y prote\u00ednas animales procesadas (harina de carne hidrolizada clase 2): 40% Extractos h\u00famicos totales: 10%  Formulaci\u00f3n de tapa  Certificado en Agricultura Ecol\u00f3gica seg\u00fan Reglamento CE n\u00ba 837\/2007 por Sohiscert","og_url":"https:\/\/mcazorla.com\/es\/producte\/biofuerza-5-5-10\/","og_site_name":"M. Cazorla","article_modified_time":"2022-02-20T10:20:34+00:00","og_image":[{"width":500,"height":386,"url":"https:\/\/mcazorla.com\/wp-content\/uploads\/2022\/01\/img-productes-biofuerza.jpg","type":"image\/jpeg"}],"twitter_card":"summary_large_image","schema":{"@context":"https:\/\/schema.org","@graph":[{"@type":"WebPage","@id":"https:\/\/mcazorla.com\/es\/producte\/biofuerza-5-5-10\/","url":"https:\/\/mcazorla.com\/es\/producte\/biofuerza-5-5-10\/","name":"Biofuerza 5 5 10 - M. Cazorla","isPartOf":{"@id":"https:\/\/mcazorla.com\/#website"},"primaryImageOfPage":{"@id":"https:\/\/mcazorla.com\/es\/producte\/biofuerza-5-5-10\/#primaryimage"},"image":{"@id":"https:\/\/mcazorla.com\/es\/producte\/biofuerza-5-5-10\/#primaryimage"},"thumbnailUrl":"https:\/\/mcazorla.com\/wp-content\/uploads\/2022\/01\/img-productes-biofuerza.jpg","datePublished":"2022-01-10T15:48:02+00:00","dateModified":"2022-02-20T10:20:34+00:00","breadcrumb":{"@id":"https:\/\/mcazorla.com\/es\/producte\/biofuerza-5-5-10\/#breadcrumb"},"inLanguage":"es","potentialAction":[{"@type":"ReadAction","target":["https:\/\/mcazorla.com\/es\/producte\/biofuerza-5-5-10\/"]}]},{"@type":"ImageObject","inLanguage":"es","@id":"https:\/\/mcazorla.com\/es\/producte\/biofuerza-5-5-10\/#primaryimage","url":"https:\/\/mcazorla.com\/wp-content\/uploads\/2022\/01\/img-productes-biofuerza.jpg","contentUrl":"https:\/\/mcazorla.com\/wp-content\/uploads\/2022\/01\/img-productes-biofuerza.jpg","width":500,"height":386},{"@type":"BreadcrumbList","@id":"https:\/\/mcazorla.com\/es\/producte\/biofuerza-5-5-10\/#breadcrumb","itemListElement":[{"@type":"ListItem","position":1,"name":"Portada","item":"https:\/\/mcazorla.com\/es\/"},{"@type":"ListItem","position":2,"name":"Productes","item":"https:\/\/mcazorla.com\/productes\/"},{"@type":"ListItem","position":3,"name":"Biofuerza 5 5 10"}]},{"@type":"WebSite","@id":"https:\/\/mcazorla.com\/#website","url":"https:\/\/mcazorla.com\/","name":"M. Cazorla","description":"Comercialitzaci\u00f3 de llavors, fertilizants, adobs ,fitosanitaris i cereals.","potentialAction":[{"@type":"SearchAction","target":{"@type":"EntryPoint","urlTemplate":"https:\/\/mcazorla.com\/?s={search_term_string}"},"query-input":{"@type":"PropertyValueSpecification","valueRequired":true,"valueName":"search_term_string"}}],"inLanguage":"es"}]}},"_links":{"self":[{"href":"https:\/\/mcazorla.com\/es\/wp-json\/wp\/v2\/product\/3735","targetHints":{"allow":["GET"]}}],"collection":[{"href":"https:\/\/mcazorla.com\/es\/wp-json\/wp\/v2\/product"}],"about":[{"href":"https:\/\/mcazorla.com\/es\/wp-json\/wp\/v2\/types\/product"}],"wp:featuredmedia":[{"embeddable":true,"href":"https:\/\/mcazorla.com\/es\/wp-json\/wp\/v2\/media\/2981"}],"wp:attachment":[{"href":"https:\/\/mcazorla.com\/es\/wp-json\/wp\/v2\/media?parent=3735"}],"wp:term":[{"taxonomy":"product_brand","embeddable":true,"href":"https:\/\/mcazorla.com\/es\/wp-json\/wp\/v2\/product_brand?post=3735"},{"taxonomy":"product_cat","embeddable":true,"href":"https:\/\/mcazorla.com\/es\/wp-json\/wp\/v2\/product_cat?post=3735"},{"taxonomy":"product_tag","embeddable":true,"href":"https:\/\/mcazorla.com\/es\/wp-json\/wp\/v2\/product_tag?post=3735"}],"curies":[{"name":"wp","href":"https:\/\/api.w.org\/{rel}","templated":true}]}}