{"id":3751,"date":"2022-01-10T15:34:54","date_gmt":"2022-01-10T15:34:54","guid":{"rendered":"https:\/\/mcazorla.com\/producto\/tukom\/"},"modified":"2022-02-20T10:46:17","modified_gmt":"2022-02-20T10:46:17","slug":"tukom","status":"publish","type":"product","link":"https:\/\/mcazorla.com\/es\/producte\/tukom\/","title":{"rendered":"Tukom"},"content":{"rendered":"","protected":false},"excerpt":{"rendered":"<p><strong>EFECTO PROTECTOR CONTRA P\u00c1JAROS <\/strong><\/p>\n<p>Descripci\u00f3n: Es un corrector de carencias de Magnesio con componentes terpenicos provenientes de plantas arom\u00e1ticas con un olor que produce un entorno desagradable para los p\u00e1jaros provocando un distanciamiento de la zona tratada.<\/p>\n<p>TUKOM esta indicada para todo tipo de cultivos : huerta, ornamentals, vi\u00f1a, \u00e1rboles frutales, c\u00edtricos, olivares, cereales, &#8230;<\/p>\n<p>Dosis: 200 &#8211; 250 cc per 100 L con una dosis Ha de:  2 &#8211; 2,5 L \/ Ha<\/p>\n<p><strong>Consejos:<\/strong><\/p>\n<p>No mezclar con cobre. Aplicar con un ph de 6 a 7. Es un producto sin residuos. Tiene una persistencia de 15 a 20 d\u00edas.<\/p>\n<p><strong>Producto autorizado en agricultura ecol\u00f3gica<\/strong><\/p>\n","protected":false},"featured_media":4289,"template":"","meta":[],"product_brand":[],"product_cat":[118,112],"product_tag":[],"class_list":{"0":"post-3751","1":"product","2":"type-product","3":"status-publish","4":"has-post-thumbnail","6":"product_cat-efecto-protector-contra","7":"product_cat-productos-ecologicos","9":"first","10":"instock","11":"shipping-taxable","12":"product-type-simple"},"yoast_head":"<!-- This site is optimized with the Yoast SEO plugin v27.4 - https:\/\/yoast.com\/product\/yoast-seo-wordpress\/ -->\n<title>Tukom - M. Cazorla<\/title>\n<meta name=\"robots\" content=\"index, follow, max-snippet:-1, max-image-preview:large, max-video-preview:-1\" \/>\n<link rel=\"canonical\" href=\"https:\/\/mcazorla.com\/es\/producte\/tukom\/\" \/>\n<meta property=\"og:locale\" content=\"es_ES\" \/>\n<meta property=\"og:type\" content=\"article\" \/>\n<meta property=\"og:title\" content=\"Tukom - M. Cazorla\" \/>\n<meta property=\"og:description\" content=\"EFECTO PROTECTOR CONTRA P\u00c1JAROS   Descripci\u00f3n: Es un corrector de carencias de Magnesio con componentes terpenicos provenientes de plantas arom\u00e1ticas con un olor que produce un entorno desagradable para los p\u00e1jaros provocando un distanciamiento de la zona tratada.  TUKOM esta indicada para todo tipo de cultivos : huerta, ornamentals, vi\u00f1a, \u00e1rboles frutales, c\u00edtricos, olivares, cereales, ...  Dosis: 200 - 250 cc per 100 L con una dosis Ha de: 2 - 2,5 L \/ Ha  Consejos:  No mezclar con cobre. Aplicar con un ph de 6 a 7. Es un producto sin residuos. Tiene una persistencia de 15 a 20 d\u00edas.  Producto autorizado en agricultura ecol\u00f3gica\" \/>\n<meta property=\"og:url\" content=\"https:\/\/mcazorla.com\/es\/producte\/tukom\/\" \/>\n<meta property=\"og:site_name\" content=\"M. Cazorla\" \/>\n<meta property=\"article:modified_time\" content=\"2022-02-20T10:46:17+00:00\" \/>\n<meta property=\"og:image\" content=\"https:\/\/mcazorla.com\/wp-content\/uploads\/2022\/01\/img-productes-tukom.jpg\" \/>\n\t<meta property=\"og:image:width\" content=\"500\" \/>\n\t<meta property=\"og:image:height\" content=\"386\" \/>\n\t<meta property=\"og:image:type\" content=\"image\/jpeg\" \/>\n<meta name=\"twitter:card\" content=\"summary_large_image\" \/>\n<script type=\"application\/ld+json\" class=\"yoast-schema-graph\">{\"@context\":\"https:\\\/\\\/schema.org\",\"@graph\":[{\"@type\":\"WebPage\",\"@id\":\"https:\\\/\\\/mcazorla.com\\\/es\\\/producte\\\/tukom\\\/\",\"url\":\"https:\\\/\\\/mcazorla.com\\\/es\\\/producte\\\/tukom\\\/\",\"name\":\"Tukom - M. Cazorla\",\"isPartOf\":{\"@id\":\"https:\\\/\\\/mcazorla.com\\\/#website\"},\"primaryImageOfPage\":{\"@id\":\"https:\\\/\\\/mcazorla.com\\\/es\\\/producte\\\/tukom\\\/#primaryimage\"},\"image\":{\"@id\":\"https:\\\/\\\/mcazorla.com\\\/es\\\/producte\\\/tukom\\\/#primaryimage\"},\"thumbnailUrl\":\"https:\\\/\\\/mcazorla.com\\\/wp-content\\\/uploads\\\/2022\\\/07\\\/img-productes-tukom.jpg\",\"datePublished\":\"2022-01-10T15:34:54+00:00\",\"dateModified\":\"2022-02-20T10:46:17+00:00\",\"breadcrumb\":{\"@id\":\"https:\\\/\\\/mcazorla.com\\\/es\\\/producte\\\/tukom\\\/#breadcrumb\"},\"inLanguage\":\"es\",\"potentialAction\":[{\"@type\":\"ReadAction\",\"target\":[\"https:\\\/\\\/mcazorla.com\\\/es\\\/producte\\\/tukom\\\/\"]}]},{\"@type\":\"ImageObject\",\"inLanguage\":\"es\",\"@id\":\"https:\\\/\\\/mcazorla.com\\\/es\\\/producte\\\/tukom\\\/#primaryimage\",\"url\":\"https:\\\/\\\/mcazorla.com\\\/wp-content\\\/uploads\\\/2022\\\/07\\\/img-productes-tukom.jpg\",\"contentUrl\":\"https:\\\/\\\/mcazorla.com\\\/wp-content\\\/uploads\\\/2022\\\/07\\\/img-productes-tukom.jpg\",\"width\":500,\"height\":386},{\"@type\":\"BreadcrumbList\",\"@id\":\"https:\\\/\\\/mcazorla.com\\\/es\\\/producte\\\/tukom\\\/#breadcrumb\",\"itemListElement\":[{\"@type\":\"ListItem\",\"position\":1,\"name\":\"Portada\",\"item\":\"https:\\\/\\\/mcazorla.com\\\/es\\\/\"},{\"@type\":\"ListItem\",\"position\":2,\"name\":\"Productes\",\"item\":\"https:\\\/\\\/mcazorla.com\\\/productes\\\/\"},{\"@type\":\"ListItem\",\"position\":3,\"name\":\"Tukom\"}]},{\"@type\":\"WebSite\",\"@id\":\"https:\\\/\\\/mcazorla.com\\\/#website\",\"url\":\"https:\\\/\\\/mcazorla.com\\\/\",\"name\":\"M. Cazorla\",\"description\":\"Comercialitzaci\u00f3 de llavors, fertilizants, adobs ,fitosanitaris i cereals.\",\"potentialAction\":[{\"@type\":\"SearchAction\",\"target\":{\"@type\":\"EntryPoint\",\"urlTemplate\":\"https:\\\/\\\/mcazorla.com\\\/?s={search_term_string}\"},\"query-input\":{\"@type\":\"PropertyValueSpecification\",\"valueRequired\":true,\"valueName\":\"search_term_string\"}}],\"inLanguage\":\"es\"}]}<\/script>\n<!-- \/ Yoast SEO plugin. -->","yoast_head_json":{"title":"Tukom - M. Cazorla","robots":{"index":"index","follow":"follow","max-snippet":"max-snippet:-1","max-image-preview":"max-image-preview:large","max-video-preview":"max-video-preview:-1"},"canonical":"https:\/\/mcazorla.com\/es\/producte\/tukom\/","og_locale":"es_ES","og_type":"article","og_title":"Tukom - M. Cazorla","og_description":"EFECTO PROTECTOR CONTRA P\u00c1JAROS   Descripci\u00f3n: Es un corrector de carencias de Magnesio con componentes terpenicos provenientes de plantas arom\u00e1ticas con un olor que produce un entorno desagradable para los p\u00e1jaros provocando un distanciamiento de la zona tratada.  TUKOM esta indicada para todo tipo de cultivos : huerta, ornamentals, vi\u00f1a, \u00e1rboles frutales, c\u00edtricos, olivares, cereales, ...  Dosis: 200 - 250 cc per 100 L con una dosis Ha de: 2 - 2,5 L \/ Ha  Consejos:  No mezclar con cobre. Aplicar con un ph de 6 a 7. Es un producto sin residuos. Tiene una persistencia de 15 a 20 d\u00edas.  Producto autorizado en agricultura ecol\u00f3gica","og_url":"https:\/\/mcazorla.com\/es\/producte\/tukom\/","og_site_name":"M. Cazorla","article_modified_time":"2022-02-20T10:46:17+00:00","og_image":[{"width":500,"height":386,"url":"https:\/\/mcazorla.com\/wp-content\/uploads\/2022\/01\/img-productes-tukom.jpg","type":"image\/jpeg"}],"twitter_card":"summary_large_image","schema":{"@context":"https:\/\/schema.org","@graph":[{"@type":"WebPage","@id":"https:\/\/mcazorla.com\/es\/producte\/tukom\/","url":"https:\/\/mcazorla.com\/es\/producte\/tukom\/","name":"Tukom - M. Cazorla","isPartOf":{"@id":"https:\/\/mcazorla.com\/#website"},"primaryImageOfPage":{"@id":"https:\/\/mcazorla.com\/es\/producte\/tukom\/#primaryimage"},"image":{"@id":"https:\/\/mcazorla.com\/es\/producte\/tukom\/#primaryimage"},"thumbnailUrl":"https:\/\/mcazorla.com\/wp-content\/uploads\/2022\/07\/img-productes-tukom.jpg","datePublished":"2022-01-10T15:34:54+00:00","dateModified":"2022-02-20T10:46:17+00:00","breadcrumb":{"@id":"https:\/\/mcazorla.com\/es\/producte\/tukom\/#breadcrumb"},"inLanguage":"es","potentialAction":[{"@type":"ReadAction","target":["https:\/\/mcazorla.com\/es\/producte\/tukom\/"]}]},{"@type":"ImageObject","inLanguage":"es","@id":"https:\/\/mcazorla.com\/es\/producte\/tukom\/#primaryimage","url":"https:\/\/mcazorla.com\/wp-content\/uploads\/2022\/07\/img-productes-tukom.jpg","contentUrl":"https:\/\/mcazorla.com\/wp-content\/uploads\/2022\/07\/img-productes-tukom.jpg","width":500,"height":386},{"@type":"BreadcrumbList","@id":"https:\/\/mcazorla.com\/es\/producte\/tukom\/#breadcrumb","itemListElement":[{"@type":"ListItem","position":1,"name":"Portada","item":"https:\/\/mcazorla.com\/es\/"},{"@type":"ListItem","position":2,"name":"Productes","item":"https:\/\/mcazorla.com\/productes\/"},{"@type":"ListItem","position":3,"name":"Tukom"}]},{"@type":"WebSite","@id":"https:\/\/mcazorla.com\/#website","url":"https:\/\/mcazorla.com\/","name":"M. Cazorla","description":"Comercialitzaci\u00f3 de llavors, fertilizants, adobs ,fitosanitaris i cereals.","potentialAction":[{"@type":"SearchAction","target":{"@type":"EntryPoint","urlTemplate":"https:\/\/mcazorla.com\/?s={search_term_string}"},"query-input":{"@type":"PropertyValueSpecification","valueRequired":true,"valueName":"search_term_string"}}],"inLanguage":"es"}]}},"_links":{"self":[{"href":"https:\/\/mcazorla.com\/es\/wp-json\/wp\/v2\/product\/3751","targetHints":{"allow":["GET"]}}],"collection":[{"href":"https:\/\/mcazorla.com\/es\/wp-json\/wp\/v2\/product"}],"about":[{"href":"https:\/\/mcazorla.com\/es\/wp-json\/wp\/v2\/types\/product"}],"wp:featuredmedia":[{"embeddable":true,"href":"https:\/\/mcazorla.com\/es\/wp-json\/wp\/v2\/media\/4289"}],"wp:attachment":[{"href":"https:\/\/mcazorla.com\/es\/wp-json\/wp\/v2\/media?parent=3751"}],"wp:term":[{"taxonomy":"product_brand","embeddable":true,"href":"https:\/\/mcazorla.com\/es\/wp-json\/wp\/v2\/product_brand?post=3751"},{"taxonomy":"product_cat","embeddable":true,"href":"https:\/\/mcazorla.com\/es\/wp-json\/wp\/v2\/product_cat?post=3751"},{"taxonomy":"product_tag","embeddable":true,"href":"https:\/\/mcazorla.com\/es\/wp-json\/wp\/v2\/product_tag?post=3751"}],"curies":[{"name":"wp","href":"https:\/\/api.w.org\/{rel}","templated":true}]}}