{"id":3756,"date":"2022-01-10T15:31:52","date_gmt":"2022-01-10T15:31:52","guid":{"rendered":"https:\/\/mcazorla.com\/producto\/ripel\/"},"modified":"2022-02-20T10:52:08","modified_gmt":"2022-02-20T10:52:08","slug":"ripel","status":"publish","type":"product","link":"https:\/\/mcazorla.com\/es\/producte\/ripel\/","title":{"rendered":"Ripel"},"content":{"rendered":"","protected":false},"excerpt":{"rendered":"<p><strong>Informaci\u00f3n seg\u00fan el fabricante:<\/strong><\/p>\n<p>Tiene un efecto protector contra conejos, jabal\u00edes y otros animales.<br \/>\nLa acci\u00f3n es por contacto aunque tambi\u00e9n tiene una acci\u00f3n sist\u00e9mica y translaminar.<br \/>\nCuando es aplicado crea un ambiente desfavorable para los insectos que causan da\u00f1o a los cultivos produciendo un efecto de inapetencia ya que los insectos se encuentran incomodos para desarrollarse.<br \/>\nDebido a los vapores que desprende, realiza una eficaz acci\u00f3n.<\/p>\n<p>Cultivos: En todos los cultivos<br \/>\nDosis: 2 &#8211; 3 cc \/ Litro<\/p>\n<p><strong>Producto autorizado en agricultura ecol\u00f3gica por el CAAE<\/strong><\/p>\n","protected":false},"featured_media":2966,"template":"","meta":[],"product_brand":[],"product_cat":[118,112],"product_tag":[],"class_list":{"0":"post-3756","1":"product","2":"type-product","3":"status-publish","4":"has-post-thumbnail","6":"product_cat-efecto-protector-contra","7":"product_cat-productos-ecologicos","9":"first","10":"instock","11":"shipping-taxable","12":"product-type-simple"},"yoast_head":"<!-- This site is optimized with the Yoast SEO plugin v27.4 - https:\/\/yoast.com\/product\/yoast-seo-wordpress\/ -->\n<title>Ripel - M. Cazorla<\/title>\n<meta name=\"robots\" content=\"index, follow, max-snippet:-1, max-image-preview:large, max-video-preview:-1\" \/>\n<link rel=\"canonical\" href=\"https:\/\/mcazorla.com\/es\/producte\/ripel\/\" \/>\n<meta property=\"og:locale\" content=\"es_ES\" \/>\n<meta property=\"og:type\" content=\"article\" \/>\n<meta property=\"og:title\" content=\"Ripel - M. Cazorla\" \/>\n<meta property=\"og:description\" content=\"Informaci\u00f3n seg\u00fan el fabricante:  Tiene un efecto protector contra conejos, jabal\u00edes y otros animales. La acci\u00f3n es por contacto aunque tambi\u00e9n tiene una acci\u00f3n sist\u00e9mica y translaminar. Cuando es aplicado crea un ambiente desfavorable para los insectos que causan da\u00f1o a los cultivos produciendo un efecto de inapetencia ya que los insectos se encuentran incomodos para desarrollarse. Debido a los vapores que desprende, realiza una eficaz acci\u00f3n.  Cultivos: En todos los cultivos Dosis: 2 - 3 cc \/ Litro  Producto autorizado en agricultura ecol\u00f3gica por el CAAE\" \/>\n<meta property=\"og:url\" content=\"https:\/\/mcazorla.com\/es\/producte\/ripel\/\" \/>\n<meta property=\"og:site_name\" content=\"M. Cazorla\" \/>\n<meta property=\"article:modified_time\" content=\"2022-02-20T10:52:08+00:00\" \/>\n<meta property=\"og:image\" content=\"https:\/\/mcazorla.com\/wp-content\/uploads\/2022\/01\/img-productes-ripel.jpg\" \/>\n\t<meta property=\"og:image:width\" content=\"500\" \/>\n\t<meta property=\"og:image:height\" content=\"386\" \/>\n\t<meta property=\"og:image:type\" content=\"image\/jpeg\" \/>\n<meta name=\"twitter:card\" content=\"summary_large_image\" \/>\n<script type=\"application\/ld+json\" class=\"yoast-schema-graph\">{\"@context\":\"https:\\\/\\\/schema.org\",\"@graph\":[{\"@type\":\"WebPage\",\"@id\":\"https:\\\/\\\/mcazorla.com\\\/es\\\/producte\\\/ripel\\\/\",\"url\":\"https:\\\/\\\/mcazorla.com\\\/es\\\/producte\\\/ripel\\\/\",\"name\":\"Ripel - M. Cazorla\",\"isPartOf\":{\"@id\":\"https:\\\/\\\/mcazorla.com\\\/#website\"},\"primaryImageOfPage\":{\"@id\":\"https:\\\/\\\/mcazorla.com\\\/es\\\/producte\\\/ripel\\\/#primaryimage\"},\"image\":{\"@id\":\"https:\\\/\\\/mcazorla.com\\\/es\\\/producte\\\/ripel\\\/#primaryimage\"},\"thumbnailUrl\":\"https:\\\/\\\/mcazorla.com\\\/wp-content\\\/uploads\\\/2022\\\/01\\\/img-productes-ripel.jpg\",\"datePublished\":\"2022-01-10T15:31:52+00:00\",\"dateModified\":\"2022-02-20T10:52:08+00:00\",\"breadcrumb\":{\"@id\":\"https:\\\/\\\/mcazorla.com\\\/es\\\/producte\\\/ripel\\\/#breadcrumb\"},\"inLanguage\":\"es\",\"potentialAction\":[{\"@type\":\"ReadAction\",\"target\":[\"https:\\\/\\\/mcazorla.com\\\/es\\\/producte\\\/ripel\\\/\"]}]},{\"@type\":\"ImageObject\",\"inLanguage\":\"es\",\"@id\":\"https:\\\/\\\/mcazorla.com\\\/es\\\/producte\\\/ripel\\\/#primaryimage\",\"url\":\"https:\\\/\\\/mcazorla.com\\\/wp-content\\\/uploads\\\/2022\\\/01\\\/img-productes-ripel.jpg\",\"contentUrl\":\"https:\\\/\\\/mcazorla.com\\\/wp-content\\\/uploads\\\/2022\\\/01\\\/img-productes-ripel.jpg\",\"width\":500,\"height\":386},{\"@type\":\"BreadcrumbList\",\"@id\":\"https:\\\/\\\/mcazorla.com\\\/es\\\/producte\\\/ripel\\\/#breadcrumb\",\"itemListElement\":[{\"@type\":\"ListItem\",\"position\":1,\"name\":\"Portada\",\"item\":\"https:\\\/\\\/mcazorla.com\\\/es\\\/\"},{\"@type\":\"ListItem\",\"position\":2,\"name\":\"Productes\",\"item\":\"https:\\\/\\\/mcazorla.com\\\/productes\\\/\"},{\"@type\":\"ListItem\",\"position\":3,\"name\":\"Ripel\"}]},{\"@type\":\"WebSite\",\"@id\":\"https:\\\/\\\/mcazorla.com\\\/#website\",\"url\":\"https:\\\/\\\/mcazorla.com\\\/\",\"name\":\"M. Cazorla\",\"description\":\"Comercialitzaci\u00f3 de llavors, fertilizants, adobs ,fitosanitaris i cereals.\",\"potentialAction\":[{\"@type\":\"SearchAction\",\"target\":{\"@type\":\"EntryPoint\",\"urlTemplate\":\"https:\\\/\\\/mcazorla.com\\\/?s={search_term_string}\"},\"query-input\":{\"@type\":\"PropertyValueSpecification\",\"valueRequired\":true,\"valueName\":\"search_term_string\"}}],\"inLanguage\":\"es\"}]}<\/script>\n<!-- \/ Yoast SEO plugin. -->","yoast_head_json":{"title":"Ripel - M. Cazorla","robots":{"index":"index","follow":"follow","max-snippet":"max-snippet:-1","max-image-preview":"max-image-preview:large","max-video-preview":"max-video-preview:-1"},"canonical":"https:\/\/mcazorla.com\/es\/producte\/ripel\/","og_locale":"es_ES","og_type":"article","og_title":"Ripel - M. Cazorla","og_description":"Informaci\u00f3n seg\u00fan el fabricante:  Tiene un efecto protector contra conejos, jabal\u00edes y otros animales. La acci\u00f3n es por contacto aunque tambi\u00e9n tiene una acci\u00f3n sist\u00e9mica y translaminar. Cuando es aplicado crea un ambiente desfavorable para los insectos que causan da\u00f1o a los cultivos produciendo un efecto de inapetencia ya que los insectos se encuentran incomodos para desarrollarse. Debido a los vapores que desprende, realiza una eficaz acci\u00f3n.  Cultivos: En todos los cultivos Dosis: 2 - 3 cc \/ Litro  Producto autorizado en agricultura ecol\u00f3gica por el CAAE","og_url":"https:\/\/mcazorla.com\/es\/producte\/ripel\/","og_site_name":"M. Cazorla","article_modified_time":"2022-02-20T10:52:08+00:00","og_image":[{"width":500,"height":386,"url":"https:\/\/mcazorla.com\/wp-content\/uploads\/2022\/01\/img-productes-ripel.jpg","type":"image\/jpeg"}],"twitter_card":"summary_large_image","schema":{"@context":"https:\/\/schema.org","@graph":[{"@type":"WebPage","@id":"https:\/\/mcazorla.com\/es\/producte\/ripel\/","url":"https:\/\/mcazorla.com\/es\/producte\/ripel\/","name":"Ripel - M. Cazorla","isPartOf":{"@id":"https:\/\/mcazorla.com\/#website"},"primaryImageOfPage":{"@id":"https:\/\/mcazorla.com\/es\/producte\/ripel\/#primaryimage"},"image":{"@id":"https:\/\/mcazorla.com\/es\/producte\/ripel\/#primaryimage"},"thumbnailUrl":"https:\/\/mcazorla.com\/wp-content\/uploads\/2022\/01\/img-productes-ripel.jpg","datePublished":"2022-01-10T15:31:52+00:00","dateModified":"2022-02-20T10:52:08+00:00","breadcrumb":{"@id":"https:\/\/mcazorla.com\/es\/producte\/ripel\/#breadcrumb"},"inLanguage":"es","potentialAction":[{"@type":"ReadAction","target":["https:\/\/mcazorla.com\/es\/producte\/ripel\/"]}]},{"@type":"ImageObject","inLanguage":"es","@id":"https:\/\/mcazorla.com\/es\/producte\/ripel\/#primaryimage","url":"https:\/\/mcazorla.com\/wp-content\/uploads\/2022\/01\/img-productes-ripel.jpg","contentUrl":"https:\/\/mcazorla.com\/wp-content\/uploads\/2022\/01\/img-productes-ripel.jpg","width":500,"height":386},{"@type":"BreadcrumbList","@id":"https:\/\/mcazorla.com\/es\/producte\/ripel\/#breadcrumb","itemListElement":[{"@type":"ListItem","position":1,"name":"Portada","item":"https:\/\/mcazorla.com\/es\/"},{"@type":"ListItem","position":2,"name":"Productes","item":"https:\/\/mcazorla.com\/productes\/"},{"@type":"ListItem","position":3,"name":"Ripel"}]},{"@type":"WebSite","@id":"https:\/\/mcazorla.com\/#website","url":"https:\/\/mcazorla.com\/","name":"M. Cazorla","description":"Comercialitzaci\u00f3 de llavors, fertilizants, adobs ,fitosanitaris i cereals.","potentialAction":[{"@type":"SearchAction","target":{"@type":"EntryPoint","urlTemplate":"https:\/\/mcazorla.com\/?s={search_term_string}"},"query-input":{"@type":"PropertyValueSpecification","valueRequired":true,"valueName":"search_term_string"}}],"inLanguage":"es"}]}},"_links":{"self":[{"href":"https:\/\/mcazorla.com\/es\/wp-json\/wp\/v2\/product\/3756","targetHints":{"allow":["GET"]}}],"collection":[{"href":"https:\/\/mcazorla.com\/es\/wp-json\/wp\/v2\/product"}],"about":[{"href":"https:\/\/mcazorla.com\/es\/wp-json\/wp\/v2\/types\/product"}],"wp:featuredmedia":[{"embeddable":true,"href":"https:\/\/mcazorla.com\/es\/wp-json\/wp\/v2\/media\/2966"}],"wp:attachment":[{"href":"https:\/\/mcazorla.com\/es\/wp-json\/wp\/v2\/media?parent=3756"}],"wp:term":[{"taxonomy":"product_brand","embeddable":true,"href":"https:\/\/mcazorla.com\/es\/wp-json\/wp\/v2\/product_brand?post=3756"},{"taxonomy":"product_cat","embeddable":true,"href":"https:\/\/mcazorla.com\/es\/wp-json\/wp\/v2\/product_cat?post=3756"},{"taxonomy":"product_tag","embeddable":true,"href":"https:\/\/mcazorla.com\/es\/wp-json\/wp\/v2\/product_tag?post=3756"}],"curies":[{"name":"wp","href":"https:\/\/api.w.org\/{rel}","templated":true}]}}