{"id":3760,"date":"2022-01-10T15:10:49","date_gmt":"2022-01-10T15:10:49","guid":{"rendered":"https:\/\/mcazorla.com\/producto\/invelop-white-protect\/"},"modified":"2022-02-20T10:58:38","modified_gmt":"2022-02-20T10:58:38","slug":"invelop-white-protect","status":"publish","type":"product","link":"https:\/\/mcazorla.com\/es\/producte\/invelop-white-protect\/","title":{"rendered":"Invelop white protect"},"content":{"rendered":"","protected":false},"excerpt":{"rendered":"<p>Barrera f\u00edsica mineral 100% natural<\/p>\n<p>Es un producto a base de Talco E55b especialmente desarrollado y formulado para aplicaciones foliares en agricultura.<\/p>\n<p>inversi\u00f3n White Protect proporciona doble protecci\u00f3n y ayuda a luchar contra:<\/p>\n<p>*Estr\u00e9s abi\u00f3tico relacionado con el efecto de las quemaduras solares (escaldaduras, quemaduras solares) en arboricultura.<br \/>\n*Estr\u00e9s bi\u00f3tico relacionado con ataques de hongos (arboricultura y vid) y ataques de plagas en arboricultura.<\/p>\n<p><strong>Usos y dosis como barrera f\u00edsica y quemaduras solares:<\/strong><\/p>\n<p>50 Kg\/Ha desde la etapa de sensibilidad de la fruta<br \/>\n50 Kg\/Ha a las 3-4 semanas despu\u00e9s<\/p>\n<p>Renovaci\u00f3n a 25 Kg\/Ha seg\u00fan condiciones clim\u00e1ticas y fecha de cosecha.<\/p>\n<p><strong>Usos y dosis como fungicida y repelente de insectos:<\/strong><\/p>\n<p><strong>Como repelente de insectos:<\/strong> Sobre mosca del olivo, trips del melocotonero y ps\u00edlido del peral a raz\u00f3n de 25 Kg\/Ha en la primera aplicaci\u00f3n y 20 Kg\/Ha las siguientes.<br \/>\n<strong>Como fungifugo:<\/strong> Sobre sarna en arbo a 15 Kg\/Ha y Sobre o\u00eddio en vid a 15 Kg\/Ha (2 a 5 veces a modular seg\u00fan la presi\u00f3n).<\/p>\n<p><strong>Volumen m\u00ednimo de pulverizaci\u00f3n:<\/strong><\/p>\n<p>600 L\/Ha en arboricultura y 150 L\/Ha en vi\u00f1a<\/p>\n","protected":false},"featured_media":2963,"template":"","meta":[],"product_brand":[],"product_cat":[112,122],"product_tag":[],"class_list":{"0":"post-3760","1":"product","2":"type-product","3":"status-publish","4":"has-post-thumbnail","6":"product_cat-productos-ecologicos","7":"product_cat-protection-solaire-es","9":"first","10":"instock","11":"shipping-taxable","12":"product-type-simple"},"yoast_head":"<!-- This site is optimized with the Yoast SEO plugin v27.3 - https:\/\/yoast.com\/product\/yoast-seo-wordpress\/ -->\n<title>Invelop white protect - M. Cazorla<\/title>\n<meta name=\"robots\" content=\"index, follow, max-snippet:-1, max-image-preview:large, max-video-preview:-1\" \/>\n<link rel=\"canonical\" href=\"https:\/\/mcazorla.com\/es\/producte\/invelop-white-protect\/\" \/>\n<meta property=\"og:locale\" content=\"es_ES\" \/>\n<meta property=\"og:type\" content=\"article\" \/>\n<meta property=\"og:title\" content=\"Invelop white protect - M. Cazorla\" \/>\n<meta property=\"og:description\" content=\"Barrera f\u00edsica mineral 100% natural  Es un producto a base de Talco E55b especialmente desarrollado y formulado para aplicaciones foliares en agricultura.  inversi\u00f3n White Protect proporciona doble protecci\u00f3n y ayuda a luchar contra:  *Estr\u00e9s abi\u00f3tico relacionado con el efecto de las quemaduras solares (escaldaduras, quemaduras solares) en arboricultura. *Estr\u00e9s bi\u00f3tico relacionado con ataques de hongos (arboricultura y vid) y ataques de plagas en arboricultura.  Usos y dosis como barrera f\u00edsica y quemaduras solares:  50 Kg\/Ha desde la etapa de sensibilidad de la fruta 50 Kg\/Ha a las 3-4 semanas despu\u00e9s  Renovaci\u00f3n a 25 Kg\/Ha seg\u00fan condiciones clim\u00e1ticas y fecha de cosecha.  Usos y dosis como fungicida y repelente de insectos:  Como repelente de insectos: Sobre mosca del olivo, trips del melocotonero y ps\u00edlido del peral a raz\u00f3n de 25 Kg\/Ha en la primera aplicaci\u00f3n y 20 Kg\/Ha las siguientes. Como fungifugo: Sobre sarna en arbo a 15 Kg\/Ha y Sobre o\u00eddio en vid a 15 Kg\/Ha (2 a 5 veces a modular seg\u00fan la presi\u00f3n).  Volumen m\u00ednimo de pulverizaci\u00f3n:  600 L\/Ha en arboricultura y 150 L\/Ha en vi\u00f1a\" \/>\n<meta property=\"og:url\" content=\"https:\/\/mcazorla.com\/es\/producte\/invelop-white-protect\/\" \/>\n<meta property=\"og:site_name\" content=\"M. Cazorla\" \/>\n<meta property=\"article:modified_time\" content=\"2022-02-20T10:58:38+00:00\" \/>\n<meta property=\"og:image\" content=\"https:\/\/mcazorla.com\/wp-content\/uploads\/2022\/01\/img-productes-invelop-white.jpg\" \/>\n\t<meta property=\"og:image:width\" content=\"500\" \/>\n\t<meta property=\"og:image:height\" content=\"386\" \/>\n\t<meta property=\"og:image:type\" content=\"image\/jpeg\" \/>\n<meta name=\"twitter:card\" content=\"summary_large_image\" \/>\n<script type=\"application\/ld+json\" class=\"yoast-schema-graph\">{\"@context\":\"https:\\\/\\\/schema.org\",\"@graph\":[{\"@type\":\"WebPage\",\"@id\":\"https:\\\/\\\/mcazorla.com\\\/es\\\/producte\\\/invelop-white-protect\\\/\",\"url\":\"https:\\\/\\\/mcazorla.com\\\/es\\\/producte\\\/invelop-white-protect\\\/\",\"name\":\"Invelop white protect - M. Cazorla\",\"isPartOf\":{\"@id\":\"https:\\\/\\\/mcazorla.com\\\/#website\"},\"primaryImageOfPage\":{\"@id\":\"https:\\\/\\\/mcazorla.com\\\/es\\\/producte\\\/invelop-white-protect\\\/#primaryimage\"},\"image\":{\"@id\":\"https:\\\/\\\/mcazorla.com\\\/es\\\/producte\\\/invelop-white-protect\\\/#primaryimage\"},\"thumbnailUrl\":\"https:\\\/\\\/mcazorla.com\\\/wp-content\\\/uploads\\\/2022\\\/01\\\/img-productes-invelop-white.jpg\",\"datePublished\":\"2022-01-10T15:10:49+00:00\",\"dateModified\":\"2022-02-20T10:58:38+00:00\",\"breadcrumb\":{\"@id\":\"https:\\\/\\\/mcazorla.com\\\/es\\\/producte\\\/invelop-white-protect\\\/#breadcrumb\"},\"inLanguage\":\"es\",\"potentialAction\":[{\"@type\":\"ReadAction\",\"target\":[\"https:\\\/\\\/mcazorla.com\\\/es\\\/producte\\\/invelop-white-protect\\\/\"]}]},{\"@type\":\"ImageObject\",\"inLanguage\":\"es\",\"@id\":\"https:\\\/\\\/mcazorla.com\\\/es\\\/producte\\\/invelop-white-protect\\\/#primaryimage\",\"url\":\"https:\\\/\\\/mcazorla.com\\\/wp-content\\\/uploads\\\/2022\\\/01\\\/img-productes-invelop-white.jpg\",\"contentUrl\":\"https:\\\/\\\/mcazorla.com\\\/wp-content\\\/uploads\\\/2022\\\/01\\\/img-productes-invelop-white.jpg\",\"width\":500,\"height\":386},{\"@type\":\"BreadcrumbList\",\"@id\":\"https:\\\/\\\/mcazorla.com\\\/es\\\/producte\\\/invelop-white-protect\\\/#breadcrumb\",\"itemListElement\":[{\"@type\":\"ListItem\",\"position\":1,\"name\":\"Portada\",\"item\":\"https:\\\/\\\/mcazorla.com\\\/es\\\/\"},{\"@type\":\"ListItem\",\"position\":2,\"name\":\"Productes\",\"item\":\"https:\\\/\\\/mcazorla.com\\\/productes\\\/\"},{\"@type\":\"ListItem\",\"position\":3,\"name\":\"Invelop white protect\"}]},{\"@type\":\"WebSite\",\"@id\":\"https:\\\/\\\/mcazorla.com\\\/#website\",\"url\":\"https:\\\/\\\/mcazorla.com\\\/\",\"name\":\"M. Cazorla\",\"description\":\"Comercialitzaci\u00f3 de llavors, fertilizants, adobs ,fitosanitaris i cereals.\",\"potentialAction\":[{\"@type\":\"SearchAction\",\"target\":{\"@type\":\"EntryPoint\",\"urlTemplate\":\"https:\\\/\\\/mcazorla.com\\\/?s={search_term_string}\"},\"query-input\":{\"@type\":\"PropertyValueSpecification\",\"valueRequired\":true,\"valueName\":\"search_term_string\"}}],\"inLanguage\":\"es\"}]}<\/script>\n<!-- \/ Yoast SEO plugin. -->","yoast_head_json":{"title":"Invelop white protect - M. Cazorla","robots":{"index":"index","follow":"follow","max-snippet":"max-snippet:-1","max-image-preview":"max-image-preview:large","max-video-preview":"max-video-preview:-1"},"canonical":"https:\/\/mcazorla.com\/es\/producte\/invelop-white-protect\/","og_locale":"es_ES","og_type":"article","og_title":"Invelop white protect - M. Cazorla","og_description":"Barrera f\u00edsica mineral 100% natural  Es un producto a base de Talco E55b especialmente desarrollado y formulado para aplicaciones foliares en agricultura.  inversi\u00f3n White Protect proporciona doble protecci\u00f3n y ayuda a luchar contra:  *Estr\u00e9s abi\u00f3tico relacionado con el efecto de las quemaduras solares (escaldaduras, quemaduras solares) en arboricultura. *Estr\u00e9s bi\u00f3tico relacionado con ataques de hongos (arboricultura y vid) y ataques de plagas en arboricultura.  Usos y dosis como barrera f\u00edsica y quemaduras solares:  50 Kg\/Ha desde la etapa de sensibilidad de la fruta 50 Kg\/Ha a las 3-4 semanas despu\u00e9s  Renovaci\u00f3n a 25 Kg\/Ha seg\u00fan condiciones clim\u00e1ticas y fecha de cosecha.  Usos y dosis como fungicida y repelente de insectos:  Como repelente de insectos: Sobre mosca del olivo, trips del melocotonero y ps\u00edlido del peral a raz\u00f3n de 25 Kg\/Ha en la primera aplicaci\u00f3n y 20 Kg\/Ha las siguientes. Como fungifugo: Sobre sarna en arbo a 15 Kg\/Ha y Sobre o\u00eddio en vid a 15 Kg\/Ha (2 a 5 veces a modular seg\u00fan la presi\u00f3n).  Volumen m\u00ednimo de pulverizaci\u00f3n:  600 L\/Ha en arboricultura y 150 L\/Ha en vi\u00f1a","og_url":"https:\/\/mcazorla.com\/es\/producte\/invelop-white-protect\/","og_site_name":"M. Cazorla","article_modified_time":"2022-02-20T10:58:38+00:00","og_image":[{"width":500,"height":386,"url":"https:\/\/mcazorla.com\/wp-content\/uploads\/2022\/01\/img-productes-invelop-white.jpg","type":"image\/jpeg"}],"twitter_card":"summary_large_image","schema":{"@context":"https:\/\/schema.org","@graph":[{"@type":"WebPage","@id":"https:\/\/mcazorla.com\/es\/producte\/invelop-white-protect\/","url":"https:\/\/mcazorla.com\/es\/producte\/invelop-white-protect\/","name":"Invelop white protect - M. Cazorla","isPartOf":{"@id":"https:\/\/mcazorla.com\/#website"},"primaryImageOfPage":{"@id":"https:\/\/mcazorla.com\/es\/producte\/invelop-white-protect\/#primaryimage"},"image":{"@id":"https:\/\/mcazorla.com\/es\/producte\/invelop-white-protect\/#primaryimage"},"thumbnailUrl":"https:\/\/mcazorla.com\/wp-content\/uploads\/2022\/01\/img-productes-invelop-white.jpg","datePublished":"2022-01-10T15:10:49+00:00","dateModified":"2022-02-20T10:58:38+00:00","breadcrumb":{"@id":"https:\/\/mcazorla.com\/es\/producte\/invelop-white-protect\/#breadcrumb"},"inLanguage":"es","potentialAction":[{"@type":"ReadAction","target":["https:\/\/mcazorla.com\/es\/producte\/invelop-white-protect\/"]}]},{"@type":"ImageObject","inLanguage":"es","@id":"https:\/\/mcazorla.com\/es\/producte\/invelop-white-protect\/#primaryimage","url":"https:\/\/mcazorla.com\/wp-content\/uploads\/2022\/01\/img-productes-invelop-white.jpg","contentUrl":"https:\/\/mcazorla.com\/wp-content\/uploads\/2022\/01\/img-productes-invelop-white.jpg","width":500,"height":386},{"@type":"BreadcrumbList","@id":"https:\/\/mcazorla.com\/es\/producte\/invelop-white-protect\/#breadcrumb","itemListElement":[{"@type":"ListItem","position":1,"name":"Portada","item":"https:\/\/mcazorla.com\/es\/"},{"@type":"ListItem","position":2,"name":"Productes","item":"https:\/\/mcazorla.com\/productes\/"},{"@type":"ListItem","position":3,"name":"Invelop white protect"}]},{"@type":"WebSite","@id":"https:\/\/mcazorla.com\/#website","url":"https:\/\/mcazorla.com\/","name":"M. Cazorla","description":"Comercialitzaci\u00f3 de llavors, fertilizants, adobs ,fitosanitaris i cereals.","potentialAction":[{"@type":"SearchAction","target":{"@type":"EntryPoint","urlTemplate":"https:\/\/mcazorla.com\/?s={search_term_string}"},"query-input":{"@type":"PropertyValueSpecification","valueRequired":true,"valueName":"search_term_string"}}],"inLanguage":"es"}]}},"_links":{"self":[{"href":"https:\/\/mcazorla.com\/es\/wp-json\/wp\/v2\/product\/3760","targetHints":{"allow":["GET"]}}],"collection":[{"href":"https:\/\/mcazorla.com\/es\/wp-json\/wp\/v2\/product"}],"about":[{"href":"https:\/\/mcazorla.com\/es\/wp-json\/wp\/v2\/types\/product"}],"wp:featuredmedia":[{"embeddable":true,"href":"https:\/\/mcazorla.com\/es\/wp-json\/wp\/v2\/media\/2963"}],"wp:attachment":[{"href":"https:\/\/mcazorla.com\/es\/wp-json\/wp\/v2\/media?parent=3760"}],"wp:term":[{"taxonomy":"product_brand","embeddable":true,"href":"https:\/\/mcazorla.com\/es\/wp-json\/wp\/v2\/product_brand?post=3760"},{"taxonomy":"product_cat","embeddable":true,"href":"https:\/\/mcazorla.com\/es\/wp-json\/wp\/v2\/product_cat?post=3760"},{"taxonomy":"product_tag","embeddable":true,"href":"https:\/\/mcazorla.com\/es\/wp-json\/wp\/v2\/product_tag?post=3760"}],"curies":[{"name":"wp","href":"https:\/\/api.w.org\/{rel}","templated":true}]}}