{"id":3783,"date":"2022-01-10T14:43:19","date_gmt":"2022-01-10T14:43:19","guid":{"rendered":"https:\/\/mcazorla.com\/producto\/belthirul\/"},"modified":"2022-02-20T11:39:03","modified_gmt":"2022-02-20T11:39:03","slug":"belthirul","status":"publish","type":"product","link":"https:\/\/mcazorla.com\/es\/producte\/belthirul\/","title":{"rendered":"Belthirul"},"content":{"rendered":"<p><strong>DOSIS<\/strong>\u00a0:<\/p>\n<table border=\"1\" cellspacing=\"0\" cellpadding=\"0\">\n<tbody>\n<tr>\n<td valign=\"top\" width=\"57\"><strong>Dosis<\/strong><\/td>\n<td valign=\"top\" width=\"76\">\n<p align=\"center\"><strong>Unidad<\/strong><\/p>\n<\/td>\n<td valign=\"top\" width=\"512\"><strong>\u00a0\u00a0\u00a0\u00a0\u00a0\u00a0\u00a0\u00a0\u00a0\u00a0\u00a0\u00a0\u00a0\u00a0\u00a0\u00a0\u00a0\u00a0\u00a0\u00a0\u00a0\u00a0\u00a0 \u00das<\/strong><\/td>\n<\/tr>\n<tr>\n<td valign=\"top\" width=\"57\">\n<p align=\"center\">0.600<\/p>\n<\/td>\n<td valign=\"top\" width=\"76\">\n<p align=\"center\">KG \/ HA<\/p>\n<\/td>\n<td valign=\"top\" width=\"512\">\u00a0\u00a0 ALCACHOFA &#8211;&gt; ORUGA<\/td>\n<\/tr>\n<tr>\n<td valign=\"top\" width=\"57\">\n<p align=\"center\">0.750<\/p>\n<\/td>\n<td valign=\"top\" width=\"76\">\n<p align=\"center\">KG \/ HA<\/p>\n<\/td>\n<td valign=\"top\" width=\"512\">\u00a0\u00a0 COL &#8211;&gt;\u00a0PAPALLONA DE LA COL<\/td>\n<\/tr>\n<tr>\n<td valign=\"top\" width=\"57\">\n<p align=\"center\">0.750<\/p>\n<\/td>\n<td valign=\"top\" width=\"76\">\n<p align=\"center\">KG \/ HA<\/p>\n<\/td>\n<td valign=\"top\" width=\"512\">\u00a0 HABICHUELA &#8211;&gt; PIRALIS DEL MAIZ<\/td>\n<\/tr>\n<tr>\n<td valign=\"top\" width=\"57\">\n<p align=\"center\">0.050<\/p>\n<\/td>\n<td valign=\"top\" width=\"76\">\n<p align=\"center\">KG \/ HL<\/p>\n<\/td>\n<td valign=\"top\" width=\"512\">\u00a0 OLIVERA &#8211;&gt; MOSCA DEL OLIVO<\/td>\n<\/tr>\n<tr>\n<td valign=\"top\" width=\"57\">\n<p align=\"center\">0.100<\/p>\n<\/td>\n<td valign=\"top\" width=\"76\">\n<p align=\"center\">KG \/ HL<\/p>\n<\/td>\n<td valign=\"top\" width=\"512\">\u00a0 PERER- CODONYER &#8211; NASHI &#8211;&gt; CARPOCAPSA DE LA POMA I LA\u00a0PERA<\/td>\n<\/tr>\n<tr>\n<td valign=\"top\" width=\"57\">\n<p align=\"center\">0.075<\/p>\n<\/td>\n<td valign=\"top\" width=\"76\">\n<p align=\"center\">KG \/ HL<\/p>\n<\/td>\n<td valign=\"top\" width=\"512\">\u00a0 PERER &#8211; CODONYER &#8211; NASHI &#8211;&gt;\u00a0ERUGA\u00a0 ARCHIPS-PODANA<\/td>\n<\/tr>\n<tr>\n<td valign=\"top\" width=\"57\">\n<p align=\"center\">0.075<\/p>\n<\/td>\n<td valign=\"top\" width=\"76\">\n<p align=\"center\">KG \/ HL<\/p>\n<\/td>\n<td valign=\"top\" width=\"512\">\u00a0 PERAL &#8211; MEMBRILLERO &#8211; NASHI &#8211;&gt; ORUGA CAPUA\u00a0Y\/O\u00a0PANDEMIS<\/td>\n<\/tr>\n<tr>\n<td valign=\"top\" width=\"57\">\n<p align=\"center\">0.100<\/p>\n<\/td>\n<td valign=\"top\" width=\"76\">\n<p align=\"center\">KG \/ HL<\/p>\n<\/td>\n<td valign=\"top\" width=\"512\">\u00a0 MANZANO &#8211;&gt; CARPOCAPSA DEL MANZANO Y DEL PERAL<\/td>\n<\/tr>\n<tr>\n<td valign=\"top\" width=\"57\">\n<p align=\"center\">0.075<\/p>\n<\/td>\n<td valign=\"top\" width=\"76\">\n<p align=\"center\">KG \/ HL<\/p>\n<\/td>\n<td valign=\"top\" width=\"512\">\u00a0 MANZANO &#8211;&gt; ORUGA DE LA C\u00c1SCARA &#8211; CAPUA ET\/OU PANDEMIS<\/td>\n<\/tr>\n<tr>\n<td valign=\"top\" width=\"57\">\n<p align=\"center\">0.075<\/p>\n<\/td>\n<td valign=\"top\" width=\"76\">\n<p align=\"center\">KG \/ HL<\/p>\n<\/td>\n<td valign=\"top\" width=\"512\">\u00a0 MANZANO &#8211;&gt; ORUGA DE LA C\u00c1SCARA \u2013 PODANA<\/td>\n<\/tr>\n<tr>\n<td valign=\"top\" width=\"57\">\n<p align=\"center\">0.750<\/p>\n<\/td>\n<td valign=\"top\" width=\"76\">\n<p align=\"center\">KG \/ HA<\/p>\n<\/td>\n<td valign=\"top\" width=\"512\">\u00a0 ARROZ &#8211;&gt; PIRALIS<\/td>\n<\/tr>\n<tr>\n<td valign=\"top\" width=\"57\">\n<p align=\"center\">0.750<\/p>\n<\/td>\n<td valign=\"top\" width=\"76\">\n<p align=\"center\">KG \/ HA<\/p>\n<\/td>\n<td valign=\"top\" width=\"512\">\u00a0 TOMATE &#8211;&gt; ORUGAS DEFOLIANTS DE HOJAS Y FRUTOS<\/td>\n<\/tr>\n<tr>\n<td valign=\"top\" width=\"57\">\n<p align=\"center\">0.750<\/p>\n<\/td>\n<td valign=\"top\" width=\"76\">\n<p align=\"center\">KG \/ HA<\/p>\n<\/td>\n<td valign=\"top\" width=\"512\">\u00a0 TRATAMIENTOS GENERALES &#8211;&gt; ORUGAS<\/td>\n<\/tr>\n<tr>\n<td valign=\"top\" width=\"57\">\n<p align=\"center\">0.750<\/p>\n<\/td>\n<td valign=\"top\" width=\"76\">\n<p align=\"center\">KG \/ HA<\/p>\n<\/td>\n<td valign=\"top\" width=\"512\">\u00a0 VI\u00d1A &#8211;&gt; ORUGA (COCHYLIS ET\/OU EUDEMIS)<\/td>\n<\/tr>\n<\/tbody>\n<\/table>\n","protected":false},"excerpt":{"rendered":"<p>Composici\u00f3n: Bacillus Thurigiensis sp Kurstaki per 32.000.000 Ul\/ g en forma de polvo mojable (WP)<\/p>\n<p>Producto insecticida multicultura contra orugas perforadoras y defoliantes. El Bacillus Thurigiensis se encuentra profusamente en la naturaleza (agua, suelo,vegetaci\u00f3n). La variedad Kurstaki, si es ingerida por una oruga, provoca una parada inmediata de la nutrici\u00f3n y la acci\u00f3n de sus toxinas, activadas dentro del sistema digestivo, provocando la muerte de la larva. La acci\u00f3n del Bacillus Thurigiensis Kurstaki es espec\u00edfico para lepid\u00f3pteros fit\u00f3fagos y contribuye al respeto del resto de componentes del entorno.<\/p>\n<p>Producto utilizable en agricultura ecol\u00f3gica conforme al Reglamento (CE) n\u00ba 834\/2007 de la Agricultura Ecol\u00f3gica<\/p>\n","protected":false},"featured_media":2942,"template":"","meta":[],"product_brand":[],"product_cat":[121,112],"product_tag":[],"class_list":{"0":"post-3783","1":"product","2":"type-product","3":"status-publish","4":"has-post-thumbnail","6":"product_cat-insecticidas-ecologicos","7":"product_cat-productos-ecologicos","9":"first","10":"instock","11":"shipping-taxable","12":"product-type-simple"},"yoast_head":"<!-- This site is optimized with the Yoast SEO plugin v27.4 - https:\/\/yoast.com\/product\/yoast-seo-wordpress\/ -->\n<title>Belthirul - M. Cazorla<\/title>\n<meta name=\"robots\" content=\"index, follow, max-snippet:-1, max-image-preview:large, max-video-preview:-1\" \/>\n<link rel=\"canonical\" href=\"https:\/\/mcazorla.com\/es\/producte\/belthirul\/\" \/>\n<meta property=\"og:locale\" content=\"es_ES\" \/>\n<meta property=\"og:type\" content=\"article\" \/>\n<meta property=\"og:title\" content=\"Belthirul - M. Cazorla\" \/>\n<meta property=\"og:description\" content=\"Composici\u00f3n: Bacillus Thurigiensis sp Kurstaki per 32.000.000 Ul\/ g en forma de polvo mojable (WP)  Producto insecticida multicultura contra orugas perforadoras y defoliantes. El Bacillus Thurigiensis se encuentra profusamente en la naturaleza (agua, suelo,vegetaci\u00f3n). La variedad Kurstaki, si es ingerida por una oruga, provoca una parada inmediata de la nutrici\u00f3n y la acci\u00f3n de sus toxinas, activadas dentro del sistema digestivo, provocando la muerte de la larva. La acci\u00f3n del Bacillus Thurigiensis Kurstaki es espec\u00edfico para lepid\u00f3pteros fit\u00f3fagos y contribuye al respeto del resto de componentes del entorno.  Producto utilizable en agricultura ecol\u00f3gica conforme al Reglamento (CE) n\u00ba 834\/2007 de la Agricultura Ecol\u00f3gica\" \/>\n<meta property=\"og:url\" content=\"https:\/\/mcazorla.com\/es\/producte\/belthirul\/\" \/>\n<meta property=\"og:site_name\" content=\"M. Cazorla\" \/>\n<meta property=\"article:modified_time\" content=\"2022-02-20T11:39:03+00:00\" \/>\n<meta property=\"og:image\" content=\"https:\/\/mcazorla.com\/wp-content\/uploads\/2022\/01\/img-productes-belthirul.jpg\" \/>\n\t<meta property=\"og:image:width\" content=\"500\" \/>\n\t<meta property=\"og:image:height\" content=\"386\" \/>\n\t<meta property=\"og:image:type\" content=\"image\/jpeg\" \/>\n<meta name=\"twitter:card\" content=\"summary_large_image\" \/>\n<meta name=\"twitter:label1\" content=\"Tiempo de lectura\" \/>\n\t<meta name=\"twitter:data1\" content=\"1 minuto\" \/>\n<script type=\"application\/ld+json\" class=\"yoast-schema-graph\">{\"@context\":\"https:\\\/\\\/schema.org\",\"@graph\":[{\"@type\":\"WebPage\",\"@id\":\"https:\\\/\\\/mcazorla.com\\\/es\\\/producte\\\/belthirul\\\/\",\"url\":\"https:\\\/\\\/mcazorla.com\\\/es\\\/producte\\\/belthirul\\\/\",\"name\":\"Belthirul - M. Cazorla\",\"isPartOf\":{\"@id\":\"https:\\\/\\\/mcazorla.com\\\/#website\"},\"primaryImageOfPage\":{\"@id\":\"https:\\\/\\\/mcazorla.com\\\/es\\\/producte\\\/belthirul\\\/#primaryimage\"},\"image\":{\"@id\":\"https:\\\/\\\/mcazorla.com\\\/es\\\/producte\\\/belthirul\\\/#primaryimage\"},\"thumbnailUrl\":\"https:\\\/\\\/mcazorla.com\\\/wp-content\\\/uploads\\\/2022\\\/01\\\/img-productes-belthirul.jpg\",\"datePublished\":\"2022-01-10T14:43:19+00:00\",\"dateModified\":\"2022-02-20T11:39:03+00:00\",\"breadcrumb\":{\"@id\":\"https:\\\/\\\/mcazorla.com\\\/es\\\/producte\\\/belthirul\\\/#breadcrumb\"},\"inLanguage\":\"es\",\"potentialAction\":[{\"@type\":\"ReadAction\",\"target\":[\"https:\\\/\\\/mcazorla.com\\\/es\\\/producte\\\/belthirul\\\/\"]}]},{\"@type\":\"ImageObject\",\"inLanguage\":\"es\",\"@id\":\"https:\\\/\\\/mcazorla.com\\\/es\\\/producte\\\/belthirul\\\/#primaryimage\",\"url\":\"https:\\\/\\\/mcazorla.com\\\/wp-content\\\/uploads\\\/2022\\\/01\\\/img-productes-belthirul.jpg\",\"contentUrl\":\"https:\\\/\\\/mcazorla.com\\\/wp-content\\\/uploads\\\/2022\\\/01\\\/img-productes-belthirul.jpg\",\"width\":500,\"height\":386},{\"@type\":\"BreadcrumbList\",\"@id\":\"https:\\\/\\\/mcazorla.com\\\/es\\\/producte\\\/belthirul\\\/#breadcrumb\",\"itemListElement\":[{\"@type\":\"ListItem\",\"position\":1,\"name\":\"Portada\",\"item\":\"https:\\\/\\\/mcazorla.com\\\/es\\\/\"},{\"@type\":\"ListItem\",\"position\":2,\"name\":\"Productes\",\"item\":\"https:\\\/\\\/mcazorla.com\\\/productes\\\/\"},{\"@type\":\"ListItem\",\"position\":3,\"name\":\"Belthirul\"}]},{\"@type\":\"WebSite\",\"@id\":\"https:\\\/\\\/mcazorla.com\\\/#website\",\"url\":\"https:\\\/\\\/mcazorla.com\\\/\",\"name\":\"M. Cazorla\",\"description\":\"Comercialitzaci\u00f3 de llavors, fertilizants, adobs ,fitosanitaris i cereals.\",\"potentialAction\":[{\"@type\":\"SearchAction\",\"target\":{\"@type\":\"EntryPoint\",\"urlTemplate\":\"https:\\\/\\\/mcazorla.com\\\/?s={search_term_string}\"},\"query-input\":{\"@type\":\"PropertyValueSpecification\",\"valueRequired\":true,\"valueName\":\"search_term_string\"}}],\"inLanguage\":\"es\"}]}<\/script>\n<!-- \/ Yoast SEO plugin. -->","yoast_head_json":{"title":"Belthirul - M. Cazorla","robots":{"index":"index","follow":"follow","max-snippet":"max-snippet:-1","max-image-preview":"max-image-preview:large","max-video-preview":"max-video-preview:-1"},"canonical":"https:\/\/mcazorla.com\/es\/producte\/belthirul\/","og_locale":"es_ES","og_type":"article","og_title":"Belthirul - M. Cazorla","og_description":"Composici\u00f3n: Bacillus Thurigiensis sp Kurstaki per 32.000.000 Ul\/ g en forma de polvo mojable (WP)  Producto insecticida multicultura contra orugas perforadoras y defoliantes. El Bacillus Thurigiensis se encuentra profusamente en la naturaleza (agua, suelo,vegetaci\u00f3n). La variedad Kurstaki, si es ingerida por una oruga, provoca una parada inmediata de la nutrici\u00f3n y la acci\u00f3n de sus toxinas, activadas dentro del sistema digestivo, provocando la muerte de la larva. La acci\u00f3n del Bacillus Thurigiensis Kurstaki es espec\u00edfico para lepid\u00f3pteros fit\u00f3fagos y contribuye al respeto del resto de componentes del entorno.  Producto utilizable en agricultura ecol\u00f3gica conforme al Reglamento (CE) n\u00ba 834\/2007 de la Agricultura Ecol\u00f3gica","og_url":"https:\/\/mcazorla.com\/es\/producte\/belthirul\/","og_site_name":"M. Cazorla","article_modified_time":"2022-02-20T11:39:03+00:00","og_image":[{"width":500,"height":386,"url":"https:\/\/mcazorla.com\/wp-content\/uploads\/2022\/01\/img-productes-belthirul.jpg","type":"image\/jpeg"}],"twitter_card":"summary_large_image","twitter_misc":{"Tiempo de lectura":"1 minuto"},"schema":{"@context":"https:\/\/schema.org","@graph":[{"@type":"WebPage","@id":"https:\/\/mcazorla.com\/es\/producte\/belthirul\/","url":"https:\/\/mcazorla.com\/es\/producte\/belthirul\/","name":"Belthirul - M. Cazorla","isPartOf":{"@id":"https:\/\/mcazorla.com\/#website"},"primaryImageOfPage":{"@id":"https:\/\/mcazorla.com\/es\/producte\/belthirul\/#primaryimage"},"image":{"@id":"https:\/\/mcazorla.com\/es\/producte\/belthirul\/#primaryimage"},"thumbnailUrl":"https:\/\/mcazorla.com\/wp-content\/uploads\/2022\/01\/img-productes-belthirul.jpg","datePublished":"2022-01-10T14:43:19+00:00","dateModified":"2022-02-20T11:39:03+00:00","breadcrumb":{"@id":"https:\/\/mcazorla.com\/es\/producte\/belthirul\/#breadcrumb"},"inLanguage":"es","potentialAction":[{"@type":"ReadAction","target":["https:\/\/mcazorla.com\/es\/producte\/belthirul\/"]}]},{"@type":"ImageObject","inLanguage":"es","@id":"https:\/\/mcazorla.com\/es\/producte\/belthirul\/#primaryimage","url":"https:\/\/mcazorla.com\/wp-content\/uploads\/2022\/01\/img-productes-belthirul.jpg","contentUrl":"https:\/\/mcazorla.com\/wp-content\/uploads\/2022\/01\/img-productes-belthirul.jpg","width":500,"height":386},{"@type":"BreadcrumbList","@id":"https:\/\/mcazorla.com\/es\/producte\/belthirul\/#breadcrumb","itemListElement":[{"@type":"ListItem","position":1,"name":"Portada","item":"https:\/\/mcazorla.com\/es\/"},{"@type":"ListItem","position":2,"name":"Productes","item":"https:\/\/mcazorla.com\/productes\/"},{"@type":"ListItem","position":3,"name":"Belthirul"}]},{"@type":"WebSite","@id":"https:\/\/mcazorla.com\/#website","url":"https:\/\/mcazorla.com\/","name":"M. Cazorla","description":"Comercialitzaci\u00f3 de llavors, fertilizants, adobs ,fitosanitaris i cereals.","potentialAction":[{"@type":"SearchAction","target":{"@type":"EntryPoint","urlTemplate":"https:\/\/mcazorla.com\/?s={search_term_string}"},"query-input":{"@type":"PropertyValueSpecification","valueRequired":true,"valueName":"search_term_string"}}],"inLanguage":"es"}]}},"_links":{"self":[{"href":"https:\/\/mcazorla.com\/es\/wp-json\/wp\/v2\/product\/3783","targetHints":{"allow":["GET"]}}],"collection":[{"href":"https:\/\/mcazorla.com\/es\/wp-json\/wp\/v2\/product"}],"about":[{"href":"https:\/\/mcazorla.com\/es\/wp-json\/wp\/v2\/types\/product"}],"wp:featuredmedia":[{"embeddable":true,"href":"https:\/\/mcazorla.com\/es\/wp-json\/wp\/v2\/media\/2942"}],"wp:attachment":[{"href":"https:\/\/mcazorla.com\/es\/wp-json\/wp\/v2\/media?parent=3783"}],"wp:term":[{"taxonomy":"product_brand","embeddable":true,"href":"https:\/\/mcazorla.com\/es\/wp-json\/wp\/v2\/product_brand?post=3783"},{"taxonomy":"product_cat","embeddable":true,"href":"https:\/\/mcazorla.com\/es\/wp-json\/wp\/v2\/product_cat?post=3783"},{"taxonomy":"product_tag","embeddable":true,"href":"https:\/\/mcazorla.com\/es\/wp-json\/wp\/v2\/product_tag?post=3783"}],"curies":[{"name":"wp","href":"https:\/\/api.w.org\/{rel}","templated":true}]}}