{"id":3867,"date":"2021-12-28T16:00:26","date_gmt":"2021-12-28T16:00:26","guid":{"rendered":"https:\/\/mcazorla.com\/producto\/umostart-perfect\/"},"modified":"2021-12-28T16:00:26","modified_gmt":"2021-12-28T16:00:26","slug":"umostart-perfect","status":"publish","type":"product","link":"https:\/\/mcazorla.com\/es\/producte\/umostart-perfect\/","title":{"rendered":"Umostart perfect"},"content":{"rendered":"","protected":false},"excerpt":{"rendered":"<p class=\"product_title\"><strong>COMPOSICI\u00d3N : NITR\u00d3GENO TOTAL (N) 11% ( ORG\u00c1NICO 0.80% + AMONIACAL 10.20% )<\/strong><\/p>\n<p><strong>\u00a0\u00a0\u00a0\u00a0\u00a0\u00a0\u00a0\u00a0\u00a0\u00a0\u00a0\u00a0\u00a0\u00a0\u00a0\u00a0\u00a0\u00a0\u00a0\u00a0 \u00a0+ Pent\u00f3xido de F\u00f3sforo\u00a0(P2O5)\u00a049%<\/strong><\/p>\n<p><strong>\u00a0\u00a0\u00a0\u00a0\u00a0\u00a0\u00a0\u00a0\u00a0\u00a0\u00a0\u00a0\u00a0\u00a0\u00a0\u00a0\u00a0\u00a0\u00a0\u00a0\u00a0 + Amino\u00e1cidos 2%<\/strong><\/p>\n<p><strong>\u00a0\u00a0\u00a0\u00a0\u00a0\u00a0\u00a0\u00a0\u00a0\u00a0\u00a0\u00a0\u00a0\u00a0\u00a0\u00a0\u00a0\u00a0\u00a0\u00a0\u00a0 + Micronutrientes : Hierro 0.60% + Manganeso 0.11 % + Zinc 1.00%<\/strong><\/p>\n<p>Abono mineral microgranulado NP dise\u00f1ado para su aplicaci\u00f3n en la l\u00ednea de sembrado. Gracias al equilibrio de\u00a0F\u00f3sforo y Nitr\u00f3geno\u00a0y a la aportaci\u00f3n de microelementos, el sistema radicular se ve favorecido y reforzado, lo que supone una mejor implantaci\u00f3n del cultivo y un correcto ahijado, debido a la absorci\u00f3n del F\u00f3sforo en los momentos iniciales y al efecto\u00a0estimulante del amoniaco en la proximidad de las ra\u00edces. Adem\u00e1s, est\u00e1 dotado de un equilibrado contenido de micronutrientes y amino\u00e1cidos.<\/p>\n<p>DOSIS:<\/p>\n<table border=\"1\" cellspacing=\"0\" cellpadding=\"0\">\n<tbody>\n<tr>\n<td valign=\"top\" width=\"334\">\n<p align=\"center\"><strong>CULTIVO<\/strong><\/p>\n<\/td>\n<td valign=\"top\" width=\"142\">\n<p align=\"center\"><strong>DOSIS<\/strong><\/p>\n<\/td>\n<\/tr>\n<tr>\n<td valign=\"top\" width=\"334\">\n<p align=\"center\">Ma\u00edz, \u00a0 girasol, soja, arroz y sorgo<\/p>\n<\/td>\n<td valign=\"top\" width=\"142\">\n<p align=\"center\">15 \u2013 60\u00a0 Kg \/Ha<\/p>\n<\/td>\n<\/tr>\n<tr>\n<td valign=\"top\" width=\"334\">\n<p align=\"center\">Patata, remolacha<\/p>\n<\/td>\n<td valign=\"top\" width=\"142\">\n<p align=\"center\">30 \u2013 50 Kg\/ Ha<\/p>\n<\/td>\n<\/tr>\n<tr>\n<td valign=\"top\" width=\"334\">\n<p align=\"center\">Cereales, colza, tomates conserva y huerta<\/p>\n<\/td>\n<td valign=\"top\" width=\"142\">\n<p align=\"center\">30 \u00a0 \u2013 60\u00a0 Kg\/ Ha<\/p>\n<\/td>\n<\/tr>\n<tr>\n<td valign=\"top\" width=\"334\">\n<p align=\"center\">Cultivos \u00a0 de vivero<\/p>\n<\/td>\n<td valign=\"top\" width=\"142\">\n<p align=\"center\">40 \u00a0 \u2013 80 Kg\/ Ha<\/p>\n<\/td>\n<\/tr>\n<tr>\n<td valign=\"top\" width=\"334\">\n<p align=\"center\">Vinya<\/p>\n<\/td>\n<td valign=\"top\" width=\"142\">\n<p align=\"center\">5 \u00a0 \u2013 15 g\/ planta<\/p>\n<\/td>\n<\/tr>\n<tr>\n<td valign=\"top\" width=\"334\">\n<p align=\"center\">Olivos \u00a0 y \u00e1rboles frutales<\/p>\n<\/td>\n<td valign=\"top\" width=\"142\">\n<p align=\"center\">20 \u00a0 \u2013 50 g\/planta<\/p>\n<\/td>\n<\/tr>\n<tr>\n<td valign=\"top\" width=\"334\">\n<p align=\"center\">Substratos<\/p>\n<\/td>\n<td valign=\"top\" width=\"142\">\n<p align=\"center\">30 \u00a0 g\/m\u00b2 &#8211; 350 g\/m\u00b3<\/p>\n<div><\/div>\n<\/td>\n<\/tr>\n<\/tbody>\n<\/table>\n","protected":false},"featured_media":2873,"template":"","meta":[],"product_brand":[],"product_cat":[87,86],"product_tag":[],"class_list":{"0":"post-3867","1":"product","2":"type-product","3":"status-publish","4":"has-post-thumbnail","6":"product_cat-abono-starter","7":"product_cat-abonos","9":"first","10":"instock","11":"shipping-taxable","12":"product-type-simple"},"yoast_head":"<!-- This site is optimized with the Yoast SEO plugin v27.4 - https:\/\/yoast.com\/product\/yoast-seo-wordpress\/ -->\n<title>Umostart perfect - M. Cazorla<\/title>\n<meta name=\"robots\" content=\"index, follow, max-snippet:-1, max-image-preview:large, max-video-preview:-1\" \/>\n<link rel=\"canonical\" href=\"https:\/\/mcazorla.com\/es\/producte\/umostart-perfect\/\" \/>\n<meta property=\"og:locale\" content=\"es_ES\" \/>\n<meta property=\"og:type\" content=\"article\" \/>\n<meta property=\"og:title\" content=\"Umostart perfect - M. Cazorla\" \/>\n<meta property=\"og:description\" content=\"COMPOSICI\u00d3N : NITR\u00d3GENO TOTAL (N) 11% ( ORG\u00c1NICO 0.80% + AMONIACAL 10.20% ) \u00a0\u00a0\u00a0\u00a0\u00a0\u00a0\u00a0\u00a0\u00a0\u00a0\u00a0\u00a0\u00a0\u00a0\u00a0\u00a0\u00a0\u00a0\u00a0\u00a0 \u00a0+ Pent\u00f3xido de F\u00f3sforo\u00a0(P2O5)\u00a049%  \u00a0\u00a0\u00a0\u00a0\u00a0\u00a0\u00a0\u00a0\u00a0\u00a0\u00a0\u00a0\u00a0\u00a0\u00a0\u00a0\u00a0\u00a0\u00a0\u00a0\u00a0 + Amino\u00e1cidos 2%  \u00a0\u00a0\u00a0\u00a0\u00a0\u00a0\u00a0\u00a0\u00a0\u00a0\u00a0\u00a0\u00a0\u00a0\u00a0\u00a0\u00a0\u00a0\u00a0\u00a0\u00a0 + Micronutrientes : Hierro 0.60% + Manganeso 0.11 % + Zinc 1.00%  Abono mineral microgranulado NP dise\u00f1ado para su aplicaci\u00f3n en la l\u00ednea de sembrado. Gracias al equilibrio de\u00a0F\u00f3sforo y Nitr\u00f3geno\u00a0y a la aportaci\u00f3n de microelementos, el sistema radicular se ve favorecido y reforzado, lo que supone una mejor implantaci\u00f3n del cultivo y un correcto ahijado, debido a la absorci\u00f3n del F\u00f3sforo en los momentos iniciales y al efecto\u00a0estimulante del amoniaco en la proximidad de las ra\u00edces. Adem\u00e1s, est\u00e1 dotado de un equilibrado contenido de micronutrientes y amino\u00e1cidos.  DOSIS:     CULTIVO   DOSIS     Ma\u00edz, \u00a0 girasol, soja, arroz y sorgo   15 \u2013 60\u00a0 Kg \/Ha     Patata, remolacha   30 \u2013 50 Kg\/ Ha     Cereales, colza, tomates conserva y huerta   30 \u00a0 \u2013 60\u00a0 Kg\/ Ha     Cultivos \u00a0 de vivero   40 \u00a0 \u2013 80 Kg\/ Ha     Vinya   5 \u00a0 \u2013 15 g\/ planta     Olivos \u00a0 y \u00e1rboles frutales   20 \u00a0 \u2013 50 g\/planta     Substratos   30 \u00a0 g\/m\u00b2 - 350 g\/m\u00b3\" \/>\n<meta property=\"og:url\" content=\"https:\/\/mcazorla.com\/es\/producte\/umostart-perfect\/\" \/>\n<meta property=\"og:site_name\" content=\"M. Cazorla\" \/>\n<meta property=\"og:image\" content=\"https:\/\/mcazorla.com\/wp-content\/uploads\/2021\/12\/img-productes-umostard-perfect.jpg\" \/>\n\t<meta property=\"og:image:width\" content=\"500\" \/>\n\t<meta property=\"og:image:height\" content=\"500\" \/>\n\t<meta property=\"og:image:type\" content=\"image\/jpeg\" \/>\n<meta name=\"twitter:card\" content=\"summary_large_image\" \/>\n<script type=\"application\/ld+json\" class=\"yoast-schema-graph\">{\"@context\":\"https:\\\/\\\/schema.org\",\"@graph\":[{\"@type\":\"WebPage\",\"@id\":\"https:\\\/\\\/mcazorla.com\\\/es\\\/producte\\\/umostart-perfect\\\/\",\"url\":\"https:\\\/\\\/mcazorla.com\\\/es\\\/producte\\\/umostart-perfect\\\/\",\"name\":\"Umostart perfect - M. Cazorla\",\"isPartOf\":{\"@id\":\"https:\\\/\\\/mcazorla.com\\\/#website\"},\"primaryImageOfPage\":{\"@id\":\"https:\\\/\\\/mcazorla.com\\\/es\\\/producte\\\/umostart-perfect\\\/#primaryimage\"},\"image\":{\"@id\":\"https:\\\/\\\/mcazorla.com\\\/es\\\/producte\\\/umostart-perfect\\\/#primaryimage\"},\"thumbnailUrl\":\"https:\\\/\\\/mcazorla.com\\\/wp-content\\\/uploads\\\/2021\\\/12\\\/img-productes-umostard-perfect.jpg\",\"datePublished\":\"2021-12-28T16:00:26+00:00\",\"breadcrumb\":{\"@id\":\"https:\\\/\\\/mcazorla.com\\\/es\\\/producte\\\/umostart-perfect\\\/#breadcrumb\"},\"inLanguage\":\"es\",\"potentialAction\":[{\"@type\":\"ReadAction\",\"target\":[\"https:\\\/\\\/mcazorla.com\\\/es\\\/producte\\\/umostart-perfect\\\/\"]}]},{\"@type\":\"ImageObject\",\"inLanguage\":\"es\",\"@id\":\"https:\\\/\\\/mcazorla.com\\\/es\\\/producte\\\/umostart-perfect\\\/#primaryimage\",\"url\":\"https:\\\/\\\/mcazorla.com\\\/wp-content\\\/uploads\\\/2021\\\/12\\\/img-productes-umostard-perfect.jpg\",\"contentUrl\":\"https:\\\/\\\/mcazorla.com\\\/wp-content\\\/uploads\\\/2021\\\/12\\\/img-productes-umostard-perfect.jpg\",\"width\":500,\"height\":500},{\"@type\":\"BreadcrumbList\",\"@id\":\"https:\\\/\\\/mcazorla.com\\\/es\\\/producte\\\/umostart-perfect\\\/#breadcrumb\",\"itemListElement\":[{\"@type\":\"ListItem\",\"position\":1,\"name\":\"Portada\",\"item\":\"https:\\\/\\\/mcazorla.com\\\/es\\\/\"},{\"@type\":\"ListItem\",\"position\":2,\"name\":\"Productes\",\"item\":\"https:\\\/\\\/mcazorla.com\\\/productes\\\/\"},{\"@type\":\"ListItem\",\"position\":3,\"name\":\"Umostart perfect\"}]},{\"@type\":\"WebSite\",\"@id\":\"https:\\\/\\\/mcazorla.com\\\/#website\",\"url\":\"https:\\\/\\\/mcazorla.com\\\/\",\"name\":\"M. Cazorla\",\"description\":\"Comercialitzaci\u00f3 de llavors, fertilizants, adobs ,fitosanitaris i cereals.\",\"potentialAction\":[{\"@type\":\"SearchAction\",\"target\":{\"@type\":\"EntryPoint\",\"urlTemplate\":\"https:\\\/\\\/mcazorla.com\\\/?s={search_term_string}\"},\"query-input\":{\"@type\":\"PropertyValueSpecification\",\"valueRequired\":true,\"valueName\":\"search_term_string\"}}],\"inLanguage\":\"es\"}]}<\/script>\n<!-- \/ Yoast SEO plugin. -->","yoast_head_json":{"title":"Umostart perfect - M. Cazorla","robots":{"index":"index","follow":"follow","max-snippet":"max-snippet:-1","max-image-preview":"max-image-preview:large","max-video-preview":"max-video-preview:-1"},"canonical":"https:\/\/mcazorla.com\/es\/producte\/umostart-perfect\/","og_locale":"es_ES","og_type":"article","og_title":"Umostart perfect - M. Cazorla","og_description":"COMPOSICI\u00d3N : NITR\u00d3GENO TOTAL (N) 11% ( ORG\u00c1NICO 0.80% + AMONIACAL 10.20% ) \u00a0\u00a0\u00a0\u00a0\u00a0\u00a0\u00a0\u00a0\u00a0\u00a0\u00a0\u00a0\u00a0\u00a0\u00a0\u00a0\u00a0\u00a0\u00a0\u00a0 \u00a0+ Pent\u00f3xido de F\u00f3sforo\u00a0(P2O5)\u00a049%  \u00a0\u00a0\u00a0\u00a0\u00a0\u00a0\u00a0\u00a0\u00a0\u00a0\u00a0\u00a0\u00a0\u00a0\u00a0\u00a0\u00a0\u00a0\u00a0\u00a0\u00a0 + Amino\u00e1cidos 2%  \u00a0\u00a0\u00a0\u00a0\u00a0\u00a0\u00a0\u00a0\u00a0\u00a0\u00a0\u00a0\u00a0\u00a0\u00a0\u00a0\u00a0\u00a0\u00a0\u00a0\u00a0 + Micronutrientes : Hierro 0.60% + Manganeso 0.11 % + Zinc 1.00%  Abono mineral microgranulado NP dise\u00f1ado para su aplicaci\u00f3n en la l\u00ednea de sembrado. Gracias al equilibrio de\u00a0F\u00f3sforo y Nitr\u00f3geno\u00a0y a la aportaci\u00f3n de microelementos, el sistema radicular se ve favorecido y reforzado, lo que supone una mejor implantaci\u00f3n del cultivo y un correcto ahijado, debido a la absorci\u00f3n del F\u00f3sforo en los momentos iniciales y al efecto\u00a0estimulante del amoniaco en la proximidad de las ra\u00edces. Adem\u00e1s, est\u00e1 dotado de un equilibrado contenido de micronutrientes y amino\u00e1cidos.  DOSIS:     CULTIVO   DOSIS     Ma\u00edz, \u00a0 girasol, soja, arroz y sorgo   15 \u2013 60\u00a0 Kg \/Ha     Patata, remolacha   30 \u2013 50 Kg\/ Ha     Cereales, colza, tomates conserva y huerta   30 \u00a0 \u2013 60\u00a0 Kg\/ Ha     Cultivos \u00a0 de vivero   40 \u00a0 \u2013 80 Kg\/ Ha     Vinya   5 \u00a0 \u2013 15 g\/ planta     Olivos \u00a0 y \u00e1rboles frutales   20 \u00a0 \u2013 50 g\/planta     Substratos   30 \u00a0 g\/m\u00b2 - 350 g\/m\u00b3","og_url":"https:\/\/mcazorla.com\/es\/producte\/umostart-perfect\/","og_site_name":"M. Cazorla","og_image":[{"width":500,"height":500,"url":"https:\/\/mcazorla.com\/wp-content\/uploads\/2021\/12\/img-productes-umostard-perfect.jpg","type":"image\/jpeg"}],"twitter_card":"summary_large_image","schema":{"@context":"https:\/\/schema.org","@graph":[{"@type":"WebPage","@id":"https:\/\/mcazorla.com\/es\/producte\/umostart-perfect\/","url":"https:\/\/mcazorla.com\/es\/producte\/umostart-perfect\/","name":"Umostart perfect - M. Cazorla","isPartOf":{"@id":"https:\/\/mcazorla.com\/#website"},"primaryImageOfPage":{"@id":"https:\/\/mcazorla.com\/es\/producte\/umostart-perfect\/#primaryimage"},"image":{"@id":"https:\/\/mcazorla.com\/es\/producte\/umostart-perfect\/#primaryimage"},"thumbnailUrl":"https:\/\/mcazorla.com\/wp-content\/uploads\/2021\/12\/img-productes-umostard-perfect.jpg","datePublished":"2021-12-28T16:00:26+00:00","breadcrumb":{"@id":"https:\/\/mcazorla.com\/es\/producte\/umostart-perfect\/#breadcrumb"},"inLanguage":"es","potentialAction":[{"@type":"ReadAction","target":["https:\/\/mcazorla.com\/es\/producte\/umostart-perfect\/"]}]},{"@type":"ImageObject","inLanguage":"es","@id":"https:\/\/mcazorla.com\/es\/producte\/umostart-perfect\/#primaryimage","url":"https:\/\/mcazorla.com\/wp-content\/uploads\/2021\/12\/img-productes-umostard-perfect.jpg","contentUrl":"https:\/\/mcazorla.com\/wp-content\/uploads\/2021\/12\/img-productes-umostard-perfect.jpg","width":500,"height":500},{"@type":"BreadcrumbList","@id":"https:\/\/mcazorla.com\/es\/producte\/umostart-perfect\/#breadcrumb","itemListElement":[{"@type":"ListItem","position":1,"name":"Portada","item":"https:\/\/mcazorla.com\/es\/"},{"@type":"ListItem","position":2,"name":"Productes","item":"https:\/\/mcazorla.com\/productes\/"},{"@type":"ListItem","position":3,"name":"Umostart perfect"}]},{"@type":"WebSite","@id":"https:\/\/mcazorla.com\/#website","url":"https:\/\/mcazorla.com\/","name":"M. Cazorla","description":"Comercialitzaci\u00f3 de llavors, fertilizants, adobs ,fitosanitaris i cereals.","potentialAction":[{"@type":"SearchAction","target":{"@type":"EntryPoint","urlTemplate":"https:\/\/mcazorla.com\/?s={search_term_string}"},"query-input":{"@type":"PropertyValueSpecification","valueRequired":true,"valueName":"search_term_string"}}],"inLanguage":"es"}]}},"_links":{"self":[{"href":"https:\/\/mcazorla.com\/es\/wp-json\/wp\/v2\/product\/3867","targetHints":{"allow":["GET"]}}],"collection":[{"href":"https:\/\/mcazorla.com\/es\/wp-json\/wp\/v2\/product"}],"about":[{"href":"https:\/\/mcazorla.com\/es\/wp-json\/wp\/v2\/types\/product"}],"wp:featuredmedia":[{"embeddable":true,"href":"https:\/\/mcazorla.com\/es\/wp-json\/wp\/v2\/media\/2873"}],"wp:attachment":[{"href":"https:\/\/mcazorla.com\/es\/wp-json\/wp\/v2\/media?parent=3867"}],"wp:term":[{"taxonomy":"product_brand","embeddable":true,"href":"https:\/\/mcazorla.com\/es\/wp-json\/wp\/v2\/product_brand?post=3867"},{"taxonomy":"product_cat","embeddable":true,"href":"https:\/\/mcazorla.com\/es\/wp-json\/wp\/v2\/product_cat?post=3867"},{"taxonomy":"product_tag","embeddable":true,"href":"https:\/\/mcazorla.com\/es\/wp-json\/wp\/v2\/product_tag?post=3867"}],"curies":[{"name":"wp","href":"https:\/\/api.w.org\/{rel}","templated":true}]}}