{"id":3899,"date":"2021-12-28T15:30:35","date_gmt":"2021-12-28T15:30:35","guid":{"rendered":"https:\/\/mcazorla.com\/producto\/queiron-20-20-20\/"},"modified":"2022-02-22T13:35:39","modified_gmt":"2022-02-22T13:35:39","slug":"queiron-20-20-20","status":"publish","type":"product","link":"https:\/\/mcazorla.com\/es\/producte\/queiron-20-20-20\/","title":{"rendered":"Queiron 20-20-20"},"content":{"rendered":"<p>Riquezas garantizadas:<\/p>\n<ul>\n<li>Nitr\u00f3geno total: 20% p\/p.<\/li>\n<li>Anh\u00eddrido fosf\u00f3rico (P2O5): 20% p\/p (soluble en citrato amoniacal neutro y agua).<\/li>\n<li>\u00d3xido de Potasio (K2O): 20% p\/p (Soluble en agua).<\/li>\n<li>Boro (B): 0.02% p\/p<\/li>\n<li>Cobre (Cu): 0.05% p\/p<\/li>\n<li>Zinc (Zn): 0.05% p\/p<\/li>\n<li>Hierro (Fe): 0.05% p\/p<\/li>\n<li>Manganeso (Mn): 0.05% p\/p<\/li>\n<li>Molibdeno (Mo): 0.0025% p\/p<\/li>\n<\/ul>\n","protected":false},"excerpt":{"rendered":"<p>Abono foliar aconsejado en c\u00edtricos, vi\u00f1a, \u00e1rboles frutales, hort\u00edcolas, ornamentales e industriales, especialmente en periodos de crecimiento para prevenir carencias en general y aumentar el rendimiento de las cosechas. Altamente asimilable por la planta, con una gama completa de microelementos, reforz\u00e1ndola en el momento adecuado cuando el transporte de abono es m\u00e1s lento. Se puede mezclar con la mayor\u00eda de tratamientos fitosanitarios durante todo el ciclo vegetativo. Reduce el pH de los caldos fitosanitarios, mejorando la eficacia de los productos utilizados.<\/p>\n<p>DOSIS:<\/p>\n<ul>\n<li>Pulverizaci\u00f3n de 250 a 300 gr \/HL<\/li>\n<\/ul>\n<p>OBSERVACIONES: En periodos de mayor necesidad, se aconseja realizar de 2 a 3 tratamientos con un intervalo de 15 a 20 d\u00edas. <\/p>\n","protected":false},"featured_media":2849,"template":"","meta":[],"product_brand":[],"product_cat":[86,93],"product_tag":[],"class_list":{"0":"post-3899","1":"product","2":"type-product","3":"status-publish","4":"has-post-thumbnail","6":"product_cat-abonos","7":"product_cat-abonos-wp-o-mg","9":"first","10":"instock","11":"shipping-taxable","12":"product-type-simple"},"yoast_head":"<!-- This site is optimized with the Yoast SEO plugin v27.4 - https:\/\/yoast.com\/product\/yoast-seo-wordpress\/ -->\n<title>Queiron 20-20-20 - M. Cazorla<\/title>\n<meta name=\"robots\" content=\"index, follow, max-snippet:-1, max-image-preview:large, max-video-preview:-1\" \/>\n<link rel=\"canonical\" href=\"https:\/\/mcazorla.com\/es\/producte\/queiron-20-20-20\/\" \/>\n<meta property=\"og:locale\" content=\"es_ES\" \/>\n<meta property=\"og:type\" content=\"article\" \/>\n<meta property=\"og:title\" content=\"Queiron 20-20-20 - M. Cazorla\" \/>\n<meta property=\"og:description\" content=\"Abono foliar aconsejado en c\u00edtricos, vi\u00f1a, \u00e1rboles frutales, hort\u00edcolas, ornamentales e industriales, especialmente en periodos de crecimiento para prevenir carencias en general y aumentar el rendimiento de las cosechas. Altamente asimilable por la planta, con una gama completa de microelementos, reforz\u00e1ndola en el momento adecuado cuando el transporte de abono es m\u00e1s lento. Se puede mezclar con la mayor\u00eda de tratamientos fitosanitarios durante todo el ciclo vegetativo. Reduce el pH de los caldos fitosanitarios, mejorando la eficacia de los productos utilizados.  DOSIS:   Pulverizaci\u00f3n de 250 a 300 gr \/HL  OBSERVACIONES: En periodos de mayor necesidad, se aconseja realizar de 2 a 3 tratamientos con un intervalo de 15 a 20 d\u00edas.\" \/>\n<meta property=\"og:url\" content=\"https:\/\/mcazorla.com\/es\/producte\/queiron-20-20-20\/\" \/>\n<meta property=\"og:site_name\" content=\"M. Cazorla\" \/>\n<meta property=\"article:modified_time\" content=\"2022-02-22T13:35:39+00:00\" \/>\n<meta property=\"og:image\" content=\"https:\/\/mcazorla.com\/wp-content\/uploads\/2021\/12\/img-productes-queiron-20-20-20.jpg\" \/>\n\t<meta property=\"og:image:width\" content=\"500\" \/>\n\t<meta property=\"og:image:height\" content=\"500\" \/>\n\t<meta property=\"og:image:type\" content=\"image\/jpeg\" \/>\n<meta name=\"twitter:card\" content=\"summary_large_image\" \/>\n<meta name=\"twitter:label1\" content=\"Tiempo de lectura\" \/>\n\t<meta name=\"twitter:data1\" content=\"1 minuto\" \/>\n<script type=\"application\/ld+json\" class=\"yoast-schema-graph\">{\"@context\":\"https:\\\/\\\/schema.org\",\"@graph\":[{\"@type\":\"WebPage\",\"@id\":\"https:\\\/\\\/mcazorla.com\\\/es\\\/producte\\\/queiron-20-20-20\\\/\",\"url\":\"https:\\\/\\\/mcazorla.com\\\/es\\\/producte\\\/queiron-20-20-20\\\/\",\"name\":\"Queiron 20-20-20 - M. Cazorla\",\"isPartOf\":{\"@id\":\"https:\\\/\\\/mcazorla.com\\\/#website\"},\"primaryImageOfPage\":{\"@id\":\"https:\\\/\\\/mcazorla.com\\\/es\\\/producte\\\/queiron-20-20-20\\\/#primaryimage\"},\"image\":{\"@id\":\"https:\\\/\\\/mcazorla.com\\\/es\\\/producte\\\/queiron-20-20-20\\\/#primaryimage\"},\"thumbnailUrl\":\"https:\\\/\\\/mcazorla.com\\\/wp-content\\\/uploads\\\/2021\\\/12\\\/img-productes-queiron-20-20-20.jpg\",\"datePublished\":\"2021-12-28T15:30:35+00:00\",\"dateModified\":\"2022-02-22T13:35:39+00:00\",\"breadcrumb\":{\"@id\":\"https:\\\/\\\/mcazorla.com\\\/es\\\/producte\\\/queiron-20-20-20\\\/#breadcrumb\"},\"inLanguage\":\"es\",\"potentialAction\":[{\"@type\":\"ReadAction\",\"target\":[\"https:\\\/\\\/mcazorla.com\\\/es\\\/producte\\\/queiron-20-20-20\\\/\"]}]},{\"@type\":\"ImageObject\",\"inLanguage\":\"es\",\"@id\":\"https:\\\/\\\/mcazorla.com\\\/es\\\/producte\\\/queiron-20-20-20\\\/#primaryimage\",\"url\":\"https:\\\/\\\/mcazorla.com\\\/wp-content\\\/uploads\\\/2021\\\/12\\\/img-productes-queiron-20-20-20.jpg\",\"contentUrl\":\"https:\\\/\\\/mcazorla.com\\\/wp-content\\\/uploads\\\/2021\\\/12\\\/img-productes-queiron-20-20-20.jpg\",\"width\":500,\"height\":500},{\"@type\":\"BreadcrumbList\",\"@id\":\"https:\\\/\\\/mcazorla.com\\\/es\\\/producte\\\/queiron-20-20-20\\\/#breadcrumb\",\"itemListElement\":[{\"@type\":\"ListItem\",\"position\":1,\"name\":\"Portada\",\"item\":\"https:\\\/\\\/mcazorla.com\\\/es\\\/\"},{\"@type\":\"ListItem\",\"position\":2,\"name\":\"Productes\",\"item\":\"https:\\\/\\\/mcazorla.com\\\/productes\\\/\"},{\"@type\":\"ListItem\",\"position\":3,\"name\":\"Queiron 20-20-20\"}]},{\"@type\":\"WebSite\",\"@id\":\"https:\\\/\\\/mcazorla.com\\\/#website\",\"url\":\"https:\\\/\\\/mcazorla.com\\\/\",\"name\":\"M. Cazorla\",\"description\":\"Comercialitzaci\u00f3 de llavors, fertilizants, adobs ,fitosanitaris i cereals.\",\"potentialAction\":[{\"@type\":\"SearchAction\",\"target\":{\"@type\":\"EntryPoint\",\"urlTemplate\":\"https:\\\/\\\/mcazorla.com\\\/?s={search_term_string}\"},\"query-input\":{\"@type\":\"PropertyValueSpecification\",\"valueRequired\":true,\"valueName\":\"search_term_string\"}}],\"inLanguage\":\"es\"}]}<\/script>\n<!-- \/ Yoast SEO plugin. -->","yoast_head_json":{"title":"Queiron 20-20-20 - M. Cazorla","robots":{"index":"index","follow":"follow","max-snippet":"max-snippet:-1","max-image-preview":"max-image-preview:large","max-video-preview":"max-video-preview:-1"},"canonical":"https:\/\/mcazorla.com\/es\/producte\/queiron-20-20-20\/","og_locale":"es_ES","og_type":"article","og_title":"Queiron 20-20-20 - M. Cazorla","og_description":"Abono foliar aconsejado en c\u00edtricos, vi\u00f1a, \u00e1rboles frutales, hort\u00edcolas, ornamentales e industriales, especialmente en periodos de crecimiento para prevenir carencias en general y aumentar el rendimiento de las cosechas. Altamente asimilable por la planta, con una gama completa de microelementos, reforz\u00e1ndola en el momento adecuado cuando el transporte de abono es m\u00e1s lento. Se puede mezclar con la mayor\u00eda de tratamientos fitosanitarios durante todo el ciclo vegetativo. Reduce el pH de los caldos fitosanitarios, mejorando la eficacia de los productos utilizados.  DOSIS:   Pulverizaci\u00f3n de 250 a 300 gr \/HL  OBSERVACIONES: En periodos de mayor necesidad, se aconseja realizar de 2 a 3 tratamientos con un intervalo de 15 a 20 d\u00edas.","og_url":"https:\/\/mcazorla.com\/es\/producte\/queiron-20-20-20\/","og_site_name":"M. Cazorla","article_modified_time":"2022-02-22T13:35:39+00:00","og_image":[{"width":500,"height":500,"url":"https:\/\/mcazorla.com\/wp-content\/uploads\/2021\/12\/img-productes-queiron-20-20-20.jpg","type":"image\/jpeg"}],"twitter_card":"summary_large_image","twitter_misc":{"Tiempo de lectura":"1 minuto"},"schema":{"@context":"https:\/\/schema.org","@graph":[{"@type":"WebPage","@id":"https:\/\/mcazorla.com\/es\/producte\/queiron-20-20-20\/","url":"https:\/\/mcazorla.com\/es\/producte\/queiron-20-20-20\/","name":"Queiron 20-20-20 - M. Cazorla","isPartOf":{"@id":"https:\/\/mcazorla.com\/#website"},"primaryImageOfPage":{"@id":"https:\/\/mcazorla.com\/es\/producte\/queiron-20-20-20\/#primaryimage"},"image":{"@id":"https:\/\/mcazorla.com\/es\/producte\/queiron-20-20-20\/#primaryimage"},"thumbnailUrl":"https:\/\/mcazorla.com\/wp-content\/uploads\/2021\/12\/img-productes-queiron-20-20-20.jpg","datePublished":"2021-12-28T15:30:35+00:00","dateModified":"2022-02-22T13:35:39+00:00","breadcrumb":{"@id":"https:\/\/mcazorla.com\/es\/producte\/queiron-20-20-20\/#breadcrumb"},"inLanguage":"es","potentialAction":[{"@type":"ReadAction","target":["https:\/\/mcazorla.com\/es\/producte\/queiron-20-20-20\/"]}]},{"@type":"ImageObject","inLanguage":"es","@id":"https:\/\/mcazorla.com\/es\/producte\/queiron-20-20-20\/#primaryimage","url":"https:\/\/mcazorla.com\/wp-content\/uploads\/2021\/12\/img-productes-queiron-20-20-20.jpg","contentUrl":"https:\/\/mcazorla.com\/wp-content\/uploads\/2021\/12\/img-productes-queiron-20-20-20.jpg","width":500,"height":500},{"@type":"BreadcrumbList","@id":"https:\/\/mcazorla.com\/es\/producte\/queiron-20-20-20\/#breadcrumb","itemListElement":[{"@type":"ListItem","position":1,"name":"Portada","item":"https:\/\/mcazorla.com\/es\/"},{"@type":"ListItem","position":2,"name":"Productes","item":"https:\/\/mcazorla.com\/productes\/"},{"@type":"ListItem","position":3,"name":"Queiron 20-20-20"}]},{"@type":"WebSite","@id":"https:\/\/mcazorla.com\/#website","url":"https:\/\/mcazorla.com\/","name":"M. Cazorla","description":"Comercialitzaci\u00f3 de llavors, fertilizants, adobs ,fitosanitaris i cereals.","potentialAction":[{"@type":"SearchAction","target":{"@type":"EntryPoint","urlTemplate":"https:\/\/mcazorla.com\/?s={search_term_string}"},"query-input":{"@type":"PropertyValueSpecification","valueRequired":true,"valueName":"search_term_string"}}],"inLanguage":"es"}]}},"_links":{"self":[{"href":"https:\/\/mcazorla.com\/es\/wp-json\/wp\/v2\/product\/3899","targetHints":{"allow":["GET"]}}],"collection":[{"href":"https:\/\/mcazorla.com\/es\/wp-json\/wp\/v2\/product"}],"about":[{"href":"https:\/\/mcazorla.com\/es\/wp-json\/wp\/v2\/types\/product"}],"wp:featuredmedia":[{"embeddable":true,"href":"https:\/\/mcazorla.com\/es\/wp-json\/wp\/v2\/media\/2849"}],"wp:attachment":[{"href":"https:\/\/mcazorla.com\/es\/wp-json\/wp\/v2\/media?parent=3899"}],"wp:term":[{"taxonomy":"product_brand","embeddable":true,"href":"https:\/\/mcazorla.com\/es\/wp-json\/wp\/v2\/product_brand?post=3899"},{"taxonomy":"product_cat","embeddable":true,"href":"https:\/\/mcazorla.com\/es\/wp-json\/wp\/v2\/product_cat?post=3899"},{"taxonomy":"product_tag","embeddable":true,"href":"https:\/\/mcazorla.com\/es\/wp-json\/wp\/v2\/product_tag?post=3899"}],"curies":[{"name":"wp","href":"https:\/\/api.w.org\/{rel}","templated":true}]}}