{"id":3914,"date":"2021-12-28T15:15:41","date_gmt":"2021-12-28T15:15:41","guid":{"rendered":"https:\/\/mcazorla.com\/producto\/queiron-10-7-9\/"},"modified":"2022-02-22T13:53:01","modified_gmt":"2022-02-22T13:53:01","slug":"queiron-10-7-9","status":"publish","type":"product","link":"https:\/\/mcazorla.com\/es\/producte\/queiron-10-7-9\/","title":{"rendered":"Queiron 10-7-9"},"content":{"rendered":"<p>Riquezas garantizadas:<\/p>\n<ul>\n<li>Nitr\u00f3geno total (N) ur\u00e9ico: 10% p\/p<\/li>\n<li>Anh\u00eddrido fosf\u00f3rico (P<sub>2<\/sub>O 5<sub><\/sub>): 7% p\/p (soluble en agua)<\/li>\n<li>\u00d3xido de potasio (K2O): 9% p\/p (soluble en agua)<\/li>\n<li>Boro (B): 0.02% p\/p<\/li>\n<li>Cocer (Cu): 0.05% p\/p<\/li>\n<li>Hierro (Fe): 0.05% p\/p<\/li>\n<li>Manganeso (Mn): 0.05% p\/p<\/li>\n<li>Molibdeno (Mo): 0.0025% p\/p<\/li>\n<li>Zinc (Zn): 0.05% p\/p<\/li>\n<\/ul>\n","protected":false},"excerpt":{"rendered":"<p>PROAN L es un abono recomendado en hort\u00edcolas, frutales, c\u00edtricos, vi\u00f1edos, cereales, etc. especialmente cuando se hace necesario su crecimiento. Es asimilado por las plantas a trav\u00e9s de la savia, reforz\u00e1ndola. Se puede mezclar con la mayor\u00eda de insecticidas y fungicidas, mejorando la producci\u00f3n y calidad. <\/p>\n<p>Se aplica de 300 cc a 600 cc \/HL en pulverizaci\u00f3n foliar. <\/p>\n","protected":false},"featured_media":2837,"template":"","meta":[],"product_brand":[],"product_cat":[86,90],"product_tag":[],"class_list":{"0":"post-3914","1":"product","2":"type-product","3":"status-publish","4":"has-post-thumbnail","6":"product_cat-abonos","7":"product_cat-abonos-liquidos","9":"first","10":"instock","11":"shipping-taxable","12":"product-type-simple"},"yoast_head":"<!-- This site is optimized with the Yoast SEO plugin v27.4 - https:\/\/yoast.com\/product\/yoast-seo-wordpress\/ -->\n<title>Queiron 10-7-9 - M. Cazorla<\/title>\n<meta name=\"robots\" content=\"index, follow, max-snippet:-1, max-image-preview:large, max-video-preview:-1\" \/>\n<link rel=\"canonical\" href=\"https:\/\/mcazorla.com\/es\/producte\/queiron-10-7-9\/\" \/>\n<meta property=\"og:locale\" content=\"es_ES\" \/>\n<meta property=\"og:type\" content=\"article\" \/>\n<meta property=\"og:title\" content=\"Queiron 10-7-9 - M. Cazorla\" \/>\n<meta property=\"og:description\" content=\"PROAN L es un abono recomendado en hort\u00edcolas, frutales, c\u00edtricos, vi\u00f1edos, cereales, etc. especialmente cuando se hace necesario su crecimiento. Es asimilado por las plantas a trav\u00e9s de la savia, reforz\u00e1ndola. Se puede mezclar con la mayor\u00eda de insecticidas y fungicidas, mejorando la producci\u00f3n y calidad.   Se aplica de 300 cc a 600 cc \/HL en pulverizaci\u00f3n foliar.\" \/>\n<meta property=\"og:url\" content=\"https:\/\/mcazorla.com\/es\/producte\/queiron-10-7-9\/\" \/>\n<meta property=\"og:site_name\" content=\"M. Cazorla\" \/>\n<meta property=\"article:modified_time\" content=\"2022-02-22T13:53:01+00:00\" \/>\n<meta property=\"og:image\" content=\"https:\/\/mcazorla.com\/wp-content\/uploads\/2021\/12\/img-productes-queiron-foliar.jpg\" \/>\n\t<meta property=\"og:image:width\" content=\"500\" \/>\n\t<meta property=\"og:image:height\" content=\"500\" \/>\n\t<meta property=\"og:image:type\" content=\"image\/jpeg\" \/>\n<meta name=\"twitter:card\" content=\"summary_large_image\" \/>\n<meta name=\"twitter:label1\" content=\"Tiempo de lectura\" \/>\n\t<meta name=\"twitter:data1\" content=\"1 minuto\" \/>\n<script type=\"application\/ld+json\" class=\"yoast-schema-graph\">{\"@context\":\"https:\\\/\\\/schema.org\",\"@graph\":[{\"@type\":\"WebPage\",\"@id\":\"https:\\\/\\\/mcazorla.com\\\/es\\\/producte\\\/queiron-10-7-9\\\/\",\"url\":\"https:\\\/\\\/mcazorla.com\\\/es\\\/producte\\\/queiron-10-7-9\\\/\",\"name\":\"Queiron 10-7-9 - M. Cazorla\",\"isPartOf\":{\"@id\":\"https:\\\/\\\/mcazorla.com\\\/#website\"},\"primaryImageOfPage\":{\"@id\":\"https:\\\/\\\/mcazorla.com\\\/es\\\/producte\\\/queiron-10-7-9\\\/#primaryimage\"},\"image\":{\"@id\":\"https:\\\/\\\/mcazorla.com\\\/es\\\/producte\\\/queiron-10-7-9\\\/#primaryimage\"},\"thumbnailUrl\":\"https:\\\/\\\/mcazorla.com\\\/wp-content\\\/uploads\\\/2021\\\/12\\\/img-productes-queiron-foliar.jpg\",\"datePublished\":\"2021-12-28T15:15:41+00:00\",\"dateModified\":\"2022-02-22T13:53:01+00:00\",\"breadcrumb\":{\"@id\":\"https:\\\/\\\/mcazorla.com\\\/es\\\/producte\\\/queiron-10-7-9\\\/#breadcrumb\"},\"inLanguage\":\"es\",\"potentialAction\":[{\"@type\":\"ReadAction\",\"target\":[\"https:\\\/\\\/mcazorla.com\\\/es\\\/producte\\\/queiron-10-7-9\\\/\"]}]},{\"@type\":\"ImageObject\",\"inLanguage\":\"es\",\"@id\":\"https:\\\/\\\/mcazorla.com\\\/es\\\/producte\\\/queiron-10-7-9\\\/#primaryimage\",\"url\":\"https:\\\/\\\/mcazorla.com\\\/wp-content\\\/uploads\\\/2021\\\/12\\\/img-productes-queiron-foliar.jpg\",\"contentUrl\":\"https:\\\/\\\/mcazorla.com\\\/wp-content\\\/uploads\\\/2021\\\/12\\\/img-productes-queiron-foliar.jpg\",\"width\":500,\"height\":500},{\"@type\":\"BreadcrumbList\",\"@id\":\"https:\\\/\\\/mcazorla.com\\\/es\\\/producte\\\/queiron-10-7-9\\\/#breadcrumb\",\"itemListElement\":[{\"@type\":\"ListItem\",\"position\":1,\"name\":\"Portada\",\"item\":\"https:\\\/\\\/mcazorla.com\\\/es\\\/\"},{\"@type\":\"ListItem\",\"position\":2,\"name\":\"Productes\",\"item\":\"https:\\\/\\\/mcazorla.com\\\/productes\\\/\"},{\"@type\":\"ListItem\",\"position\":3,\"name\":\"Queiron 10-7-9\"}]},{\"@type\":\"WebSite\",\"@id\":\"https:\\\/\\\/mcazorla.com\\\/#website\",\"url\":\"https:\\\/\\\/mcazorla.com\\\/\",\"name\":\"M. Cazorla\",\"description\":\"Comercialitzaci\u00f3 de llavors, fertilizants, adobs ,fitosanitaris i cereals.\",\"potentialAction\":[{\"@type\":\"SearchAction\",\"target\":{\"@type\":\"EntryPoint\",\"urlTemplate\":\"https:\\\/\\\/mcazorla.com\\\/?s={search_term_string}\"},\"query-input\":{\"@type\":\"PropertyValueSpecification\",\"valueRequired\":true,\"valueName\":\"search_term_string\"}}],\"inLanguage\":\"es\"}]}<\/script>\n<!-- \/ Yoast SEO plugin. -->","yoast_head_json":{"title":"Queiron 10-7-9 - M. Cazorla","robots":{"index":"index","follow":"follow","max-snippet":"max-snippet:-1","max-image-preview":"max-image-preview:large","max-video-preview":"max-video-preview:-1"},"canonical":"https:\/\/mcazorla.com\/es\/producte\/queiron-10-7-9\/","og_locale":"es_ES","og_type":"article","og_title":"Queiron 10-7-9 - M. Cazorla","og_description":"PROAN L es un abono recomendado en hort\u00edcolas, frutales, c\u00edtricos, vi\u00f1edos, cereales, etc. especialmente cuando se hace necesario su crecimiento. Es asimilado por las plantas a trav\u00e9s de la savia, reforz\u00e1ndola. Se puede mezclar con la mayor\u00eda de insecticidas y fungicidas, mejorando la producci\u00f3n y calidad.   Se aplica de 300 cc a 600 cc \/HL en pulverizaci\u00f3n foliar.","og_url":"https:\/\/mcazorla.com\/es\/producte\/queiron-10-7-9\/","og_site_name":"M. Cazorla","article_modified_time":"2022-02-22T13:53:01+00:00","og_image":[{"width":500,"height":500,"url":"https:\/\/mcazorla.com\/wp-content\/uploads\/2021\/12\/img-productes-queiron-foliar.jpg","type":"image\/jpeg"}],"twitter_card":"summary_large_image","twitter_misc":{"Tiempo de lectura":"1 minuto"},"schema":{"@context":"https:\/\/schema.org","@graph":[{"@type":"WebPage","@id":"https:\/\/mcazorla.com\/es\/producte\/queiron-10-7-9\/","url":"https:\/\/mcazorla.com\/es\/producte\/queiron-10-7-9\/","name":"Queiron 10-7-9 - M. Cazorla","isPartOf":{"@id":"https:\/\/mcazorla.com\/#website"},"primaryImageOfPage":{"@id":"https:\/\/mcazorla.com\/es\/producte\/queiron-10-7-9\/#primaryimage"},"image":{"@id":"https:\/\/mcazorla.com\/es\/producte\/queiron-10-7-9\/#primaryimage"},"thumbnailUrl":"https:\/\/mcazorla.com\/wp-content\/uploads\/2021\/12\/img-productes-queiron-foliar.jpg","datePublished":"2021-12-28T15:15:41+00:00","dateModified":"2022-02-22T13:53:01+00:00","breadcrumb":{"@id":"https:\/\/mcazorla.com\/es\/producte\/queiron-10-7-9\/#breadcrumb"},"inLanguage":"es","potentialAction":[{"@type":"ReadAction","target":["https:\/\/mcazorla.com\/es\/producte\/queiron-10-7-9\/"]}]},{"@type":"ImageObject","inLanguage":"es","@id":"https:\/\/mcazorla.com\/es\/producte\/queiron-10-7-9\/#primaryimage","url":"https:\/\/mcazorla.com\/wp-content\/uploads\/2021\/12\/img-productes-queiron-foliar.jpg","contentUrl":"https:\/\/mcazorla.com\/wp-content\/uploads\/2021\/12\/img-productes-queiron-foliar.jpg","width":500,"height":500},{"@type":"BreadcrumbList","@id":"https:\/\/mcazorla.com\/es\/producte\/queiron-10-7-9\/#breadcrumb","itemListElement":[{"@type":"ListItem","position":1,"name":"Portada","item":"https:\/\/mcazorla.com\/es\/"},{"@type":"ListItem","position":2,"name":"Productes","item":"https:\/\/mcazorla.com\/productes\/"},{"@type":"ListItem","position":3,"name":"Queiron 10-7-9"}]},{"@type":"WebSite","@id":"https:\/\/mcazorla.com\/#website","url":"https:\/\/mcazorla.com\/","name":"M. Cazorla","description":"Comercialitzaci\u00f3 de llavors, fertilizants, adobs ,fitosanitaris i cereals.","potentialAction":[{"@type":"SearchAction","target":{"@type":"EntryPoint","urlTemplate":"https:\/\/mcazorla.com\/?s={search_term_string}"},"query-input":{"@type":"PropertyValueSpecification","valueRequired":true,"valueName":"search_term_string"}}],"inLanguage":"es"}]}},"_links":{"self":[{"href":"https:\/\/mcazorla.com\/es\/wp-json\/wp\/v2\/product\/3914","targetHints":{"allow":["GET"]}}],"collection":[{"href":"https:\/\/mcazorla.com\/es\/wp-json\/wp\/v2\/product"}],"about":[{"href":"https:\/\/mcazorla.com\/es\/wp-json\/wp\/v2\/types\/product"}],"wp:featuredmedia":[{"embeddable":true,"href":"https:\/\/mcazorla.com\/es\/wp-json\/wp\/v2\/media\/2837"}],"wp:attachment":[{"href":"https:\/\/mcazorla.com\/es\/wp-json\/wp\/v2\/media?parent=3914"}],"wp:term":[{"taxonomy":"product_brand","embeddable":true,"href":"https:\/\/mcazorla.com\/es\/wp-json\/wp\/v2\/product_brand?post=3914"},{"taxonomy":"product_cat","embeddable":true,"href":"https:\/\/mcazorla.com\/es\/wp-json\/wp\/v2\/product_cat?post=3914"},{"taxonomy":"product_tag","embeddable":true,"href":"https:\/\/mcazorla.com\/es\/wp-json\/wp\/v2\/product_tag?post=3914"}],"curies":[{"name":"wp","href":"https:\/\/api.w.org\/{rel}","templated":true}]}}