{"id":3917,"date":"2021-12-28T15:04:58","date_gmt":"2021-12-28T15:04:58","guid":{"rendered":"https:\/\/mcazorla.com\/producto\/queiron-k-liquid\/"},"modified":"2022-02-22T14:07:35","modified_gmt":"2022-02-22T14:07:35","slug":"queiron-k-liquid","status":"publish","type":"product","link":"https:\/\/mcazorla.com\/es\/producte\/queiron-k-liquid\/","title":{"rendered":"Queiron K l\u00edquid"},"content":{"rendered":"<p>Riquezas garantizadas:<\/p>\n<ul>\n<li>Nitr\u00f3geno total: 5.2% p\/v: 3.5% p\/p<\/li>\n<li>Nitr\u00f3geno ur\u00e9ico: 5.2% p\/v: 3.5% p\/p<\/li>\n<li>\u00d3xido de Potasa (K<sub>2<\/sub>O)(soluble en agua): 46.5% p\/v: 31%<\/li>\n<\/ul>\n<div>Otras caracter\u00edsticas:<\/div>\n<div>\n<ul>\n<li>Agente quelato EDTA: 1.5% p\/v: 1% p\/p<\/li>\n<li>Densidad: 1:1.50<\/li>\n<li>Pobre en cloro<\/li>\n<\/ul>\n<\/div>\n","protected":false},"excerpt":{"rendered":"<p>QUEIRON K LIQUIDO es un fertilizante NK 3.5-0-31, muy rico en potasio y con una dosis adecuada de agente quelante. Creado especialmente para ser utilizado tanto por v\u00eda foliar como a trav\u00e9s del riego, como complemento del abonado de fondo durante la etapa de maduraci\u00f3n del fruto para mejorar su calibre, aspecto y calidad.<\/p>\n<p>DOSIS:<\/p>\n<table style=\"height: 335px;\" border=\"1\" width=\"571\" frame=\"box\" cellspacing=\"0\" cellpadding=\"0\" align=\"left\">\n<tbody>\n<tr>\n<td colspan=\"2\">\n<p align=\"center\"><strong>APLICACI\u00d3N SUELO<\/strong><\/p>\n<\/td>\n<\/tr>\n<tr>\n<td>\n<p align=\"center\"><strong>CULTIVO<\/strong><\/p>\n<\/td>\n<td>\n<p align=\"center\"><strong>DOSIS<\/strong><\/p>\n<\/td>\n<\/tr>\n<tr>\n<td style=\"text-align: center;\">y fruteros<\/td>\n<td style=\"text-align: center;\">50-150 cc \/ peu<\/td>\n<\/tr>\n<tr>\n<td style=\"text-align: center;\">Coto<\/td>\n<td style=\"text-align: center;\">5-10 L \/Ha<\/td>\n<\/tr>\n<tr>\n<td style=\"text-align: center;\"> Hort\u00edcolas<\/td>\n<td style=\"text-align: center;\">5-15 L \/Ha<\/td>\n<\/tr>\n<tr>\n<td style=\"text-align: center;\">Patata<\/td>\n<td style=\"text-align: center;\">5-20 L \/Ha<\/td>\n<\/tr>\n<\/tbody>\n<\/table>\n<table style=\"height: 294px;\" border=\"1\" width=\"621\" frame=\"box\" cellspacing=\"0\" cellpadding=\"0\" align=\"left\">\n<tbody>\n<tr>\n<td colspan=\"2\">\n<p align=\"center\"><strong>PULVERIZACI\u00d3N FOLIAR<\/strong><\/p>\n<\/td>\n<\/tr>\n<tr>\n<td>\n<p align=\"center\"><strong>CULTIVO<\/strong><\/p>\n<\/td>\n<td>\n<p align=\"center\"><strong>DOSIS<\/strong><\/p>\n<\/td>\n<\/tr>\n<tr>\n<td>\n<p align=\"center\">Florales, frutos de hueso, frutos de semilla<\/p>\n<\/td>\n<td>\n<p align=\"center\">150-250 cc \/ HL<\/p>\n<\/td>\n<\/tr>\n<tr>\n<td>\n<p align=\"center\">Berenjenas, c\u00edtricos, pimiento y tomates<\/p>\n<\/td>\n<td>\n<p align=\"center\">150-300 cc \/ HL<\/p>\n<\/td>\n<\/tr>\n<tr>\n<td>\n<p align=\"center\">Algod\u00f3n, mel\u00f3n, olivos, patata y sand\u00eda<\/p>\n<\/td>\n<td>\n<p align=\"center\">100-250 cc \/ HL<\/p>\n<\/td>\n<\/tr>\n<\/tbody>\n<\/table>\n","protected":false},"featured_media":2834,"template":"","meta":[],"product_brand":[],"product_cat":[86,90],"product_tag":[],"class_list":{"0":"post-3917","1":"product","2":"type-product","3":"status-publish","4":"has-post-thumbnail","6":"product_cat-abonos","7":"product_cat-abonos-liquidos","9":"first","10":"instock","11":"shipping-taxable","12":"product-type-simple"},"yoast_head":"<!-- This site is optimized with the Yoast SEO plugin v27.3 - https:\/\/yoast.com\/product\/yoast-seo-wordpress\/ -->\n<title>Queiron K l\u00edquid - M. Cazorla<\/title>\n<meta name=\"robots\" content=\"index, follow, max-snippet:-1, max-image-preview:large, max-video-preview:-1\" \/>\n<link rel=\"canonical\" href=\"https:\/\/mcazorla.com\/es\/producte\/queiron-k-liquid\/\" \/>\n<meta property=\"og:locale\" content=\"es_ES\" \/>\n<meta property=\"og:type\" content=\"article\" \/>\n<meta property=\"og:title\" content=\"Queiron K l\u00edquid - M. Cazorla\" \/>\n<meta property=\"og:description\" content=\"QUEIRON K LIQUIDO es un fertilizante NK 3.5-0-31, muy rico en potasio y con una dosis adecuada de agente quelante. Creado especialmente para ser utilizado tanto por v\u00eda foliar como a trav\u00e9s del riego, como complemento del abonado de fondo durante la etapa de maduraci\u00f3n del fruto para mejorar su calibre, aspecto y calidad.  DOSIS:      APLICACI\u00d3N SUELO     CULTIVO   DOSIS    y fruteros 50-150 cc \/ peu   Coto 5-10 L \/Ha    Hort\u00edcolas 5-15 L \/Ha   Patata 5-20 L \/Ha        PULVERIZACI\u00d3N FOLIAR     CULTIVO   DOSIS     Florales, frutos de hueso, frutos de semilla   150-250 cc \/ HL     Berenjenas, c\u00edtricos, pimiento y tomates   150-300 cc \/ HL     Algod\u00f3n, mel\u00f3n, olivos, patata y sand\u00eda   100-250 cc \/ HL\" \/>\n<meta property=\"og:url\" content=\"https:\/\/mcazorla.com\/es\/producte\/queiron-k-liquid\/\" \/>\n<meta property=\"og:site_name\" content=\"M. Cazorla\" \/>\n<meta property=\"article:modified_time\" content=\"2022-02-22T14:07:35+00:00\" \/>\n<meta property=\"og:image\" content=\"https:\/\/mcazorla.com\/wp-content\/uploads\/2021\/12\/img-productes-queiron-k-liquid.jpg\" \/>\n\t<meta property=\"og:image:width\" content=\"500\" \/>\n\t<meta property=\"og:image:height\" content=\"500\" \/>\n\t<meta property=\"og:image:type\" content=\"image\/jpeg\" \/>\n<meta name=\"twitter:card\" content=\"summary_large_image\" \/>\n<meta name=\"twitter:label1\" content=\"Tiempo de lectura\" \/>\n\t<meta name=\"twitter:data1\" content=\"1 minuto\" \/>\n<script type=\"application\/ld+json\" class=\"yoast-schema-graph\">{\"@context\":\"https:\\\/\\\/schema.org\",\"@graph\":[{\"@type\":\"WebPage\",\"@id\":\"https:\\\/\\\/mcazorla.com\\\/es\\\/producte\\\/queiron-k-liquid\\\/\",\"url\":\"https:\\\/\\\/mcazorla.com\\\/es\\\/producte\\\/queiron-k-liquid\\\/\",\"name\":\"Queiron K l\u00edquid - M. Cazorla\",\"isPartOf\":{\"@id\":\"https:\\\/\\\/mcazorla.com\\\/#website\"},\"primaryImageOfPage\":{\"@id\":\"https:\\\/\\\/mcazorla.com\\\/es\\\/producte\\\/queiron-k-liquid\\\/#primaryimage\"},\"image\":{\"@id\":\"https:\\\/\\\/mcazorla.com\\\/es\\\/producte\\\/queiron-k-liquid\\\/#primaryimage\"},\"thumbnailUrl\":\"https:\\\/\\\/mcazorla.com\\\/wp-content\\\/uploads\\\/2021\\\/12\\\/img-productes-queiron-k-liquid.jpg\",\"datePublished\":\"2021-12-28T15:04:58+00:00\",\"dateModified\":\"2022-02-22T14:07:35+00:00\",\"breadcrumb\":{\"@id\":\"https:\\\/\\\/mcazorla.com\\\/es\\\/producte\\\/queiron-k-liquid\\\/#breadcrumb\"},\"inLanguage\":\"es\",\"potentialAction\":[{\"@type\":\"ReadAction\",\"target\":[\"https:\\\/\\\/mcazorla.com\\\/es\\\/producte\\\/queiron-k-liquid\\\/\"]}]},{\"@type\":\"ImageObject\",\"inLanguage\":\"es\",\"@id\":\"https:\\\/\\\/mcazorla.com\\\/es\\\/producte\\\/queiron-k-liquid\\\/#primaryimage\",\"url\":\"https:\\\/\\\/mcazorla.com\\\/wp-content\\\/uploads\\\/2021\\\/12\\\/img-productes-queiron-k-liquid.jpg\",\"contentUrl\":\"https:\\\/\\\/mcazorla.com\\\/wp-content\\\/uploads\\\/2021\\\/12\\\/img-productes-queiron-k-liquid.jpg\",\"width\":500,\"height\":500},{\"@type\":\"BreadcrumbList\",\"@id\":\"https:\\\/\\\/mcazorla.com\\\/es\\\/producte\\\/queiron-k-liquid\\\/#breadcrumb\",\"itemListElement\":[{\"@type\":\"ListItem\",\"position\":1,\"name\":\"Portada\",\"item\":\"https:\\\/\\\/mcazorla.com\\\/es\\\/\"},{\"@type\":\"ListItem\",\"position\":2,\"name\":\"Productes\",\"item\":\"https:\\\/\\\/mcazorla.com\\\/productes\\\/\"},{\"@type\":\"ListItem\",\"position\":3,\"name\":\"Queiron K l\u00edquid\"}]},{\"@type\":\"WebSite\",\"@id\":\"https:\\\/\\\/mcazorla.com\\\/#website\",\"url\":\"https:\\\/\\\/mcazorla.com\\\/\",\"name\":\"M. Cazorla\",\"description\":\"Comercialitzaci\u00f3 de llavors, fertilizants, adobs ,fitosanitaris i cereals.\",\"potentialAction\":[{\"@type\":\"SearchAction\",\"target\":{\"@type\":\"EntryPoint\",\"urlTemplate\":\"https:\\\/\\\/mcazorla.com\\\/?s={search_term_string}\"},\"query-input\":{\"@type\":\"PropertyValueSpecification\",\"valueRequired\":true,\"valueName\":\"search_term_string\"}}],\"inLanguage\":\"es\"}]}<\/script>\n<!-- \/ Yoast SEO plugin. -->","yoast_head_json":{"title":"Queiron K l\u00edquid - M. Cazorla","robots":{"index":"index","follow":"follow","max-snippet":"max-snippet:-1","max-image-preview":"max-image-preview:large","max-video-preview":"max-video-preview:-1"},"canonical":"https:\/\/mcazorla.com\/es\/producte\/queiron-k-liquid\/","og_locale":"es_ES","og_type":"article","og_title":"Queiron K l\u00edquid - M. Cazorla","og_description":"QUEIRON K LIQUIDO es un fertilizante NK 3.5-0-31, muy rico en potasio y con una dosis adecuada de agente quelante. Creado especialmente para ser utilizado tanto por v\u00eda foliar como a trav\u00e9s del riego, como complemento del abonado de fondo durante la etapa de maduraci\u00f3n del fruto para mejorar su calibre, aspecto y calidad.  DOSIS:      APLICACI\u00d3N SUELO     CULTIVO   DOSIS    y fruteros 50-150 cc \/ peu   Coto 5-10 L \/Ha    Hort\u00edcolas 5-15 L \/Ha   Patata 5-20 L \/Ha        PULVERIZACI\u00d3N FOLIAR     CULTIVO   DOSIS     Florales, frutos de hueso, frutos de semilla   150-250 cc \/ HL     Berenjenas, c\u00edtricos, pimiento y tomates   150-300 cc \/ HL     Algod\u00f3n, mel\u00f3n, olivos, patata y sand\u00eda   100-250 cc \/ HL","og_url":"https:\/\/mcazorla.com\/es\/producte\/queiron-k-liquid\/","og_site_name":"M. Cazorla","article_modified_time":"2022-02-22T14:07:35+00:00","og_image":[{"width":500,"height":500,"url":"https:\/\/mcazorla.com\/wp-content\/uploads\/2021\/12\/img-productes-queiron-k-liquid.jpg","type":"image\/jpeg"}],"twitter_card":"summary_large_image","twitter_misc":{"Tiempo de lectura":"1 minuto"},"schema":{"@context":"https:\/\/schema.org","@graph":[{"@type":"WebPage","@id":"https:\/\/mcazorla.com\/es\/producte\/queiron-k-liquid\/","url":"https:\/\/mcazorla.com\/es\/producte\/queiron-k-liquid\/","name":"Queiron K l\u00edquid - M. Cazorla","isPartOf":{"@id":"https:\/\/mcazorla.com\/#website"},"primaryImageOfPage":{"@id":"https:\/\/mcazorla.com\/es\/producte\/queiron-k-liquid\/#primaryimage"},"image":{"@id":"https:\/\/mcazorla.com\/es\/producte\/queiron-k-liquid\/#primaryimage"},"thumbnailUrl":"https:\/\/mcazorla.com\/wp-content\/uploads\/2021\/12\/img-productes-queiron-k-liquid.jpg","datePublished":"2021-12-28T15:04:58+00:00","dateModified":"2022-02-22T14:07:35+00:00","breadcrumb":{"@id":"https:\/\/mcazorla.com\/es\/producte\/queiron-k-liquid\/#breadcrumb"},"inLanguage":"es","potentialAction":[{"@type":"ReadAction","target":["https:\/\/mcazorla.com\/es\/producte\/queiron-k-liquid\/"]}]},{"@type":"ImageObject","inLanguage":"es","@id":"https:\/\/mcazorla.com\/es\/producte\/queiron-k-liquid\/#primaryimage","url":"https:\/\/mcazorla.com\/wp-content\/uploads\/2021\/12\/img-productes-queiron-k-liquid.jpg","contentUrl":"https:\/\/mcazorla.com\/wp-content\/uploads\/2021\/12\/img-productes-queiron-k-liquid.jpg","width":500,"height":500},{"@type":"BreadcrumbList","@id":"https:\/\/mcazorla.com\/es\/producte\/queiron-k-liquid\/#breadcrumb","itemListElement":[{"@type":"ListItem","position":1,"name":"Portada","item":"https:\/\/mcazorla.com\/es\/"},{"@type":"ListItem","position":2,"name":"Productes","item":"https:\/\/mcazorla.com\/productes\/"},{"@type":"ListItem","position":3,"name":"Queiron K l\u00edquid"}]},{"@type":"WebSite","@id":"https:\/\/mcazorla.com\/#website","url":"https:\/\/mcazorla.com\/","name":"M. Cazorla","description":"Comercialitzaci\u00f3 de llavors, fertilizants, adobs ,fitosanitaris i cereals.","potentialAction":[{"@type":"SearchAction","target":{"@type":"EntryPoint","urlTemplate":"https:\/\/mcazorla.com\/?s={search_term_string}"},"query-input":{"@type":"PropertyValueSpecification","valueRequired":true,"valueName":"search_term_string"}}],"inLanguage":"es"}]}},"_links":{"self":[{"href":"https:\/\/mcazorla.com\/es\/wp-json\/wp\/v2\/product\/3917","targetHints":{"allow":["GET"]}}],"collection":[{"href":"https:\/\/mcazorla.com\/es\/wp-json\/wp\/v2\/product"}],"about":[{"href":"https:\/\/mcazorla.com\/es\/wp-json\/wp\/v2\/types\/product"}],"wp:featuredmedia":[{"embeddable":true,"href":"https:\/\/mcazorla.com\/es\/wp-json\/wp\/v2\/media\/2834"}],"wp:attachment":[{"href":"https:\/\/mcazorla.com\/es\/wp-json\/wp\/v2\/media?parent=3917"}],"wp:term":[{"taxonomy":"product_brand","embeddable":true,"href":"https:\/\/mcazorla.com\/es\/wp-json\/wp\/v2\/product_brand?post=3917"},{"taxonomy":"product_cat","embeddable":true,"href":"https:\/\/mcazorla.com\/es\/wp-json\/wp\/v2\/product_cat?post=3917"},{"taxonomy":"product_tag","embeddable":true,"href":"https:\/\/mcazorla.com\/es\/wp-json\/wp\/v2\/product_tag?post=3917"}],"curies":[{"name":"wp","href":"https:\/\/api.w.org\/{rel}","templated":true}]}}