{"id":3923,"date":"2021-12-28T15:01:40","date_gmt":"2021-12-28T15:01:40","guid":{"rendered":"https:\/\/mcazorla.com\/producto\/queiron-glu\/"},"modified":"2022-02-22T14:22:32","modified_gmt":"2022-02-22T14:22:32","slug":"queiron-glu","status":"publish","type":"product","link":"https:\/\/mcazorla.com\/es\/producte\/queiron-glu\/","title":{"rendered":"Queiron Glu"},"content":{"rendered":"<p><strong>Composici\u00f3n: Gluconato de cobre 8% p\/v<\/strong><\/p>\n","protected":false},"excerpt":{"rendered":"<p><strong>QUEIRON GLU<\/strong>\u00a0es una soluci\u00f3n de Cobre complejo en forma de gluconato. Es totalmente asimilable y con acci\u00f3n sist\u00e9mica. Producto preparado para v\u00eda foliar, que entra dentro de la hoja debido a su sistemia. Entre sus efectos, cabe remarcar su acci\u00f3n sobre el proceso enzim\u00e1tico y sobre la fotos\u00edntesis, dotando a la planta de una resistencia superior sobre los hongos. El producto no es lavable, debido a su acci\u00f3n sist\u00e9mica. <\/p>\n<p>Producto utilizable en agricultura biol\u00f3gica seg\u00fan el Reglamento (CE) n\u00ba 834\/2007 de la Agricultura Biol\u00f3gica. <\/p>\n<p><strong>DOSIS<\/strong>:<\/p>\n<p>&#8211; C\u00edtricos y \u00e1rboles frutales: De 150 a 250 cc\/ HL<br \/>\n&#8211; Huerta: De 100 a 300 cc \/HL<br \/>\n&#8211; Vi\u00f1a y Olivo: De 200 a 300 cc \/ HL<\/p>\n","protected":false},"featured_media":2831,"template":"","meta":[],"product_brand":[],"product_cat":[86,90],"product_tag":[],"class_list":{"0":"post-3923","1":"product","2":"type-product","3":"status-publish","4":"has-post-thumbnail","6":"product_cat-abonos","7":"product_cat-abonos-liquidos","9":"first","10":"instock","11":"shipping-taxable","12":"product-type-simple"},"yoast_head":"<!-- This site is optimized with the Yoast SEO plugin v27.3 - https:\/\/yoast.com\/product\/yoast-seo-wordpress\/ -->\n<title>Queiron Glu - M. Cazorla<\/title>\n<meta name=\"robots\" content=\"index, follow, max-snippet:-1, max-image-preview:large, max-video-preview:-1\" \/>\n<link rel=\"canonical\" href=\"https:\/\/mcazorla.com\/es\/producte\/queiron-glu\/\" \/>\n<meta property=\"og:locale\" content=\"es_ES\" \/>\n<meta property=\"og:type\" content=\"article\" \/>\n<meta property=\"og:title\" content=\"Queiron Glu - M. Cazorla\" \/>\n<meta property=\"og:description\" content=\"QUEIRON GLU\u00a0es una soluci\u00f3n de Cobre complejo en forma de gluconato. Es totalmente asimilable y con acci\u00f3n sist\u00e9mica. Producto preparado para v\u00eda foliar, que entra dentro de la hoja debido a su sistemia. Entre sus efectos, cabe remarcar su acci\u00f3n sobre el proceso enzim\u00e1tico y sobre la fotos\u00edntesis, dotando a la planta de una resistencia superior sobre los hongos. El producto no es lavable, debido a su acci\u00f3n sist\u00e9mica.   Producto utilizable en agricultura biol\u00f3gica seg\u00fan el Reglamento (CE) n\u00ba 834\/2007 de la Agricultura Biol\u00f3gica.   DOSIS:  - C\u00edtricos y \u00e1rboles frutales: De 150 a 250 cc\/ HL - Huerta: De 100 a 300 cc \/HL - Vi\u00f1a y Olivo: De 200 a 300 cc \/ HL\" \/>\n<meta property=\"og:url\" content=\"https:\/\/mcazorla.com\/es\/producte\/queiron-glu\/\" \/>\n<meta property=\"og:site_name\" content=\"M. Cazorla\" \/>\n<meta property=\"article:modified_time\" content=\"2022-02-22T14:22:32+00:00\" \/>\n<meta property=\"og:image\" content=\"https:\/\/mcazorla.com\/wp-content\/uploads\/2021\/12\/img-productes-queiron-glu.jpg\" \/>\n\t<meta property=\"og:image:width\" content=\"500\" \/>\n\t<meta property=\"og:image:height\" content=\"500\" \/>\n\t<meta property=\"og:image:type\" content=\"image\/jpeg\" \/>\n<meta name=\"twitter:card\" content=\"summary_large_image\" \/>\n<meta name=\"twitter:label1\" content=\"Tiempo de lectura\" \/>\n\t<meta name=\"twitter:data1\" content=\"1 minuto\" \/>\n<script type=\"application\/ld+json\" class=\"yoast-schema-graph\">{\"@context\":\"https:\\\/\\\/schema.org\",\"@graph\":[{\"@type\":\"WebPage\",\"@id\":\"https:\\\/\\\/mcazorla.com\\\/es\\\/producte\\\/queiron-glu\\\/\",\"url\":\"https:\\\/\\\/mcazorla.com\\\/es\\\/producte\\\/queiron-glu\\\/\",\"name\":\"Queiron Glu - M. Cazorla\",\"isPartOf\":{\"@id\":\"https:\\\/\\\/mcazorla.com\\\/#website\"},\"primaryImageOfPage\":{\"@id\":\"https:\\\/\\\/mcazorla.com\\\/es\\\/producte\\\/queiron-glu\\\/#primaryimage\"},\"image\":{\"@id\":\"https:\\\/\\\/mcazorla.com\\\/es\\\/producte\\\/queiron-glu\\\/#primaryimage\"},\"thumbnailUrl\":\"https:\\\/\\\/mcazorla.com\\\/wp-content\\\/uploads\\\/2021\\\/12\\\/img-productes-queiron-glu.jpg\",\"datePublished\":\"2021-12-28T15:01:40+00:00\",\"dateModified\":\"2022-02-22T14:22:32+00:00\",\"breadcrumb\":{\"@id\":\"https:\\\/\\\/mcazorla.com\\\/es\\\/producte\\\/queiron-glu\\\/#breadcrumb\"},\"inLanguage\":\"es\",\"potentialAction\":[{\"@type\":\"ReadAction\",\"target\":[\"https:\\\/\\\/mcazorla.com\\\/es\\\/producte\\\/queiron-glu\\\/\"]}]},{\"@type\":\"ImageObject\",\"inLanguage\":\"es\",\"@id\":\"https:\\\/\\\/mcazorla.com\\\/es\\\/producte\\\/queiron-glu\\\/#primaryimage\",\"url\":\"https:\\\/\\\/mcazorla.com\\\/wp-content\\\/uploads\\\/2021\\\/12\\\/img-productes-queiron-glu.jpg\",\"contentUrl\":\"https:\\\/\\\/mcazorla.com\\\/wp-content\\\/uploads\\\/2021\\\/12\\\/img-productes-queiron-glu.jpg\",\"width\":500,\"height\":500},{\"@type\":\"BreadcrumbList\",\"@id\":\"https:\\\/\\\/mcazorla.com\\\/es\\\/producte\\\/queiron-glu\\\/#breadcrumb\",\"itemListElement\":[{\"@type\":\"ListItem\",\"position\":1,\"name\":\"Portada\",\"item\":\"https:\\\/\\\/mcazorla.com\\\/es\\\/\"},{\"@type\":\"ListItem\",\"position\":2,\"name\":\"Productes\",\"item\":\"https:\\\/\\\/mcazorla.com\\\/productes\\\/\"},{\"@type\":\"ListItem\",\"position\":3,\"name\":\"Queiron Glu\"}]},{\"@type\":\"WebSite\",\"@id\":\"https:\\\/\\\/mcazorla.com\\\/#website\",\"url\":\"https:\\\/\\\/mcazorla.com\\\/\",\"name\":\"M. Cazorla\",\"description\":\"Comercialitzaci\u00f3 de llavors, fertilizants, adobs ,fitosanitaris i cereals.\",\"potentialAction\":[{\"@type\":\"SearchAction\",\"target\":{\"@type\":\"EntryPoint\",\"urlTemplate\":\"https:\\\/\\\/mcazorla.com\\\/?s={search_term_string}\"},\"query-input\":{\"@type\":\"PropertyValueSpecification\",\"valueRequired\":true,\"valueName\":\"search_term_string\"}}],\"inLanguage\":\"es\"}]}<\/script>\n<!-- \/ Yoast SEO plugin. -->","yoast_head_json":{"title":"Queiron Glu - M. Cazorla","robots":{"index":"index","follow":"follow","max-snippet":"max-snippet:-1","max-image-preview":"max-image-preview:large","max-video-preview":"max-video-preview:-1"},"canonical":"https:\/\/mcazorla.com\/es\/producte\/queiron-glu\/","og_locale":"es_ES","og_type":"article","og_title":"Queiron Glu - M. Cazorla","og_description":"QUEIRON GLU\u00a0es una soluci\u00f3n de Cobre complejo en forma de gluconato. Es totalmente asimilable y con acci\u00f3n sist\u00e9mica. Producto preparado para v\u00eda foliar, que entra dentro de la hoja debido a su sistemia. Entre sus efectos, cabe remarcar su acci\u00f3n sobre el proceso enzim\u00e1tico y sobre la fotos\u00edntesis, dotando a la planta de una resistencia superior sobre los hongos. El producto no es lavable, debido a su acci\u00f3n sist\u00e9mica.   Producto utilizable en agricultura biol\u00f3gica seg\u00fan el Reglamento (CE) n\u00ba 834\/2007 de la Agricultura Biol\u00f3gica.   DOSIS:  - C\u00edtricos y \u00e1rboles frutales: De 150 a 250 cc\/ HL - Huerta: De 100 a 300 cc \/HL - Vi\u00f1a y Olivo: De 200 a 300 cc \/ HL","og_url":"https:\/\/mcazorla.com\/es\/producte\/queiron-glu\/","og_site_name":"M. Cazorla","article_modified_time":"2022-02-22T14:22:32+00:00","og_image":[{"width":500,"height":500,"url":"https:\/\/mcazorla.com\/wp-content\/uploads\/2021\/12\/img-productes-queiron-glu.jpg","type":"image\/jpeg"}],"twitter_card":"summary_large_image","twitter_misc":{"Tiempo de lectura":"1 minuto"},"schema":{"@context":"https:\/\/schema.org","@graph":[{"@type":"WebPage","@id":"https:\/\/mcazorla.com\/es\/producte\/queiron-glu\/","url":"https:\/\/mcazorla.com\/es\/producte\/queiron-glu\/","name":"Queiron Glu - M. Cazorla","isPartOf":{"@id":"https:\/\/mcazorla.com\/#website"},"primaryImageOfPage":{"@id":"https:\/\/mcazorla.com\/es\/producte\/queiron-glu\/#primaryimage"},"image":{"@id":"https:\/\/mcazorla.com\/es\/producte\/queiron-glu\/#primaryimage"},"thumbnailUrl":"https:\/\/mcazorla.com\/wp-content\/uploads\/2021\/12\/img-productes-queiron-glu.jpg","datePublished":"2021-12-28T15:01:40+00:00","dateModified":"2022-02-22T14:22:32+00:00","breadcrumb":{"@id":"https:\/\/mcazorla.com\/es\/producte\/queiron-glu\/#breadcrumb"},"inLanguage":"es","potentialAction":[{"@type":"ReadAction","target":["https:\/\/mcazorla.com\/es\/producte\/queiron-glu\/"]}]},{"@type":"ImageObject","inLanguage":"es","@id":"https:\/\/mcazorla.com\/es\/producte\/queiron-glu\/#primaryimage","url":"https:\/\/mcazorla.com\/wp-content\/uploads\/2021\/12\/img-productes-queiron-glu.jpg","contentUrl":"https:\/\/mcazorla.com\/wp-content\/uploads\/2021\/12\/img-productes-queiron-glu.jpg","width":500,"height":500},{"@type":"BreadcrumbList","@id":"https:\/\/mcazorla.com\/es\/producte\/queiron-glu\/#breadcrumb","itemListElement":[{"@type":"ListItem","position":1,"name":"Portada","item":"https:\/\/mcazorla.com\/es\/"},{"@type":"ListItem","position":2,"name":"Productes","item":"https:\/\/mcazorla.com\/productes\/"},{"@type":"ListItem","position":3,"name":"Queiron Glu"}]},{"@type":"WebSite","@id":"https:\/\/mcazorla.com\/#website","url":"https:\/\/mcazorla.com\/","name":"M. Cazorla","description":"Comercialitzaci\u00f3 de llavors, fertilizants, adobs ,fitosanitaris i cereals.","potentialAction":[{"@type":"SearchAction","target":{"@type":"EntryPoint","urlTemplate":"https:\/\/mcazorla.com\/?s={search_term_string}"},"query-input":{"@type":"PropertyValueSpecification","valueRequired":true,"valueName":"search_term_string"}}],"inLanguage":"es"}]}},"_links":{"self":[{"href":"https:\/\/mcazorla.com\/es\/wp-json\/wp\/v2\/product\/3923","targetHints":{"allow":["GET"]}}],"collection":[{"href":"https:\/\/mcazorla.com\/es\/wp-json\/wp\/v2\/product"}],"about":[{"href":"https:\/\/mcazorla.com\/es\/wp-json\/wp\/v2\/types\/product"}],"wp:featuredmedia":[{"embeddable":true,"href":"https:\/\/mcazorla.com\/es\/wp-json\/wp\/v2\/media\/2831"}],"wp:attachment":[{"href":"https:\/\/mcazorla.com\/es\/wp-json\/wp\/v2\/media?parent=3923"}],"wp:term":[{"taxonomy":"product_brand","embeddable":true,"href":"https:\/\/mcazorla.com\/es\/wp-json\/wp\/v2\/product_brand?post=3923"},{"taxonomy":"product_cat","embeddable":true,"href":"https:\/\/mcazorla.com\/es\/wp-json\/wp\/v2\/product_cat?post=3923"},{"taxonomy":"product_tag","embeddable":true,"href":"https:\/\/mcazorla.com\/es\/wp-json\/wp\/v2\/product_tag?post=3923"}],"curies":[{"name":"wp","href":"https:\/\/api.w.org\/{rel}","templated":true}]}}