{"id":3934,"date":"2021-12-28T14:52:34","date_gmt":"2021-12-28T14:52:34","guid":{"rendered":"https:\/\/mcazorla.com\/producto\/yara-liva-calcinit\/"},"modified":"2022-02-23T14:34:41","modified_gmt":"2022-02-23T14:34:41","slug":"yara-liva-calcinit","status":"publish","type":"product","link":"https:\/\/mcazorla.com\/es\/producte\/yara-liva-calcinit\/","title":{"rendered":"Yara Liva Calcinit"},"content":{"rendered":"<p>Composici\u00f3n:<\/p>\n<ul>\n<li>Nitr\u00f3geno (N) Total: 15.5%<\/li>\n<li>Nitr\u00f3geno (N) N\u00edtrico: 14.4%<\/li>\n<li>Nitr\u00f3geno (N) Amoniacal: 1.1%<\/li>\n<li>\u00d3xido de Calcio (CaO) Soluble en agua: 26.3%<\/li>\n<li>Calcio (Can) Soluble en agua: 19.0%<\/li>\n<li>Solubilidad (20 \u00b0C): 1200 g\/l agua<\/li>\n<li>EC (lg\/l a 25 \u00b0C): 1.2mS\/cm<\/li>\n<li>pH (soluci\u00f3n al 10%): 6<\/li>\n<\/ul>\n","protected":false},"excerpt":{"rendered":"<p>Yara Liva Calcinit es un abono con base de Nitr\u00f3geno N\u00edtrico y Calcio, que se disuelve r\u00e1pidamente en el agua, aplicable en cualquier sistema de fertirrigaci\u00f3n, hidrop\u00f3nico, riego localizado, microaspersi\u00f3n pivot aspersi\u00f3n y tambi\u00e9n en pulverizaci\u00f3n. El nitr\u00f3geno directamente disponible para la absorci\u00f3n de las plantas tiene c\u00f3mo resultado una respuesta r\u00e1pida y calculada en el desarrollo. No hay volatilizaci\u00f3n ni fijaci\u00f3n en el suelo, por lo que est\u00e1 completamente disponible para su absorci\u00f3n. Con respecto al Calcio, mejora la resistencia frente al ataque de plagas y enfermedades, lo que comporta una mayor calidad y duraci\u00f3n del producto hasta llegar al consumidor final. <\/p>\n<p style=\"text-align: center;\">\n","protected":false},"featured_media":2822,"template":"","meta":[],"product_brand":[],"product_cat":[86,89],"product_tag":[],"class_list":{"0":"post-3934","1":"product","2":"type-product","3":"status-publish","4":"has-post-thumbnail","6":"product_cat-abonos","7":"product_cat-abonos-especiales","9":"first","10":"instock","11":"shipping-taxable","12":"product-type-simple"},"yoast_head":"<!-- This site is optimized with the Yoast SEO plugin v27.3 - https:\/\/yoast.com\/product\/yoast-seo-wordpress\/ -->\n<title>Yara Liva Calcinit - M. Cazorla<\/title>\n<meta name=\"robots\" content=\"index, follow, max-snippet:-1, max-image-preview:large, max-video-preview:-1\" \/>\n<link rel=\"canonical\" href=\"https:\/\/mcazorla.com\/es\/producte\/yara-liva-calcinit\/\" \/>\n<meta property=\"og:locale\" content=\"es_ES\" \/>\n<meta property=\"og:type\" content=\"article\" \/>\n<meta property=\"og:title\" content=\"Yara Liva Calcinit - M. Cazorla\" \/>\n<meta property=\"og:description\" content=\"Yara Liva Calcinit es un abono con base de Nitr\u00f3geno N\u00edtrico y Calcio, que se disuelve r\u00e1pidamente en el agua, aplicable en cualquier sistema de fertirrigaci\u00f3n, hidrop\u00f3nico, riego localizado, microaspersi\u00f3n pivot aspersi\u00f3n y tambi\u00e9n en pulverizaci\u00f3n. El nitr\u00f3geno directamente disponible para la absorci\u00f3n de las plantas tiene c\u00f3mo resultado una respuesta r\u00e1pida y calculada en el desarrollo. No hay volatilizaci\u00f3n ni fijaci\u00f3n en el suelo, por lo que est\u00e1 completamente disponible para su absorci\u00f3n. Con respecto al Calcio, mejora la resistencia frente al ataque de plagas y enfermedades, lo que comporta una mayor calidad y duraci\u00f3n del producto hasta llegar al consumidor final.\" \/>\n<meta property=\"og:url\" content=\"https:\/\/mcazorla.com\/es\/producte\/yara-liva-calcinit\/\" \/>\n<meta property=\"og:site_name\" content=\"M. Cazorla\" \/>\n<meta property=\"article:modified_time\" content=\"2022-02-23T14:34:41+00:00\" \/>\n<meta property=\"og:image\" content=\"https:\/\/mcazorla.com\/wp-content\/uploads\/2021\/12\/img-productes-yara-liva-calcinit.jpg\" \/>\n\t<meta property=\"og:image:width\" content=\"500\" \/>\n\t<meta property=\"og:image:height\" content=\"500\" \/>\n\t<meta property=\"og:image:type\" content=\"image\/jpeg\" \/>\n<meta name=\"twitter:card\" content=\"summary_large_image\" \/>\n<meta name=\"twitter:label1\" content=\"Tiempo de lectura\" \/>\n\t<meta name=\"twitter:data1\" content=\"1 minuto\" \/>\n<script type=\"application\/ld+json\" class=\"yoast-schema-graph\">{\"@context\":\"https:\\\/\\\/schema.org\",\"@graph\":[{\"@type\":\"WebPage\",\"@id\":\"https:\\\/\\\/mcazorla.com\\\/es\\\/producte\\\/yara-liva-calcinit\\\/\",\"url\":\"https:\\\/\\\/mcazorla.com\\\/es\\\/producte\\\/yara-liva-calcinit\\\/\",\"name\":\"Yara Liva Calcinit - M. Cazorla\",\"isPartOf\":{\"@id\":\"https:\\\/\\\/mcazorla.com\\\/#website\"},\"primaryImageOfPage\":{\"@id\":\"https:\\\/\\\/mcazorla.com\\\/es\\\/producte\\\/yara-liva-calcinit\\\/#primaryimage\"},\"image\":{\"@id\":\"https:\\\/\\\/mcazorla.com\\\/es\\\/producte\\\/yara-liva-calcinit\\\/#primaryimage\"},\"thumbnailUrl\":\"https:\\\/\\\/mcazorla.com\\\/wp-content\\\/uploads\\\/2021\\\/12\\\/img-productes-yara-liva-calcinit.jpg\",\"datePublished\":\"2021-12-28T14:52:34+00:00\",\"dateModified\":\"2022-02-23T14:34:41+00:00\",\"breadcrumb\":{\"@id\":\"https:\\\/\\\/mcazorla.com\\\/es\\\/producte\\\/yara-liva-calcinit\\\/#breadcrumb\"},\"inLanguage\":\"es\",\"potentialAction\":[{\"@type\":\"ReadAction\",\"target\":[\"https:\\\/\\\/mcazorla.com\\\/es\\\/producte\\\/yara-liva-calcinit\\\/\"]}]},{\"@type\":\"ImageObject\",\"inLanguage\":\"es\",\"@id\":\"https:\\\/\\\/mcazorla.com\\\/es\\\/producte\\\/yara-liva-calcinit\\\/#primaryimage\",\"url\":\"https:\\\/\\\/mcazorla.com\\\/wp-content\\\/uploads\\\/2021\\\/12\\\/img-productes-yara-liva-calcinit.jpg\",\"contentUrl\":\"https:\\\/\\\/mcazorla.com\\\/wp-content\\\/uploads\\\/2021\\\/12\\\/img-productes-yara-liva-calcinit.jpg\",\"width\":500,\"height\":500},{\"@type\":\"BreadcrumbList\",\"@id\":\"https:\\\/\\\/mcazorla.com\\\/es\\\/producte\\\/yara-liva-calcinit\\\/#breadcrumb\",\"itemListElement\":[{\"@type\":\"ListItem\",\"position\":1,\"name\":\"Portada\",\"item\":\"https:\\\/\\\/mcazorla.com\\\/es\\\/\"},{\"@type\":\"ListItem\",\"position\":2,\"name\":\"Productes\",\"item\":\"https:\\\/\\\/mcazorla.com\\\/productes\\\/\"},{\"@type\":\"ListItem\",\"position\":3,\"name\":\"Yara Liva Calcinit\"}]},{\"@type\":\"WebSite\",\"@id\":\"https:\\\/\\\/mcazorla.com\\\/#website\",\"url\":\"https:\\\/\\\/mcazorla.com\\\/\",\"name\":\"M. Cazorla\",\"description\":\"Comercialitzaci\u00f3 de llavors, fertilizants, adobs ,fitosanitaris i cereals.\",\"potentialAction\":[{\"@type\":\"SearchAction\",\"target\":{\"@type\":\"EntryPoint\",\"urlTemplate\":\"https:\\\/\\\/mcazorla.com\\\/?s={search_term_string}\"},\"query-input\":{\"@type\":\"PropertyValueSpecification\",\"valueRequired\":true,\"valueName\":\"search_term_string\"}}],\"inLanguage\":\"es\"}]}<\/script>\n<!-- \/ Yoast SEO plugin. -->","yoast_head_json":{"title":"Yara Liva Calcinit - M. Cazorla","robots":{"index":"index","follow":"follow","max-snippet":"max-snippet:-1","max-image-preview":"max-image-preview:large","max-video-preview":"max-video-preview:-1"},"canonical":"https:\/\/mcazorla.com\/es\/producte\/yara-liva-calcinit\/","og_locale":"es_ES","og_type":"article","og_title":"Yara Liva Calcinit - M. Cazorla","og_description":"Yara Liva Calcinit es un abono con base de Nitr\u00f3geno N\u00edtrico y Calcio, que se disuelve r\u00e1pidamente en el agua, aplicable en cualquier sistema de fertirrigaci\u00f3n, hidrop\u00f3nico, riego localizado, microaspersi\u00f3n pivot aspersi\u00f3n y tambi\u00e9n en pulverizaci\u00f3n. El nitr\u00f3geno directamente disponible para la absorci\u00f3n de las plantas tiene c\u00f3mo resultado una respuesta r\u00e1pida y calculada en el desarrollo. No hay volatilizaci\u00f3n ni fijaci\u00f3n en el suelo, por lo que est\u00e1 completamente disponible para su absorci\u00f3n. Con respecto al Calcio, mejora la resistencia frente al ataque de plagas y enfermedades, lo que comporta una mayor calidad y duraci\u00f3n del producto hasta llegar al consumidor final.","og_url":"https:\/\/mcazorla.com\/es\/producte\/yara-liva-calcinit\/","og_site_name":"M. Cazorla","article_modified_time":"2022-02-23T14:34:41+00:00","og_image":[{"width":500,"height":500,"url":"https:\/\/mcazorla.com\/wp-content\/uploads\/2021\/12\/img-productes-yara-liva-calcinit.jpg","type":"image\/jpeg"}],"twitter_card":"summary_large_image","twitter_misc":{"Tiempo de lectura":"1 minuto"},"schema":{"@context":"https:\/\/schema.org","@graph":[{"@type":"WebPage","@id":"https:\/\/mcazorla.com\/es\/producte\/yara-liva-calcinit\/","url":"https:\/\/mcazorla.com\/es\/producte\/yara-liva-calcinit\/","name":"Yara Liva Calcinit - M. Cazorla","isPartOf":{"@id":"https:\/\/mcazorla.com\/#website"},"primaryImageOfPage":{"@id":"https:\/\/mcazorla.com\/es\/producte\/yara-liva-calcinit\/#primaryimage"},"image":{"@id":"https:\/\/mcazorla.com\/es\/producte\/yara-liva-calcinit\/#primaryimage"},"thumbnailUrl":"https:\/\/mcazorla.com\/wp-content\/uploads\/2021\/12\/img-productes-yara-liva-calcinit.jpg","datePublished":"2021-12-28T14:52:34+00:00","dateModified":"2022-02-23T14:34:41+00:00","breadcrumb":{"@id":"https:\/\/mcazorla.com\/es\/producte\/yara-liva-calcinit\/#breadcrumb"},"inLanguage":"es","potentialAction":[{"@type":"ReadAction","target":["https:\/\/mcazorla.com\/es\/producte\/yara-liva-calcinit\/"]}]},{"@type":"ImageObject","inLanguage":"es","@id":"https:\/\/mcazorla.com\/es\/producte\/yara-liva-calcinit\/#primaryimage","url":"https:\/\/mcazorla.com\/wp-content\/uploads\/2021\/12\/img-productes-yara-liva-calcinit.jpg","contentUrl":"https:\/\/mcazorla.com\/wp-content\/uploads\/2021\/12\/img-productes-yara-liva-calcinit.jpg","width":500,"height":500},{"@type":"BreadcrumbList","@id":"https:\/\/mcazorla.com\/es\/producte\/yara-liva-calcinit\/#breadcrumb","itemListElement":[{"@type":"ListItem","position":1,"name":"Portada","item":"https:\/\/mcazorla.com\/es\/"},{"@type":"ListItem","position":2,"name":"Productes","item":"https:\/\/mcazorla.com\/productes\/"},{"@type":"ListItem","position":3,"name":"Yara Liva Calcinit"}]},{"@type":"WebSite","@id":"https:\/\/mcazorla.com\/#website","url":"https:\/\/mcazorla.com\/","name":"M. Cazorla","description":"Comercialitzaci\u00f3 de llavors, fertilizants, adobs ,fitosanitaris i cereals.","potentialAction":[{"@type":"SearchAction","target":{"@type":"EntryPoint","urlTemplate":"https:\/\/mcazorla.com\/?s={search_term_string}"},"query-input":{"@type":"PropertyValueSpecification","valueRequired":true,"valueName":"search_term_string"}}],"inLanguage":"es"}]}},"_links":{"self":[{"href":"https:\/\/mcazorla.com\/es\/wp-json\/wp\/v2\/product\/3934","targetHints":{"allow":["GET"]}}],"collection":[{"href":"https:\/\/mcazorla.com\/es\/wp-json\/wp\/v2\/product"}],"about":[{"href":"https:\/\/mcazorla.com\/es\/wp-json\/wp\/v2\/types\/product"}],"wp:featuredmedia":[{"embeddable":true,"href":"https:\/\/mcazorla.com\/es\/wp-json\/wp\/v2\/media\/2822"}],"wp:attachment":[{"href":"https:\/\/mcazorla.com\/es\/wp-json\/wp\/v2\/media?parent=3934"}],"wp:term":[{"taxonomy":"product_brand","embeddable":true,"href":"https:\/\/mcazorla.com\/es\/wp-json\/wp\/v2\/product_brand?post=3934"},{"taxonomy":"product_cat","embeddable":true,"href":"https:\/\/mcazorla.com\/es\/wp-json\/wp\/v2\/product_cat?post=3934"},{"taxonomy":"product_tag","embeddable":true,"href":"https:\/\/mcazorla.com\/es\/wp-json\/wp\/v2\/product_tag?post=3934"}],"curies":[{"name":"wp","href":"https:\/\/api.w.org\/{rel}","templated":true}]}}