{"id":3941,"date":"2021-12-28T14:44:38","date_gmt":"2021-12-28T14:44:38","guid":{"rendered":"https:\/\/mcazorla.com\/producto\/yara-mila-complex\/"},"modified":"2022-02-23T15:05:13","modified_gmt":"2022-02-23T15:05:13","slug":"yara-mila-complex","status":"publish","type":"product","link":"https:\/\/mcazorla.com\/es\/producte\/yara-mila-complex\/","title":{"rendered":"Yara Mila Complex"},"content":{"rendered":"<p>Composici\u00f3n:<\/p>\n<ul>\n<li>Nitr\u00f3geno (N) total: 12%<\/li>\n<li>Nitr\u00f3geno (N) N\u00edtrico: 5%<\/li>\n<li>Nitr\u00f3geno (N) Amoniacal: 7%<\/li>\n<li>Pent\u00f3xido de F\u00f3sforo (P2O5): 11% (Soluble en agua y Citrato Am\u00f3nico)<\/li>\n<li>Pent\u00f3xido de F\u00f3sforo (P2O5): 8% (Soluble en agua)<\/li>\n<li>\u00d3xido de Magnesio Total (MgO): 2.7%<\/li>\n<li>\u00d3xido  de Potasa (K2O): 18% (Soluble en agua)<\/li>\n<li>Tri\u00f3xido de Azufre (SO3): 20% (Soluble en agua)<\/li>\n<li>Manganeso (Mn): 0.02% (Soluble en agua)<\/li>\n<li>Boro (B) Total: 0.015%<\/li>\n<li>Hierro (Fe) Total: 0.2%<\/li>\n<li>Zinc (Zn) Total: 0.02%<\/li>\n<\/ul>\n","protected":false},"excerpt":{"rendered":"<p>YARA MILA COMPLEX aporta un abonado NPK equilibrado, rico en elementos nutritivos y de muy bajo contenido en Cloro. Su r\u00e1pida solubilidad, permite su uso tanto en abonado de sementera como de cobertera. La proporci\u00f3n equilibrada de Nitr\u00f3geno N\u00edtrico y Nitr\u00f3geno Amoniacal, acompa\u00f1a el crecimiento de las plantas en diversas fases. Su contenido en polifosfatos asegura una asimilaci\u00f3n de larga duraci\u00f3n del F\u00f3sforo por parte de las plantas. <\/p>\n<p style=\"text-align: center;\">\n","protected":false},"featured_media":2816,"template":"","meta":[],"product_brand":[],"product_cat":[86,89],"product_tag":[],"class_list":{"0":"post-3941","1":"product","2":"type-product","3":"status-publish","4":"has-post-thumbnail","6":"product_cat-abonos","7":"product_cat-abonos-especiales","9":"first","10":"instock","11":"shipping-taxable","12":"product-type-simple"},"yoast_head":"<!-- This site is optimized with the Yoast SEO plugin v27.4 - https:\/\/yoast.com\/product\/yoast-seo-wordpress\/ -->\n<title>Yara Mila Complex - M. Cazorla<\/title>\n<meta name=\"robots\" content=\"index, follow, max-snippet:-1, max-image-preview:large, max-video-preview:-1\" \/>\n<link rel=\"canonical\" href=\"https:\/\/mcazorla.com\/es\/producte\/yara-mila-complex\/\" \/>\n<meta property=\"og:locale\" content=\"es_ES\" \/>\n<meta property=\"og:type\" content=\"article\" \/>\n<meta property=\"og:title\" content=\"Yara Mila Complex - M. Cazorla\" \/>\n<meta property=\"og:description\" content=\"YARA MILA COMPLEX aporta un abonado NPK equilibrado, rico en elementos nutritivos y de muy bajo contenido en Cloro. Su r\u00e1pida solubilidad, permite su uso tanto en abonado de sementera como de cobertera. La proporci\u00f3n equilibrada de Nitr\u00f3geno N\u00edtrico y Nitr\u00f3geno Amoniacal, acompa\u00f1a el crecimiento de las plantas en diversas fases. Su contenido en polifosfatos asegura una asimilaci\u00f3n de larga duraci\u00f3n del F\u00f3sforo por parte de las plantas.\" \/>\n<meta property=\"og:url\" content=\"https:\/\/mcazorla.com\/es\/producte\/yara-mila-complex\/\" \/>\n<meta property=\"og:site_name\" content=\"M. Cazorla\" \/>\n<meta property=\"article:modified_time\" content=\"2022-02-23T15:05:13+00:00\" \/>\n<meta property=\"og:image\" content=\"https:\/\/mcazorla.com\/wp-content\/uploads\/2021\/12\/img-productes-yara-mila.jpg\" \/>\n\t<meta property=\"og:image:width\" content=\"500\" \/>\n\t<meta property=\"og:image:height\" content=\"500\" \/>\n\t<meta property=\"og:image:type\" content=\"image\/jpeg\" \/>\n<meta name=\"twitter:card\" content=\"summary_large_image\" \/>\n<meta name=\"twitter:label1\" content=\"Tiempo de lectura\" \/>\n\t<meta name=\"twitter:data1\" content=\"1 minuto\" \/>\n<script type=\"application\/ld+json\" class=\"yoast-schema-graph\">{\"@context\":\"https:\\\/\\\/schema.org\",\"@graph\":[{\"@type\":\"WebPage\",\"@id\":\"https:\\\/\\\/mcazorla.com\\\/es\\\/producte\\\/yara-mila-complex\\\/\",\"url\":\"https:\\\/\\\/mcazorla.com\\\/es\\\/producte\\\/yara-mila-complex\\\/\",\"name\":\"Yara Mila Complex - M. Cazorla\",\"isPartOf\":{\"@id\":\"https:\\\/\\\/mcazorla.com\\\/#website\"},\"primaryImageOfPage\":{\"@id\":\"https:\\\/\\\/mcazorla.com\\\/es\\\/producte\\\/yara-mila-complex\\\/#primaryimage\"},\"image\":{\"@id\":\"https:\\\/\\\/mcazorla.com\\\/es\\\/producte\\\/yara-mila-complex\\\/#primaryimage\"},\"thumbnailUrl\":\"https:\\\/\\\/mcazorla.com\\\/wp-content\\\/uploads\\\/2021\\\/12\\\/img-productes-yara-mila.jpg\",\"datePublished\":\"2021-12-28T14:44:38+00:00\",\"dateModified\":\"2022-02-23T15:05:13+00:00\",\"breadcrumb\":{\"@id\":\"https:\\\/\\\/mcazorla.com\\\/es\\\/producte\\\/yara-mila-complex\\\/#breadcrumb\"},\"inLanguage\":\"es\",\"potentialAction\":[{\"@type\":\"ReadAction\",\"target\":[\"https:\\\/\\\/mcazorla.com\\\/es\\\/producte\\\/yara-mila-complex\\\/\"]}]},{\"@type\":\"ImageObject\",\"inLanguage\":\"es\",\"@id\":\"https:\\\/\\\/mcazorla.com\\\/es\\\/producte\\\/yara-mila-complex\\\/#primaryimage\",\"url\":\"https:\\\/\\\/mcazorla.com\\\/wp-content\\\/uploads\\\/2021\\\/12\\\/img-productes-yara-mila.jpg\",\"contentUrl\":\"https:\\\/\\\/mcazorla.com\\\/wp-content\\\/uploads\\\/2021\\\/12\\\/img-productes-yara-mila.jpg\",\"width\":500,\"height\":500},{\"@type\":\"BreadcrumbList\",\"@id\":\"https:\\\/\\\/mcazorla.com\\\/es\\\/producte\\\/yara-mila-complex\\\/#breadcrumb\",\"itemListElement\":[{\"@type\":\"ListItem\",\"position\":1,\"name\":\"Portada\",\"item\":\"https:\\\/\\\/mcazorla.com\\\/es\\\/\"},{\"@type\":\"ListItem\",\"position\":2,\"name\":\"Productes\",\"item\":\"https:\\\/\\\/mcazorla.com\\\/productes\\\/\"},{\"@type\":\"ListItem\",\"position\":3,\"name\":\"Yara Mila Complex\"}]},{\"@type\":\"WebSite\",\"@id\":\"https:\\\/\\\/mcazorla.com\\\/#website\",\"url\":\"https:\\\/\\\/mcazorla.com\\\/\",\"name\":\"M. Cazorla\",\"description\":\"Comercialitzaci\u00f3 de llavors, fertilizants, adobs ,fitosanitaris i cereals.\",\"potentialAction\":[{\"@type\":\"SearchAction\",\"target\":{\"@type\":\"EntryPoint\",\"urlTemplate\":\"https:\\\/\\\/mcazorla.com\\\/?s={search_term_string}\"},\"query-input\":{\"@type\":\"PropertyValueSpecification\",\"valueRequired\":true,\"valueName\":\"search_term_string\"}}],\"inLanguage\":\"es\"}]}<\/script>\n<!-- \/ Yoast SEO plugin. -->","yoast_head_json":{"title":"Yara Mila Complex - M. Cazorla","robots":{"index":"index","follow":"follow","max-snippet":"max-snippet:-1","max-image-preview":"max-image-preview:large","max-video-preview":"max-video-preview:-1"},"canonical":"https:\/\/mcazorla.com\/es\/producte\/yara-mila-complex\/","og_locale":"es_ES","og_type":"article","og_title":"Yara Mila Complex - M. Cazorla","og_description":"YARA MILA COMPLEX aporta un abonado NPK equilibrado, rico en elementos nutritivos y de muy bajo contenido en Cloro. Su r\u00e1pida solubilidad, permite su uso tanto en abonado de sementera como de cobertera. La proporci\u00f3n equilibrada de Nitr\u00f3geno N\u00edtrico y Nitr\u00f3geno Amoniacal, acompa\u00f1a el crecimiento de las plantas en diversas fases. Su contenido en polifosfatos asegura una asimilaci\u00f3n de larga duraci\u00f3n del F\u00f3sforo por parte de las plantas.","og_url":"https:\/\/mcazorla.com\/es\/producte\/yara-mila-complex\/","og_site_name":"M. Cazorla","article_modified_time":"2022-02-23T15:05:13+00:00","og_image":[{"width":500,"height":500,"url":"https:\/\/mcazorla.com\/wp-content\/uploads\/2021\/12\/img-productes-yara-mila.jpg","type":"image\/jpeg"}],"twitter_card":"summary_large_image","twitter_misc":{"Tiempo de lectura":"1 minuto"},"schema":{"@context":"https:\/\/schema.org","@graph":[{"@type":"WebPage","@id":"https:\/\/mcazorla.com\/es\/producte\/yara-mila-complex\/","url":"https:\/\/mcazorla.com\/es\/producte\/yara-mila-complex\/","name":"Yara Mila Complex - M. Cazorla","isPartOf":{"@id":"https:\/\/mcazorla.com\/#website"},"primaryImageOfPage":{"@id":"https:\/\/mcazorla.com\/es\/producte\/yara-mila-complex\/#primaryimage"},"image":{"@id":"https:\/\/mcazorla.com\/es\/producte\/yara-mila-complex\/#primaryimage"},"thumbnailUrl":"https:\/\/mcazorla.com\/wp-content\/uploads\/2021\/12\/img-productes-yara-mila.jpg","datePublished":"2021-12-28T14:44:38+00:00","dateModified":"2022-02-23T15:05:13+00:00","breadcrumb":{"@id":"https:\/\/mcazorla.com\/es\/producte\/yara-mila-complex\/#breadcrumb"},"inLanguage":"es","potentialAction":[{"@type":"ReadAction","target":["https:\/\/mcazorla.com\/es\/producte\/yara-mila-complex\/"]}]},{"@type":"ImageObject","inLanguage":"es","@id":"https:\/\/mcazorla.com\/es\/producte\/yara-mila-complex\/#primaryimage","url":"https:\/\/mcazorla.com\/wp-content\/uploads\/2021\/12\/img-productes-yara-mila.jpg","contentUrl":"https:\/\/mcazorla.com\/wp-content\/uploads\/2021\/12\/img-productes-yara-mila.jpg","width":500,"height":500},{"@type":"BreadcrumbList","@id":"https:\/\/mcazorla.com\/es\/producte\/yara-mila-complex\/#breadcrumb","itemListElement":[{"@type":"ListItem","position":1,"name":"Portada","item":"https:\/\/mcazorla.com\/es\/"},{"@type":"ListItem","position":2,"name":"Productes","item":"https:\/\/mcazorla.com\/productes\/"},{"@type":"ListItem","position":3,"name":"Yara Mila Complex"}]},{"@type":"WebSite","@id":"https:\/\/mcazorla.com\/#website","url":"https:\/\/mcazorla.com\/","name":"M. Cazorla","description":"Comercialitzaci\u00f3 de llavors, fertilizants, adobs ,fitosanitaris i cereals.","potentialAction":[{"@type":"SearchAction","target":{"@type":"EntryPoint","urlTemplate":"https:\/\/mcazorla.com\/?s={search_term_string}"},"query-input":{"@type":"PropertyValueSpecification","valueRequired":true,"valueName":"search_term_string"}}],"inLanguage":"es"}]}},"_links":{"self":[{"href":"https:\/\/mcazorla.com\/es\/wp-json\/wp\/v2\/product\/3941","targetHints":{"allow":["GET"]}}],"collection":[{"href":"https:\/\/mcazorla.com\/es\/wp-json\/wp\/v2\/product"}],"about":[{"href":"https:\/\/mcazorla.com\/es\/wp-json\/wp\/v2\/types\/product"}],"wp:featuredmedia":[{"embeddable":true,"href":"https:\/\/mcazorla.com\/es\/wp-json\/wp\/v2\/media\/2816"}],"wp:attachment":[{"href":"https:\/\/mcazorla.com\/es\/wp-json\/wp\/v2\/media?parent=3941"}],"wp:term":[{"taxonomy":"product_brand","embeddable":true,"href":"https:\/\/mcazorla.com\/es\/wp-json\/wp\/v2\/product_brand?post=3941"},{"taxonomy":"product_cat","embeddable":true,"href":"https:\/\/mcazorla.com\/es\/wp-json\/wp\/v2\/product_cat?post=3941"},{"taxonomy":"product_tag","embeddable":true,"href":"https:\/\/mcazorla.com\/es\/wp-json\/wp\/v2\/product_tag?post=3941"}],"curies":[{"name":"wp","href":"https:\/\/api.w.org\/{rel}","templated":true}]}}