{"id":3946,"date":"2021-12-28T14:42:25","date_gmt":"2021-12-28T14:42:25","guid":{"rendered":"https:\/\/mcazorla.com\/producto\/nergetic-30\/"},"modified":"2022-02-23T15:16:58","modified_gmt":"2022-02-23T15:16:58","slug":"nergetic-30","status":"publish","type":"product","link":"https:\/\/mcazorla.com\/es\/producte\/nergetic-30\/","title":{"rendered":"NERGETIC 30"},"content":{"rendered":"<p>Composici\u00f3n:<\/p>\n<ul>\n<li>Nitr\u00f3geno (N) Amoniacal: 12%<\/li>\n<li>Nitr\u00f3geno (N) Ur\u00e9ico: 18%<\/li>\n<li>Magnesio (MgO): 2%<\/li>\n<li>Azufre (SO3) Soluble en agua: 25%<\/li>\n<\/ul>\n","protected":false},"excerpt":{"rendered":"<p>Abono con teconolog\u00eda molecular exclusiva y protecci\u00f3n especial, la cu\u00e1l permite liberar de forma gradual los nutrientes durante un largo periodo de tiempo. seg\u00fan las necesidades de la planta ; Inhible la volatilizaci\u00f3n del nitr\u00f3geno y proporciona un excelente desarrollo radicular y vegetativo de los cultivos. <\/p>\n<table border=\"1\" cellspacing=\"0\" cellpadding=\"0\" align=\"left\">\n<tbody>\n<tr>\n<td valign=\"top\" width=\"225\">\n<p style=\"text-align: center;\">CULTIvo<\/p>\n<\/td>\n<td valign=\"top\" width=\"283\">\n<p align=\"center\">DOSIS<\/p>\n<\/td>\n<\/tr>\n<tr>\n<td valign=\"top\" width=\"225\">\n<p style=\"text-align: center;\">Arroz<\/p>\n<\/td>\n<td valign=\"top\" width=\"283\">\n<p align=\"center\">150-200<\/p>\n<\/td>\n<\/tr>\n<tr>\n<td valign=\"top\" width=\"225\">\n<p style=\"text-align: center;\">Cereales (Invierno-verano)<\/p>\n<\/td>\n<td valign=\"top\" width=\"283\">\n<p align=\"center\">150-350<\/p>\n<\/td>\n<\/tr>\n<tr>\n<td valign=\"top\" width=\"225\">\n<p style=\"text-align: center;\">Maiz<\/p>\n<\/td>\n<td valign=\"top\" width=\"283\">\n<p align=\"center\">300-600<\/p>\n<\/td>\n<\/tr>\n<tr>\n<td valign=\"top\" width=\"225\">\n<p style=\"text-align: center;\">Forrajes<\/p>\n<\/td>\n<td valign=\"top\" width=\"283\">\n<p align=\"center\">150-250<\/p>\n<\/td>\n<\/tr>\n<tr>\n<td valign=\"top\" width=\"225\">\n<p style=\"text-align: center;\">Patata<\/p>\n<\/td>\n<td valign=\"top\" width=\"283\">\n<p align=\"center\">150-300<\/p>\n<\/td>\n<\/tr>\n<tr>\n<td valign=\"top\" width=\"225\">\n<p style=\"text-align: center;\">Huerta general<\/p>\n<\/td>\n<td valign=\"top\" width=\"283\">\n<p align=\"center\">125-350<\/p>\n<\/td>\n<\/tr>\n<tr>\n<td valign=\"top\" width=\"225\">\n<p style=\"text-align: center;\">Oliveras<\/p>\n<\/td>\n<td valign=\"top\" width=\"283\">\n<p align=\"center\">150-250<\/p>\n<\/td>\n<\/tr>\n<tr>\n<td valign=\"top\" width=\"225\">\n<p style=\"text-align: center;\">Frutales<\/p>\n<\/td>\n<td valign=\"top\" width=\"283\">\n<p align=\"center\">100-250<\/p>\n<\/td>\n<\/tr>\n<tr>\n<td valign=\"top\" width=\"225\">\n<p style=\"text-align: center;\">Vi\u00f1a<\/p>\n<\/td>\n<td valign=\"top\" width=\"283\">\n<p align=\"center\">100-150<\/p>\n<\/td>\n<\/tr>\n<\/tbody>\n<\/table>\n<p style=\"text-align: center;\">\n","protected":false},"featured_media":3968,"template":"","meta":[],"product_brand":[],"product_cat":[86,88],"product_tag":[],"class_list":{"0":"post-3946","1":"product","2":"type-product","3":"status-publish","4":"has-post-thumbnail","6":"product_cat-abonos","7":"product_cat-abonos-liberacion-lenta","9":"first","10":"instock","11":"shipping-taxable","12":"product-type-simple"},"yoast_head":"<!-- This site is optimized with the Yoast SEO plugin v27.3 - https:\/\/yoast.com\/product\/yoast-seo-wordpress\/ -->\n<title>NERGETIC 30 - M. Cazorla<\/title>\n<meta name=\"robots\" content=\"index, follow, max-snippet:-1, max-image-preview:large, max-video-preview:-1\" \/>\n<link rel=\"canonical\" href=\"https:\/\/mcazorla.com\/es\/producte\/nergetic-30\/\" \/>\n<meta property=\"og:locale\" content=\"es_ES\" \/>\n<meta property=\"og:type\" content=\"article\" \/>\n<meta property=\"og:title\" content=\"NERGETIC 30 - M. Cazorla\" \/>\n<meta property=\"og:description\" content=\"Abono con teconolog\u00eda molecular exclusiva y protecci\u00f3n especial, la cu\u00e1l permite liberar de forma gradual los nutrientes durante un largo periodo de tiempo. seg\u00fan las necesidades de la planta ; Inhible la volatilizaci\u00f3n del nitr\u00f3geno y proporciona un excelente desarrollo radicular y vegetativo de los cultivos.      CULTIvo   DOSIS     Arroz   150-200     Cereales (Invierno-verano)   150-350     Maiz   300-600     Forrajes   150-250     Patata   150-300     Huerta general   125-350     Oliveras   150-250     Frutales   100-250     Vi\u00f1a   100-150\" \/>\n<meta property=\"og:url\" content=\"https:\/\/mcazorla.com\/es\/producte\/nergetic-30\/\" \/>\n<meta property=\"og:site_name\" content=\"M. Cazorla\" \/>\n<meta property=\"article:modified_time\" content=\"2022-02-23T15:16:58+00:00\" \/>\n<meta property=\"og:image\" content=\"https:\/\/mcazorla.com\/wp-content\/uploads\/2021\/12\/img-productes-no-producte.jpg\" \/>\n\t<meta property=\"og:image:width\" content=\"500\" \/>\n\t<meta property=\"og:image:height\" content=\"386\" \/>\n\t<meta property=\"og:image:type\" content=\"image\/jpeg\" \/>\n<meta name=\"twitter:card\" content=\"summary_large_image\" \/>\n<meta name=\"twitter:label1\" content=\"Tiempo de lectura\" \/>\n\t<meta name=\"twitter:data1\" content=\"1 minuto\" \/>\n<script type=\"application\/ld+json\" class=\"yoast-schema-graph\">{\"@context\":\"https:\\\/\\\/schema.org\",\"@graph\":[{\"@type\":\"WebPage\",\"@id\":\"https:\\\/\\\/mcazorla.com\\\/es\\\/producte\\\/nergetic-30\\\/\",\"url\":\"https:\\\/\\\/mcazorla.com\\\/es\\\/producte\\\/nergetic-30\\\/\",\"name\":\"NERGETIC 30 - M. Cazorla\",\"isPartOf\":{\"@id\":\"https:\\\/\\\/mcazorla.com\\\/#website\"},\"primaryImageOfPage\":{\"@id\":\"https:\\\/\\\/mcazorla.com\\\/es\\\/producte\\\/nergetic-30\\\/#primaryimage\"},\"image\":{\"@id\":\"https:\\\/\\\/mcazorla.com\\\/es\\\/producte\\\/nergetic-30\\\/#primaryimage\"},\"thumbnailUrl\":\"https:\\\/\\\/mcazorla.com\\\/wp-content\\\/uploads\\\/2021\\\/12\\\/img-productes-no-producte.jpg\",\"datePublished\":\"2021-12-28T14:42:25+00:00\",\"dateModified\":\"2022-02-23T15:16:58+00:00\",\"breadcrumb\":{\"@id\":\"https:\\\/\\\/mcazorla.com\\\/es\\\/producte\\\/nergetic-30\\\/#breadcrumb\"},\"inLanguage\":\"es\",\"potentialAction\":[{\"@type\":\"ReadAction\",\"target\":[\"https:\\\/\\\/mcazorla.com\\\/es\\\/producte\\\/nergetic-30\\\/\"]}]},{\"@type\":\"ImageObject\",\"inLanguage\":\"es\",\"@id\":\"https:\\\/\\\/mcazorla.com\\\/es\\\/producte\\\/nergetic-30\\\/#primaryimage\",\"url\":\"https:\\\/\\\/mcazorla.com\\\/wp-content\\\/uploads\\\/2021\\\/12\\\/img-productes-no-producte.jpg\",\"contentUrl\":\"https:\\\/\\\/mcazorla.com\\\/wp-content\\\/uploads\\\/2021\\\/12\\\/img-productes-no-producte.jpg\",\"width\":500,\"height\":386},{\"@type\":\"BreadcrumbList\",\"@id\":\"https:\\\/\\\/mcazorla.com\\\/es\\\/producte\\\/nergetic-30\\\/#breadcrumb\",\"itemListElement\":[{\"@type\":\"ListItem\",\"position\":1,\"name\":\"Portada\",\"item\":\"https:\\\/\\\/mcazorla.com\\\/es\\\/\"},{\"@type\":\"ListItem\",\"position\":2,\"name\":\"Productes\",\"item\":\"https:\\\/\\\/mcazorla.com\\\/productes\\\/\"},{\"@type\":\"ListItem\",\"position\":3,\"name\":\"NERGETIC 30\"}]},{\"@type\":\"WebSite\",\"@id\":\"https:\\\/\\\/mcazorla.com\\\/#website\",\"url\":\"https:\\\/\\\/mcazorla.com\\\/\",\"name\":\"M. Cazorla\",\"description\":\"Comercialitzaci\u00f3 de llavors, fertilizants, adobs ,fitosanitaris i cereals.\",\"potentialAction\":[{\"@type\":\"SearchAction\",\"target\":{\"@type\":\"EntryPoint\",\"urlTemplate\":\"https:\\\/\\\/mcazorla.com\\\/?s={search_term_string}\"},\"query-input\":{\"@type\":\"PropertyValueSpecification\",\"valueRequired\":true,\"valueName\":\"search_term_string\"}}],\"inLanguage\":\"es\"}]}<\/script>\n<!-- \/ Yoast SEO plugin. -->","yoast_head_json":{"title":"NERGETIC 30 - M. Cazorla","robots":{"index":"index","follow":"follow","max-snippet":"max-snippet:-1","max-image-preview":"max-image-preview:large","max-video-preview":"max-video-preview:-1"},"canonical":"https:\/\/mcazorla.com\/es\/producte\/nergetic-30\/","og_locale":"es_ES","og_type":"article","og_title":"NERGETIC 30 - M. Cazorla","og_description":"Abono con teconolog\u00eda molecular exclusiva y protecci\u00f3n especial, la cu\u00e1l permite liberar de forma gradual los nutrientes durante un largo periodo de tiempo. seg\u00fan las necesidades de la planta ; Inhible la volatilizaci\u00f3n del nitr\u00f3geno y proporciona un excelente desarrollo radicular y vegetativo de los cultivos.      CULTIvo   DOSIS     Arroz   150-200     Cereales (Invierno-verano)   150-350     Maiz   300-600     Forrajes   150-250     Patata   150-300     Huerta general   125-350     Oliveras   150-250     Frutales   100-250     Vi\u00f1a   100-150","og_url":"https:\/\/mcazorla.com\/es\/producte\/nergetic-30\/","og_site_name":"M. Cazorla","article_modified_time":"2022-02-23T15:16:58+00:00","og_image":[{"width":500,"height":386,"url":"https:\/\/mcazorla.com\/wp-content\/uploads\/2021\/12\/img-productes-no-producte.jpg","type":"image\/jpeg"}],"twitter_card":"summary_large_image","twitter_misc":{"Tiempo de lectura":"1 minuto"},"schema":{"@context":"https:\/\/schema.org","@graph":[{"@type":"WebPage","@id":"https:\/\/mcazorla.com\/es\/producte\/nergetic-30\/","url":"https:\/\/mcazorla.com\/es\/producte\/nergetic-30\/","name":"NERGETIC 30 - M. Cazorla","isPartOf":{"@id":"https:\/\/mcazorla.com\/#website"},"primaryImageOfPage":{"@id":"https:\/\/mcazorla.com\/es\/producte\/nergetic-30\/#primaryimage"},"image":{"@id":"https:\/\/mcazorla.com\/es\/producte\/nergetic-30\/#primaryimage"},"thumbnailUrl":"https:\/\/mcazorla.com\/wp-content\/uploads\/2021\/12\/img-productes-no-producte.jpg","datePublished":"2021-12-28T14:42:25+00:00","dateModified":"2022-02-23T15:16:58+00:00","breadcrumb":{"@id":"https:\/\/mcazorla.com\/es\/producte\/nergetic-30\/#breadcrumb"},"inLanguage":"es","potentialAction":[{"@type":"ReadAction","target":["https:\/\/mcazorla.com\/es\/producte\/nergetic-30\/"]}]},{"@type":"ImageObject","inLanguage":"es","@id":"https:\/\/mcazorla.com\/es\/producte\/nergetic-30\/#primaryimage","url":"https:\/\/mcazorla.com\/wp-content\/uploads\/2021\/12\/img-productes-no-producte.jpg","contentUrl":"https:\/\/mcazorla.com\/wp-content\/uploads\/2021\/12\/img-productes-no-producte.jpg","width":500,"height":386},{"@type":"BreadcrumbList","@id":"https:\/\/mcazorla.com\/es\/producte\/nergetic-30\/#breadcrumb","itemListElement":[{"@type":"ListItem","position":1,"name":"Portada","item":"https:\/\/mcazorla.com\/es\/"},{"@type":"ListItem","position":2,"name":"Productes","item":"https:\/\/mcazorla.com\/productes\/"},{"@type":"ListItem","position":3,"name":"NERGETIC 30"}]},{"@type":"WebSite","@id":"https:\/\/mcazorla.com\/#website","url":"https:\/\/mcazorla.com\/","name":"M. Cazorla","description":"Comercialitzaci\u00f3 de llavors, fertilizants, adobs ,fitosanitaris i cereals.","potentialAction":[{"@type":"SearchAction","target":{"@type":"EntryPoint","urlTemplate":"https:\/\/mcazorla.com\/?s={search_term_string}"},"query-input":{"@type":"PropertyValueSpecification","valueRequired":true,"valueName":"search_term_string"}}],"inLanguage":"es"}]}},"_links":{"self":[{"href":"https:\/\/mcazorla.com\/es\/wp-json\/wp\/v2\/product\/3946","targetHints":{"allow":["GET"]}}],"collection":[{"href":"https:\/\/mcazorla.com\/es\/wp-json\/wp\/v2\/product"}],"about":[{"href":"https:\/\/mcazorla.com\/es\/wp-json\/wp\/v2\/types\/product"}],"wp:featuredmedia":[{"embeddable":true,"href":"https:\/\/mcazorla.com\/es\/wp-json\/wp\/v2\/media\/3968"}],"wp:attachment":[{"href":"https:\/\/mcazorla.com\/es\/wp-json\/wp\/v2\/media?parent=3946"}],"wp:term":[{"taxonomy":"product_brand","embeddable":true,"href":"https:\/\/mcazorla.com\/es\/wp-json\/wp\/v2\/product_brand?post=3946"},{"taxonomy":"product_cat","embeddable":true,"href":"https:\/\/mcazorla.com\/es\/wp-json\/wp\/v2\/product_cat?post=3946"},{"taxonomy":"product_tag","embeddable":true,"href":"https:\/\/mcazorla.com\/es\/wp-json\/wp\/v2\/product_tag?post=3946"}],"curies":[{"name":"wp","href":"https:\/\/api.w.org\/{rel}","templated":true}]}}