{"id":3952,"date":"2021-12-28T14:39:42","date_gmt":"2021-12-28T14:39:42","guid":{"rendered":"https:\/\/mcazorla.com\/producto\/nergetic-18-8-6\/"},"modified":"2022-02-24T12:59:34","modified_gmt":"2022-02-24T12:59:34","slug":"nergetic-18-8-6","status":"publish","type":"product","link":"https:\/\/mcazorla.com\/es\/producte\/nergetic-18-8-6\/","title":{"rendered":"NERGETIC 18-8-6"},"content":{"rendered":"<p>Composici\u00f3n:<\/p>\n<ul>\n<li>Nitr\u00f3geno N\u00edtrico: 2.5%<\/li>\n<li>Nitr\u00f3geno amoniacal: 15.5%<\/li>\n<li>\u00d3xido de F\u00f3sforo: 8%<\/li>\n<li>\u00d3xido de Potasa: 6%+ Azufre: 25%<\/li>\n<\/ul>\n","protected":false},"excerpt":{"rendered":"<p>Abono con tecnolog\u00eda molecular exclusiva y protecci\u00f3n especial, la cu\u00e1l permite la liberaci\u00f3n gradual de los nutrientes durante un largo periodo de tiempo, seg\u00fan las necesidades de la planta ; inhibe la volatilizaci\u00f3n del nitr\u00f3geno y proporciona un excelente desarrollo radicular y vegetativo de los cultivos.<\/p>\n<table border=\"1\" cellspacing=\"0\" cellpadding=\"0\" align=\"left\">\n<tbody>\n<tr>\n<td valign=\"top\" width=\"225\">\n<p align=\"center\"><strong>CULTIVO<\/strong><\/p>\n<\/td>\n<td valign=\"top\" width=\"283\">\n<p align=\"center\"><strong>DOSIS\u00a0 (Kg\/Ha)<\/strong><\/p>\n<\/td>\n<\/tr>\n<tr>\n<td valign=\"top\" width=\"225\">\n<p style=\"text-align: center;\">Arroz<\/p>\n<\/td>\n<td valign=\"top\" width=\"283\">\n<p align=\"center\">**<\/p>\n<\/td>\n<\/tr>\n<tr>\n<td valign=\"top\" width=\"225\">\n<p style=\"text-align: center;\">Cereales (Invierno-verano)<\/p>\n<\/td>\n<td valign=\"top\" width=\"283\">\n<p align=\"center\">400-750<\/p>\n<\/td>\n<\/tr>\n<tr>\n<td valign=\"top\" width=\"225\">\n<p style=\"text-align: center;\">Ma\u00edz<\/p>\n<\/td>\n<td valign=\"top\" width=\"283\">\n<p align=\"center\">650-1450<\/p>\n<\/td>\n<\/tr>\n<tr>\n<td valign=\"top\" width=\"225\">\n<p style=\"text-align: center;\">Forrajes<\/p>\n<\/td>\n<td valign=\"top\" width=\"283\">\n<p align=\"center\">450-600<\/p>\n<\/td>\n<\/tr>\n<tr>\n<td valign=\"top\" width=\"225\">\n<p style=\"text-align: center;\">Patata<\/p>\n<\/td>\n<td valign=\"top\" width=\"283\">\n<p align=\"center\">800-1150<\/p>\n<\/td>\n<\/tr>\n<tr>\n<td valign=\"top\" width=\"225\">\n<p style=\"text-align: center;\">Huerta general<\/p>\n<\/td>\n<td valign=\"top\" width=\"283\">\n<p align=\"center\">550-1100<\/p>\n<\/td>\n<\/tr>\n<tr>\n<td valign=\"top\" width=\"225\">\n<p style=\"text-align: center;\">Oliveras<\/p>\n<\/td>\n<td valign=\"top\" width=\"283\">\n<p align=\"center\">250-450<\/p>\n<\/td>\n<\/tr>\n<tr>\n<td valign=\"top\" width=\"225\">\n<p style=\"text-align: center;\">Frutales<\/p>\n<\/td>\n<td valign=\"top\" width=\"283\">\n<p align=\"center\">350-450<\/p>\n<\/td>\n<\/tr>\n<tr>\n<td valign=\"top\" width=\"225\">\n<p style=\"text-align: center;\">Vi\u00f1a<\/p>\n<\/td>\n<td valign=\"top\" width=\"283\">\n<p align=\"center\">150-300<\/p>\n<\/td>\n<\/tr>\n<tr>\n<td valign=\"top\" width=\"225\">\n<p style=\"text-align: center;\">Ma\u00edz (Forrajero-silo)<\/p>\n<\/td>\n<td valign=\"top\" width=\"283\">\n<p align=\"center\">450-650<\/p>\n<\/td>\n<\/tr>\n<\/tbody>\n<\/table>\n<p style=\"text-align: center;\">\n","protected":false},"featured_media":3968,"template":"","meta":[],"product_brand":[],"product_cat":[86,88],"product_tag":[],"class_list":{"0":"post-3952","1":"product","2":"type-product","3":"status-publish","4":"has-post-thumbnail","6":"product_cat-abonos","7":"product_cat-abonos-liberacion-lenta","9":"first","10":"instock","11":"shipping-taxable","12":"product-type-simple"},"yoast_head":"<!-- This site is optimized with the Yoast SEO plugin v27.4 - https:\/\/yoast.com\/product\/yoast-seo-wordpress\/ -->\n<title>NERGETIC 18-8-6 - M. Cazorla<\/title>\n<meta name=\"robots\" content=\"index, follow, max-snippet:-1, max-image-preview:large, max-video-preview:-1\" \/>\n<link rel=\"canonical\" href=\"https:\/\/mcazorla.com\/es\/producte\/nergetic-18-8-6\/\" \/>\n<meta property=\"og:locale\" content=\"es_ES\" \/>\n<meta property=\"og:type\" content=\"article\" \/>\n<meta property=\"og:title\" content=\"NERGETIC 18-8-6 - M. Cazorla\" \/>\n<meta property=\"og:description\" content=\"Abono con tecnolog\u00eda molecular exclusiva y protecci\u00f3n especial, la cu\u00e1l permite la liberaci\u00f3n gradual de los nutrientes durante un largo periodo de tiempo, seg\u00fan las necesidades de la planta ; inhibe la volatilizaci\u00f3n del nitr\u00f3geno y proporciona un excelente desarrollo radicular y vegetativo de los cultivos.     CULTIVO   DOSIS\u00a0 (Kg\/Ha)     Arroz   **     Cereales (Invierno-verano)   400-750     Ma\u00edz   650-1450     Forrajes   450-600     Patata   800-1150     Huerta general   550-1100     Oliveras   250-450     Frutales   350-450     Vi\u00f1a   150-300     Ma\u00edz (Forrajero-silo)   450-650\" \/>\n<meta property=\"og:url\" content=\"https:\/\/mcazorla.com\/es\/producte\/nergetic-18-8-6\/\" \/>\n<meta property=\"og:site_name\" content=\"M. Cazorla\" \/>\n<meta property=\"article:modified_time\" content=\"2022-02-24T12:59:34+00:00\" \/>\n<meta property=\"og:image\" content=\"https:\/\/mcazorla.com\/wp-content\/uploads\/2021\/12\/img-productes-no-producte.jpg\" \/>\n\t<meta property=\"og:image:width\" content=\"500\" \/>\n\t<meta property=\"og:image:height\" content=\"386\" \/>\n\t<meta property=\"og:image:type\" content=\"image\/jpeg\" \/>\n<meta name=\"twitter:card\" content=\"summary_large_image\" \/>\n<meta name=\"twitter:label1\" content=\"Tiempo de lectura\" \/>\n\t<meta name=\"twitter:data1\" content=\"1 minuto\" \/>\n<script type=\"application\/ld+json\" class=\"yoast-schema-graph\">{\"@context\":\"https:\\\/\\\/schema.org\",\"@graph\":[{\"@type\":\"WebPage\",\"@id\":\"https:\\\/\\\/mcazorla.com\\\/es\\\/producte\\\/nergetic-18-8-6\\\/\",\"url\":\"https:\\\/\\\/mcazorla.com\\\/es\\\/producte\\\/nergetic-18-8-6\\\/\",\"name\":\"NERGETIC 18-8-6 - M. Cazorla\",\"isPartOf\":{\"@id\":\"https:\\\/\\\/mcazorla.com\\\/#website\"},\"primaryImageOfPage\":{\"@id\":\"https:\\\/\\\/mcazorla.com\\\/es\\\/producte\\\/nergetic-18-8-6\\\/#primaryimage\"},\"image\":{\"@id\":\"https:\\\/\\\/mcazorla.com\\\/es\\\/producte\\\/nergetic-18-8-6\\\/#primaryimage\"},\"thumbnailUrl\":\"https:\\\/\\\/mcazorla.com\\\/wp-content\\\/uploads\\\/2021\\\/12\\\/img-productes-no-producte.jpg\",\"datePublished\":\"2021-12-28T14:39:42+00:00\",\"dateModified\":\"2022-02-24T12:59:34+00:00\",\"breadcrumb\":{\"@id\":\"https:\\\/\\\/mcazorla.com\\\/es\\\/producte\\\/nergetic-18-8-6\\\/#breadcrumb\"},\"inLanguage\":\"es\",\"potentialAction\":[{\"@type\":\"ReadAction\",\"target\":[\"https:\\\/\\\/mcazorla.com\\\/es\\\/producte\\\/nergetic-18-8-6\\\/\"]}]},{\"@type\":\"ImageObject\",\"inLanguage\":\"es\",\"@id\":\"https:\\\/\\\/mcazorla.com\\\/es\\\/producte\\\/nergetic-18-8-6\\\/#primaryimage\",\"url\":\"https:\\\/\\\/mcazorla.com\\\/wp-content\\\/uploads\\\/2021\\\/12\\\/img-productes-no-producte.jpg\",\"contentUrl\":\"https:\\\/\\\/mcazorla.com\\\/wp-content\\\/uploads\\\/2021\\\/12\\\/img-productes-no-producte.jpg\",\"width\":500,\"height\":386},{\"@type\":\"BreadcrumbList\",\"@id\":\"https:\\\/\\\/mcazorla.com\\\/es\\\/producte\\\/nergetic-18-8-6\\\/#breadcrumb\",\"itemListElement\":[{\"@type\":\"ListItem\",\"position\":1,\"name\":\"Portada\",\"item\":\"https:\\\/\\\/mcazorla.com\\\/es\\\/\"},{\"@type\":\"ListItem\",\"position\":2,\"name\":\"Productes\",\"item\":\"https:\\\/\\\/mcazorla.com\\\/productes\\\/\"},{\"@type\":\"ListItem\",\"position\":3,\"name\":\"NERGETIC 18-8-6\"}]},{\"@type\":\"WebSite\",\"@id\":\"https:\\\/\\\/mcazorla.com\\\/#website\",\"url\":\"https:\\\/\\\/mcazorla.com\\\/\",\"name\":\"M. Cazorla\",\"description\":\"Comercialitzaci\u00f3 de llavors, fertilizants, adobs ,fitosanitaris i cereals.\",\"potentialAction\":[{\"@type\":\"SearchAction\",\"target\":{\"@type\":\"EntryPoint\",\"urlTemplate\":\"https:\\\/\\\/mcazorla.com\\\/?s={search_term_string}\"},\"query-input\":{\"@type\":\"PropertyValueSpecification\",\"valueRequired\":true,\"valueName\":\"search_term_string\"}}],\"inLanguage\":\"es\"}]}<\/script>\n<!-- \/ Yoast SEO plugin. -->","yoast_head_json":{"title":"NERGETIC 18-8-6 - M. Cazorla","robots":{"index":"index","follow":"follow","max-snippet":"max-snippet:-1","max-image-preview":"max-image-preview:large","max-video-preview":"max-video-preview:-1"},"canonical":"https:\/\/mcazorla.com\/es\/producte\/nergetic-18-8-6\/","og_locale":"es_ES","og_type":"article","og_title":"NERGETIC 18-8-6 - M. Cazorla","og_description":"Abono con tecnolog\u00eda molecular exclusiva y protecci\u00f3n especial, la cu\u00e1l permite la liberaci\u00f3n gradual de los nutrientes durante un largo periodo de tiempo, seg\u00fan las necesidades de la planta ; inhibe la volatilizaci\u00f3n del nitr\u00f3geno y proporciona un excelente desarrollo radicular y vegetativo de los cultivos.     CULTIVO   DOSIS\u00a0 (Kg\/Ha)     Arroz   **     Cereales (Invierno-verano)   400-750     Ma\u00edz   650-1450     Forrajes   450-600     Patata   800-1150     Huerta general   550-1100     Oliveras   250-450     Frutales   350-450     Vi\u00f1a   150-300     Ma\u00edz (Forrajero-silo)   450-650","og_url":"https:\/\/mcazorla.com\/es\/producte\/nergetic-18-8-6\/","og_site_name":"M. Cazorla","article_modified_time":"2022-02-24T12:59:34+00:00","og_image":[{"width":500,"height":386,"url":"https:\/\/mcazorla.com\/wp-content\/uploads\/2021\/12\/img-productes-no-producte.jpg","type":"image\/jpeg"}],"twitter_card":"summary_large_image","twitter_misc":{"Tiempo de lectura":"1 minuto"},"schema":{"@context":"https:\/\/schema.org","@graph":[{"@type":"WebPage","@id":"https:\/\/mcazorla.com\/es\/producte\/nergetic-18-8-6\/","url":"https:\/\/mcazorla.com\/es\/producte\/nergetic-18-8-6\/","name":"NERGETIC 18-8-6 - M. Cazorla","isPartOf":{"@id":"https:\/\/mcazorla.com\/#website"},"primaryImageOfPage":{"@id":"https:\/\/mcazorla.com\/es\/producte\/nergetic-18-8-6\/#primaryimage"},"image":{"@id":"https:\/\/mcazorla.com\/es\/producte\/nergetic-18-8-6\/#primaryimage"},"thumbnailUrl":"https:\/\/mcazorla.com\/wp-content\/uploads\/2021\/12\/img-productes-no-producte.jpg","datePublished":"2021-12-28T14:39:42+00:00","dateModified":"2022-02-24T12:59:34+00:00","breadcrumb":{"@id":"https:\/\/mcazorla.com\/es\/producte\/nergetic-18-8-6\/#breadcrumb"},"inLanguage":"es","potentialAction":[{"@type":"ReadAction","target":["https:\/\/mcazorla.com\/es\/producte\/nergetic-18-8-6\/"]}]},{"@type":"ImageObject","inLanguage":"es","@id":"https:\/\/mcazorla.com\/es\/producte\/nergetic-18-8-6\/#primaryimage","url":"https:\/\/mcazorla.com\/wp-content\/uploads\/2021\/12\/img-productes-no-producte.jpg","contentUrl":"https:\/\/mcazorla.com\/wp-content\/uploads\/2021\/12\/img-productes-no-producte.jpg","width":500,"height":386},{"@type":"BreadcrumbList","@id":"https:\/\/mcazorla.com\/es\/producte\/nergetic-18-8-6\/#breadcrumb","itemListElement":[{"@type":"ListItem","position":1,"name":"Portada","item":"https:\/\/mcazorla.com\/es\/"},{"@type":"ListItem","position":2,"name":"Productes","item":"https:\/\/mcazorla.com\/productes\/"},{"@type":"ListItem","position":3,"name":"NERGETIC 18-8-6"}]},{"@type":"WebSite","@id":"https:\/\/mcazorla.com\/#website","url":"https:\/\/mcazorla.com\/","name":"M. Cazorla","description":"Comercialitzaci\u00f3 de llavors, fertilizants, adobs ,fitosanitaris i cereals.","potentialAction":[{"@type":"SearchAction","target":{"@type":"EntryPoint","urlTemplate":"https:\/\/mcazorla.com\/?s={search_term_string}"},"query-input":{"@type":"PropertyValueSpecification","valueRequired":true,"valueName":"search_term_string"}}],"inLanguage":"es"}]}},"_links":{"self":[{"href":"https:\/\/mcazorla.com\/es\/wp-json\/wp\/v2\/product\/3952","targetHints":{"allow":["GET"]}}],"collection":[{"href":"https:\/\/mcazorla.com\/es\/wp-json\/wp\/v2\/product"}],"about":[{"href":"https:\/\/mcazorla.com\/es\/wp-json\/wp\/v2\/types\/product"}],"wp:featuredmedia":[{"embeddable":true,"href":"https:\/\/mcazorla.com\/es\/wp-json\/wp\/v2\/media\/3968"}],"wp:attachment":[{"href":"https:\/\/mcazorla.com\/es\/wp-json\/wp\/v2\/media?parent=3952"}],"wp:term":[{"taxonomy":"product_brand","embeddable":true,"href":"https:\/\/mcazorla.com\/es\/wp-json\/wp\/v2\/product_brand?post=3952"},{"taxonomy":"product_cat","embeddable":true,"href":"https:\/\/mcazorla.com\/es\/wp-json\/wp\/v2\/product_cat?post=3952"},{"taxonomy":"product_tag","embeddable":true,"href":"https:\/\/mcazorla.com\/es\/wp-json\/wp\/v2\/product_tag?post=3952"}],"curies":[{"name":"wp","href":"https:\/\/api.w.org\/{rel}","templated":true}]}}