{"id":3964,"date":"2021-12-28T14:22:46","date_gmt":"2021-12-28T14:22:46","guid":{"rendered":"https:\/\/mcazorla.com\/producto\/nergetic-25-5-0\/"},"modified":"2022-02-24T13:41:53","modified_gmt":"2022-02-24T13:41:53","slug":"nergetic-25-5-0","status":"publish","type":"product","link":"https:\/\/mcazorla.com\/es\/producte\/nergetic-25-5-0\/","title":{"rendered":"NERGETIC 25-5-0"},"content":{"rendered":"<p>Composici\u00f3n:<\/p>\n<ul>\n<li>Nitr\u00f3geno total: 25%<\/li>\n<li>\u00d3xido de F\u00f3sforo: 5%<\/li>\n<li>\u00d3xido de Potasa (K2O): 0%<\/li>\n<li>Tri\u00f3xido de Azufre (SO3): 15%<\/li>\n<\/ul>\n","protected":false},"excerpt":{"rendered":"<p>Abono de liberaci\u00f3n lenta, con una protecci\u00f3n de los nutrientes durante varias semanas despu\u00e9s de la aplicaci\u00f3n, creando una liberaci\u00f3n gradual al ritmo de las necesidades de la planta. Mejora en los resultados con relaci\u00f3n a los inhibidores tradicionales de la nitrificaci\u00f3n. Excelente desarrollo radicular y vegetativo de los cultivos. <\/p>\n<table border=\"1\" cellspacing=\"0\" cellpadding=\"0\" align=\"left\">\n<tbody>\n<tr>\n<td valign=\"top\" width=\"225\">\n<p align=\"center\"><strong>CULTIVO<\/strong><\/p>\n<\/td>\n<td valign=\"top\" width=\"283\">\n<p align=\"center\"><strong>DOSIS ( Kg\/Ha )<\/strong><\/p>\n<\/td>\n<\/tr>\n<tr>\n<td style=\"text-align: center;\" valign=\"top\" width=\"225\">Arroz<\/td>\n<td valign=\"top\" width=\"283\">\n<p align=\"center\">200-300<\/p>\n<\/td>\n<\/tr>\n<tr>\n<td style=\"text-align: center;\" valign=\"top\" width=\"225\">Cereales (Invierno-verano)<\/td>\n<td valign=\"top\" width=\"283\">\n<p align=\"center\">350-450<\/p>\n<\/td>\n<\/tr>\n<tr>\n<td style=\"text-align: center;\" valign=\"top\" width=\"225\">Ma\u00edz<\/td>\n<td valign=\"top\" width=\"283\">\n<p align=\"center\">400-750<\/p>\n<\/td>\n<\/tr>\n<tr>\n<td style=\"text-align: center;\" valign=\"top\" width=\"225\">Forrajes<\/td>\n<td valign=\"top\" width=\"283\">\n<p align=\"center\">200-300<\/p>\n<\/td>\n<\/tr>\n<tr>\n<td style=\"text-align: center;\" valign=\"top\" width=\"225\">Patata<\/td>\n<td valign=\"top\" width=\"283\">\n<p align=\"center\">200-300<\/p>\n<\/td>\n<\/tr>\n<tr>\n<td style=\"text-align: center;\" valign=\"top\" width=\"225\">Huerta general<\/td>\n<td valign=\"top\" width=\"283\">\n<p align=\"center\">150-400<\/p>\n<\/td>\n<\/tr>\n<tr>\n<td style=\"text-align: center;\" valign=\"top\" width=\"225\">Olivos<\/td>\n<td valign=\"top\" width=\"283\">\n<p align=\"center\">150-350<\/p>\n<\/td>\n<\/tr>\n<tr>\n<td style=\"text-align: center;\" valign=\"top\" width=\"225\">Frutales<\/td>\n<td valign=\"top\" width=\"283\">\n<p align=\"center\">100-350<\/p>\n<\/td>\n<\/tr>\n<tr>\n<td style=\"text-align: center;\" valign=\"top\" width=\"225\">Vi\u00f1a<\/td>\n<td valign=\"top\" width=\"283\">\n<p align=\"center\">150-200<\/p>\n<\/td>\n<\/tr>\n<\/tbody>\n<\/table>\n<p>&nbsp;<\/p>\n","protected":false},"featured_media":3968,"template":"","meta":[],"product_brand":[],"product_cat":[86,88],"product_tag":[],"class_list":{"0":"post-3964","1":"product","2":"type-product","3":"status-publish","4":"has-post-thumbnail","6":"product_cat-abonos","7":"product_cat-abonos-liberacion-lenta","9":"first","10":"instock","11":"shipping-taxable","12":"product-type-simple"},"yoast_head":"<!-- This site is optimized with the Yoast SEO plugin v27.4 - https:\/\/yoast.com\/product\/yoast-seo-wordpress\/ -->\n<title>NERGETIC 25-5-0 - M. Cazorla<\/title>\n<meta name=\"robots\" content=\"index, follow, max-snippet:-1, max-image-preview:large, max-video-preview:-1\" \/>\n<link rel=\"canonical\" href=\"https:\/\/mcazorla.com\/es\/producte\/nergetic-25-5-0\/\" \/>\n<meta property=\"og:locale\" content=\"es_ES\" \/>\n<meta property=\"og:type\" content=\"article\" \/>\n<meta property=\"og:title\" content=\"NERGETIC 25-5-0 - M. Cazorla\" \/>\n<meta property=\"og:description\" content=\"Abono de liberaci\u00f3n lenta, con una protecci\u00f3n de los nutrientes durante varias semanas despu\u00e9s de la aplicaci\u00f3n, creando una liberaci\u00f3n gradual al ritmo de las necesidades de la planta. Mejora en los resultados con relaci\u00f3n a los inhibidores tradicionales de la nitrificaci\u00f3n. Excelente desarrollo radicular y vegetativo de los cultivos.      CULTIVO   DOSIS ( Kg\/Ha )    Arroz  200-300    Cereales (Invierno-verano)  350-450    Ma\u00edz  400-750    Forrajes  200-300    Patata  200-300    Huerta general  150-400    Olivos  150-350    Frutales  100-350    Vi\u00f1a  150-200     &nbsp;\" \/>\n<meta property=\"og:url\" content=\"https:\/\/mcazorla.com\/es\/producte\/nergetic-25-5-0\/\" \/>\n<meta property=\"og:site_name\" content=\"M. Cazorla\" \/>\n<meta property=\"article:modified_time\" content=\"2022-02-24T13:41:53+00:00\" \/>\n<meta property=\"og:image\" content=\"https:\/\/mcazorla.com\/wp-content\/uploads\/2021\/12\/img-productes-no-producte.jpg\" \/>\n\t<meta property=\"og:image:width\" content=\"500\" \/>\n\t<meta property=\"og:image:height\" content=\"386\" \/>\n\t<meta property=\"og:image:type\" content=\"image\/jpeg\" \/>\n<meta name=\"twitter:card\" content=\"summary_large_image\" \/>\n<meta name=\"twitter:label1\" content=\"Tiempo de lectura\" \/>\n\t<meta name=\"twitter:data1\" content=\"1 minuto\" \/>\n<script type=\"application\/ld+json\" class=\"yoast-schema-graph\">{\"@context\":\"https:\\\/\\\/schema.org\",\"@graph\":[{\"@type\":\"WebPage\",\"@id\":\"https:\\\/\\\/mcazorla.com\\\/es\\\/producte\\\/nergetic-25-5-0\\\/\",\"url\":\"https:\\\/\\\/mcazorla.com\\\/es\\\/producte\\\/nergetic-25-5-0\\\/\",\"name\":\"NERGETIC 25-5-0 - M. Cazorla\",\"isPartOf\":{\"@id\":\"https:\\\/\\\/mcazorla.com\\\/#website\"},\"primaryImageOfPage\":{\"@id\":\"https:\\\/\\\/mcazorla.com\\\/es\\\/producte\\\/nergetic-25-5-0\\\/#primaryimage\"},\"image\":{\"@id\":\"https:\\\/\\\/mcazorla.com\\\/es\\\/producte\\\/nergetic-25-5-0\\\/#primaryimage\"},\"thumbnailUrl\":\"https:\\\/\\\/mcazorla.com\\\/wp-content\\\/uploads\\\/2021\\\/12\\\/img-productes-no-producte.jpg\",\"datePublished\":\"2021-12-28T14:22:46+00:00\",\"dateModified\":\"2022-02-24T13:41:53+00:00\",\"breadcrumb\":{\"@id\":\"https:\\\/\\\/mcazorla.com\\\/es\\\/producte\\\/nergetic-25-5-0\\\/#breadcrumb\"},\"inLanguage\":\"es\",\"potentialAction\":[{\"@type\":\"ReadAction\",\"target\":[\"https:\\\/\\\/mcazorla.com\\\/es\\\/producte\\\/nergetic-25-5-0\\\/\"]}]},{\"@type\":\"ImageObject\",\"inLanguage\":\"es\",\"@id\":\"https:\\\/\\\/mcazorla.com\\\/es\\\/producte\\\/nergetic-25-5-0\\\/#primaryimage\",\"url\":\"https:\\\/\\\/mcazorla.com\\\/wp-content\\\/uploads\\\/2021\\\/12\\\/img-productes-no-producte.jpg\",\"contentUrl\":\"https:\\\/\\\/mcazorla.com\\\/wp-content\\\/uploads\\\/2021\\\/12\\\/img-productes-no-producte.jpg\",\"width\":500,\"height\":386},{\"@type\":\"BreadcrumbList\",\"@id\":\"https:\\\/\\\/mcazorla.com\\\/es\\\/producte\\\/nergetic-25-5-0\\\/#breadcrumb\",\"itemListElement\":[{\"@type\":\"ListItem\",\"position\":1,\"name\":\"Portada\",\"item\":\"https:\\\/\\\/mcazorla.com\\\/es\\\/\"},{\"@type\":\"ListItem\",\"position\":2,\"name\":\"Productes\",\"item\":\"https:\\\/\\\/mcazorla.com\\\/productes\\\/\"},{\"@type\":\"ListItem\",\"position\":3,\"name\":\"NERGETIC 25-5-0\"}]},{\"@type\":\"WebSite\",\"@id\":\"https:\\\/\\\/mcazorla.com\\\/#website\",\"url\":\"https:\\\/\\\/mcazorla.com\\\/\",\"name\":\"M. Cazorla\",\"description\":\"Comercialitzaci\u00f3 de llavors, fertilizants, adobs ,fitosanitaris i cereals.\",\"potentialAction\":[{\"@type\":\"SearchAction\",\"target\":{\"@type\":\"EntryPoint\",\"urlTemplate\":\"https:\\\/\\\/mcazorla.com\\\/?s={search_term_string}\"},\"query-input\":{\"@type\":\"PropertyValueSpecification\",\"valueRequired\":true,\"valueName\":\"search_term_string\"}}],\"inLanguage\":\"es\"}]}<\/script>\n<!-- \/ Yoast SEO plugin. -->","yoast_head_json":{"title":"NERGETIC 25-5-0 - M. Cazorla","robots":{"index":"index","follow":"follow","max-snippet":"max-snippet:-1","max-image-preview":"max-image-preview:large","max-video-preview":"max-video-preview:-1"},"canonical":"https:\/\/mcazorla.com\/es\/producte\/nergetic-25-5-0\/","og_locale":"es_ES","og_type":"article","og_title":"NERGETIC 25-5-0 - M. Cazorla","og_description":"Abono de liberaci\u00f3n lenta, con una protecci\u00f3n de los nutrientes durante varias semanas despu\u00e9s de la aplicaci\u00f3n, creando una liberaci\u00f3n gradual al ritmo de las necesidades de la planta. Mejora en los resultados con relaci\u00f3n a los inhibidores tradicionales de la nitrificaci\u00f3n. Excelente desarrollo radicular y vegetativo de los cultivos.      CULTIVO   DOSIS ( Kg\/Ha )    Arroz  200-300    Cereales (Invierno-verano)  350-450    Ma\u00edz  400-750    Forrajes  200-300    Patata  200-300    Huerta general  150-400    Olivos  150-350    Frutales  100-350    Vi\u00f1a  150-200     &nbsp;","og_url":"https:\/\/mcazorla.com\/es\/producte\/nergetic-25-5-0\/","og_site_name":"M. Cazorla","article_modified_time":"2022-02-24T13:41:53+00:00","og_image":[{"width":500,"height":386,"url":"https:\/\/mcazorla.com\/wp-content\/uploads\/2021\/12\/img-productes-no-producte.jpg","type":"image\/jpeg"}],"twitter_card":"summary_large_image","twitter_misc":{"Tiempo de lectura":"1 minuto"},"schema":{"@context":"https:\/\/schema.org","@graph":[{"@type":"WebPage","@id":"https:\/\/mcazorla.com\/es\/producte\/nergetic-25-5-0\/","url":"https:\/\/mcazorla.com\/es\/producte\/nergetic-25-5-0\/","name":"NERGETIC 25-5-0 - M. Cazorla","isPartOf":{"@id":"https:\/\/mcazorla.com\/#website"},"primaryImageOfPage":{"@id":"https:\/\/mcazorla.com\/es\/producte\/nergetic-25-5-0\/#primaryimage"},"image":{"@id":"https:\/\/mcazorla.com\/es\/producte\/nergetic-25-5-0\/#primaryimage"},"thumbnailUrl":"https:\/\/mcazorla.com\/wp-content\/uploads\/2021\/12\/img-productes-no-producte.jpg","datePublished":"2021-12-28T14:22:46+00:00","dateModified":"2022-02-24T13:41:53+00:00","breadcrumb":{"@id":"https:\/\/mcazorla.com\/es\/producte\/nergetic-25-5-0\/#breadcrumb"},"inLanguage":"es","potentialAction":[{"@type":"ReadAction","target":["https:\/\/mcazorla.com\/es\/producte\/nergetic-25-5-0\/"]}]},{"@type":"ImageObject","inLanguage":"es","@id":"https:\/\/mcazorla.com\/es\/producte\/nergetic-25-5-0\/#primaryimage","url":"https:\/\/mcazorla.com\/wp-content\/uploads\/2021\/12\/img-productes-no-producte.jpg","contentUrl":"https:\/\/mcazorla.com\/wp-content\/uploads\/2021\/12\/img-productes-no-producte.jpg","width":500,"height":386},{"@type":"BreadcrumbList","@id":"https:\/\/mcazorla.com\/es\/producte\/nergetic-25-5-0\/#breadcrumb","itemListElement":[{"@type":"ListItem","position":1,"name":"Portada","item":"https:\/\/mcazorla.com\/es\/"},{"@type":"ListItem","position":2,"name":"Productes","item":"https:\/\/mcazorla.com\/productes\/"},{"@type":"ListItem","position":3,"name":"NERGETIC 25-5-0"}]},{"@type":"WebSite","@id":"https:\/\/mcazorla.com\/#website","url":"https:\/\/mcazorla.com\/","name":"M. Cazorla","description":"Comercialitzaci\u00f3 de llavors, fertilizants, adobs ,fitosanitaris i cereals.","potentialAction":[{"@type":"SearchAction","target":{"@type":"EntryPoint","urlTemplate":"https:\/\/mcazorla.com\/?s={search_term_string}"},"query-input":{"@type":"PropertyValueSpecification","valueRequired":true,"valueName":"search_term_string"}}],"inLanguage":"es"}]}},"_links":{"self":[{"href":"https:\/\/mcazorla.com\/es\/wp-json\/wp\/v2\/product\/3964","targetHints":{"allow":["GET"]}}],"collection":[{"href":"https:\/\/mcazorla.com\/es\/wp-json\/wp\/v2\/product"}],"about":[{"href":"https:\/\/mcazorla.com\/es\/wp-json\/wp\/v2\/types\/product"}],"wp:featuredmedia":[{"embeddable":true,"href":"https:\/\/mcazorla.com\/es\/wp-json\/wp\/v2\/media\/3968"}],"wp:attachment":[{"href":"https:\/\/mcazorla.com\/es\/wp-json\/wp\/v2\/media?parent=3964"}],"wp:term":[{"taxonomy":"product_brand","embeddable":true,"href":"https:\/\/mcazorla.com\/es\/wp-json\/wp\/v2\/product_brand?post=3964"},{"taxonomy":"product_cat","embeddable":true,"href":"https:\/\/mcazorla.com\/es\/wp-json\/wp\/v2\/product_cat?post=3964"},{"taxonomy":"product_tag","embeddable":true,"href":"https:\/\/mcazorla.com\/es\/wp-json\/wp\/v2\/product_tag?post=3964"}],"curies":[{"name":"wp","href":"https:\/\/api.w.org\/{rel}","templated":true}]}}