{"id":3974,"date":"2021-12-28T14:20:52","date_gmt":"2021-12-28T14:20:52","guid":{"rendered":"https:\/\/mcazorla.com\/producto\/adobs-amicot\/"},"modified":"2022-02-24T13:50:38","modified_gmt":"2022-02-24T13:50:38","slug":"adobs-amicot","status":"publish","type":"product","link":"https:\/\/mcazorla.com\/es\/producte\/adobs-amicot\/","title":{"rendered":"Adobs Amicot"},"content":{"rendered":"","protected":false},"excerpt":{"rendered":"<p>La gama de abonos AMICOT, presentados en diferentes formulaciones, estan provistos de metabolitos de microorganismos beneficiosos, que son biomol\u00e9culas y compost procedentes de la actividad metab\u00f3lica de los microorganismos del suelo, los cu\u00e1les favorecen las plantas. Tienen un alto valor biol\u00f3gico, de los cu\u00e1les, los m\u00e1s importantes son los \u00e1cidos org\u00e1nicos, las enzimas, los amino\u00e1cidos, las proteinas, las fitohormonas, los micronutrientes complejos y los polisac\u00e1ridos activadores de la acci\u00f3n microbiana. <\/p>\n<p>Entre las principales ventajas para las plantas, encontramos un mayor desarrollo radicular y vegetativo del cultivo, el aprovechamiento masivo de los nutrientes del suelo y los abonos y una mayor resistencia frente al estr\u00e9s h\u00eddrico. <\/p>\n","protected":false},"featured_media":3968,"template":"","meta":[],"product_brand":[],"product_cat":[86,94],"product_tag":[],"class_list":{"0":"post-3974","1":"product","2":"type-product","3":"status-publish","4":"has-post-thumbnail","6":"product_cat-abonos","7":"product_cat-minerales","9":"first","10":"instock","11":"shipping-taxable","12":"product-type-simple"},"yoast_head":"<!-- This site is optimized with the Yoast SEO plugin v27.4 - https:\/\/yoast.com\/product\/yoast-seo-wordpress\/ -->\n<title>Adobs Amicot - M. Cazorla<\/title>\n<meta name=\"robots\" content=\"index, follow, max-snippet:-1, max-image-preview:large, max-video-preview:-1\" \/>\n<link rel=\"canonical\" href=\"https:\/\/mcazorla.com\/es\/producte\/adobs-amicot\/\" \/>\n<meta property=\"og:locale\" content=\"es_ES\" \/>\n<meta property=\"og:type\" content=\"article\" \/>\n<meta property=\"og:title\" content=\"Adobs Amicot - M. Cazorla\" \/>\n<meta property=\"og:description\" content=\"La gama de abonos AMICOT, presentados en diferentes formulaciones, estan provistos de metabolitos de microorganismos beneficiosos, que son biomol\u00e9culas y compost procedentes de la actividad metab\u00f3lica de los microorganismos del suelo, los cu\u00e1les favorecen las plantas. Tienen un alto valor biol\u00f3gico, de los cu\u00e1les, los m\u00e1s importantes son los \u00e1cidos org\u00e1nicos, las enzimas, los amino\u00e1cidos, las proteinas, las fitohormonas, los micronutrientes complejos y los polisac\u00e1ridos activadores de la acci\u00f3n microbiana.   Entre las principales ventajas para las plantas, encontramos un mayor desarrollo radicular y vegetativo del cultivo, el aprovechamiento masivo de los nutrientes del suelo y los abonos y una mayor resistencia frente al estr\u00e9s h\u00eddrico.\" \/>\n<meta property=\"og:url\" content=\"https:\/\/mcazorla.com\/es\/producte\/adobs-amicot\/\" \/>\n<meta property=\"og:site_name\" content=\"M. Cazorla\" \/>\n<meta property=\"article:modified_time\" content=\"2022-02-24T13:50:38+00:00\" \/>\n<meta property=\"og:image\" content=\"https:\/\/mcazorla.com\/wp-content\/uploads\/2021\/12\/img-productes-no-producte.jpg\" \/>\n\t<meta property=\"og:image:width\" content=\"500\" \/>\n\t<meta property=\"og:image:height\" content=\"386\" \/>\n\t<meta property=\"og:image:type\" content=\"image\/jpeg\" \/>\n<meta name=\"twitter:card\" content=\"summary_large_image\" \/>\n<script type=\"application\/ld+json\" class=\"yoast-schema-graph\">{\"@context\":\"https:\\\/\\\/schema.org\",\"@graph\":[{\"@type\":\"WebPage\",\"@id\":\"https:\\\/\\\/mcazorla.com\\\/es\\\/producte\\\/adobs-amicot\\\/\",\"url\":\"https:\\\/\\\/mcazorla.com\\\/es\\\/producte\\\/adobs-amicot\\\/\",\"name\":\"Adobs Amicot - M. Cazorla\",\"isPartOf\":{\"@id\":\"https:\\\/\\\/mcazorla.com\\\/#website\"},\"primaryImageOfPage\":{\"@id\":\"https:\\\/\\\/mcazorla.com\\\/es\\\/producte\\\/adobs-amicot\\\/#primaryimage\"},\"image\":{\"@id\":\"https:\\\/\\\/mcazorla.com\\\/es\\\/producte\\\/adobs-amicot\\\/#primaryimage\"},\"thumbnailUrl\":\"https:\\\/\\\/mcazorla.com\\\/wp-content\\\/uploads\\\/2021\\\/12\\\/img-productes-no-producte.jpg\",\"datePublished\":\"2021-12-28T14:20:52+00:00\",\"dateModified\":\"2022-02-24T13:50:38+00:00\",\"breadcrumb\":{\"@id\":\"https:\\\/\\\/mcazorla.com\\\/es\\\/producte\\\/adobs-amicot\\\/#breadcrumb\"},\"inLanguage\":\"es\",\"potentialAction\":[{\"@type\":\"ReadAction\",\"target\":[\"https:\\\/\\\/mcazorla.com\\\/es\\\/producte\\\/adobs-amicot\\\/\"]}]},{\"@type\":\"ImageObject\",\"inLanguage\":\"es\",\"@id\":\"https:\\\/\\\/mcazorla.com\\\/es\\\/producte\\\/adobs-amicot\\\/#primaryimage\",\"url\":\"https:\\\/\\\/mcazorla.com\\\/wp-content\\\/uploads\\\/2021\\\/12\\\/img-productes-no-producte.jpg\",\"contentUrl\":\"https:\\\/\\\/mcazorla.com\\\/wp-content\\\/uploads\\\/2021\\\/12\\\/img-productes-no-producte.jpg\",\"width\":500,\"height\":386},{\"@type\":\"BreadcrumbList\",\"@id\":\"https:\\\/\\\/mcazorla.com\\\/es\\\/producte\\\/adobs-amicot\\\/#breadcrumb\",\"itemListElement\":[{\"@type\":\"ListItem\",\"position\":1,\"name\":\"Portada\",\"item\":\"https:\\\/\\\/mcazorla.com\\\/es\\\/\"},{\"@type\":\"ListItem\",\"position\":2,\"name\":\"Productes\",\"item\":\"https:\\\/\\\/mcazorla.com\\\/productes\\\/\"},{\"@type\":\"ListItem\",\"position\":3,\"name\":\"Adobs Amicot\"}]},{\"@type\":\"WebSite\",\"@id\":\"https:\\\/\\\/mcazorla.com\\\/#website\",\"url\":\"https:\\\/\\\/mcazorla.com\\\/\",\"name\":\"M. Cazorla\",\"description\":\"Comercialitzaci\u00f3 de llavors, fertilizants, adobs ,fitosanitaris i cereals.\",\"potentialAction\":[{\"@type\":\"SearchAction\",\"target\":{\"@type\":\"EntryPoint\",\"urlTemplate\":\"https:\\\/\\\/mcazorla.com\\\/?s={search_term_string}\"},\"query-input\":{\"@type\":\"PropertyValueSpecification\",\"valueRequired\":true,\"valueName\":\"search_term_string\"}}],\"inLanguage\":\"es\"}]}<\/script>\n<!-- \/ Yoast SEO plugin. -->","yoast_head_json":{"title":"Adobs Amicot - M. Cazorla","robots":{"index":"index","follow":"follow","max-snippet":"max-snippet:-1","max-image-preview":"max-image-preview:large","max-video-preview":"max-video-preview:-1"},"canonical":"https:\/\/mcazorla.com\/es\/producte\/adobs-amicot\/","og_locale":"es_ES","og_type":"article","og_title":"Adobs Amicot - M. Cazorla","og_description":"La gama de abonos AMICOT, presentados en diferentes formulaciones, estan provistos de metabolitos de microorganismos beneficiosos, que son biomol\u00e9culas y compost procedentes de la actividad metab\u00f3lica de los microorganismos del suelo, los cu\u00e1les favorecen las plantas. Tienen un alto valor biol\u00f3gico, de los cu\u00e1les, los m\u00e1s importantes son los \u00e1cidos org\u00e1nicos, las enzimas, los amino\u00e1cidos, las proteinas, las fitohormonas, los micronutrientes complejos y los polisac\u00e1ridos activadores de la acci\u00f3n microbiana.   Entre las principales ventajas para las plantas, encontramos un mayor desarrollo radicular y vegetativo del cultivo, el aprovechamiento masivo de los nutrientes del suelo y los abonos y una mayor resistencia frente al estr\u00e9s h\u00eddrico.","og_url":"https:\/\/mcazorla.com\/es\/producte\/adobs-amicot\/","og_site_name":"M. Cazorla","article_modified_time":"2022-02-24T13:50:38+00:00","og_image":[{"width":500,"height":386,"url":"https:\/\/mcazorla.com\/wp-content\/uploads\/2021\/12\/img-productes-no-producte.jpg","type":"image\/jpeg"}],"twitter_card":"summary_large_image","schema":{"@context":"https:\/\/schema.org","@graph":[{"@type":"WebPage","@id":"https:\/\/mcazorla.com\/es\/producte\/adobs-amicot\/","url":"https:\/\/mcazorla.com\/es\/producte\/adobs-amicot\/","name":"Adobs Amicot - M. Cazorla","isPartOf":{"@id":"https:\/\/mcazorla.com\/#website"},"primaryImageOfPage":{"@id":"https:\/\/mcazorla.com\/es\/producte\/adobs-amicot\/#primaryimage"},"image":{"@id":"https:\/\/mcazorla.com\/es\/producte\/adobs-amicot\/#primaryimage"},"thumbnailUrl":"https:\/\/mcazorla.com\/wp-content\/uploads\/2021\/12\/img-productes-no-producte.jpg","datePublished":"2021-12-28T14:20:52+00:00","dateModified":"2022-02-24T13:50:38+00:00","breadcrumb":{"@id":"https:\/\/mcazorla.com\/es\/producte\/adobs-amicot\/#breadcrumb"},"inLanguage":"es","potentialAction":[{"@type":"ReadAction","target":["https:\/\/mcazorla.com\/es\/producte\/adobs-amicot\/"]}]},{"@type":"ImageObject","inLanguage":"es","@id":"https:\/\/mcazorla.com\/es\/producte\/adobs-amicot\/#primaryimage","url":"https:\/\/mcazorla.com\/wp-content\/uploads\/2021\/12\/img-productes-no-producte.jpg","contentUrl":"https:\/\/mcazorla.com\/wp-content\/uploads\/2021\/12\/img-productes-no-producte.jpg","width":500,"height":386},{"@type":"BreadcrumbList","@id":"https:\/\/mcazorla.com\/es\/producte\/adobs-amicot\/#breadcrumb","itemListElement":[{"@type":"ListItem","position":1,"name":"Portada","item":"https:\/\/mcazorla.com\/es\/"},{"@type":"ListItem","position":2,"name":"Productes","item":"https:\/\/mcazorla.com\/productes\/"},{"@type":"ListItem","position":3,"name":"Adobs Amicot"}]},{"@type":"WebSite","@id":"https:\/\/mcazorla.com\/#website","url":"https:\/\/mcazorla.com\/","name":"M. Cazorla","description":"Comercialitzaci\u00f3 de llavors, fertilizants, adobs ,fitosanitaris i cereals.","potentialAction":[{"@type":"SearchAction","target":{"@type":"EntryPoint","urlTemplate":"https:\/\/mcazorla.com\/?s={search_term_string}"},"query-input":{"@type":"PropertyValueSpecification","valueRequired":true,"valueName":"search_term_string"}}],"inLanguage":"es"}]}},"_links":{"self":[{"href":"https:\/\/mcazorla.com\/es\/wp-json\/wp\/v2\/product\/3974","targetHints":{"allow":["GET"]}}],"collection":[{"href":"https:\/\/mcazorla.com\/es\/wp-json\/wp\/v2\/product"}],"about":[{"href":"https:\/\/mcazorla.com\/es\/wp-json\/wp\/v2\/types\/product"}],"wp:featuredmedia":[{"embeddable":true,"href":"https:\/\/mcazorla.com\/es\/wp-json\/wp\/v2\/media\/3968"}],"wp:attachment":[{"href":"https:\/\/mcazorla.com\/es\/wp-json\/wp\/v2\/media?parent=3974"}],"wp:term":[{"taxonomy":"product_brand","embeddable":true,"href":"https:\/\/mcazorla.com\/es\/wp-json\/wp\/v2\/product_brand?post=3974"},{"taxonomy":"product_cat","embeddable":true,"href":"https:\/\/mcazorla.com\/es\/wp-json\/wp\/v2\/product_cat?post=3974"},{"taxonomy":"product_tag","embeddable":true,"href":"https:\/\/mcazorla.com\/es\/wp-json\/wp\/v2\/product_tag?post=3974"}],"curies":[{"name":"wp","href":"https:\/\/api.w.org\/{rel}","templated":true}]}}