{"id":3986,"date":"2021-12-01T14:58:23","date_gmt":"2021-12-01T14:58:23","guid":{"rendered":"https:\/\/mcazorla.com\/producto\/fertijet-22\/"},"modified":"2022-02-24T14:07:58","modified_gmt":"2022-02-24T14:07:58","slug":"fertijet-22","status":"publish","type":"product","link":"https:\/\/mcazorla.com\/es\/producte\/fertijet-22\/","title":{"rendered":"FERTIJET 22%"},"content":{"rendered":"<p>Composici\u00f3n:<\/p>\n<ul>\n<li>Nitr\u00f3geno (N) Total: 22%<\/li>\n<li>Nitr\u00f3geno (N) N\u00edtrico: 11%<\/li>\n<li>Nitr\u00f3geno (N) Amoniacal: 11%<\/li>\n<li>Azufre (SO3): 7%<\/li>\n<li>Calcio (CaO): 6%<\/li>\n<li>Magnesio (MgO): 2%<\/li>\n<li>Boro (B): 0.2%<\/li>\n<\/ul>\n","protected":false},"excerpt":{"rendered":"<p>Abono que no contiene Nitr\u00f3geno Am\u00eddico (Ur\u00e9ico), por lo que su aplicaci\u00f3n est\u00e1 recomendada en zonas sensibles. Aumenta la resistencia de la planta frente al fr\u00edo, la sequ\u00eda y enfermedades diversas. Complementado con el Boro, el Calcio y el Azufre, determinantes para el cultivo, ya que el Azufre favorece la asimilaci\u00f3n del Nitr\u00f3geno aportado, el Boro influye positivamente en la brotaci\u00f3n y el cuajado y el Calcio es importante en el desarrollo radicular. Todo ello hace que mejore la relaci\u00f3n coste-beneficio.<\/p>\n","protected":false},"featured_media":3968,"template":"","meta":[],"product_brand":[],"product_cat":[86,95],"product_tag":[],"class_list":{"0":"post-3986","1":"product","2":"type-product","3":"status-publish","4":"has-post-thumbnail","6":"product_cat-abonos","7":"product_cat-nitrogenados","9":"first","10":"instock","11":"shipping-taxable","12":"product-type-simple"},"yoast_head":"<!-- This site is optimized with the Yoast SEO plugin v27.4 - https:\/\/yoast.com\/product\/yoast-seo-wordpress\/ -->\n<title>FERTIJET 22% - M. Cazorla<\/title>\n<meta name=\"robots\" content=\"index, follow, max-snippet:-1, max-image-preview:large, max-video-preview:-1\" \/>\n<link rel=\"canonical\" href=\"https:\/\/mcazorla.com\/es\/producte\/fertijet-22\/\" \/>\n<meta property=\"og:locale\" content=\"es_ES\" \/>\n<meta property=\"og:type\" content=\"article\" \/>\n<meta property=\"og:title\" content=\"FERTIJET 22% - M. Cazorla\" \/>\n<meta property=\"og:description\" content=\"Abono que no contiene Nitr\u00f3geno Am\u00eddico (Ur\u00e9ico), por lo que su aplicaci\u00f3n est\u00e1 recomendada en zonas sensibles. Aumenta la resistencia de la planta frente al fr\u00edo, la sequ\u00eda y enfermedades diversas. Complementado con el Boro, el Calcio y el Azufre, determinantes para el cultivo, ya que el Azufre favorece la asimilaci\u00f3n del Nitr\u00f3geno aportado, el Boro influye positivamente en la brotaci\u00f3n y el cuajado y el Calcio es importante en el desarrollo radicular. Todo ello hace que mejore la relaci\u00f3n coste-beneficio.\" \/>\n<meta property=\"og:url\" content=\"https:\/\/mcazorla.com\/es\/producte\/fertijet-22\/\" \/>\n<meta property=\"og:site_name\" content=\"M. Cazorla\" \/>\n<meta property=\"article:modified_time\" content=\"2022-02-24T14:07:58+00:00\" \/>\n<meta property=\"og:image\" content=\"https:\/\/mcazorla.com\/wp-content\/uploads\/2021\/12\/img-productes-no-producte.jpg\" \/>\n\t<meta property=\"og:image:width\" content=\"500\" \/>\n\t<meta property=\"og:image:height\" content=\"386\" \/>\n\t<meta property=\"og:image:type\" content=\"image\/jpeg\" \/>\n<meta name=\"twitter:card\" content=\"summary_large_image\" \/>\n<meta name=\"twitter:label1\" content=\"Tiempo de lectura\" \/>\n\t<meta name=\"twitter:data1\" content=\"1 minuto\" \/>\n<script type=\"application\/ld+json\" class=\"yoast-schema-graph\">{\"@context\":\"https:\\\/\\\/schema.org\",\"@graph\":[{\"@type\":\"WebPage\",\"@id\":\"https:\\\/\\\/mcazorla.com\\\/es\\\/producte\\\/fertijet-22\\\/\",\"url\":\"https:\\\/\\\/mcazorla.com\\\/es\\\/producte\\\/fertijet-22\\\/\",\"name\":\"FERTIJET 22% - M. Cazorla\",\"isPartOf\":{\"@id\":\"https:\\\/\\\/mcazorla.com\\\/#website\"},\"primaryImageOfPage\":{\"@id\":\"https:\\\/\\\/mcazorla.com\\\/es\\\/producte\\\/fertijet-22\\\/#primaryimage\"},\"image\":{\"@id\":\"https:\\\/\\\/mcazorla.com\\\/es\\\/producte\\\/fertijet-22\\\/#primaryimage\"},\"thumbnailUrl\":\"https:\\\/\\\/mcazorla.com\\\/wp-content\\\/uploads\\\/2021\\\/12\\\/img-productes-no-producte.jpg\",\"datePublished\":\"2021-12-01T14:58:23+00:00\",\"dateModified\":\"2022-02-24T14:07:58+00:00\",\"breadcrumb\":{\"@id\":\"https:\\\/\\\/mcazorla.com\\\/es\\\/producte\\\/fertijet-22\\\/#breadcrumb\"},\"inLanguage\":\"es\",\"potentialAction\":[{\"@type\":\"ReadAction\",\"target\":[\"https:\\\/\\\/mcazorla.com\\\/es\\\/producte\\\/fertijet-22\\\/\"]}]},{\"@type\":\"ImageObject\",\"inLanguage\":\"es\",\"@id\":\"https:\\\/\\\/mcazorla.com\\\/es\\\/producte\\\/fertijet-22\\\/#primaryimage\",\"url\":\"https:\\\/\\\/mcazorla.com\\\/wp-content\\\/uploads\\\/2021\\\/12\\\/img-productes-no-producte.jpg\",\"contentUrl\":\"https:\\\/\\\/mcazorla.com\\\/wp-content\\\/uploads\\\/2021\\\/12\\\/img-productes-no-producte.jpg\",\"width\":500,\"height\":386},{\"@type\":\"BreadcrumbList\",\"@id\":\"https:\\\/\\\/mcazorla.com\\\/es\\\/producte\\\/fertijet-22\\\/#breadcrumb\",\"itemListElement\":[{\"@type\":\"ListItem\",\"position\":1,\"name\":\"Portada\",\"item\":\"https:\\\/\\\/mcazorla.com\\\/es\\\/\"},{\"@type\":\"ListItem\",\"position\":2,\"name\":\"Productes\",\"item\":\"https:\\\/\\\/mcazorla.com\\\/productes\\\/\"},{\"@type\":\"ListItem\",\"position\":3,\"name\":\"FERTIJET 22%\"}]},{\"@type\":\"WebSite\",\"@id\":\"https:\\\/\\\/mcazorla.com\\\/#website\",\"url\":\"https:\\\/\\\/mcazorla.com\\\/\",\"name\":\"M. Cazorla\",\"description\":\"Comercialitzaci\u00f3 de llavors, fertilizants, adobs ,fitosanitaris i cereals.\",\"potentialAction\":[{\"@type\":\"SearchAction\",\"target\":{\"@type\":\"EntryPoint\",\"urlTemplate\":\"https:\\\/\\\/mcazorla.com\\\/?s={search_term_string}\"},\"query-input\":{\"@type\":\"PropertyValueSpecification\",\"valueRequired\":true,\"valueName\":\"search_term_string\"}}],\"inLanguage\":\"es\"}]}<\/script>\n<!-- \/ Yoast SEO plugin. -->","yoast_head_json":{"title":"FERTIJET 22% - M. Cazorla","robots":{"index":"index","follow":"follow","max-snippet":"max-snippet:-1","max-image-preview":"max-image-preview:large","max-video-preview":"max-video-preview:-1"},"canonical":"https:\/\/mcazorla.com\/es\/producte\/fertijet-22\/","og_locale":"es_ES","og_type":"article","og_title":"FERTIJET 22% - M. Cazorla","og_description":"Abono que no contiene Nitr\u00f3geno Am\u00eddico (Ur\u00e9ico), por lo que su aplicaci\u00f3n est\u00e1 recomendada en zonas sensibles. Aumenta la resistencia de la planta frente al fr\u00edo, la sequ\u00eda y enfermedades diversas. Complementado con el Boro, el Calcio y el Azufre, determinantes para el cultivo, ya que el Azufre favorece la asimilaci\u00f3n del Nitr\u00f3geno aportado, el Boro influye positivamente en la brotaci\u00f3n y el cuajado y el Calcio es importante en el desarrollo radicular. Todo ello hace que mejore la relaci\u00f3n coste-beneficio.","og_url":"https:\/\/mcazorla.com\/es\/producte\/fertijet-22\/","og_site_name":"M. Cazorla","article_modified_time":"2022-02-24T14:07:58+00:00","og_image":[{"width":500,"height":386,"url":"https:\/\/mcazorla.com\/wp-content\/uploads\/2021\/12\/img-productes-no-producte.jpg","type":"image\/jpeg"}],"twitter_card":"summary_large_image","twitter_misc":{"Tiempo de lectura":"1 minuto"},"schema":{"@context":"https:\/\/schema.org","@graph":[{"@type":"WebPage","@id":"https:\/\/mcazorla.com\/es\/producte\/fertijet-22\/","url":"https:\/\/mcazorla.com\/es\/producte\/fertijet-22\/","name":"FERTIJET 22% - M. Cazorla","isPartOf":{"@id":"https:\/\/mcazorla.com\/#website"},"primaryImageOfPage":{"@id":"https:\/\/mcazorla.com\/es\/producte\/fertijet-22\/#primaryimage"},"image":{"@id":"https:\/\/mcazorla.com\/es\/producte\/fertijet-22\/#primaryimage"},"thumbnailUrl":"https:\/\/mcazorla.com\/wp-content\/uploads\/2021\/12\/img-productes-no-producte.jpg","datePublished":"2021-12-01T14:58:23+00:00","dateModified":"2022-02-24T14:07:58+00:00","breadcrumb":{"@id":"https:\/\/mcazorla.com\/es\/producte\/fertijet-22\/#breadcrumb"},"inLanguage":"es","potentialAction":[{"@type":"ReadAction","target":["https:\/\/mcazorla.com\/es\/producte\/fertijet-22\/"]}]},{"@type":"ImageObject","inLanguage":"es","@id":"https:\/\/mcazorla.com\/es\/producte\/fertijet-22\/#primaryimage","url":"https:\/\/mcazorla.com\/wp-content\/uploads\/2021\/12\/img-productes-no-producte.jpg","contentUrl":"https:\/\/mcazorla.com\/wp-content\/uploads\/2021\/12\/img-productes-no-producte.jpg","width":500,"height":386},{"@type":"BreadcrumbList","@id":"https:\/\/mcazorla.com\/es\/producte\/fertijet-22\/#breadcrumb","itemListElement":[{"@type":"ListItem","position":1,"name":"Portada","item":"https:\/\/mcazorla.com\/es\/"},{"@type":"ListItem","position":2,"name":"Productes","item":"https:\/\/mcazorla.com\/productes\/"},{"@type":"ListItem","position":3,"name":"FERTIJET 22%"}]},{"@type":"WebSite","@id":"https:\/\/mcazorla.com\/#website","url":"https:\/\/mcazorla.com\/","name":"M. Cazorla","description":"Comercialitzaci\u00f3 de llavors, fertilizants, adobs ,fitosanitaris i cereals.","potentialAction":[{"@type":"SearchAction","target":{"@type":"EntryPoint","urlTemplate":"https:\/\/mcazorla.com\/?s={search_term_string}"},"query-input":{"@type":"PropertyValueSpecification","valueRequired":true,"valueName":"search_term_string"}}],"inLanguage":"es"}]}},"_links":{"self":[{"href":"https:\/\/mcazorla.com\/es\/wp-json\/wp\/v2\/product\/3986","targetHints":{"allow":["GET"]}}],"collection":[{"href":"https:\/\/mcazorla.com\/es\/wp-json\/wp\/v2\/product"}],"about":[{"href":"https:\/\/mcazorla.com\/es\/wp-json\/wp\/v2\/types\/product"}],"wp:featuredmedia":[{"embeddable":true,"href":"https:\/\/mcazorla.com\/es\/wp-json\/wp\/v2\/media\/3968"}],"wp:attachment":[{"href":"https:\/\/mcazorla.com\/es\/wp-json\/wp\/v2\/media?parent=3986"}],"wp:term":[{"taxonomy":"product_brand","embeddable":true,"href":"https:\/\/mcazorla.com\/es\/wp-json\/wp\/v2\/product_brand?post=3986"},{"taxonomy":"product_cat","embeddable":true,"href":"https:\/\/mcazorla.com\/es\/wp-json\/wp\/v2\/product_cat?post=3986"},{"taxonomy":"product_tag","embeddable":true,"href":"https:\/\/mcazorla.com\/es\/wp-json\/wp\/v2\/product_tag?post=3986"}],"curies":[{"name":"wp","href":"https:\/\/api.w.org\/{rel}","templated":true}]}}