{"id":3994,"date":"2021-12-01T14:52:08","date_gmt":"2021-12-01T14:52:08","guid":{"rendered":"https:\/\/mcazorla.com\/producto\/nac-27\/"},"modified":"2022-02-24T15:01:35","modified_gmt":"2022-02-24T15:01:35","slug":"nac-27","status":"publish","type":"product","link":"https:\/\/mcazorla.com\/es\/producte\/nac-27\/","title":{"rendered":"NAC 27%"},"content":{"rendered":"<p>Riquezas garantizadas<br \/>\n:<\/p>\n<ul>\n<li>Nitr\u00f3geno (N) Total: 27.2%<\/li>\n<li>Nitr\u00f3geno (N) N\u00edtrico: 13.2%<\/li>\n<li>Nitr\u00f3geno (N) Amoniacal: 14%<\/li>\n<li>\u00d3xido de Magnesio Total (MgO): 4%<\/li>\n<\/ul>\n","protected":false},"excerpt":{"rendered":"<p>Dentro de los abonos n\u00edtricos amoniacales, uno de los m\u00e1s importantes es el Nitrato Am\u00f3nico C\u00e1lcico. La aportaci\u00f3n de la mitad del nitr\u00f3geno en forma n\u00edtrica y la mitad en forma amoniacal, facilita una fuente de nitr\u00f3geno de absorci\u00f3n inmediata y otra que se va convirtiendo en asimilable, favoreciendo un extra de nitr\u00f3geno que, en parte, es retenido por el terreno. Se aconseja, pues, incorporarlo a lo largo del ciclo del cultivo, en aplicaciones de cobertera, cerca del momento de m\u00e1xima necesidad de nitr\u00f3geno por parte de la planta.<\/p>\n","protected":false},"featured_media":2801,"template":"","meta":[],"product_brand":[],"product_cat":[86,95],"product_tag":[],"class_list":{"0":"post-3994","1":"product","2":"type-product","3":"status-publish","4":"has-post-thumbnail","6":"product_cat-abonos","7":"product_cat-nitrogenados","9":"first","10":"instock","11":"shipping-taxable","12":"product-type-simple"},"yoast_head":"<!-- This site is optimized with the Yoast SEO plugin v27.3 - https:\/\/yoast.com\/product\/yoast-seo-wordpress\/ -->\n<title>NAC 27% - M. Cazorla<\/title>\n<meta name=\"robots\" content=\"index, follow, max-snippet:-1, max-image-preview:large, max-video-preview:-1\" \/>\n<link rel=\"canonical\" href=\"https:\/\/mcazorla.com\/es\/producte\/nac-27\/\" \/>\n<meta property=\"og:locale\" content=\"es_ES\" \/>\n<meta property=\"og:type\" content=\"article\" \/>\n<meta property=\"og:title\" content=\"NAC 27% - M. Cazorla\" \/>\n<meta property=\"og:description\" content=\"Dentro de los abonos n\u00edtricos amoniacales, uno de los m\u00e1s importantes es el Nitrato Am\u00f3nico C\u00e1lcico. La aportaci\u00f3n de la mitad del nitr\u00f3geno en forma n\u00edtrica y la mitad en forma amoniacal, facilita una fuente de nitr\u00f3geno de absorci\u00f3n inmediata y otra que se va convirtiendo en asimilable, favoreciendo un extra de nitr\u00f3geno que, en parte, es retenido por el terreno. Se aconseja, pues, incorporarlo a lo largo del ciclo del cultivo, en aplicaciones de cobertera, cerca del momento de m\u00e1xima necesidad de nitr\u00f3geno por parte de la planta.\" \/>\n<meta property=\"og:url\" content=\"https:\/\/mcazorla.com\/es\/producte\/nac-27\/\" \/>\n<meta property=\"og:site_name\" content=\"M. Cazorla\" \/>\n<meta property=\"article:modified_time\" content=\"2022-02-24T15:01:35+00:00\" \/>\n<meta property=\"og:image\" content=\"https:\/\/mcazorla.com\/wp-content\/uploads\/2021\/12\/img-productes-nac-27.jpg\" \/>\n\t<meta property=\"og:image:width\" content=\"500\" \/>\n\t<meta property=\"og:image:height\" content=\"500\" \/>\n\t<meta property=\"og:image:type\" content=\"image\/jpeg\" \/>\n<meta name=\"twitter:card\" content=\"summary_large_image\" \/>\n<meta name=\"twitter:label1\" content=\"Tiempo de lectura\" \/>\n\t<meta name=\"twitter:data1\" content=\"1 minuto\" \/>\n<script type=\"application\/ld+json\" class=\"yoast-schema-graph\">{\"@context\":\"https:\\\/\\\/schema.org\",\"@graph\":[{\"@type\":\"WebPage\",\"@id\":\"https:\\\/\\\/mcazorla.com\\\/es\\\/producte\\\/nac-27\\\/\",\"url\":\"https:\\\/\\\/mcazorla.com\\\/es\\\/producte\\\/nac-27\\\/\",\"name\":\"NAC 27% - M. Cazorla\",\"isPartOf\":{\"@id\":\"https:\\\/\\\/mcazorla.com\\\/#website\"},\"primaryImageOfPage\":{\"@id\":\"https:\\\/\\\/mcazorla.com\\\/es\\\/producte\\\/nac-27\\\/#primaryimage\"},\"image\":{\"@id\":\"https:\\\/\\\/mcazorla.com\\\/es\\\/producte\\\/nac-27\\\/#primaryimage\"},\"thumbnailUrl\":\"https:\\\/\\\/mcazorla.com\\\/wp-content\\\/uploads\\\/2021\\\/12\\\/img-productes-nac-27.jpg\",\"datePublished\":\"2021-12-01T14:52:08+00:00\",\"dateModified\":\"2022-02-24T15:01:35+00:00\",\"breadcrumb\":{\"@id\":\"https:\\\/\\\/mcazorla.com\\\/es\\\/producte\\\/nac-27\\\/#breadcrumb\"},\"inLanguage\":\"es\",\"potentialAction\":[{\"@type\":\"ReadAction\",\"target\":[\"https:\\\/\\\/mcazorla.com\\\/es\\\/producte\\\/nac-27\\\/\"]}]},{\"@type\":\"ImageObject\",\"inLanguage\":\"es\",\"@id\":\"https:\\\/\\\/mcazorla.com\\\/es\\\/producte\\\/nac-27\\\/#primaryimage\",\"url\":\"https:\\\/\\\/mcazorla.com\\\/wp-content\\\/uploads\\\/2021\\\/12\\\/img-productes-nac-27.jpg\",\"contentUrl\":\"https:\\\/\\\/mcazorla.com\\\/wp-content\\\/uploads\\\/2021\\\/12\\\/img-productes-nac-27.jpg\",\"width\":500,\"height\":500},{\"@type\":\"BreadcrumbList\",\"@id\":\"https:\\\/\\\/mcazorla.com\\\/es\\\/producte\\\/nac-27\\\/#breadcrumb\",\"itemListElement\":[{\"@type\":\"ListItem\",\"position\":1,\"name\":\"Portada\",\"item\":\"https:\\\/\\\/mcazorla.com\\\/es\\\/\"},{\"@type\":\"ListItem\",\"position\":2,\"name\":\"Productes\",\"item\":\"https:\\\/\\\/mcazorla.com\\\/productes\\\/\"},{\"@type\":\"ListItem\",\"position\":3,\"name\":\"NAC 27%\"}]},{\"@type\":\"WebSite\",\"@id\":\"https:\\\/\\\/mcazorla.com\\\/#website\",\"url\":\"https:\\\/\\\/mcazorla.com\\\/\",\"name\":\"M. Cazorla\",\"description\":\"Comercialitzaci\u00f3 de llavors, fertilizants, adobs ,fitosanitaris i cereals.\",\"potentialAction\":[{\"@type\":\"SearchAction\",\"target\":{\"@type\":\"EntryPoint\",\"urlTemplate\":\"https:\\\/\\\/mcazorla.com\\\/?s={search_term_string}\"},\"query-input\":{\"@type\":\"PropertyValueSpecification\",\"valueRequired\":true,\"valueName\":\"search_term_string\"}}],\"inLanguage\":\"es\"}]}<\/script>\n<!-- \/ Yoast SEO plugin. -->","yoast_head_json":{"title":"NAC 27% - M. Cazorla","robots":{"index":"index","follow":"follow","max-snippet":"max-snippet:-1","max-image-preview":"max-image-preview:large","max-video-preview":"max-video-preview:-1"},"canonical":"https:\/\/mcazorla.com\/es\/producte\/nac-27\/","og_locale":"es_ES","og_type":"article","og_title":"NAC 27% - M. Cazorla","og_description":"Dentro de los abonos n\u00edtricos amoniacales, uno de los m\u00e1s importantes es el Nitrato Am\u00f3nico C\u00e1lcico. La aportaci\u00f3n de la mitad del nitr\u00f3geno en forma n\u00edtrica y la mitad en forma amoniacal, facilita una fuente de nitr\u00f3geno de absorci\u00f3n inmediata y otra que se va convirtiendo en asimilable, favoreciendo un extra de nitr\u00f3geno que, en parte, es retenido por el terreno. Se aconseja, pues, incorporarlo a lo largo del ciclo del cultivo, en aplicaciones de cobertera, cerca del momento de m\u00e1xima necesidad de nitr\u00f3geno por parte de la planta.","og_url":"https:\/\/mcazorla.com\/es\/producte\/nac-27\/","og_site_name":"M. Cazorla","article_modified_time":"2022-02-24T15:01:35+00:00","og_image":[{"width":500,"height":500,"url":"https:\/\/mcazorla.com\/wp-content\/uploads\/2021\/12\/img-productes-nac-27.jpg","type":"image\/jpeg"}],"twitter_card":"summary_large_image","twitter_misc":{"Tiempo de lectura":"1 minuto"},"schema":{"@context":"https:\/\/schema.org","@graph":[{"@type":"WebPage","@id":"https:\/\/mcazorla.com\/es\/producte\/nac-27\/","url":"https:\/\/mcazorla.com\/es\/producte\/nac-27\/","name":"NAC 27% - M. Cazorla","isPartOf":{"@id":"https:\/\/mcazorla.com\/#website"},"primaryImageOfPage":{"@id":"https:\/\/mcazorla.com\/es\/producte\/nac-27\/#primaryimage"},"image":{"@id":"https:\/\/mcazorla.com\/es\/producte\/nac-27\/#primaryimage"},"thumbnailUrl":"https:\/\/mcazorla.com\/wp-content\/uploads\/2021\/12\/img-productes-nac-27.jpg","datePublished":"2021-12-01T14:52:08+00:00","dateModified":"2022-02-24T15:01:35+00:00","breadcrumb":{"@id":"https:\/\/mcazorla.com\/es\/producte\/nac-27\/#breadcrumb"},"inLanguage":"es","potentialAction":[{"@type":"ReadAction","target":["https:\/\/mcazorla.com\/es\/producte\/nac-27\/"]}]},{"@type":"ImageObject","inLanguage":"es","@id":"https:\/\/mcazorla.com\/es\/producte\/nac-27\/#primaryimage","url":"https:\/\/mcazorla.com\/wp-content\/uploads\/2021\/12\/img-productes-nac-27.jpg","contentUrl":"https:\/\/mcazorla.com\/wp-content\/uploads\/2021\/12\/img-productes-nac-27.jpg","width":500,"height":500},{"@type":"BreadcrumbList","@id":"https:\/\/mcazorla.com\/es\/producte\/nac-27\/#breadcrumb","itemListElement":[{"@type":"ListItem","position":1,"name":"Portada","item":"https:\/\/mcazorla.com\/es\/"},{"@type":"ListItem","position":2,"name":"Productes","item":"https:\/\/mcazorla.com\/productes\/"},{"@type":"ListItem","position":3,"name":"NAC 27%"}]},{"@type":"WebSite","@id":"https:\/\/mcazorla.com\/#website","url":"https:\/\/mcazorla.com\/","name":"M. Cazorla","description":"Comercialitzaci\u00f3 de llavors, fertilizants, adobs ,fitosanitaris i cereals.","potentialAction":[{"@type":"SearchAction","target":{"@type":"EntryPoint","urlTemplate":"https:\/\/mcazorla.com\/?s={search_term_string}"},"query-input":{"@type":"PropertyValueSpecification","valueRequired":true,"valueName":"search_term_string"}}],"inLanguage":"es"}]}},"_links":{"self":[{"href":"https:\/\/mcazorla.com\/es\/wp-json\/wp\/v2\/product\/3994","targetHints":{"allow":["GET"]}}],"collection":[{"href":"https:\/\/mcazorla.com\/es\/wp-json\/wp\/v2\/product"}],"about":[{"href":"https:\/\/mcazorla.com\/es\/wp-json\/wp\/v2\/types\/product"}],"wp:featuredmedia":[{"embeddable":true,"href":"https:\/\/mcazorla.com\/es\/wp-json\/wp\/v2\/media\/2801"}],"wp:attachment":[{"href":"https:\/\/mcazorla.com\/es\/wp-json\/wp\/v2\/media?parent=3994"}],"wp:term":[{"taxonomy":"product_brand","embeddable":true,"href":"https:\/\/mcazorla.com\/es\/wp-json\/wp\/v2\/product_brand?post=3994"},{"taxonomy":"product_cat","embeddable":true,"href":"https:\/\/mcazorla.com\/es\/wp-json\/wp\/v2\/product_cat?post=3994"},{"taxonomy":"product_tag","embeddable":true,"href":"https:\/\/mcazorla.com\/es\/wp-json\/wp\/v2\/product_tag?post=3994"}],"curies":[{"name":"wp","href":"https:\/\/api.w.org\/{rel}","templated":true}]}}