{"id":3998,"date":"2021-12-01T14:44:36","date_gmt":"2021-12-01T14:44:36","guid":{"rendered":"https:\/\/mcazorla.com\/producto\/urea-46\/"},"modified":"2022-02-24T15:09:18","modified_gmt":"2022-02-24T15:09:18","slug":"urea-46","status":"publish","type":"product","link":"https:\/\/mcazorla.com\/es\/producte\/urea-46\/","title":{"rendered":"UREA 46%"},"content":{"rendered":"<p>Riquezas garantizadas:<\/p>\n<ul>\n<li>Nitr\u00f3geno (N) Total: 46.2%<\/li>\n<li>Nitr\u00f3geno (N) Ur\u00e9ico: 46.2%<\/li>\n<\/ul>\n","protected":false},"excerpt":{"rendered":"<p>Abono utilizable en todo tipo de cultivos, principalmente en abonos de sementera o en cobertera, presentado en f\u00f3rmula de granulado blanco. Su uso varia seg\u00fan el cultivo, el abono de fondo, las aportaciones de materia org\u00e1nica, etc. <\/p>\n","protected":false},"featured_media":2798,"template":"","meta":[],"product_brand":[],"product_cat":[86,95],"product_tag":[],"class_list":{"0":"post-3998","1":"product","2":"type-product","3":"status-publish","4":"has-post-thumbnail","6":"product_cat-abonos","7":"product_cat-nitrogenados","9":"first","10":"instock","11":"shipping-taxable","12":"product-type-simple"},"yoast_head":"<!-- This site is optimized with the Yoast SEO plugin v27.3 - https:\/\/yoast.com\/product\/yoast-seo-wordpress\/ -->\n<title>UREA 46% - M. Cazorla<\/title>\n<meta name=\"robots\" content=\"index, follow, max-snippet:-1, max-image-preview:large, max-video-preview:-1\" \/>\n<link rel=\"canonical\" href=\"https:\/\/mcazorla.com\/es\/producte\/urea-46\/\" \/>\n<meta property=\"og:locale\" content=\"es_ES\" \/>\n<meta property=\"og:type\" content=\"article\" \/>\n<meta property=\"og:title\" content=\"UREA 46% - M. Cazorla\" \/>\n<meta property=\"og:description\" content=\"Abono utilizable en todo tipo de cultivos, principalmente en abonos de sementera o en cobertera, presentado en f\u00f3rmula de granulado blanco. Su uso varia seg\u00fan el cultivo, el abono de fondo, las aportaciones de materia org\u00e1nica, etc.\" \/>\n<meta property=\"og:url\" content=\"https:\/\/mcazorla.com\/es\/producte\/urea-46\/\" \/>\n<meta property=\"og:site_name\" content=\"M. Cazorla\" \/>\n<meta property=\"article:modified_time\" content=\"2022-02-24T15:09:18+00:00\" \/>\n<meta property=\"og:image\" content=\"https:\/\/mcazorla.com\/wp-content\/uploads\/2021\/12\/img-productes-urea-46.jpg\" \/>\n\t<meta property=\"og:image:width\" content=\"500\" \/>\n\t<meta property=\"og:image:height\" content=\"500\" \/>\n\t<meta property=\"og:image:type\" content=\"image\/jpeg\" \/>\n<meta name=\"twitter:card\" content=\"summary_large_image\" \/>\n<meta name=\"twitter:label1\" content=\"Tiempo de lectura\" \/>\n\t<meta name=\"twitter:data1\" content=\"1 minuto\" \/>\n<script type=\"application\/ld+json\" class=\"yoast-schema-graph\">{\"@context\":\"https:\\\/\\\/schema.org\",\"@graph\":[{\"@type\":\"WebPage\",\"@id\":\"https:\\\/\\\/mcazorla.com\\\/es\\\/producte\\\/urea-46\\\/\",\"url\":\"https:\\\/\\\/mcazorla.com\\\/es\\\/producte\\\/urea-46\\\/\",\"name\":\"UREA 46% - M. Cazorla\",\"isPartOf\":{\"@id\":\"https:\\\/\\\/mcazorla.com\\\/#website\"},\"primaryImageOfPage\":{\"@id\":\"https:\\\/\\\/mcazorla.com\\\/es\\\/producte\\\/urea-46\\\/#primaryimage\"},\"image\":{\"@id\":\"https:\\\/\\\/mcazorla.com\\\/es\\\/producte\\\/urea-46\\\/#primaryimage\"},\"thumbnailUrl\":\"https:\\\/\\\/mcazorla.com\\\/wp-content\\\/uploads\\\/2021\\\/12\\\/img-productes-urea-46.jpg\",\"datePublished\":\"2021-12-01T14:44:36+00:00\",\"dateModified\":\"2022-02-24T15:09:18+00:00\",\"breadcrumb\":{\"@id\":\"https:\\\/\\\/mcazorla.com\\\/es\\\/producte\\\/urea-46\\\/#breadcrumb\"},\"inLanguage\":\"es\",\"potentialAction\":[{\"@type\":\"ReadAction\",\"target\":[\"https:\\\/\\\/mcazorla.com\\\/es\\\/producte\\\/urea-46\\\/\"]}]},{\"@type\":\"ImageObject\",\"inLanguage\":\"es\",\"@id\":\"https:\\\/\\\/mcazorla.com\\\/es\\\/producte\\\/urea-46\\\/#primaryimage\",\"url\":\"https:\\\/\\\/mcazorla.com\\\/wp-content\\\/uploads\\\/2021\\\/12\\\/img-productes-urea-46.jpg\",\"contentUrl\":\"https:\\\/\\\/mcazorla.com\\\/wp-content\\\/uploads\\\/2021\\\/12\\\/img-productes-urea-46.jpg\",\"width\":500,\"height\":500},{\"@type\":\"BreadcrumbList\",\"@id\":\"https:\\\/\\\/mcazorla.com\\\/es\\\/producte\\\/urea-46\\\/#breadcrumb\",\"itemListElement\":[{\"@type\":\"ListItem\",\"position\":1,\"name\":\"Portada\",\"item\":\"https:\\\/\\\/mcazorla.com\\\/es\\\/\"},{\"@type\":\"ListItem\",\"position\":2,\"name\":\"Productes\",\"item\":\"https:\\\/\\\/mcazorla.com\\\/productes\\\/\"},{\"@type\":\"ListItem\",\"position\":3,\"name\":\"UREA 46%\"}]},{\"@type\":\"WebSite\",\"@id\":\"https:\\\/\\\/mcazorla.com\\\/#website\",\"url\":\"https:\\\/\\\/mcazorla.com\\\/\",\"name\":\"M. Cazorla\",\"description\":\"Comercialitzaci\u00f3 de llavors, fertilizants, adobs ,fitosanitaris i cereals.\",\"potentialAction\":[{\"@type\":\"SearchAction\",\"target\":{\"@type\":\"EntryPoint\",\"urlTemplate\":\"https:\\\/\\\/mcazorla.com\\\/?s={search_term_string}\"},\"query-input\":{\"@type\":\"PropertyValueSpecification\",\"valueRequired\":true,\"valueName\":\"search_term_string\"}}],\"inLanguage\":\"es\"}]}<\/script>\n<!-- \/ Yoast SEO plugin. -->","yoast_head_json":{"title":"UREA 46% - M. Cazorla","robots":{"index":"index","follow":"follow","max-snippet":"max-snippet:-1","max-image-preview":"max-image-preview:large","max-video-preview":"max-video-preview:-1"},"canonical":"https:\/\/mcazorla.com\/es\/producte\/urea-46\/","og_locale":"es_ES","og_type":"article","og_title":"UREA 46% - M. Cazorla","og_description":"Abono utilizable en todo tipo de cultivos, principalmente en abonos de sementera o en cobertera, presentado en f\u00f3rmula de granulado blanco. Su uso varia seg\u00fan el cultivo, el abono de fondo, las aportaciones de materia org\u00e1nica, etc.","og_url":"https:\/\/mcazorla.com\/es\/producte\/urea-46\/","og_site_name":"M. Cazorla","article_modified_time":"2022-02-24T15:09:18+00:00","og_image":[{"width":500,"height":500,"url":"https:\/\/mcazorla.com\/wp-content\/uploads\/2021\/12\/img-productes-urea-46.jpg","type":"image\/jpeg"}],"twitter_card":"summary_large_image","twitter_misc":{"Tiempo de lectura":"1 minuto"},"schema":{"@context":"https:\/\/schema.org","@graph":[{"@type":"WebPage","@id":"https:\/\/mcazorla.com\/es\/producte\/urea-46\/","url":"https:\/\/mcazorla.com\/es\/producte\/urea-46\/","name":"UREA 46% - M. Cazorla","isPartOf":{"@id":"https:\/\/mcazorla.com\/#website"},"primaryImageOfPage":{"@id":"https:\/\/mcazorla.com\/es\/producte\/urea-46\/#primaryimage"},"image":{"@id":"https:\/\/mcazorla.com\/es\/producte\/urea-46\/#primaryimage"},"thumbnailUrl":"https:\/\/mcazorla.com\/wp-content\/uploads\/2021\/12\/img-productes-urea-46.jpg","datePublished":"2021-12-01T14:44:36+00:00","dateModified":"2022-02-24T15:09:18+00:00","breadcrumb":{"@id":"https:\/\/mcazorla.com\/es\/producte\/urea-46\/#breadcrumb"},"inLanguage":"es","potentialAction":[{"@type":"ReadAction","target":["https:\/\/mcazorla.com\/es\/producte\/urea-46\/"]}]},{"@type":"ImageObject","inLanguage":"es","@id":"https:\/\/mcazorla.com\/es\/producte\/urea-46\/#primaryimage","url":"https:\/\/mcazorla.com\/wp-content\/uploads\/2021\/12\/img-productes-urea-46.jpg","contentUrl":"https:\/\/mcazorla.com\/wp-content\/uploads\/2021\/12\/img-productes-urea-46.jpg","width":500,"height":500},{"@type":"BreadcrumbList","@id":"https:\/\/mcazorla.com\/es\/producte\/urea-46\/#breadcrumb","itemListElement":[{"@type":"ListItem","position":1,"name":"Portada","item":"https:\/\/mcazorla.com\/es\/"},{"@type":"ListItem","position":2,"name":"Productes","item":"https:\/\/mcazorla.com\/productes\/"},{"@type":"ListItem","position":3,"name":"UREA 46%"}]},{"@type":"WebSite","@id":"https:\/\/mcazorla.com\/#website","url":"https:\/\/mcazorla.com\/","name":"M. Cazorla","description":"Comercialitzaci\u00f3 de llavors, fertilizants, adobs ,fitosanitaris i cereals.","potentialAction":[{"@type":"SearchAction","target":{"@type":"EntryPoint","urlTemplate":"https:\/\/mcazorla.com\/?s={search_term_string}"},"query-input":{"@type":"PropertyValueSpecification","valueRequired":true,"valueName":"search_term_string"}}],"inLanguage":"es"}]}},"_links":{"self":[{"href":"https:\/\/mcazorla.com\/es\/wp-json\/wp\/v2\/product\/3998","targetHints":{"allow":["GET"]}}],"collection":[{"href":"https:\/\/mcazorla.com\/es\/wp-json\/wp\/v2\/product"}],"about":[{"href":"https:\/\/mcazorla.com\/es\/wp-json\/wp\/v2\/types\/product"}],"wp:featuredmedia":[{"embeddable":true,"href":"https:\/\/mcazorla.com\/es\/wp-json\/wp\/v2\/media\/2798"}],"wp:attachment":[{"href":"https:\/\/mcazorla.com\/es\/wp-json\/wp\/v2\/media?parent=3998"}],"wp:term":[{"taxonomy":"product_brand","embeddable":true,"href":"https:\/\/mcazorla.com\/es\/wp-json\/wp\/v2\/product_brand?post=3998"},{"taxonomy":"product_cat","embeddable":true,"href":"https:\/\/mcazorla.com\/es\/wp-json\/wp\/v2\/product_cat?post=3998"},{"taxonomy":"product_tag","embeddable":true,"href":"https:\/\/mcazorla.com\/es\/wp-json\/wp\/v2\/product_tag?post=3998"}],"curies":[{"name":"wp","href":"https:\/\/api.w.org\/{rel}","templated":true}]}}