{"id":4027,"date":"2021-11-28T18:22:48","date_gmt":"2021-11-28T18:22:48","guid":{"rendered":"https:\/\/mcazorla.com\/producto\/cultivi-pols\/"},"modified":"2022-02-25T14:26:29","modified_gmt":"2022-02-25T14:26:29","slug":"cultivi-polvo","status":"publish","type":"product","link":"https:\/\/mcazorla.com\/es\/producte\/cultivi-polvo\/","title":{"rendered":"Cultivi polvo"},"content":{"rendered":"<p>Riquezas garantizadas:<\/p>\n<ul>\n<li>Materia org\u00e1nica total: 54,4% s.m.s<\/li>\n<li>Materia org\u00e1nica oxidable: 41,0% s.m.s<\/li>\n<li>Extracto h\u00famico total: 12% s.m.s<\/li>\n<li>\u00c1cidos h\u00famicos: 9% s.m.s<\/li>\n<li>\u00c1cidos f\u00falvicos: 3% s.m.s<\/li>\n<li>Nitr\u00f3geno total org\u00e1nico: 3% s.m.s<\/li>\n<li>F\u00f3sforo total (P<sub>2<\/sub>O 5<sub><\/sub>): 3,50%<\/li>\n<li>Potasa total (K<sub>2<\/sub>O)&#8230;&#8230;&#8230;..   2,50%<\/li>\n<li>Hierro Total: 2,10%<\/li>\n<li>Microorganismos totales: 8,1 x 10<sub>9<\/sub> mcg\/*gr<\/li>\n<li>Azobacter fijador de N: 8,6 x 10<sub>7<\/sub> mcg\/*gr<\/li>\n<li>Relaci\u00f3n C\/N: 10<\/li>\n<li>pH: 7<\/li>\n<li>Humedad m\u00e1xima: 38%<\/li>\n<\/ul>\n","protected":false},"excerpt":{"rendered":"<p><strong>Cultivi Polvo<\/strong> es un abono organico procedente de la fermentaci\u00f3n controlada de estiercol de oveja. Su utilizaci\u00f3n favorece y estabiliza la estructura del suelo, mejorando los suelos ligeros y pesantes. Favorece tambien la aireaci\u00f3n y la retenci\u00f3n de agua, aumentando la vida microbiana, liberando y poniendo a disposici\u00f3n de las plantas una gran vairedad de oligoelementos. <\/p>\n<p><strong>Cultivi Polvo<\/strong> no contiene ni semillas ni malas hierbas, ni tampoco fungicidas pat\u00f3genos, ni piedras que se encuentran normalmente en los abonos de estiercol de oveja tradicionales.<\/p>\n","protected":false},"featured_media":2774,"template":"","meta":[],"product_brand":[],"product_cat":[86,91],"product_tag":[],"class_list":{"0":"post-4027","1":"product","2":"type-product","3":"status-publish","4":"has-post-thumbnail","6":"product_cat-abonos","7":"product_cat-abonos-organicos","9":"first","10":"instock","11":"shipping-taxable","12":"product-type-simple"},"yoast_head":"<!-- This site is optimized with the Yoast SEO plugin v27.3 - https:\/\/yoast.com\/product\/yoast-seo-wordpress\/ -->\n<title>Cultivi polvo - M. Cazorla<\/title>\n<meta name=\"robots\" content=\"index, follow, max-snippet:-1, max-image-preview:large, max-video-preview:-1\" \/>\n<link rel=\"canonical\" href=\"https:\/\/mcazorla.com\/es\/producte\/cultivi-polvo\/\" \/>\n<meta property=\"og:locale\" content=\"es_ES\" \/>\n<meta property=\"og:type\" content=\"article\" \/>\n<meta property=\"og:title\" content=\"Cultivi polvo - M. Cazorla\" \/>\n<meta property=\"og:description\" content=\"Cultivi Polvo es un abono organico procedente de la fermentaci\u00f3n controlada de estiercol de oveja. Su utilizaci\u00f3n favorece y estabiliza la estructura del suelo, mejorando los suelos ligeros y pesantes. Favorece tambien la aireaci\u00f3n y la retenci\u00f3n de agua, aumentando la vida microbiana, liberando y poniendo a disposici\u00f3n de las plantas una gran vairedad de oligoelementos.   Cultivi Polvo no contiene ni semillas ni malas hierbas, ni tampoco fungicidas pat\u00f3genos, ni piedras que se encuentran normalmente en los abonos de estiercol de oveja tradicionales.\" \/>\n<meta property=\"og:url\" content=\"https:\/\/mcazorla.com\/es\/producte\/cultivi-polvo\/\" \/>\n<meta property=\"og:site_name\" content=\"M. Cazorla\" \/>\n<meta property=\"article:modified_time\" content=\"2022-02-25T14:26:29+00:00\" \/>\n<meta property=\"og:image\" content=\"https:\/\/mcazorla.com\/wp-content\/uploads\/2021\/11\/p18s2vsmc762uudk3vv1qkdhi31.jpeg\" \/>\n\t<meta property=\"og:image:width\" content=\"570\" \/>\n\t<meta property=\"og:image:height\" content=\"440\" \/>\n\t<meta property=\"og:image:type\" content=\"image\/jpeg\" \/>\n<meta name=\"twitter:card\" content=\"summary_large_image\" \/>\n<script type=\"application\/ld+json\" class=\"yoast-schema-graph\">{\"@context\":\"https:\\\/\\\/schema.org\",\"@graph\":[{\"@type\":\"WebPage\",\"@id\":\"https:\\\/\\\/mcazorla.com\\\/es\\\/producte\\\/cultivi-polvo\\\/\",\"url\":\"https:\\\/\\\/mcazorla.com\\\/es\\\/producte\\\/cultivi-polvo\\\/\",\"name\":\"Cultivi polvo - M. Cazorla\",\"isPartOf\":{\"@id\":\"https:\\\/\\\/mcazorla.com\\\/#website\"},\"primaryImageOfPage\":{\"@id\":\"https:\\\/\\\/mcazorla.com\\\/es\\\/producte\\\/cultivi-polvo\\\/#primaryimage\"},\"image\":{\"@id\":\"https:\\\/\\\/mcazorla.com\\\/es\\\/producte\\\/cultivi-polvo\\\/#primaryimage\"},\"thumbnailUrl\":\"https:\\\/\\\/mcazorla.com\\\/wp-content\\\/uploads\\\/2021\\\/11\\\/p18s2vsmc762uudk3vv1qkdhi31.jpeg\",\"datePublished\":\"2021-11-28T18:22:48+00:00\",\"dateModified\":\"2022-02-25T14:26:29+00:00\",\"breadcrumb\":{\"@id\":\"https:\\\/\\\/mcazorla.com\\\/es\\\/producte\\\/cultivi-polvo\\\/#breadcrumb\"},\"inLanguage\":\"es\",\"potentialAction\":[{\"@type\":\"ReadAction\",\"target\":[\"https:\\\/\\\/mcazorla.com\\\/es\\\/producte\\\/cultivi-polvo\\\/\"]}]},{\"@type\":\"ImageObject\",\"inLanguage\":\"es\",\"@id\":\"https:\\\/\\\/mcazorla.com\\\/es\\\/producte\\\/cultivi-polvo\\\/#primaryimage\",\"url\":\"https:\\\/\\\/mcazorla.com\\\/wp-content\\\/uploads\\\/2021\\\/11\\\/p18s2vsmc762uudk3vv1qkdhi31.jpeg\",\"contentUrl\":\"https:\\\/\\\/mcazorla.com\\\/wp-content\\\/uploads\\\/2021\\\/11\\\/p18s2vsmc762uudk3vv1qkdhi31.jpeg\",\"width\":570,\"height\":440},{\"@type\":\"BreadcrumbList\",\"@id\":\"https:\\\/\\\/mcazorla.com\\\/es\\\/producte\\\/cultivi-polvo\\\/#breadcrumb\",\"itemListElement\":[{\"@type\":\"ListItem\",\"position\":1,\"name\":\"Portada\",\"item\":\"https:\\\/\\\/mcazorla.com\\\/es\\\/\"},{\"@type\":\"ListItem\",\"position\":2,\"name\":\"Productes\",\"item\":\"https:\\\/\\\/mcazorla.com\\\/productes\\\/\"},{\"@type\":\"ListItem\",\"position\":3,\"name\":\"Cultivi polvo\"}]},{\"@type\":\"WebSite\",\"@id\":\"https:\\\/\\\/mcazorla.com\\\/#website\",\"url\":\"https:\\\/\\\/mcazorla.com\\\/\",\"name\":\"M. Cazorla\",\"description\":\"Comercialitzaci\u00f3 de llavors, fertilizants, adobs ,fitosanitaris i cereals.\",\"potentialAction\":[{\"@type\":\"SearchAction\",\"target\":{\"@type\":\"EntryPoint\",\"urlTemplate\":\"https:\\\/\\\/mcazorla.com\\\/?s={search_term_string}\"},\"query-input\":{\"@type\":\"PropertyValueSpecification\",\"valueRequired\":true,\"valueName\":\"search_term_string\"}}],\"inLanguage\":\"es\"}]}<\/script>\n<!-- \/ Yoast SEO plugin. -->","yoast_head_json":{"title":"Cultivi polvo - M. Cazorla","robots":{"index":"index","follow":"follow","max-snippet":"max-snippet:-1","max-image-preview":"max-image-preview:large","max-video-preview":"max-video-preview:-1"},"canonical":"https:\/\/mcazorla.com\/es\/producte\/cultivi-polvo\/","og_locale":"es_ES","og_type":"article","og_title":"Cultivi polvo - M. Cazorla","og_description":"Cultivi Polvo es un abono organico procedente de la fermentaci\u00f3n controlada de estiercol de oveja. Su utilizaci\u00f3n favorece y estabiliza la estructura del suelo, mejorando los suelos ligeros y pesantes. Favorece tambien la aireaci\u00f3n y la retenci\u00f3n de agua, aumentando la vida microbiana, liberando y poniendo a disposici\u00f3n de las plantas una gran vairedad de oligoelementos.   Cultivi Polvo no contiene ni semillas ni malas hierbas, ni tampoco fungicidas pat\u00f3genos, ni piedras que se encuentran normalmente en los abonos de estiercol de oveja tradicionales.","og_url":"https:\/\/mcazorla.com\/es\/producte\/cultivi-polvo\/","og_site_name":"M. Cazorla","article_modified_time":"2022-02-25T14:26:29+00:00","og_image":[{"width":570,"height":440,"url":"https:\/\/mcazorla.com\/wp-content\/uploads\/2021\/11\/p18s2vsmc762uudk3vv1qkdhi31.jpeg","type":"image\/jpeg"}],"twitter_card":"summary_large_image","schema":{"@context":"https:\/\/schema.org","@graph":[{"@type":"WebPage","@id":"https:\/\/mcazorla.com\/es\/producte\/cultivi-polvo\/","url":"https:\/\/mcazorla.com\/es\/producte\/cultivi-polvo\/","name":"Cultivi polvo - M. Cazorla","isPartOf":{"@id":"https:\/\/mcazorla.com\/#website"},"primaryImageOfPage":{"@id":"https:\/\/mcazorla.com\/es\/producte\/cultivi-polvo\/#primaryimage"},"image":{"@id":"https:\/\/mcazorla.com\/es\/producte\/cultivi-polvo\/#primaryimage"},"thumbnailUrl":"https:\/\/mcazorla.com\/wp-content\/uploads\/2021\/11\/p18s2vsmc762uudk3vv1qkdhi31.jpeg","datePublished":"2021-11-28T18:22:48+00:00","dateModified":"2022-02-25T14:26:29+00:00","breadcrumb":{"@id":"https:\/\/mcazorla.com\/es\/producte\/cultivi-polvo\/#breadcrumb"},"inLanguage":"es","potentialAction":[{"@type":"ReadAction","target":["https:\/\/mcazorla.com\/es\/producte\/cultivi-polvo\/"]}]},{"@type":"ImageObject","inLanguage":"es","@id":"https:\/\/mcazorla.com\/es\/producte\/cultivi-polvo\/#primaryimage","url":"https:\/\/mcazorla.com\/wp-content\/uploads\/2021\/11\/p18s2vsmc762uudk3vv1qkdhi31.jpeg","contentUrl":"https:\/\/mcazorla.com\/wp-content\/uploads\/2021\/11\/p18s2vsmc762uudk3vv1qkdhi31.jpeg","width":570,"height":440},{"@type":"BreadcrumbList","@id":"https:\/\/mcazorla.com\/es\/producte\/cultivi-polvo\/#breadcrumb","itemListElement":[{"@type":"ListItem","position":1,"name":"Portada","item":"https:\/\/mcazorla.com\/es\/"},{"@type":"ListItem","position":2,"name":"Productes","item":"https:\/\/mcazorla.com\/productes\/"},{"@type":"ListItem","position":3,"name":"Cultivi polvo"}]},{"@type":"WebSite","@id":"https:\/\/mcazorla.com\/#website","url":"https:\/\/mcazorla.com\/","name":"M. Cazorla","description":"Comercialitzaci\u00f3 de llavors, fertilizants, adobs ,fitosanitaris i cereals.","potentialAction":[{"@type":"SearchAction","target":{"@type":"EntryPoint","urlTemplate":"https:\/\/mcazorla.com\/?s={search_term_string}"},"query-input":{"@type":"PropertyValueSpecification","valueRequired":true,"valueName":"search_term_string"}}],"inLanguage":"es"}]}},"_links":{"self":[{"href":"https:\/\/mcazorla.com\/es\/wp-json\/wp\/v2\/product\/4027","targetHints":{"allow":["GET"]}}],"collection":[{"href":"https:\/\/mcazorla.com\/es\/wp-json\/wp\/v2\/product"}],"about":[{"href":"https:\/\/mcazorla.com\/es\/wp-json\/wp\/v2\/types\/product"}],"wp:featuredmedia":[{"embeddable":true,"href":"https:\/\/mcazorla.com\/es\/wp-json\/wp\/v2\/media\/2774"}],"wp:attachment":[{"href":"https:\/\/mcazorla.com\/es\/wp-json\/wp\/v2\/media?parent=4027"}],"wp:term":[{"taxonomy":"product_brand","embeddable":true,"href":"https:\/\/mcazorla.com\/es\/wp-json\/wp\/v2\/product_brand?post=4027"},{"taxonomy":"product_cat","embeddable":true,"href":"https:\/\/mcazorla.com\/es\/wp-json\/wp\/v2\/product_cat?post=4027"},{"taxonomy":"product_tag","embeddable":true,"href":"https:\/\/mcazorla.com\/es\/wp-json\/wp\/v2\/product_tag?post=4027"}],"curies":[{"name":"wp","href":"https:\/\/api.w.org\/{rel}","templated":true}]}}