{"id":4540,"date":"2022-08-30T10:25:31","date_gmt":"2022-08-30T10:25:31","guid":{"rendered":"https:\/\/www.mcazorla.com\/?post_type=product&#038;p=4540"},"modified":"2022-09-22T14:36:36","modified_gmt":"2022-09-22T14:36:36","slug":"lg50-625hov","status":"publish","type":"product","link":"https:\/\/mcazorla.com\/es\/producte\/lg50-625hov\/","title":{"rendered":"LG 50.625 HOV"},"content":{"rendered":"","protected":false},"excerpt":{"rendered":"<p>Varietat semi-preco\u00e7 i oleica.<\/p>\n<p>Resist\u00e8ncia al mildiu : 8.<\/p>\n<p>(Valors : 1-3 : Sensible \/ 4-6 : Mitj\u00e0 &#8211; Bo \/ 7-9: Tolerant -Excel\u00b7lent).<\/p>\n<ul>\n<li>R\u00e0pid assecament a collita.<\/li>\n<li>Extraordinari potencial productiu d&#8217;oli alt oleic.<\/li>\n<li>Gran adaptaci\u00f3 a totes les zones i condicions de cultiu gr\u00e0cies al seu perfil sanitari.<\/li>\n<\/ul>\n<p>&nbsp;<\/p>\n","protected":false},"featured_media":4702,"template":"","meta":[],"product_brand":[],"product_cat":[232,31,53],"product_tag":[],"class_list":{"0":"post-4540","1":"product","2":"type-product","3":"status-publish","4":"has-post-thumbnail","6":"product_cat-girasol","7":"product_cat-llavors","8":"product_cat-llavors-destiu","10":"first","11":"instock","12":"shipping-taxable","13":"product-type-simple"},"yoast_head":"<!-- This site is optimized with the Yoast SEO plugin v27.3 - https:\/\/yoast.com\/product\/yoast-seo-wordpress\/ -->\n<title>LG 50.625 HOV - M. Cazorla<\/title>\n<meta name=\"robots\" content=\"index, follow, max-snippet:-1, max-image-preview:large, max-video-preview:-1\" \/>\n<link rel=\"canonical\" href=\"https:\/\/mcazorla.com\/producte\/lg50-625hov\/\" \/>\n<meta property=\"og:locale\" content=\"es_ES\" \/>\n<meta property=\"og:type\" content=\"article\" \/>\n<meta property=\"og:title\" content=\"LG 50.625 HOV - M. Cazorla\" \/>\n<meta property=\"og:description\" content=\"Varietat semi-preco\u00e7 i oleica.  Resist\u00e8ncia al mildiu : 8.  (Valors : 1-3 : Sensible \/ 4-6 : Mitj\u00e0 - Bo \/ 7-9: Tolerant -Excel\u00b7lent).   R\u00e0pid assecament a collita.  Extraordinari potencial productiu d&#039;oli alt oleic.  Gran adaptaci\u00f3 a totes les zones i condicions de cultiu gr\u00e0cies al seu perfil sanitari.  &nbsp;\" \/>\n<meta property=\"og:url\" content=\"https:\/\/mcazorla.com\/producte\/lg50-625hov\/\" \/>\n<meta property=\"og:site_name\" content=\"M. Cazorla\" \/>\n<meta property=\"article:modified_time\" content=\"2022-09-22T14:36:36+00:00\" \/>\n<meta property=\"og:image\" content=\"https:\/\/mcazorla.com\/wp-content\/uploads\/2022\/08\/GIRASOL-LG-50.625-HOV.jpg\" \/>\n\t<meta property=\"og:image:width\" content=\"500\" \/>\n\t<meta property=\"og:image:height\" content=\"386\" \/>\n\t<meta property=\"og:image:type\" content=\"image\/jpeg\" \/>\n<meta name=\"twitter:card\" content=\"summary_large_image\" \/>\n<script type=\"application\/ld+json\" class=\"yoast-schema-graph\">{\"@context\":\"https:\\\/\\\/schema.org\",\"@graph\":[{\"@type\":\"WebPage\",\"@id\":\"https:\\\/\\\/mcazorla.com\\\/producte\\\/lg50-625hov\\\/\",\"url\":\"https:\\\/\\\/mcazorla.com\\\/producte\\\/lg50-625hov\\\/\",\"name\":\"LG 50.625 HOV - M. Cazorla\",\"isPartOf\":{\"@id\":\"https:\\\/\\\/mcazorla.com\\\/#website\"},\"primaryImageOfPage\":{\"@id\":\"https:\\\/\\\/mcazorla.com\\\/producte\\\/lg50-625hov\\\/#primaryimage\"},\"image\":{\"@id\":\"https:\\\/\\\/mcazorla.com\\\/producte\\\/lg50-625hov\\\/#primaryimage\"},\"thumbnailUrl\":\"https:\\\/\\\/mcazorla.com\\\/wp-content\\\/uploads\\\/2022\\\/08\\\/GIRASOL-LG-50.625-HOV.jpg\",\"datePublished\":\"2022-08-30T10:25:31+00:00\",\"dateModified\":\"2022-09-22T14:36:36+00:00\",\"breadcrumb\":{\"@id\":\"https:\\\/\\\/mcazorla.com\\\/producte\\\/lg50-625hov\\\/#breadcrumb\"},\"inLanguage\":\"es\",\"potentialAction\":[{\"@type\":\"ReadAction\",\"target\":[\"https:\\\/\\\/mcazorla.com\\\/producte\\\/lg50-625hov\\\/\"]}]},{\"@type\":\"ImageObject\",\"inLanguage\":\"es\",\"@id\":\"https:\\\/\\\/mcazorla.com\\\/producte\\\/lg50-625hov\\\/#primaryimage\",\"url\":\"https:\\\/\\\/mcazorla.com\\\/wp-content\\\/uploads\\\/2022\\\/08\\\/GIRASOL-LG-50.625-HOV.jpg\",\"contentUrl\":\"https:\\\/\\\/mcazorla.com\\\/wp-content\\\/uploads\\\/2022\\\/08\\\/GIRASOL-LG-50.625-HOV.jpg\",\"width\":500,\"height\":386},{\"@type\":\"BreadcrumbList\",\"@id\":\"https:\\\/\\\/mcazorla.com\\\/producte\\\/lg50-625hov\\\/#breadcrumb\",\"itemListElement\":[{\"@type\":\"ListItem\",\"position\":1,\"name\":\"Portada\",\"item\":\"https:\\\/\\\/mcazorla.com\\\/es\\\/\"},{\"@type\":\"ListItem\",\"position\":2,\"name\":\"Productes\",\"item\":\"https:\\\/\\\/mcazorla.com\\\/productes\\\/\"},{\"@type\":\"ListItem\",\"position\":3,\"name\":\"LG 50.625 HOV\"}]},{\"@type\":\"WebSite\",\"@id\":\"https:\\\/\\\/mcazorla.com\\\/#website\",\"url\":\"https:\\\/\\\/mcazorla.com\\\/\",\"name\":\"M. Cazorla\",\"description\":\"Comercialitzaci\u00f3 de llavors, fertilizants, adobs ,fitosanitaris i cereals.\",\"potentialAction\":[{\"@type\":\"SearchAction\",\"target\":{\"@type\":\"EntryPoint\",\"urlTemplate\":\"https:\\\/\\\/mcazorla.com\\\/?s={search_term_string}\"},\"query-input\":{\"@type\":\"PropertyValueSpecification\",\"valueRequired\":true,\"valueName\":\"search_term_string\"}}],\"inLanguage\":\"es\"}]}<\/script>\n<!-- \/ Yoast SEO plugin. -->","yoast_head_json":{"title":"LG 50.625 HOV - M. Cazorla","robots":{"index":"index","follow":"follow","max-snippet":"max-snippet:-1","max-image-preview":"max-image-preview:large","max-video-preview":"max-video-preview:-1"},"canonical":"https:\/\/mcazorla.com\/producte\/lg50-625hov\/","og_locale":"es_ES","og_type":"article","og_title":"LG 50.625 HOV - M. Cazorla","og_description":"Varietat semi-preco\u00e7 i oleica.  Resist\u00e8ncia al mildiu : 8.  (Valors : 1-3 : Sensible \/ 4-6 : Mitj\u00e0 - Bo \/ 7-9: Tolerant -Excel\u00b7lent).   R\u00e0pid assecament a collita.  Extraordinari potencial productiu d'oli alt oleic.  Gran adaptaci\u00f3 a totes les zones i condicions de cultiu gr\u00e0cies al seu perfil sanitari.  &nbsp;","og_url":"https:\/\/mcazorla.com\/producte\/lg50-625hov\/","og_site_name":"M. Cazorla","article_modified_time":"2022-09-22T14:36:36+00:00","og_image":[{"width":500,"height":386,"url":"https:\/\/mcazorla.com\/wp-content\/uploads\/2022\/08\/GIRASOL-LG-50.625-HOV.jpg","type":"image\/jpeg"}],"twitter_card":"summary_large_image","schema":{"@context":"https:\/\/schema.org","@graph":[{"@type":"WebPage","@id":"https:\/\/mcazorla.com\/producte\/lg50-625hov\/","url":"https:\/\/mcazorla.com\/producte\/lg50-625hov\/","name":"LG 50.625 HOV - M. Cazorla","isPartOf":{"@id":"https:\/\/mcazorla.com\/#website"},"primaryImageOfPage":{"@id":"https:\/\/mcazorla.com\/producte\/lg50-625hov\/#primaryimage"},"image":{"@id":"https:\/\/mcazorla.com\/producte\/lg50-625hov\/#primaryimage"},"thumbnailUrl":"https:\/\/mcazorla.com\/wp-content\/uploads\/2022\/08\/GIRASOL-LG-50.625-HOV.jpg","datePublished":"2022-08-30T10:25:31+00:00","dateModified":"2022-09-22T14:36:36+00:00","breadcrumb":{"@id":"https:\/\/mcazorla.com\/producte\/lg50-625hov\/#breadcrumb"},"inLanguage":"es","potentialAction":[{"@type":"ReadAction","target":["https:\/\/mcazorla.com\/producte\/lg50-625hov\/"]}]},{"@type":"ImageObject","inLanguage":"es","@id":"https:\/\/mcazorla.com\/producte\/lg50-625hov\/#primaryimage","url":"https:\/\/mcazorla.com\/wp-content\/uploads\/2022\/08\/GIRASOL-LG-50.625-HOV.jpg","contentUrl":"https:\/\/mcazorla.com\/wp-content\/uploads\/2022\/08\/GIRASOL-LG-50.625-HOV.jpg","width":500,"height":386},{"@type":"BreadcrumbList","@id":"https:\/\/mcazorla.com\/producte\/lg50-625hov\/#breadcrumb","itemListElement":[{"@type":"ListItem","position":1,"name":"Portada","item":"https:\/\/mcazorla.com\/es\/"},{"@type":"ListItem","position":2,"name":"Productes","item":"https:\/\/mcazorla.com\/productes\/"},{"@type":"ListItem","position":3,"name":"LG 50.625 HOV"}]},{"@type":"WebSite","@id":"https:\/\/mcazorla.com\/#website","url":"https:\/\/mcazorla.com\/","name":"M. Cazorla","description":"Comercialitzaci\u00f3 de llavors, fertilizants, adobs ,fitosanitaris i cereals.","potentialAction":[{"@type":"SearchAction","target":{"@type":"EntryPoint","urlTemplate":"https:\/\/mcazorla.com\/?s={search_term_string}"},"query-input":{"@type":"PropertyValueSpecification","valueRequired":true,"valueName":"search_term_string"}}],"inLanguage":"es"}]}},"_links":{"self":[{"href":"https:\/\/mcazorla.com\/es\/wp-json\/wp\/v2\/product\/4540","targetHints":{"allow":["GET"]}}],"collection":[{"href":"https:\/\/mcazorla.com\/es\/wp-json\/wp\/v2\/product"}],"about":[{"href":"https:\/\/mcazorla.com\/es\/wp-json\/wp\/v2\/types\/product"}],"wp:featuredmedia":[{"embeddable":true,"href":"https:\/\/mcazorla.com\/es\/wp-json\/wp\/v2\/media\/4702"}],"wp:attachment":[{"href":"https:\/\/mcazorla.com\/es\/wp-json\/wp\/v2\/media?parent=4540"}],"wp:term":[{"taxonomy":"product_brand","embeddable":true,"href":"https:\/\/mcazorla.com\/es\/wp-json\/wp\/v2\/product_brand?post=4540"},{"taxonomy":"product_cat","embeddable":true,"href":"https:\/\/mcazorla.com\/es\/wp-json\/wp\/v2\/product_cat?post=4540"},{"taxonomy":"product_tag","embeddable":true,"href":"https:\/\/mcazorla.com\/es\/wp-json\/wp\/v2\/product_tag?post=4540"}],"curies":[{"name":"wp","href":"https:\/\/api.w.org\/{rel}","templated":true}]}}