{"id":4613,"date":"2022-09-09T14:14:06","date_gmt":"2022-09-09T14:14:06","guid":{"rendered":"https:\/\/www.mcazorla.com\/?post_type=product&#038;p=4613"},"modified":"2022-09-20T07:56:23","modified_gmt":"2022-09-20T07:56:23","slug":"aneto","status":"publish","type":"product","link":"https:\/\/mcazorla.com\/es\/producte\/aneto\/","title":{"rendered":"Aneto"},"content":{"rendered":"","protected":false},"excerpt":{"rendered":"<p>Varietat farratgera de sorgo x pastura del sudan, tres segues.<\/p>\n<ul>\n<li>Versatilitat en farratge, maduraci\u00f3 tardana, periode de collita m\u00e9s ample.<\/li>\n<li>Contingut proteic i digestibilitat m\u00e9s alts que en els hibrids sorgo x pasto del Sudan convencionals.<\/li>\n<li>Bona conservaci\u00f3 de les fulles verdes.<\/li>\n<li>Excel\u00b7lent afillament, rebrotament i recuperaci\u00f3.<\/li>\n<\/ul>\n<p>Sac de 25 Kg.<\/p>\n<p>&nbsp;<\/p>\n<p>&nbsp;<\/p>\n","protected":false},"featured_media":4773,"template":"","meta":[],"product_brand":[],"product_cat":[31,53,234],"product_tag":[],"class_list":{"0":"post-4613","1":"product","2":"type-product","3":"status-publish","4":"has-post-thumbnail","6":"product_cat-llavors","7":"product_cat-llavors-destiu","8":"product_cat-sorgo","10":"first","11":"instock","12":"shipping-taxable","13":"product-type-simple"},"yoast_head":"<!-- This site is optimized with the Yoast SEO plugin v27.3 - https:\/\/yoast.com\/product\/yoast-seo-wordpress\/ -->\n<title>Aneto - M. Cazorla<\/title>\n<meta name=\"robots\" content=\"index, follow, max-snippet:-1, max-image-preview:large, max-video-preview:-1\" \/>\n<link rel=\"canonical\" href=\"https:\/\/mcazorla.com\/producte\/aneto\/\" \/>\n<meta property=\"og:locale\" content=\"es_ES\" \/>\n<meta property=\"og:type\" content=\"article\" \/>\n<meta property=\"og:title\" content=\"Aneto - M. Cazorla\" \/>\n<meta property=\"og:description\" content=\"Varietat farratgera de sorgo x pastura del sudan, tres segues.   Versatilitat en farratge, maduraci\u00f3 tardana, periode de collita m\u00e9s ample.  Contingut proteic i digestibilitat m\u00e9s alts que en els hibrids sorgo x pasto del Sudan convencionals.  Bona conservaci\u00f3 de les fulles verdes.  Excel\u00b7lent afillament, rebrotament i recuperaci\u00f3.  Sac de 25 Kg.  &nbsp;  &nbsp;\" \/>\n<meta property=\"og:url\" content=\"https:\/\/mcazorla.com\/producte\/aneto\/\" \/>\n<meta property=\"og:site_name\" content=\"M. Cazorla\" \/>\n<meta property=\"article:modified_time\" content=\"2022-09-20T07:56:23+00:00\" \/>\n<meta property=\"og:image\" content=\"https:\/\/mcazorla.com\/wp-content\/uploads\/2022\/09\/SORGO-ANETO.jpg\" \/>\n\t<meta property=\"og:image:width\" content=\"500\" \/>\n\t<meta property=\"og:image:height\" content=\"386\" \/>\n\t<meta property=\"og:image:type\" content=\"image\/jpeg\" \/>\n<meta name=\"twitter:card\" content=\"summary_large_image\" \/>\n<script type=\"application\/ld+json\" class=\"yoast-schema-graph\">{\"@context\":\"https:\\\/\\\/schema.org\",\"@graph\":[{\"@type\":\"WebPage\",\"@id\":\"https:\\\/\\\/mcazorla.com\\\/producte\\\/aneto\\\/\",\"url\":\"https:\\\/\\\/mcazorla.com\\\/producte\\\/aneto\\\/\",\"name\":\"Aneto - M. Cazorla\",\"isPartOf\":{\"@id\":\"https:\\\/\\\/mcazorla.com\\\/#website\"},\"primaryImageOfPage\":{\"@id\":\"https:\\\/\\\/mcazorla.com\\\/producte\\\/aneto\\\/#primaryimage\"},\"image\":{\"@id\":\"https:\\\/\\\/mcazorla.com\\\/producte\\\/aneto\\\/#primaryimage\"},\"thumbnailUrl\":\"https:\\\/\\\/mcazorla.com\\\/wp-content\\\/uploads\\\/2022\\\/09\\\/SORGO-ANETO.jpg\",\"datePublished\":\"2022-09-09T14:14:06+00:00\",\"dateModified\":\"2022-09-20T07:56:23+00:00\",\"breadcrumb\":{\"@id\":\"https:\\\/\\\/mcazorla.com\\\/producte\\\/aneto\\\/#breadcrumb\"},\"inLanguage\":\"es\",\"potentialAction\":[{\"@type\":\"ReadAction\",\"target\":[\"https:\\\/\\\/mcazorla.com\\\/producte\\\/aneto\\\/\"]}]},{\"@type\":\"ImageObject\",\"inLanguage\":\"es\",\"@id\":\"https:\\\/\\\/mcazorla.com\\\/producte\\\/aneto\\\/#primaryimage\",\"url\":\"https:\\\/\\\/mcazorla.com\\\/wp-content\\\/uploads\\\/2022\\\/09\\\/SORGO-ANETO.jpg\",\"contentUrl\":\"https:\\\/\\\/mcazorla.com\\\/wp-content\\\/uploads\\\/2022\\\/09\\\/SORGO-ANETO.jpg\",\"width\":500,\"height\":386},{\"@type\":\"BreadcrumbList\",\"@id\":\"https:\\\/\\\/mcazorla.com\\\/producte\\\/aneto\\\/#breadcrumb\",\"itemListElement\":[{\"@type\":\"ListItem\",\"position\":1,\"name\":\"Portada\",\"item\":\"https:\\\/\\\/mcazorla.com\\\/es\\\/\"},{\"@type\":\"ListItem\",\"position\":2,\"name\":\"Productes\",\"item\":\"https:\\\/\\\/mcazorla.com\\\/productes\\\/\"},{\"@type\":\"ListItem\",\"position\":3,\"name\":\"Aneto\"}]},{\"@type\":\"WebSite\",\"@id\":\"https:\\\/\\\/mcazorla.com\\\/#website\",\"url\":\"https:\\\/\\\/mcazorla.com\\\/\",\"name\":\"M. Cazorla\",\"description\":\"Comercialitzaci\u00f3 de llavors, fertilizants, adobs ,fitosanitaris i cereals.\",\"potentialAction\":[{\"@type\":\"SearchAction\",\"target\":{\"@type\":\"EntryPoint\",\"urlTemplate\":\"https:\\\/\\\/mcazorla.com\\\/?s={search_term_string}\"},\"query-input\":{\"@type\":\"PropertyValueSpecification\",\"valueRequired\":true,\"valueName\":\"search_term_string\"}}],\"inLanguage\":\"es\"}]}<\/script>\n<!-- \/ Yoast SEO plugin. -->","yoast_head_json":{"title":"Aneto - M. Cazorla","robots":{"index":"index","follow":"follow","max-snippet":"max-snippet:-1","max-image-preview":"max-image-preview:large","max-video-preview":"max-video-preview:-1"},"canonical":"https:\/\/mcazorla.com\/producte\/aneto\/","og_locale":"es_ES","og_type":"article","og_title":"Aneto - M. Cazorla","og_description":"Varietat farratgera de sorgo x pastura del sudan, tres segues.   Versatilitat en farratge, maduraci\u00f3 tardana, periode de collita m\u00e9s ample.  Contingut proteic i digestibilitat m\u00e9s alts que en els hibrids sorgo x pasto del Sudan convencionals.  Bona conservaci\u00f3 de les fulles verdes.  Excel\u00b7lent afillament, rebrotament i recuperaci\u00f3.  Sac de 25 Kg.  &nbsp;  &nbsp;","og_url":"https:\/\/mcazorla.com\/producte\/aneto\/","og_site_name":"M. Cazorla","article_modified_time":"2022-09-20T07:56:23+00:00","og_image":[{"width":500,"height":386,"url":"https:\/\/mcazorla.com\/wp-content\/uploads\/2022\/09\/SORGO-ANETO.jpg","type":"image\/jpeg"}],"twitter_card":"summary_large_image","schema":{"@context":"https:\/\/schema.org","@graph":[{"@type":"WebPage","@id":"https:\/\/mcazorla.com\/producte\/aneto\/","url":"https:\/\/mcazorla.com\/producte\/aneto\/","name":"Aneto - M. Cazorla","isPartOf":{"@id":"https:\/\/mcazorla.com\/#website"},"primaryImageOfPage":{"@id":"https:\/\/mcazorla.com\/producte\/aneto\/#primaryimage"},"image":{"@id":"https:\/\/mcazorla.com\/producte\/aneto\/#primaryimage"},"thumbnailUrl":"https:\/\/mcazorla.com\/wp-content\/uploads\/2022\/09\/SORGO-ANETO.jpg","datePublished":"2022-09-09T14:14:06+00:00","dateModified":"2022-09-20T07:56:23+00:00","breadcrumb":{"@id":"https:\/\/mcazorla.com\/producte\/aneto\/#breadcrumb"},"inLanguage":"es","potentialAction":[{"@type":"ReadAction","target":["https:\/\/mcazorla.com\/producte\/aneto\/"]}]},{"@type":"ImageObject","inLanguage":"es","@id":"https:\/\/mcazorla.com\/producte\/aneto\/#primaryimage","url":"https:\/\/mcazorla.com\/wp-content\/uploads\/2022\/09\/SORGO-ANETO.jpg","contentUrl":"https:\/\/mcazorla.com\/wp-content\/uploads\/2022\/09\/SORGO-ANETO.jpg","width":500,"height":386},{"@type":"BreadcrumbList","@id":"https:\/\/mcazorla.com\/producte\/aneto\/#breadcrumb","itemListElement":[{"@type":"ListItem","position":1,"name":"Portada","item":"https:\/\/mcazorla.com\/es\/"},{"@type":"ListItem","position":2,"name":"Productes","item":"https:\/\/mcazorla.com\/productes\/"},{"@type":"ListItem","position":3,"name":"Aneto"}]},{"@type":"WebSite","@id":"https:\/\/mcazorla.com\/#website","url":"https:\/\/mcazorla.com\/","name":"M. Cazorla","description":"Comercialitzaci\u00f3 de llavors, fertilizants, adobs ,fitosanitaris i cereals.","potentialAction":[{"@type":"SearchAction","target":{"@type":"EntryPoint","urlTemplate":"https:\/\/mcazorla.com\/?s={search_term_string}"},"query-input":{"@type":"PropertyValueSpecification","valueRequired":true,"valueName":"search_term_string"}}],"inLanguage":"es"}]}},"_links":{"self":[{"href":"https:\/\/mcazorla.com\/es\/wp-json\/wp\/v2\/product\/4613","targetHints":{"allow":["GET"]}}],"collection":[{"href":"https:\/\/mcazorla.com\/es\/wp-json\/wp\/v2\/product"}],"about":[{"href":"https:\/\/mcazorla.com\/es\/wp-json\/wp\/v2\/types\/product"}],"wp:featuredmedia":[{"embeddable":true,"href":"https:\/\/mcazorla.com\/es\/wp-json\/wp\/v2\/media\/4773"}],"wp:attachment":[{"href":"https:\/\/mcazorla.com\/es\/wp-json\/wp\/v2\/media?parent=4613"}],"wp:term":[{"taxonomy":"product_brand","embeddable":true,"href":"https:\/\/mcazorla.com\/es\/wp-json\/wp\/v2\/product_brand?post=4613"},{"taxonomy":"product_cat","embeddable":true,"href":"https:\/\/mcazorla.com\/es\/wp-json\/wp\/v2\/product_cat?post=4613"},{"taxonomy":"product_tag","embeddable":true,"href":"https:\/\/mcazorla.com\/es\/wp-json\/wp\/v2\/product_tag?post=4613"}],"curies":[{"name":"wp","href":"https:\/\/api.w.org\/{rel}","templated":true}]}}