{"id":3473,"date":"2020-10-21T14:47:40","date_gmt":"2020-10-21T14:47:40","guid":{"rendered":"https:\/\/mcazorla.com\/serveis\/"},"modified":"2022-02-07T14:34:14","modified_gmt":"2022-02-07T14:34:14","slug":"services","status":"publish","type":"page","link":"https:\/\/mcazorla.com\/fr\/services\/","title":{"rendered":"Services"},"content":{"rendered":"<p><div class=\"fusion-fullwidth fullwidth-box fusion-builder-row-1 fusion-flex-container nonhundred-percent-fullwidth non-hundred-percent-height-scrolling\" style=\"--awb-border-radius-top-left:0px;--awb-border-radius-top-right:0px;--awb-border-radius-bottom-right:0px;--awb-border-radius-bottom-left:0px;--awb-padding-top:5vw;--awb-padding-bottom:5vw;--awb-flex-wrap:wrap;\" ><div class=\"fusion-builder-row fusion-row fusion-flex-align-items-stretch fusion-flex-content-wrap\" style=\"max-width:1365px;margin-left: calc(-5% \/ 2 );margin-right: calc(-5% \/ 2 );\"><div class=\"fusion-layout-column fusion_builder_column fusion-builder-column-0 fusion_builder_column_1_2 1_2 fusion-flex-column fusion-animated\" style=\"--awb-padding-right:0vw;--awb-padding-left:0vw;--awb-padding-top-small:9vw;--awb-padding-right-small:4vw;--awb-padding-bottom-small:9vw;--awb-padding-left-small:4vw;--awb-overflow:hidden;--awb-bg-color:#ffffff;--awb-bg-color-hover:#ffffff;--awb-bg-size:cover;--awb-border-radius:6px 6px 6px 6px;--awb-width-large:50%;--awb-margin-top-large:0px;--awb-spacing-right-large:4.75%;--awb-margin-bottom-large:0px;--awb-spacing-left-large:4.75%;--awb-width-medium:50%;--awb-order-medium:0;--awb-spacing-right-medium:4.75%;--awb-spacing-left-medium:4.75%;--awb-width-small:100%;--awb-order-small:0;--awb-spacing-right-small:2.375%;--awb-margin-bottom-small:6vw;--awb-spacing-left-small:2.375%;\" data-animationType=\"fadeInUp\" data-animationDuration=\"1.0\" data-animationOffset=\"top-into-view\"><div class=\"fusion-column-wrapper fusion-column-has-shadow fusion-flex-justify-content-center fusion-content-layout-column\"><div class=\"fusion-text fusion-text-1\" style=\"--awb-text-transform:none;\"><p><strong>Notre soci\u00e9t\u00e9 vous offre la gamme de services:<\/strong><\/p>\n<ul>\n<li>\u00a0Vente au d\u00e9tail.<\/li>\n<li>\u00a0Vente et transport \u00e0 domicile.<\/li>\n<li>\u00a0Conseil au client sur les produits autoris\u00e9s pour chaque culture.<\/li>\n<li>\u00a0Conseil du produit le plus appropri\u00e9 pour chaque moment du cycle v\u00e9g\u00e9tatif des cultures.<\/li>\n<\/ul>\n<\/div><\/div><\/div><div class=\"fusion-layout-column fusion_builder_column fusion-builder-column-1 fusion_builder_column_1_2 1_2 fusion-flex-column fusion-animated\" style=\"--awb-padding-right:0vw;--awb-padding-left:0vw;--awb-padding-top-small:9vw;--awb-padding-right-small:4vw;--awb-padding-bottom-small:9vw;--awb-padding-left-small:4vw;--awb-overflow:hidden;--awb-bg-size:cover;--awb-border-radius:6px 6px 6px 6px;--awb-width-large:50%;--awb-margin-top-large:0px;--awb-spacing-right-large:4.75%;--awb-margin-bottom-large:0px;--awb-spacing-left-large:4.75%;--awb-width-medium:50%;--awb-order-medium:0;--awb-spacing-right-medium:4.75%;--awb-spacing-left-medium:4.75%;--awb-width-small:100%;--awb-order-small:0;--awb-spacing-right-small:2.375%;--awb-margin-bottom-small:6vw;--awb-spacing-left-small:2.375%;\" data-animationType=\"fadeInUp\" data-animationDuration=\"1.0\" data-animationOffset=\"top-into-view\"><div class=\"fusion-column-wrapper fusion-column-has-shadow fusion-flex-justify-content-center fusion-content-layout-column\"><div class=\"fusion-image-element \" style=\"--awb-caption-title-font-family:var(--h2_typography-font-family);--awb-caption-title-font-weight:var(--h2_typography-font-weight);--awb-caption-title-font-style:var(--h2_typography-font-style);--awb-caption-title-size:var(--h2_typography-font-size);--awb-caption-title-transform:var(--h2_typography-text-transform);--awb-caption-title-line-height:var(--h2_typography-line-height);--awb-caption-title-letter-spacing:var(--h2_typography-letter-spacing);\"><span class=\" fusion-imageframe imageframe-none imageframe-1 hover-type-none\"><img decoding=\"async\" width=\"1322\" height=\"991\" title=\"p185n49dtk1usu1q3fn8amtr1gjl1\" src=\"https:\/\/mcazorla.com\/wp-content\/uploads\/2021\/11\/p185n49dtk1usu1q3fn8amtr1gjl1.jpeg\" data-orig-src=\"https:\/\/mcazorla.com\/wp-content\/uploads\/2021\/11\/p185n49dtk1usu1q3fn8amtr1gjl1.jpeg\" alt class=\"lazyload img-responsive wp-image-2770\" srcset=\"data:image\/svg+xml,%3Csvg%20xmlns%3D%27http%3A%2F%2Fwww.w3.org%2F2000%2Fsvg%27%20width%3D%271322%27%20height%3D%27991%27%20viewBox%3D%270%200%201322%20991%27%3E%3Crect%20width%3D%271322%27%20height%3D%27991%27%20fill-opacity%3D%220%22%2F%3E%3C%2Fsvg%3E\" data-srcset=\"https:\/\/mcazorla.com\/wp-content\/uploads\/2021\/11\/p185n49dtk1usu1q3fn8amtr1gjl1-200x150.jpeg 200w, https:\/\/mcazorla.com\/wp-content\/uploads\/2021\/11\/p185n49dtk1usu1q3fn8amtr1gjl1-400x300.jpeg 400w, https:\/\/mcazorla.com\/wp-content\/uploads\/2021\/11\/p185n49dtk1usu1q3fn8amtr1gjl1-600x450.jpeg 600w, https:\/\/mcazorla.com\/wp-content\/uploads\/2021\/11\/p185n49dtk1usu1q3fn8amtr1gjl1-800x600.jpeg 800w, https:\/\/mcazorla.com\/wp-content\/uploads\/2021\/11\/p185n49dtk1usu1q3fn8amtr1gjl1-1200x900.jpeg 1200w, https:\/\/mcazorla.com\/wp-content\/uploads\/2021\/11\/p185n49dtk1usu1q3fn8amtr1gjl1.jpeg 1322w\" data-sizes=\"auto\" data-orig-sizes=\"(max-width: 950px) 100vw, 600px\" \/><\/span><\/div><\/div><\/div><\/div><\/div><div class=\"fusion-fullwidth fullwidth-box fusion-builder-row-2 fusion-flex-container fusion-parallax-fixed nonhundred-percent-fullwidth non-hundred-percent-height-scrolling lazyload\" style=\"--awb-background-position:center top;--awb-border-radius-top-left:0px;--awb-border-radius-top-right:0px;--awb-border-radius-bottom-right:0px;--awb-border-radius-bottom-left:0px;--awb-padding-top:5vw;--awb-padding-bottom:5vw;--awb-padding-top-small:12vw;--awb-padding-bottom-small:12vw;--awb-margin-bottom:0px;--awb-background-image:linear-gradient(90deg, rgba(70,47,29,0.46) 0%,rgba(255,255,255,0) 78%);;--awb-background-size:cover;--awb-flex-wrap:wrap;background-attachment:fixed;\" data-bg=\"https:\/\/mcazorla.com\/wp-content\/uploads\/2021\/11\/banner-cta.jpg\" data-bg-gradient=\"linear-gradient(90deg, rgba(70,47,29,0.46) 0%,rgba(255,255,255,0) 78%)\" ><div class=\"fusion-builder-row fusion-row fusion-flex-align-items-center fusion-flex-content-wrap\" style=\"max-width:1365px;margin-left: calc(-5% \/ 2 );margin-right: calc(-5% \/ 2 );\"><div class=\"fusion-layout-column fusion_builder_column fusion-builder-column-2 fusion_builder_column_3_4 3_4 fusion-flex-column fusion-animated\" style=\"--awb-bg-size:cover;--awb-width-large:75%;--awb-margin-top-large:0px;--awb-spacing-right-large:3.1666666666667%;--awb-margin-bottom-large:0px;--awb-spacing-left-large:3.1666666666667%;--awb-width-medium:75%;--awb-spacing-right-medium:3.1666666666667%;--awb-spacing-left-medium:3.1666666666667%;--awb-width-small:100%;--awb-spacing-right-small:2.375%;--awb-spacing-left-small:2.375%;\" data-animationType=\"fadeInLeft\" data-animationDuration=\"1.0\" data-animationOffset=\"top-into-view\"><div class=\"fusion-column-wrapper fusion-column-has-shadow fusion-flex-justify-content-center fusion-content-layout-column\"><div class=\"fusion-title title fusion-title-1 fusion-no-small-visibility fusion-no-medium-visibility fusion-sep-none fusion-title-text fusion-title-size-two\" style=\"--awb-text-color:#ffffff;--awb-margin-bottom:1.5vw;--awb-margin-top-small:10px;--awb-margin-right-small:0px;--awb-margin-bottom-small:40px;--awb-margin-left-small:0px;--awb-font-size:62px;\"><h2 class=\"fusion-title-heading title-heading-left\" style=\"margin:0;font-size:1em;line-height:1.2;\">Besoin de plus d\u2019informations?<\/h2><\/div><div class=\"fusion-text fusion-text-2\" style=\"--awb-font-size:21px;--awb-line-height:1.5;--awb-text-transform:none;--awb-text-color:#ffffff;\"><p style=\"width: 75%;\">Si vous avez besoin de plus d\u2019informations, contactez-nous et nous vous aiderons dans tout ce dont vous avez besoin.<\/p>\n<\/div><div ><a class=\"fusion-button button-flat button-xlarge button-default fusion-button-default button-1 fusion-button-default-span fusion-button-default-type\" style=\"--button_margin-top:2vw;\" target=\"_self\" href=\"fr\/contact\/\"><span class=\"fusion-button-text awb-button__text awb-button__text--default\">Contact<\/span><\/a><\/div><\/div><\/div><\/div><\/div><\/p>\n","protected":false},"excerpt":{"rendered":"","protected":false},"author":1,"featured_media":2707,"parent":0,"menu_order":0,"comment_status":"closed","ping_status":"closed","template":"100-width.php","meta":{"footnotes":""},"class_list":["post-3473","page","type-page","status-publish","has-post-thumbnail","hentry"],"yoast_head":"<!-- This site is optimized with the Yoast SEO plugin v27.3 - https:\/\/yoast.com\/product\/yoast-seo-wordpress\/ -->\n<title>Services - M. Cazorla<\/title>\n<meta name=\"robots\" content=\"index, follow, max-snippet:-1, max-image-preview:large, max-video-preview:-1\" \/>\n<link rel=\"canonical\" href=\"https:\/\/mcazorla.com\/fr\/services\/\" \/>\n<meta property=\"og:locale\" content=\"fr_FR\" \/>\n<meta property=\"og:type\" content=\"article\" \/>\n<meta property=\"og:title\" content=\"Services - M. Cazorla\" \/>\n<meta property=\"og:url\" content=\"https:\/\/mcazorla.com\/fr\/services\/\" \/>\n<meta property=\"og:site_name\" content=\"M. Cazorla\" \/>\n<meta property=\"article:modified_time\" content=\"2022-02-07T14:34:14+00:00\" \/>\n<meta property=\"og:image\" content=\"https:\/\/mcazorla.com\/wp-content\/uploads\/2020\/10\/blog-10.jpg\" \/>\n\t<meta property=\"og:image:width\" content=\"2560\" \/>\n\t<meta property=\"og:image:height\" content=\"1548\" \/>\n\t<meta property=\"og:image:type\" content=\"image\/jpeg\" \/>\n<meta name=\"twitter:card\" content=\"summary_large_image\" \/>\n<meta name=\"twitter:label1\" content=\"Dur\u00e9e de lecture estim\u00e9e\" \/>\n\t<meta name=\"twitter:data1\" content=\"6 minutes\" \/>\n<script type=\"application\/ld+json\" class=\"yoast-schema-graph\">{\"@context\":\"https:\\\/\\\/schema.org\",\"@graph\":[{\"@type\":\"WebPage\",\"@id\":\"https:\\\/\\\/mcazorla.com\\\/fr\\\/services\\\/\",\"url\":\"https:\\\/\\\/mcazorla.com\\\/fr\\\/services\\\/\",\"name\":\"Services - M. Cazorla\",\"isPartOf\":{\"@id\":\"https:\\\/\\\/mcazorla.com\\\/#website\"},\"primaryImageOfPage\":{\"@id\":\"https:\\\/\\\/mcazorla.com\\\/fr\\\/services\\\/#primaryimage\"},\"image\":{\"@id\":\"https:\\\/\\\/mcazorla.com\\\/fr\\\/services\\\/#primaryimage\"},\"thumbnailUrl\":\"https:\\\/\\\/mcazorla.com\\\/wp-content\\\/uploads\\\/2020\\\/10\\\/blog-10.jpg\",\"datePublished\":\"2020-10-21T14:47:40+00:00\",\"dateModified\":\"2022-02-07T14:34:14+00:00\",\"breadcrumb\":{\"@id\":\"https:\\\/\\\/mcazorla.com\\\/fr\\\/services\\\/#breadcrumb\"},\"inLanguage\":\"fr-FR\",\"potentialAction\":[{\"@type\":\"ReadAction\",\"target\":[\"https:\\\/\\\/mcazorla.com\\\/fr\\\/services\\\/\"]}]},{\"@type\":\"ImageObject\",\"inLanguage\":\"fr-FR\",\"@id\":\"https:\\\/\\\/mcazorla.com\\\/fr\\\/services\\\/#primaryimage\",\"url\":\"https:\\\/\\\/mcazorla.com\\\/wp-content\\\/uploads\\\/2020\\\/10\\\/blog-10.jpg\",\"contentUrl\":\"https:\\\/\\\/mcazorla.com\\\/wp-content\\\/uploads\\\/2020\\\/10\\\/blog-10.jpg\",\"width\":2560,\"height\":1548},{\"@type\":\"BreadcrumbList\",\"@id\":\"https:\\\/\\\/mcazorla.com\\\/fr\\\/services\\\/#breadcrumb\",\"itemListElement\":[{\"@type\":\"ListItem\",\"position\":1,\"name\":\"Portada\",\"item\":\"https:\\\/\\\/mcazorla.com\\\/fr\\\/\"},{\"@type\":\"ListItem\",\"position\":2,\"name\":\"Services\"}]},{\"@type\":\"WebSite\",\"@id\":\"https:\\\/\\\/mcazorla.com\\\/#website\",\"url\":\"https:\\\/\\\/mcazorla.com\\\/\",\"name\":\"M. Cazorla\",\"description\":\"Comercialitzaci\u00f3 de llavors, fertilizants, adobs ,fitosanitaris i cereals.\",\"potentialAction\":[{\"@type\":\"SearchAction\",\"target\":{\"@type\":\"EntryPoint\",\"urlTemplate\":\"https:\\\/\\\/mcazorla.com\\\/?s={search_term_string}\"},\"query-input\":{\"@type\":\"PropertyValueSpecification\",\"valueRequired\":true,\"valueName\":\"search_term_string\"}}],\"inLanguage\":\"fr-FR\"}]}<\/script>\n<!-- \/ Yoast SEO plugin. -->","yoast_head_json":{"title":"Services - M. Cazorla","robots":{"index":"index","follow":"follow","max-snippet":"max-snippet:-1","max-image-preview":"max-image-preview:large","max-video-preview":"max-video-preview:-1"},"canonical":"https:\/\/mcazorla.com\/fr\/services\/","og_locale":"fr_FR","og_type":"article","og_title":"Services - M. Cazorla","og_url":"https:\/\/mcazorla.com\/fr\/services\/","og_site_name":"M. Cazorla","article_modified_time":"2022-02-07T14:34:14+00:00","og_image":[{"width":2560,"height":1548,"url":"https:\/\/mcazorla.com\/wp-content\/uploads\/2020\/10\/blog-10.jpg","type":"image\/jpeg"}],"twitter_card":"summary_large_image","twitter_misc":{"Dur\u00e9e de lecture estim\u00e9e":"6 minutes"},"schema":{"@context":"https:\/\/schema.org","@graph":[{"@type":"WebPage","@id":"https:\/\/mcazorla.com\/fr\/services\/","url":"https:\/\/mcazorla.com\/fr\/services\/","name":"Services - M. Cazorla","isPartOf":{"@id":"https:\/\/mcazorla.com\/#website"},"primaryImageOfPage":{"@id":"https:\/\/mcazorla.com\/fr\/services\/#primaryimage"},"image":{"@id":"https:\/\/mcazorla.com\/fr\/services\/#primaryimage"},"thumbnailUrl":"https:\/\/mcazorla.com\/wp-content\/uploads\/2020\/10\/blog-10.jpg","datePublished":"2020-10-21T14:47:40+00:00","dateModified":"2022-02-07T14:34:14+00:00","breadcrumb":{"@id":"https:\/\/mcazorla.com\/fr\/services\/#breadcrumb"},"inLanguage":"fr-FR","potentialAction":[{"@type":"ReadAction","target":["https:\/\/mcazorla.com\/fr\/services\/"]}]},{"@type":"ImageObject","inLanguage":"fr-FR","@id":"https:\/\/mcazorla.com\/fr\/services\/#primaryimage","url":"https:\/\/mcazorla.com\/wp-content\/uploads\/2020\/10\/blog-10.jpg","contentUrl":"https:\/\/mcazorla.com\/wp-content\/uploads\/2020\/10\/blog-10.jpg","width":2560,"height":1548},{"@type":"BreadcrumbList","@id":"https:\/\/mcazorla.com\/fr\/services\/#breadcrumb","itemListElement":[{"@type":"ListItem","position":1,"name":"Portada","item":"https:\/\/mcazorla.com\/fr\/"},{"@type":"ListItem","position":2,"name":"Services"}]},{"@type":"WebSite","@id":"https:\/\/mcazorla.com\/#website","url":"https:\/\/mcazorla.com\/","name":"M. Cazorla","description":"Comercialitzaci\u00f3 de llavors, fertilizants, adobs ,fitosanitaris i cereals.","potentialAction":[{"@type":"SearchAction","target":{"@type":"EntryPoint","urlTemplate":"https:\/\/mcazorla.com\/?s={search_term_string}"},"query-input":{"@type":"PropertyValueSpecification","valueRequired":true,"valueName":"search_term_string"}}],"inLanguage":"fr-FR"}]}},"_links":{"self":[{"href":"https:\/\/mcazorla.com\/fr\/wp-json\/wp\/v2\/pages\/3473","targetHints":{"allow":["GET"]}}],"collection":[{"href":"https:\/\/mcazorla.com\/fr\/wp-json\/wp\/v2\/pages"}],"about":[{"href":"https:\/\/mcazorla.com\/fr\/wp-json\/wp\/v2\/types\/page"}],"author":[{"embeddable":true,"href":"https:\/\/mcazorla.com\/fr\/wp-json\/wp\/v2\/users\/1"}],"replies":[{"embeddable":true,"href":"https:\/\/mcazorla.com\/fr\/wp-json\/wp\/v2\/comments?post=3473"}],"version-history":[{"count":0,"href":"https:\/\/mcazorla.com\/fr\/wp-json\/wp\/v2\/pages\/3473\/revisions"}],"wp:featuredmedia":[{"embeddable":true,"href":"https:\/\/mcazorla.com\/fr\/wp-json\/wp\/v2\/media\/2707"}],"wp:attachment":[{"href":"https:\/\/mcazorla.com\/fr\/wp-json\/wp\/v2\/media?parent=3473"}],"curies":[{"name":"wp","href":"https:\/\/api.w.org\/{rel}","templated":true}]}}