{"id":4998,"date":"2023-09-05T06:21:43","date_gmt":"2023-09-05T06:21:43","guid":{"rendered":"https:\/\/mcazorla.com\/fruita\/"},"modified":"2023-10-21T12:08:01","modified_gmt":"2023-10-21T12:08:01","slug":"fruit","status":"publish","type":"page","link":"https:\/\/mcazorla.com\/fr\/fruit\/","title":{"rendered":"Fruit"},"content":{"rendered":"<div class=\"fusion-fullwidth fullwidth-box fusion-builder-row-1 fusion-flex-container nonhundred-percent-fullwidth non-hundred-percent-height-scrolling\" style=\"--awb-border-radius-top-left:0px;--awb-border-radius-top-right:0px;--awb-border-radius-bottom-right:0px;--awb-border-radius-bottom-left:0px;--awb-flex-wrap:wrap;\" ><div class=\"fusion-builder-row fusion-row fusion-flex-align-items-flex-start fusion-flex-content-wrap\" style=\"max-width:1365px;margin-left: calc(-5% \/ 2 );margin-right: calc(-5% \/ 2 );\"><div class=\"fusion-layout-column fusion_builder_column fusion-builder-column-0 fusion_builder_column_1_1 1_1 fusion-flex-column\" style=\"--awb-bg-size:cover;--awb-width-large:100%;--awb-margin-top-large:0px;--awb-spacing-right-large:2.375%;--awb-margin-bottom-large:0px;--awb-spacing-left-large:2.375%;--awb-width-medium:100%;--awb-spacing-right-medium:2.375%;--awb-spacing-left-medium:2.375%;--awb-width-small:100%;--awb-spacing-right-small:2.375%;--awb-spacing-left-small:2.375%;\"><div class=\"fusion-column-wrapper fusion-flex-justify-content-flex-start fusion-content-layout-column\"><style type=\"text\/css\">.fusion-portfolio-wrapper#fusion-portfolio-1 .fusion-portfolio-content{  text-align: left; }<\/style><div class=\"fusion-recent-works fusion-portfolio-element fusion-portfolio fusion-portfolio-1 fusion-portfolio-grid fusion-portfolio-paging-pagination fusion-portfolio-two fusion-portfolio-unboxed fusion-portfolio-text fusion-portfolio-rollover\" data-id=\"-rw-1\" data-columns=\"two\"><style type=\"text\/css\">.fusion-portfolio-1 .fusion-portfolio-wrapper .fusion-col-spacing{padding:20px;}<\/style><div class=\"fusion-portfolio-wrapper\" id=\"fusion-portfolio-1\" data-picturesize=\"auto\" data-pages=\"1\" style=\"margin:-20px;\"><article id=\"portfolio-1-post-5017\" class=\"fusion-portfolio-post fruita-fr fusion-col-spacing post-5017\"><div class=\"fusion-portfolio-content-wrapper\" style=\"border:none;\"><span class=\"vcard rich-snippet-hidden\"><span class=\"fn\"><a href=\"https:\/\/mcazorla.com\/fr\/author\/admin_mcazorla\/\" title=\"Articles par admin_mcazorla\" rel=\"author\">admin_mcazorla<\/a><\/span><\/span><span class=\"updated rich-snippet-hidden\">2023-10-21T12:27:00+00:00<\/span><div  class=\"fusion-image-wrapper\" aria-haspopup=\"true\">\n\t\t\t\t<img decoding=\"async\" width=\"900\" height=\"800\" src=\"https:\/\/mcazorla.com\/wp-content\/uploads\/2023\/04\/img-portafoli-fruit-a-noyau-2.jpg\" class=\"attachment-full size-full lazyload wp-post-image\" alt=\"\" srcset=\"data:image\/svg+xml,%3Csvg%20xmlns%3D%27http%3A%2F%2Fwww.w3.org%2F2000%2Fsvg%27%20width%3D%27900%27%20height%3D%27800%27%20viewBox%3D%270%200%20900%20800%27%3E%3Crect%20width%3D%27900%27%20height%3D%27800%27%20fill-opacity%3D%220%22%2F%3E%3C%2Fsvg%3E\" data-orig-src=\"https:\/\/mcazorla.com\/wp-content\/uploads\/2023\/04\/img-portafoli-fruit-a-noyau-2.jpg\" data-srcset=\"https:\/\/mcazorla.com\/wp-content\/uploads\/2023\/04\/img-portafoli-fruit-a-noyau-2-200x178.jpg 200w, https:\/\/mcazorla.com\/wp-content\/uploads\/2023\/04\/img-portafoli-fruit-a-noyau-2-400x356.jpg 400w, https:\/\/mcazorla.com\/wp-content\/uploads\/2023\/04\/img-portafoli-fruit-a-noyau-2-600x533.jpg 600w, https:\/\/mcazorla.com\/wp-content\/uploads\/2023\/04\/img-portafoli-fruit-a-noyau-2-800x711.jpg 800w, https:\/\/mcazorla.com\/wp-content\/uploads\/2023\/04\/img-portafoli-fruit-a-noyau-2.jpg 900w\" data-sizes=\"auto\" \/><div class=\"fusion-rollover\">\n\t<div class=\"fusion-rollover-content\">\n\n\t\t\t\t\n\t\t\n\t\t\t\t\t\t\t\t\t\t\t\t<h4 class=\"fusion-rollover-title\">\n\t\t\t\t\t<a class=\"fusion-rollover-title-link\" href=\"https:\/\/mcazorla.com\/fr\/portfolio-items\/solution-pour-les-fruits-a-noyau\/\">\n\t\t\t\t\t\tSolution pour les fruits \u00e0 noyau\t\t\t\t\t<\/a>\n\t\t\t\t<\/h4>\n\t\t\t\n\t\t\t\t\t\t\t\t\t\t<div class=\"fusion-rollover-categories\"><a href=\"https:\/\/mcazorla.com\/fr\/portfolio_category\/fruita-fr\/\" rel=\"tag\">Fruit<\/a><\/div>\t\t\t\t\t\n\t\t\n\t\t\t\t\t\t<a class=\"fusion-link-wrapper\" href=\"https:\/\/mcazorla.com\/fr\/portfolio-items\/solution-pour-les-fruits-a-noyau\/\" aria-label=\"Solution pour les fruits \u00e0 noyau\"><\/a>\n\t<\/div>\n<\/div>\n<\/div>\n<div class=\"fusion-portfolio-content\"><h2 class=\"entry-title fusion-post-title\"><a href=\"https:\/\/mcazorla.com\/fr\/portfolio-items\/solution-pour-les-fruits-a-noyau\/\">Solution pour les fruits \u00e0 noyau<\/a><\/h2><div class=\"fusion-portfolio-meta\"><a href=\"https:\/\/mcazorla.com\/fr\/portfolio_category\/fruita-fr\/\" rel=\"tag\">Fruit<\/a><\/div><div class=\"fusion-post-content\"><p>Des solutions efficaces et durables pour maximiser les performances et la qualit\u00e9 de vos arbres fruitiers.<\/p><\/div><\/div><\/div><\/article><article id=\"portfolio-1-post-5025\" class=\"fusion-portfolio-post fruita-fr fusion-col-spacing post-5025\"><div class=\"fusion-portfolio-content-wrapper\" style=\"border:none;\"><span class=\"vcard rich-snippet-hidden\"><span class=\"fn\"><a href=\"https:\/\/mcazorla.com\/fr\/author\/admin_mcazorla\/\" title=\"Articles par admin_mcazorla\" rel=\"author\">admin_mcazorla<\/a><\/span><\/span><span class=\"updated rich-snippet-hidden\">2023-10-21T12:35:12+00:00<\/span><div  class=\"fusion-image-wrapper\" aria-haspopup=\"true\">\n\t\t\t\t<img decoding=\"async\" width=\"900\" height=\"800\" src=\"https:\/\/mcazorla.com\/wp-content\/uploads\/2023\/04\/img-portafoli-fruit-a-pepins.jpg\" class=\"attachment-full size-full lazyload wp-post-image\" alt=\"\" srcset=\"data:image\/svg+xml,%3Csvg%20xmlns%3D%27http%3A%2F%2Fwww.w3.org%2F2000%2Fsvg%27%20width%3D%27900%27%20height%3D%27800%27%20viewBox%3D%270%200%20900%20800%27%3E%3Crect%20width%3D%27900%27%20height%3D%27800%27%20fill-opacity%3D%220%22%2F%3E%3C%2Fsvg%3E\" data-orig-src=\"https:\/\/mcazorla.com\/wp-content\/uploads\/2023\/04\/img-portafoli-fruit-a-pepins.jpg\" data-srcset=\"https:\/\/mcazorla.com\/wp-content\/uploads\/2023\/04\/img-portafoli-fruit-a-pepins-200x178.jpg 200w, https:\/\/mcazorla.com\/wp-content\/uploads\/2023\/04\/img-portafoli-fruit-a-pepins-400x356.jpg 400w, https:\/\/mcazorla.com\/wp-content\/uploads\/2023\/04\/img-portafoli-fruit-a-pepins-600x533.jpg 600w, https:\/\/mcazorla.com\/wp-content\/uploads\/2023\/04\/img-portafoli-fruit-a-pepins-800x711.jpg 800w, https:\/\/mcazorla.com\/wp-content\/uploads\/2023\/04\/img-portafoli-fruit-a-pepins.jpg 900w\" data-sizes=\"auto\" \/><div class=\"fusion-rollover\">\n\t<div class=\"fusion-rollover-content\">\n\n\t\t\t\t\n\t\t\n\t\t\t\t\t\t\t\t\t\t\t\t<h4 class=\"fusion-rollover-title\">\n\t\t\t\t\t<a class=\"fusion-rollover-title-link\" href=\"https:\/\/mcazorla.com\/fr\/portfolio-items\/solution-pour-la-pomme\/\">\n\t\t\t\t\t\tSolution pour la pomme\t\t\t\t\t<\/a>\n\t\t\t\t<\/h4>\n\t\t\t\n\t\t\t\t\t\t\t\t\t\t<div class=\"fusion-rollover-categories\"><a href=\"https:\/\/mcazorla.com\/fr\/portfolio_category\/fruita-fr\/\" rel=\"tag\">Fruit<\/a><\/div>\t\t\t\t\t\n\t\t\n\t\t\t\t\t\t<a class=\"fusion-link-wrapper\" href=\"https:\/\/mcazorla.com\/fr\/portfolio-items\/solution-pour-la-pomme\/\" aria-label=\"Solution pour la pomme\"><\/a>\n\t<\/div>\n<\/div>\n<\/div>\n<div class=\"fusion-portfolio-content\"><h2 class=\"entry-title fusion-post-title\"><a href=\"https:\/\/mcazorla.com\/fr\/portfolio-items\/solution-pour-la-pomme\/\">Solution pour la pomme<\/a><\/h2><div class=\"fusion-portfolio-meta\"><a href=\"https:\/\/mcazorla.com\/fr\/portfolio_category\/fruita-fr\/\" rel=\"tag\">Fruit<\/a><\/div><div class=\"fusion-post-content\"><p>Des solutions efficaces et durables pour maximiser les performances et la qualit\u00e9 de vos arbres fruitiers.<\/p><\/div><\/div><\/div><\/article><article id=\"portfolio-1-post-5038\" class=\"fusion-portfolio-post fruita-fr fusion-col-spacing post-5038\"><div class=\"fusion-portfolio-content-wrapper\" style=\"border:none;\"><span class=\"vcard rich-snippet-hidden\"><span class=\"fn\"><a href=\"https:\/\/mcazorla.com\/fr\/author\/admin_mcazorla\/\" title=\"Articles par admin_mcazorla\" rel=\"author\">admin_mcazorla<\/a><\/span><\/span><span class=\"updated rich-snippet-hidden\">2023-10-21T12:50:44+00:00<\/span><div  class=\"fusion-image-wrapper\" aria-haspopup=\"true\">\n\t\t\t\t<img decoding=\"async\" width=\"900\" height=\"800\" src=\"https:\/\/mcazorla.com\/wp-content\/uploads\/2023\/04\/img-portafoli-solutions-agrumes-1.jpg\" class=\"attachment-full size-full lazyload wp-post-image\" alt=\"\" srcset=\"data:image\/svg+xml,%3Csvg%20xmlns%3D%27http%3A%2F%2Fwww.w3.org%2F2000%2Fsvg%27%20width%3D%27900%27%20height%3D%27800%27%20viewBox%3D%270%200%20900%20800%27%3E%3Crect%20width%3D%27900%27%20height%3D%27800%27%20fill-opacity%3D%220%22%2F%3E%3C%2Fsvg%3E\" data-orig-src=\"https:\/\/mcazorla.com\/wp-content\/uploads\/2023\/04\/img-portafoli-solutions-agrumes-1.jpg\" data-srcset=\"https:\/\/mcazorla.com\/wp-content\/uploads\/2023\/04\/img-portafoli-solutions-agrumes-1-200x178.jpg 200w, https:\/\/mcazorla.com\/wp-content\/uploads\/2023\/04\/img-portafoli-solutions-agrumes-1-400x356.jpg 400w, https:\/\/mcazorla.com\/wp-content\/uploads\/2023\/04\/img-portafoli-solutions-agrumes-1-600x533.jpg 600w, https:\/\/mcazorla.com\/wp-content\/uploads\/2023\/04\/img-portafoli-solutions-agrumes-1-800x711.jpg 800w, https:\/\/mcazorla.com\/wp-content\/uploads\/2023\/04\/img-portafoli-solutions-agrumes-1.jpg 900w\" data-sizes=\"auto\" \/><div class=\"fusion-rollover\">\n\t<div class=\"fusion-rollover-content\">\n\n\t\t\t\t\n\t\t\n\t\t\t\t\t\t\t\t\t\t\t\t<h4 class=\"fusion-rollover-title\">\n\t\t\t\t\t<a class=\"fusion-rollover-title-link\" href=\"https:\/\/mcazorla.com\/fr\/portfolio-items\/solution-pour-les-agrumes\/\">\n\t\t\t\t\t\tSolution pour les agrumes\t\t\t\t\t<\/a>\n\t\t\t\t<\/h4>\n\t\t\t\n\t\t\t\t\t\t\t\t\t\t<div class=\"fusion-rollover-categories\"><a href=\"https:\/\/mcazorla.com\/fr\/portfolio_category\/fruita-fr\/\" rel=\"tag\">Fruit<\/a><\/div>\t\t\t\t\t\n\t\t\n\t\t\t\t\t\t<a class=\"fusion-link-wrapper\" href=\"https:\/\/mcazorla.com\/fr\/portfolio-items\/solution-pour-les-agrumes\/\" aria-label=\"Solution pour les agrumes\"><\/a>\n\t<\/div>\n<\/div>\n<\/div>\n<div class=\"fusion-portfolio-content\"><h2 class=\"entry-title fusion-post-title\"><a href=\"https:\/\/mcazorla.com\/fr\/portfolio-items\/solution-pour-les-agrumes\/\">Solution pour les agrumes<\/a><\/h2><div class=\"fusion-portfolio-meta\"><a href=\"https:\/\/mcazorla.com\/fr\/portfolio_category\/fruita-fr\/\" rel=\"tag\">Fruit<\/a><\/div><div class=\"fusion-post-content\"><p>Solution efficace et durable pour maximiser le rendement et la qualit\u00e9 des agrumes.<\/p><\/div><\/div><\/div><\/article><article id=\"portfolio-1-post-5045\" class=\"fusion-portfolio-post cereales fruita-fr potager fusion-col-spacing post-5045\"><div class=\"fusion-portfolio-content-wrapper\" style=\"border:none;\"><span class=\"vcard rich-snippet-hidden\"><span class=\"fn\"><a href=\"https:\/\/mcazorla.com\/fr\/author\/admin_mcazorla\/\" title=\"Articles par admin_mcazorla\" rel=\"author\">admin_mcazorla<\/a><\/span><\/span><span class=\"updated rich-snippet-hidden\">2023-10-21T12:58:59+00:00<\/span><div  class=\"fusion-image-wrapper\" aria-haspopup=\"true\">\n\t\t\t\t<img decoding=\"async\" width=\"900\" height=\"800\" src=\"https:\/\/mcazorla.com\/wp-content\/uploads\/2023\/04\/img-portafoli-manvert-terra-inicio.jpg\" class=\"attachment-full size-full lazyload wp-post-image\" alt=\"\" srcset=\"data:image\/svg+xml,%3Csvg%20xmlns%3D%27http%3A%2F%2Fwww.w3.org%2F2000%2Fsvg%27%20width%3D%27900%27%20height%3D%27800%27%20viewBox%3D%270%200%20900%20800%27%3E%3Crect%20width%3D%27900%27%20height%3D%27800%27%20fill-opacity%3D%220%22%2F%3E%3C%2Fsvg%3E\" data-orig-src=\"https:\/\/mcazorla.com\/wp-content\/uploads\/2023\/04\/img-portafoli-manvert-terra-inicio.jpg\" data-srcset=\"https:\/\/mcazorla.com\/wp-content\/uploads\/2023\/04\/img-portafoli-manvert-terra-inicio-200x178.jpg 200w, https:\/\/mcazorla.com\/wp-content\/uploads\/2023\/04\/img-portafoli-manvert-terra-inicio-400x356.jpg 400w, https:\/\/mcazorla.com\/wp-content\/uploads\/2023\/04\/img-portafoli-manvert-terra-inicio-600x533.jpg 600w, https:\/\/mcazorla.com\/wp-content\/uploads\/2023\/04\/img-portafoli-manvert-terra-inicio-800x711.jpg 800w, https:\/\/mcazorla.com\/wp-content\/uploads\/2023\/04\/img-portafoli-manvert-terra-inicio.jpg 900w\" data-sizes=\"auto\" \/><div class=\"fusion-rollover\">\n\t<div class=\"fusion-rollover-content\">\n\n\t\t\t\t\n\t\t\n\t\t\t\t\t\t\t\t\t\t\t\t<h4 class=\"fusion-rollover-title\">\n\t\t\t\t\t<a class=\"fusion-rollover-title-link\" href=\"https:\/\/mcazorla.com\/fr\/portfolio-items\/solution-pour-le-demarrage-de-la-culture\/\">\n\t\t\t\t\t\tSolution pour le d\u00e9marrage de la culture\t\t\t\t\t<\/a>\n\t\t\t\t<\/h4>\n\t\t\t\n\t\t\t\t\t\t\t\t\t\t<div class=\"fusion-rollover-categories\"><a href=\"https:\/\/mcazorla.com\/fr\/portfolio_category\/cereales\/\" rel=\"tag\">C\u00e9r\u00e9ales<\/a>, <a href=\"https:\/\/mcazorla.com\/fr\/portfolio_category\/fruita-fr\/\" rel=\"tag\">Fruit<\/a>, <a href=\"https:\/\/mcazorla.com\/fr\/portfolio_category\/potager\/\" rel=\"tag\">Potager<\/a><\/div>\t\t\t\t\t\n\t\t\n\t\t\t\t\t\t<a class=\"fusion-link-wrapper\" href=\"https:\/\/mcazorla.com\/fr\/portfolio-items\/solution-pour-le-demarrage-de-la-culture\/\" aria-label=\"Solution pour le d\u00e9marrage de la culture\"><\/a>\n\t<\/div>\n<\/div>\n<\/div>\n<div class=\"fusion-portfolio-content\"><h2 class=\"entry-title fusion-post-title\"><a href=\"https:\/\/mcazorla.com\/fr\/portfolio-items\/solution-pour-le-demarrage-de-la-culture\/\">Solution pour le d\u00e9marrage de la culture<\/a><\/h2><div class=\"fusion-portfolio-meta\"><a href=\"https:\/\/mcazorla.com\/fr\/portfolio_category\/cereales\/\" rel=\"tag\">C\u00e9r\u00e9ales<\/a>, <a href=\"https:\/\/mcazorla.com\/fr\/portfolio_category\/fruita-fr\/\" rel=\"tag\">Fruit<\/a>, <a href=\"https:\/\/mcazorla.com\/fr\/portfolio_category\/potager\/\" rel=\"tag\">Potager<\/a><\/div><div class=\"fusion-post-content\"><p>Am\u00e9liore les propri\u00e9t\u00e9s physiques et chimiques et les propri\u00e9t\u00e9s biologiques du sol en d\u00e9but de culture.<\/p><\/div><\/div><\/div><\/article><\/div><\/div><\/div><\/div><\/div><\/div>\n","protected":false},"excerpt":{"rendered":"","protected":false},"author":1,"featured_media":0,"parent":0,"menu_order":0,"comment_status":"closed","ping_status":"open","template":"","meta":{"footnotes":""},"class_list":["post-4998","page","type-page","status-publish","hentry"],"yoast_head":"<!-- This site is optimized with the Yoast SEO plugin v27.3 - https:\/\/yoast.com\/product\/yoast-seo-wordpress\/ -->\n<title>Fruit - M. Cazorla<\/title>\n<meta name=\"robots\" content=\"index, follow, max-snippet:-1, max-image-preview:large, max-video-preview:-1\" \/>\n<link rel=\"canonical\" href=\"https:\/\/mcazorla.com\/fruita\/\" \/>\n<meta property=\"og:locale\" content=\"fr_FR\" \/>\n<meta property=\"og:type\" content=\"article\" \/>\n<meta property=\"og:title\" content=\"Fruit - M. Cazorla\" \/>\n<meta property=\"og:url\" content=\"https:\/\/mcazorla.com\/fruita\/\" \/>\n<meta property=\"og:site_name\" content=\"M. Cazorla\" \/>\n<meta property=\"article:modified_time\" content=\"2023-10-21T12:08:01+00:00\" \/>\n<meta name=\"twitter:card\" content=\"summary_large_image\" \/>\n<meta name=\"twitter:label1\" content=\"Dur\u00e9e de lecture estim\u00e9e\" \/>\n\t<meta name=\"twitter:data1\" content=\"1 minute\" \/>\n<script type=\"application\/ld+json\" class=\"yoast-schema-graph\">{\"@context\":\"https:\\\/\\\/schema.org\",\"@graph\":[{\"@type\":\"WebPage\",\"@id\":\"https:\\\/\\\/mcazorla.com\\\/fruita\\\/\",\"url\":\"https:\\\/\\\/mcazorla.com\\\/fruita\\\/\",\"name\":\"Fruit - M. Cazorla\",\"isPartOf\":{\"@id\":\"https:\\\/\\\/mcazorla.com\\\/#website\"},\"datePublished\":\"2023-09-05T06:21:43+00:00\",\"dateModified\":\"2023-10-21T12:08:01+00:00\",\"breadcrumb\":{\"@id\":\"https:\\\/\\\/mcazorla.com\\\/fruita\\\/#breadcrumb\"},\"inLanguage\":\"fr-FR\",\"potentialAction\":[{\"@type\":\"ReadAction\",\"target\":[\"https:\\\/\\\/mcazorla.com\\\/fruita\\\/\"]}]},{\"@type\":\"BreadcrumbList\",\"@id\":\"https:\\\/\\\/mcazorla.com\\\/fruita\\\/#breadcrumb\",\"itemListElement\":[{\"@type\":\"ListItem\",\"position\":1,\"name\":\"Portada\",\"item\":\"https:\\\/\\\/mcazorla.com\\\/fr\\\/\"},{\"@type\":\"ListItem\",\"position\":2,\"name\":\"Fruit\"}]},{\"@type\":\"WebSite\",\"@id\":\"https:\\\/\\\/mcazorla.com\\\/#website\",\"url\":\"https:\\\/\\\/mcazorla.com\\\/\",\"name\":\"M. Cazorla\",\"description\":\"Comercialitzaci\u00f3 de llavors, fertilizants, adobs ,fitosanitaris i cereals.\",\"potentialAction\":[{\"@type\":\"SearchAction\",\"target\":{\"@type\":\"EntryPoint\",\"urlTemplate\":\"https:\\\/\\\/mcazorla.com\\\/?s={search_term_string}\"},\"query-input\":{\"@type\":\"PropertyValueSpecification\",\"valueRequired\":true,\"valueName\":\"search_term_string\"}}],\"inLanguage\":\"fr-FR\"}]}<\/script>\n<!-- \/ Yoast SEO plugin. -->","yoast_head_json":{"title":"Fruit - M. Cazorla","robots":{"index":"index","follow":"follow","max-snippet":"max-snippet:-1","max-image-preview":"max-image-preview:large","max-video-preview":"max-video-preview:-1"},"canonical":"https:\/\/mcazorla.com\/fruita\/","og_locale":"fr_FR","og_type":"article","og_title":"Fruit - M. Cazorla","og_url":"https:\/\/mcazorla.com\/fruita\/","og_site_name":"M. Cazorla","article_modified_time":"2023-10-21T12:08:01+00:00","twitter_card":"summary_large_image","twitter_misc":{"Dur\u00e9e de lecture estim\u00e9e":"1 minute"},"schema":{"@context":"https:\/\/schema.org","@graph":[{"@type":"WebPage","@id":"https:\/\/mcazorla.com\/fruita\/","url":"https:\/\/mcazorla.com\/fruita\/","name":"Fruit - M. Cazorla","isPartOf":{"@id":"https:\/\/mcazorla.com\/#website"},"datePublished":"2023-09-05T06:21:43+00:00","dateModified":"2023-10-21T12:08:01+00:00","breadcrumb":{"@id":"https:\/\/mcazorla.com\/fruita\/#breadcrumb"},"inLanguage":"fr-FR","potentialAction":[{"@type":"ReadAction","target":["https:\/\/mcazorla.com\/fruita\/"]}]},{"@type":"BreadcrumbList","@id":"https:\/\/mcazorla.com\/fruita\/#breadcrumb","itemListElement":[{"@type":"ListItem","position":1,"name":"Portada","item":"https:\/\/mcazorla.com\/fr\/"},{"@type":"ListItem","position":2,"name":"Fruit"}]},{"@type":"WebSite","@id":"https:\/\/mcazorla.com\/#website","url":"https:\/\/mcazorla.com\/","name":"M. Cazorla","description":"Comercialitzaci\u00f3 de llavors, fertilizants, adobs ,fitosanitaris i cereals.","potentialAction":[{"@type":"SearchAction","target":{"@type":"EntryPoint","urlTemplate":"https:\/\/mcazorla.com\/?s={search_term_string}"},"query-input":{"@type":"PropertyValueSpecification","valueRequired":true,"valueName":"search_term_string"}}],"inLanguage":"fr-FR"}]}},"_links":{"self":[{"href":"https:\/\/mcazorla.com\/fr\/wp-json\/wp\/v2\/pages\/4998","targetHints":{"allow":["GET"]}}],"collection":[{"href":"https:\/\/mcazorla.com\/fr\/wp-json\/wp\/v2\/pages"}],"about":[{"href":"https:\/\/mcazorla.com\/fr\/wp-json\/wp\/v2\/types\/page"}],"author":[{"embeddable":true,"href":"https:\/\/mcazorla.com\/fr\/wp-json\/wp\/v2\/users\/1"}],"replies":[{"embeddable":true,"href":"https:\/\/mcazorla.com\/fr\/wp-json\/wp\/v2\/comments?post=4998"}],"version-history":[{"count":1,"href":"https:\/\/mcazorla.com\/fr\/wp-json\/wp\/v2\/pages\/4998\/revisions"}],"predecessor-version":[{"id":4999,"href":"https:\/\/mcazorla.com\/fr\/wp-json\/wp\/v2\/pages\/4998\/revisions\/4999"}],"wp:attachment":[{"href":"https:\/\/mcazorla.com\/fr\/wp-json\/wp\/v2\/media?parent=4998"}],"curies":[{"name":"wp","href":"https:\/\/api.w.org\/{rel}","templated":true}]}}