{"id":3601,"date":"2022-01-17T16:29:29","date_gmt":"2022-01-17T16:29:29","guid":{"rendered":"https:\/\/mcazorla.com\/producto\/festuca\/"},"modified":"2022-02-15T15:12:42","modified_gmt":"2022-02-15T15:12:42","slug":"fetuque","status":"publish","type":"product","link":"https:\/\/mcazorla.com\/fr\/producte\/fetuque\/","title":{"rendered":"F\u00e9tuque"},"content":{"rendered":"","protected":false},"excerpt":{"rendered":"<p>La f\u00e9tuque est une gramin\u00e9e tr\u00e8s rustique por son adaptabilit\u00e9, tant aux terrains secs comme humides. De bonne production presque toute l&rsquo;ann\u00e9e, mais sp\u00e9cialement au temps frais. C&rsquo;est conseill\u00e9e pour l&rsquo;implantation de p\u00e2turages, dans des zones s\u00e8ches et conditions dures. Elle a un syst\u00e8me radiculaire tr\u00e8s d\u00e9velopp\u00e9, et on l&rsquo;utilise pour la fixation de talus, rives, etc. Elle s&rsquo;adapte a la plupart de terrains, \u00e0 l&rsquo;exc\u00e9ption de sols l\u00e9gers. Une des vari\u00e9t\u00e9s plus connue c&rsquo;est la f\u00e9tuque Fawn, vari\u00e9t\u00e9 alternative, r\u00fastique et adaptable avec excellente productivit\u00e9 et haute r\u00e9sistance \u00e0 la s\u00e8cheresse.  <\/p>\n","protected":false},"featured_media":3082,"template":"","meta":[],"product_brand":[],"product_cat":[198,203],"product_tag":[],"class_list":{"0":"post-3601","1":"product","2":"type-product","3":"status-publish","4":"has-post-thumbnail","6":"product_cat-semences","7":"product_cat-semences-fourrageres","9":"first","10":"instock","11":"shipping-taxable","12":"product-type-simple"},"yoast_head":"<!-- This site is optimized with the Yoast SEO plugin v27.3 - https:\/\/yoast.com\/product\/yoast-seo-wordpress\/ -->\n<title>F\u00e9tuque - M. Cazorla<\/title>\n<meta name=\"robots\" content=\"index, follow, max-snippet:-1, max-image-preview:large, max-video-preview:-1\" \/>\n<link rel=\"canonical\" href=\"https:\/\/mcazorla.com\/fr\/producte\/fetuque\/\" \/>\n<meta property=\"og:locale\" content=\"fr_FR\" \/>\n<meta property=\"og:type\" content=\"article\" \/>\n<meta property=\"og:title\" content=\"F\u00e9tuque - M. Cazorla\" \/>\n<meta property=\"og:description\" content=\"La f\u00e9tuque est une gramin\u00e9e tr\u00e8s rustique por son adaptabilit\u00e9, tant aux terrains secs comme humides. De bonne production presque toute l&#039;ann\u00e9e, mais sp\u00e9cialement au temps frais. C&#039;est conseill\u00e9e pour l&#039;implantation de p\u00e2turages, dans des zones s\u00e8ches et conditions dures. Elle a un syst\u00e8me radiculaire tr\u00e8s d\u00e9velopp\u00e9, et on l&#039;utilise pour la fixation de talus, rives, etc. Elle s&#039;adapte a la plupart de terrains, \u00e0 l&#039;exc\u00e9ption de sols l\u00e9gers. Une des vari\u00e9t\u00e9s plus connue c&#039;est la f\u00e9tuque Fawn, vari\u00e9t\u00e9 alternative, r\u00fastique et adaptable avec excellente productivit\u00e9 et haute r\u00e9sistance \u00e0 la s\u00e8cheresse.\" \/>\n<meta property=\"og:url\" content=\"https:\/\/mcazorla.com\/fr\/producte\/fetuque\/\" \/>\n<meta property=\"og:site_name\" content=\"M. Cazorla\" \/>\n<meta property=\"article:modified_time\" content=\"2022-02-15T15:12:42+00:00\" \/>\n<meta property=\"og:image\" content=\"https:\/\/mcazorla.com\/wp-content\/uploads\/2022\/01\/img-productes-festuca.jpg\" \/>\n\t<meta property=\"og:image:width\" content=\"500\" \/>\n\t<meta property=\"og:image:height\" content=\"386\" \/>\n\t<meta property=\"og:image:type\" content=\"image\/jpeg\" \/>\n<meta name=\"twitter:card\" content=\"summary_large_image\" \/>\n<script type=\"application\/ld+json\" class=\"yoast-schema-graph\">{\"@context\":\"https:\\\/\\\/schema.org\",\"@graph\":[{\"@type\":\"WebPage\",\"@id\":\"https:\\\/\\\/mcazorla.com\\\/fr\\\/producte\\\/fetuque\\\/\",\"url\":\"https:\\\/\\\/mcazorla.com\\\/fr\\\/producte\\\/fetuque\\\/\",\"name\":\"F\u00e9tuque - M. Cazorla\",\"isPartOf\":{\"@id\":\"https:\\\/\\\/mcazorla.com\\\/#website\"},\"primaryImageOfPage\":{\"@id\":\"https:\\\/\\\/mcazorla.com\\\/fr\\\/producte\\\/fetuque\\\/#primaryimage\"},\"image\":{\"@id\":\"https:\\\/\\\/mcazorla.com\\\/fr\\\/producte\\\/fetuque\\\/#primaryimage\"},\"thumbnailUrl\":\"https:\\\/\\\/mcazorla.com\\\/wp-content\\\/uploads\\\/2022\\\/01\\\/img-productes-festuca.jpg\",\"datePublished\":\"2022-01-17T16:29:29+00:00\",\"dateModified\":\"2022-02-15T15:12:42+00:00\",\"breadcrumb\":{\"@id\":\"https:\\\/\\\/mcazorla.com\\\/fr\\\/producte\\\/fetuque\\\/#breadcrumb\"},\"inLanguage\":\"fr-FR\",\"potentialAction\":[{\"@type\":\"ReadAction\",\"target\":[\"https:\\\/\\\/mcazorla.com\\\/fr\\\/producte\\\/fetuque\\\/\"]}]},{\"@type\":\"ImageObject\",\"inLanguage\":\"fr-FR\",\"@id\":\"https:\\\/\\\/mcazorla.com\\\/fr\\\/producte\\\/fetuque\\\/#primaryimage\",\"url\":\"https:\\\/\\\/mcazorla.com\\\/wp-content\\\/uploads\\\/2022\\\/01\\\/img-productes-festuca.jpg\",\"contentUrl\":\"https:\\\/\\\/mcazorla.com\\\/wp-content\\\/uploads\\\/2022\\\/01\\\/img-productes-festuca.jpg\",\"width\":500,\"height\":386},{\"@type\":\"BreadcrumbList\",\"@id\":\"https:\\\/\\\/mcazorla.com\\\/fr\\\/producte\\\/fetuque\\\/#breadcrumb\",\"itemListElement\":[{\"@type\":\"ListItem\",\"position\":1,\"name\":\"Portada\",\"item\":\"https:\\\/\\\/mcazorla.com\\\/fr\\\/\"},{\"@type\":\"ListItem\",\"position\":2,\"name\":\"Productes\",\"item\":\"https:\\\/\\\/mcazorla.com\\\/productes\\\/\"},{\"@type\":\"ListItem\",\"position\":3,\"name\":\"F\u00e9tuque\"}]},{\"@type\":\"WebSite\",\"@id\":\"https:\\\/\\\/mcazorla.com\\\/#website\",\"url\":\"https:\\\/\\\/mcazorla.com\\\/\",\"name\":\"M. Cazorla\",\"description\":\"Comercialitzaci\u00f3 de llavors, fertilizants, adobs ,fitosanitaris i cereals.\",\"potentialAction\":[{\"@type\":\"SearchAction\",\"target\":{\"@type\":\"EntryPoint\",\"urlTemplate\":\"https:\\\/\\\/mcazorla.com\\\/?s={search_term_string}\"},\"query-input\":{\"@type\":\"PropertyValueSpecification\",\"valueRequired\":true,\"valueName\":\"search_term_string\"}}],\"inLanguage\":\"fr-FR\"}]}<\/script>\n<!-- \/ Yoast SEO plugin. -->","yoast_head_json":{"title":"F\u00e9tuque - M. Cazorla","robots":{"index":"index","follow":"follow","max-snippet":"max-snippet:-1","max-image-preview":"max-image-preview:large","max-video-preview":"max-video-preview:-1"},"canonical":"https:\/\/mcazorla.com\/fr\/producte\/fetuque\/","og_locale":"fr_FR","og_type":"article","og_title":"F\u00e9tuque - M. Cazorla","og_description":"La f\u00e9tuque est une gramin\u00e9e tr\u00e8s rustique por son adaptabilit\u00e9, tant aux terrains secs comme humides. De bonne production presque toute l'ann\u00e9e, mais sp\u00e9cialement au temps frais. C'est conseill\u00e9e pour l'implantation de p\u00e2turages, dans des zones s\u00e8ches et conditions dures. Elle a un syst\u00e8me radiculaire tr\u00e8s d\u00e9velopp\u00e9, et on l'utilise pour la fixation de talus, rives, etc. Elle s'adapte a la plupart de terrains, \u00e0 l'exc\u00e9ption de sols l\u00e9gers. Une des vari\u00e9t\u00e9s plus connue c'est la f\u00e9tuque Fawn, vari\u00e9t\u00e9 alternative, r\u00fastique et adaptable avec excellente productivit\u00e9 et haute r\u00e9sistance \u00e0 la s\u00e8cheresse.","og_url":"https:\/\/mcazorla.com\/fr\/producte\/fetuque\/","og_site_name":"M. Cazorla","article_modified_time":"2022-02-15T15:12:42+00:00","og_image":[{"width":500,"height":386,"url":"https:\/\/mcazorla.com\/wp-content\/uploads\/2022\/01\/img-productes-festuca.jpg","type":"image\/jpeg"}],"twitter_card":"summary_large_image","schema":{"@context":"https:\/\/schema.org","@graph":[{"@type":"WebPage","@id":"https:\/\/mcazorla.com\/fr\/producte\/fetuque\/","url":"https:\/\/mcazorla.com\/fr\/producte\/fetuque\/","name":"F\u00e9tuque - M. Cazorla","isPartOf":{"@id":"https:\/\/mcazorla.com\/#website"},"primaryImageOfPage":{"@id":"https:\/\/mcazorla.com\/fr\/producte\/fetuque\/#primaryimage"},"image":{"@id":"https:\/\/mcazorla.com\/fr\/producte\/fetuque\/#primaryimage"},"thumbnailUrl":"https:\/\/mcazorla.com\/wp-content\/uploads\/2022\/01\/img-productes-festuca.jpg","datePublished":"2022-01-17T16:29:29+00:00","dateModified":"2022-02-15T15:12:42+00:00","breadcrumb":{"@id":"https:\/\/mcazorla.com\/fr\/producte\/fetuque\/#breadcrumb"},"inLanguage":"fr-FR","potentialAction":[{"@type":"ReadAction","target":["https:\/\/mcazorla.com\/fr\/producte\/fetuque\/"]}]},{"@type":"ImageObject","inLanguage":"fr-FR","@id":"https:\/\/mcazorla.com\/fr\/producte\/fetuque\/#primaryimage","url":"https:\/\/mcazorla.com\/wp-content\/uploads\/2022\/01\/img-productes-festuca.jpg","contentUrl":"https:\/\/mcazorla.com\/wp-content\/uploads\/2022\/01\/img-productes-festuca.jpg","width":500,"height":386},{"@type":"BreadcrumbList","@id":"https:\/\/mcazorla.com\/fr\/producte\/fetuque\/#breadcrumb","itemListElement":[{"@type":"ListItem","position":1,"name":"Portada","item":"https:\/\/mcazorla.com\/fr\/"},{"@type":"ListItem","position":2,"name":"Productes","item":"https:\/\/mcazorla.com\/productes\/"},{"@type":"ListItem","position":3,"name":"F\u00e9tuque"}]},{"@type":"WebSite","@id":"https:\/\/mcazorla.com\/#website","url":"https:\/\/mcazorla.com\/","name":"M. Cazorla","description":"Comercialitzaci\u00f3 de llavors, fertilizants, adobs ,fitosanitaris i cereals.","potentialAction":[{"@type":"SearchAction","target":{"@type":"EntryPoint","urlTemplate":"https:\/\/mcazorla.com\/?s={search_term_string}"},"query-input":{"@type":"PropertyValueSpecification","valueRequired":true,"valueName":"search_term_string"}}],"inLanguage":"fr-FR"}]}},"_links":{"self":[{"href":"https:\/\/mcazorla.com\/fr\/wp-json\/wp\/v2\/product\/3601","targetHints":{"allow":["GET"]}}],"collection":[{"href":"https:\/\/mcazorla.com\/fr\/wp-json\/wp\/v2\/product"}],"about":[{"href":"https:\/\/mcazorla.com\/fr\/wp-json\/wp\/v2\/types\/product"}],"wp:featuredmedia":[{"embeddable":true,"href":"https:\/\/mcazorla.com\/fr\/wp-json\/wp\/v2\/media\/3082"}],"wp:attachment":[{"href":"https:\/\/mcazorla.com\/fr\/wp-json\/wp\/v2\/media?parent=3601"}],"wp:term":[{"taxonomy":"product_brand","embeddable":true,"href":"https:\/\/mcazorla.com\/fr\/wp-json\/wp\/v2\/product_brand?post=3601"},{"taxonomy":"product_cat","embeddable":true,"href":"https:\/\/mcazorla.com\/fr\/wp-json\/wp\/v2\/product_cat?post=3601"},{"taxonomy":"product_tag","embeddable":true,"href":"https:\/\/mcazorla.com\/fr\/wp-json\/wp\/v2\/product_tag?post=3601"}],"curies":[{"name":"wp","href":"https:\/\/api.w.org\/{rel}","templated":true}]}}