{"id":3607,"date":"2022-01-17T16:27:44","date_gmt":"2022-01-17T16:27:44","guid":{"rendered":"https:\/\/mcazorla.com\/producto\/phleum\/"},"modified":"2022-02-15T15:16:20","modified_gmt":"2022-02-15T15:16:20","slug":"phleum","status":"publish","type":"product","link":"https:\/\/mcazorla.com\/fr\/producte\/phleum\/","title":{"rendered":"Phleum"},"content":{"rendered":"","protected":false},"excerpt":{"rendered":"<p>Le Phleum Pratense c&rsquo;est une gramin\u00e9e d&rsquo;haute valeur fourrag\u00e8re, \u00edndiqu\u00e9e pour la formation de p\u00e2turages de longue dur\u00e9e, m\u00e9lang\u00e9e avec d&rsquo;autres semences. C&rsquo;est une herbe haute et rustique, de bonne production, de feuilles tr\u00e8s savoureuses pour l&rsquo;\u00e9levage, fortement conseill\u00e9e aux m\u00e9langes fourrag\u00e8res \u00e0 coupage et aussi pour p\u00e2turage. Elle s&rsquo;adapte bien aux climats froids et humides, mais c&rsquo;est sensible \u00e0 la s\u00e8cheresse. Parmi ses vari\u00e9t\u00e9s, la Climax se distingue par son adaptabilit\u00e9 aux zones froides. De cycle tardif, elle a une bonne production hivernale, d&rsquo;excellente qualite pour l&rsquo;aliment, on l&rsquo;utilise tant en cultures \u00e0 coupage comme \u00e0 p\u00e2turage.<\/p>\n","protected":false},"featured_media":3079,"template":"","meta":[],"product_brand":[],"product_cat":[198,203],"product_tag":[],"class_list":{"0":"post-3607","1":"product","2":"type-product","3":"status-publish","4":"has-post-thumbnail","6":"product_cat-semences","7":"product_cat-semences-fourrageres","9":"first","10":"instock","11":"shipping-taxable","12":"product-type-simple"},"yoast_head":"<!-- This site is optimized with the Yoast SEO plugin v27.3 - https:\/\/yoast.com\/product\/yoast-seo-wordpress\/ -->\n<title>Phleum - M. Cazorla<\/title>\n<meta name=\"robots\" content=\"index, follow, max-snippet:-1, max-image-preview:large, max-video-preview:-1\" \/>\n<link rel=\"canonical\" href=\"https:\/\/mcazorla.com\/fr\/producte\/phleum\/\" \/>\n<meta property=\"og:locale\" content=\"fr_FR\" \/>\n<meta property=\"og:type\" content=\"article\" \/>\n<meta property=\"og:title\" content=\"Phleum - M. Cazorla\" \/>\n<meta property=\"og:description\" content=\"Le Phleum Pratense c&#039;est une gramin\u00e9e d&#039;haute valeur fourrag\u00e8re, \u00edndiqu\u00e9e pour la formation de p\u00e2turages de longue dur\u00e9e, m\u00e9lang\u00e9e avec d&#039;autres semences. C&#039;est une herbe haute et rustique, de bonne production, de feuilles tr\u00e8s savoureuses pour l&#039;\u00e9levage, fortement conseill\u00e9e aux m\u00e9langes fourrag\u00e8res \u00e0 coupage et aussi pour p\u00e2turage. Elle s&#039;adapte bien aux climats froids et humides, mais c&#039;est sensible \u00e0 la s\u00e8cheresse. Parmi ses vari\u00e9t\u00e9s, la Climax se distingue par son adaptabilit\u00e9 aux zones froides. De cycle tardif, elle a une bonne production hivernale, d&#039;excellente qualite pour l&#039;aliment, on l&#039;utilise tant en cultures \u00e0 coupage comme \u00e0 p\u00e2turage.\" \/>\n<meta property=\"og:url\" content=\"https:\/\/mcazorla.com\/fr\/producte\/phleum\/\" \/>\n<meta property=\"og:site_name\" content=\"M. Cazorla\" \/>\n<meta property=\"article:modified_time\" content=\"2022-02-15T15:16:20+00:00\" \/>\n<meta property=\"og:image\" content=\"https:\/\/mcazorla.com\/wp-content\/uploads\/2022\/01\/img-productes-phleum.jpg\" \/>\n\t<meta property=\"og:image:width\" content=\"500\" \/>\n\t<meta property=\"og:image:height\" content=\"386\" \/>\n\t<meta property=\"og:image:type\" content=\"image\/jpeg\" \/>\n<meta name=\"twitter:card\" content=\"summary_large_image\" \/>\n<script type=\"application\/ld+json\" class=\"yoast-schema-graph\">{\"@context\":\"https:\\\/\\\/schema.org\",\"@graph\":[{\"@type\":\"WebPage\",\"@id\":\"https:\\\/\\\/mcazorla.com\\\/fr\\\/producte\\\/phleum\\\/\",\"url\":\"https:\\\/\\\/mcazorla.com\\\/fr\\\/producte\\\/phleum\\\/\",\"name\":\"Phleum - M. Cazorla\",\"isPartOf\":{\"@id\":\"https:\\\/\\\/mcazorla.com\\\/#website\"},\"primaryImageOfPage\":{\"@id\":\"https:\\\/\\\/mcazorla.com\\\/fr\\\/producte\\\/phleum\\\/#primaryimage\"},\"image\":{\"@id\":\"https:\\\/\\\/mcazorla.com\\\/fr\\\/producte\\\/phleum\\\/#primaryimage\"},\"thumbnailUrl\":\"https:\\\/\\\/mcazorla.com\\\/wp-content\\\/uploads\\\/2022\\\/01\\\/img-productes-phleum.jpg\",\"datePublished\":\"2022-01-17T16:27:44+00:00\",\"dateModified\":\"2022-02-15T15:16:20+00:00\",\"breadcrumb\":{\"@id\":\"https:\\\/\\\/mcazorla.com\\\/fr\\\/producte\\\/phleum\\\/#breadcrumb\"},\"inLanguage\":\"fr-FR\",\"potentialAction\":[{\"@type\":\"ReadAction\",\"target\":[\"https:\\\/\\\/mcazorla.com\\\/fr\\\/producte\\\/phleum\\\/\"]}]},{\"@type\":\"ImageObject\",\"inLanguage\":\"fr-FR\",\"@id\":\"https:\\\/\\\/mcazorla.com\\\/fr\\\/producte\\\/phleum\\\/#primaryimage\",\"url\":\"https:\\\/\\\/mcazorla.com\\\/wp-content\\\/uploads\\\/2022\\\/01\\\/img-productes-phleum.jpg\",\"contentUrl\":\"https:\\\/\\\/mcazorla.com\\\/wp-content\\\/uploads\\\/2022\\\/01\\\/img-productes-phleum.jpg\",\"width\":500,\"height\":386},{\"@type\":\"BreadcrumbList\",\"@id\":\"https:\\\/\\\/mcazorla.com\\\/fr\\\/producte\\\/phleum\\\/#breadcrumb\",\"itemListElement\":[{\"@type\":\"ListItem\",\"position\":1,\"name\":\"Portada\",\"item\":\"https:\\\/\\\/mcazorla.com\\\/fr\\\/\"},{\"@type\":\"ListItem\",\"position\":2,\"name\":\"Productes\",\"item\":\"https:\\\/\\\/mcazorla.com\\\/productes\\\/\"},{\"@type\":\"ListItem\",\"position\":3,\"name\":\"Phleum\"}]},{\"@type\":\"WebSite\",\"@id\":\"https:\\\/\\\/mcazorla.com\\\/#website\",\"url\":\"https:\\\/\\\/mcazorla.com\\\/\",\"name\":\"M. Cazorla\",\"description\":\"Comercialitzaci\u00f3 de llavors, fertilizants, adobs ,fitosanitaris i cereals.\",\"potentialAction\":[{\"@type\":\"SearchAction\",\"target\":{\"@type\":\"EntryPoint\",\"urlTemplate\":\"https:\\\/\\\/mcazorla.com\\\/?s={search_term_string}\"},\"query-input\":{\"@type\":\"PropertyValueSpecification\",\"valueRequired\":true,\"valueName\":\"search_term_string\"}}],\"inLanguage\":\"fr-FR\"}]}<\/script>\n<!-- \/ Yoast SEO plugin. -->","yoast_head_json":{"title":"Phleum - M. Cazorla","robots":{"index":"index","follow":"follow","max-snippet":"max-snippet:-1","max-image-preview":"max-image-preview:large","max-video-preview":"max-video-preview:-1"},"canonical":"https:\/\/mcazorla.com\/fr\/producte\/phleum\/","og_locale":"fr_FR","og_type":"article","og_title":"Phleum - M. Cazorla","og_description":"Le Phleum Pratense c'est une gramin\u00e9e d'haute valeur fourrag\u00e8re, \u00edndiqu\u00e9e pour la formation de p\u00e2turages de longue dur\u00e9e, m\u00e9lang\u00e9e avec d'autres semences. C'est une herbe haute et rustique, de bonne production, de feuilles tr\u00e8s savoureuses pour l'\u00e9levage, fortement conseill\u00e9e aux m\u00e9langes fourrag\u00e8res \u00e0 coupage et aussi pour p\u00e2turage. Elle s'adapte bien aux climats froids et humides, mais c'est sensible \u00e0 la s\u00e8cheresse. Parmi ses vari\u00e9t\u00e9s, la Climax se distingue par son adaptabilit\u00e9 aux zones froides. De cycle tardif, elle a une bonne production hivernale, d'excellente qualite pour l'aliment, on l'utilise tant en cultures \u00e0 coupage comme \u00e0 p\u00e2turage.","og_url":"https:\/\/mcazorla.com\/fr\/producte\/phleum\/","og_site_name":"M. Cazorla","article_modified_time":"2022-02-15T15:16:20+00:00","og_image":[{"width":500,"height":386,"url":"https:\/\/mcazorla.com\/wp-content\/uploads\/2022\/01\/img-productes-phleum.jpg","type":"image\/jpeg"}],"twitter_card":"summary_large_image","schema":{"@context":"https:\/\/schema.org","@graph":[{"@type":"WebPage","@id":"https:\/\/mcazorla.com\/fr\/producte\/phleum\/","url":"https:\/\/mcazorla.com\/fr\/producte\/phleum\/","name":"Phleum - M. Cazorla","isPartOf":{"@id":"https:\/\/mcazorla.com\/#website"},"primaryImageOfPage":{"@id":"https:\/\/mcazorla.com\/fr\/producte\/phleum\/#primaryimage"},"image":{"@id":"https:\/\/mcazorla.com\/fr\/producte\/phleum\/#primaryimage"},"thumbnailUrl":"https:\/\/mcazorla.com\/wp-content\/uploads\/2022\/01\/img-productes-phleum.jpg","datePublished":"2022-01-17T16:27:44+00:00","dateModified":"2022-02-15T15:16:20+00:00","breadcrumb":{"@id":"https:\/\/mcazorla.com\/fr\/producte\/phleum\/#breadcrumb"},"inLanguage":"fr-FR","potentialAction":[{"@type":"ReadAction","target":["https:\/\/mcazorla.com\/fr\/producte\/phleum\/"]}]},{"@type":"ImageObject","inLanguage":"fr-FR","@id":"https:\/\/mcazorla.com\/fr\/producte\/phleum\/#primaryimage","url":"https:\/\/mcazorla.com\/wp-content\/uploads\/2022\/01\/img-productes-phleum.jpg","contentUrl":"https:\/\/mcazorla.com\/wp-content\/uploads\/2022\/01\/img-productes-phleum.jpg","width":500,"height":386},{"@type":"BreadcrumbList","@id":"https:\/\/mcazorla.com\/fr\/producte\/phleum\/#breadcrumb","itemListElement":[{"@type":"ListItem","position":1,"name":"Portada","item":"https:\/\/mcazorla.com\/fr\/"},{"@type":"ListItem","position":2,"name":"Productes","item":"https:\/\/mcazorla.com\/productes\/"},{"@type":"ListItem","position":3,"name":"Phleum"}]},{"@type":"WebSite","@id":"https:\/\/mcazorla.com\/#website","url":"https:\/\/mcazorla.com\/","name":"M. Cazorla","description":"Comercialitzaci\u00f3 de llavors, fertilizants, adobs ,fitosanitaris i cereals.","potentialAction":[{"@type":"SearchAction","target":{"@type":"EntryPoint","urlTemplate":"https:\/\/mcazorla.com\/?s={search_term_string}"},"query-input":{"@type":"PropertyValueSpecification","valueRequired":true,"valueName":"search_term_string"}}],"inLanguage":"fr-FR"}]}},"_links":{"self":[{"href":"https:\/\/mcazorla.com\/fr\/wp-json\/wp\/v2\/product\/3607","targetHints":{"allow":["GET"]}}],"collection":[{"href":"https:\/\/mcazorla.com\/fr\/wp-json\/wp\/v2\/product"}],"about":[{"href":"https:\/\/mcazorla.com\/fr\/wp-json\/wp\/v2\/types\/product"}],"wp:featuredmedia":[{"embeddable":true,"href":"https:\/\/mcazorla.com\/fr\/wp-json\/wp\/v2\/media\/3079"}],"wp:attachment":[{"href":"https:\/\/mcazorla.com\/fr\/wp-json\/wp\/v2\/media?parent=3607"}],"wp:term":[{"taxonomy":"product_brand","embeddable":true,"href":"https:\/\/mcazorla.com\/fr\/wp-json\/wp\/v2\/product_brand?post=3607"},{"taxonomy":"product_cat","embeddable":true,"href":"https:\/\/mcazorla.com\/fr\/wp-json\/wp\/v2\/product_cat?post=3607"},{"taxonomy":"product_tag","embeddable":true,"href":"https:\/\/mcazorla.com\/fr\/wp-json\/wp\/v2\/product_tag?post=3607"}],"curies":[{"name":"wp","href":"https:\/\/api.w.org\/{rel}","templated":true}]}}