{"id":3611,"date":"2022-01-17T16:25:31","date_gmt":"2022-01-17T16:25:31","guid":{"rendered":"https:\/\/mcazorla.com\/producto\/phalaris\/"},"modified":"2022-02-15T15:19:35","modified_gmt":"2022-02-15T15:19:35","slug":"phalaris","status":"publish","type":"product","link":"https:\/\/mcazorla.com\/fr\/producte\/phalaris\/","title":{"rendered":"Phalaris"},"content":{"rendered":"","protected":false},"excerpt":{"rendered":"<p>C&rsquo;est une vivace de tiges droites et feuille large. Ne r\u00e9siste pas les froids excessives pendant l&rsquo;ann\u00e9e d&rsquo;implantation. C&rsquo;est tr\u00e8s conseill\u00e9e pour les p\u00e2tures, sp\u00e9cialement pour le b\u00e9tail, car elle a une fermet\u00e9 \u00e0 l&rsquo;\u00e9crasement des animaux. Elle v\u00e9g\u00e8te pendant tout l&rsquo;hiver si ce n&rsquo;est pas trop rigoureux, tr\u00e8s vivement au printemps et elle se prolonge pendant jusqu&rsquo;en \u00e9t\u00e9. Il a un cycle de germination tr\u00e8s lent et tr\u00e8s delicat pendant l&rsquo;implantation de la culture. Il faut bien pr\u00e9parer le terrain, la semer pas trop profond\u00e9ment et qu&rsquo;il ne manque pas de l&rsquo;eau.<\/p>\n","protected":false},"featured_media":3076,"template":"","meta":[],"product_brand":[],"product_cat":[198,203],"product_tag":[],"class_list":{"0":"post-3611","1":"product","2":"type-product","3":"status-publish","4":"has-post-thumbnail","6":"product_cat-semences","7":"product_cat-semences-fourrageres","9":"first","10":"instock","11":"shipping-taxable","12":"product-type-simple"},"yoast_head":"<!-- This site is optimized with the Yoast SEO plugin v27.4 - https:\/\/yoast.com\/product\/yoast-seo-wordpress\/ -->\n<title>Phalaris - M. Cazorla<\/title>\n<meta name=\"robots\" content=\"index, follow, max-snippet:-1, max-image-preview:large, max-video-preview:-1\" \/>\n<link rel=\"canonical\" href=\"https:\/\/mcazorla.com\/fr\/producte\/phalaris\/\" \/>\n<meta property=\"og:locale\" content=\"fr_FR\" \/>\n<meta property=\"og:type\" content=\"article\" \/>\n<meta property=\"og:title\" content=\"Phalaris - M. Cazorla\" \/>\n<meta property=\"og:description\" content=\"C&#039;est une vivace de tiges droites et feuille large. Ne r\u00e9siste pas les froids excessives pendant l&#039;ann\u00e9e d&#039;implantation. C&#039;est tr\u00e8s conseill\u00e9e pour les p\u00e2tures, sp\u00e9cialement pour le b\u00e9tail, car elle a une fermet\u00e9 \u00e0 l&#039;\u00e9crasement des animaux. Elle v\u00e9g\u00e8te pendant tout l&#039;hiver si ce n&#039;est pas trop rigoureux, tr\u00e8s vivement au printemps et elle se prolonge pendant jusqu&#039;en \u00e9t\u00e9. Il a un cycle de germination tr\u00e8s lent et tr\u00e8s delicat pendant l&#039;implantation de la culture. Il faut bien pr\u00e9parer le terrain, la semer pas trop profond\u00e9ment et qu&#039;il ne manque pas de l&#039;eau.\" \/>\n<meta property=\"og:url\" content=\"https:\/\/mcazorla.com\/fr\/producte\/phalaris\/\" \/>\n<meta property=\"og:site_name\" content=\"M. Cazorla\" \/>\n<meta property=\"article:modified_time\" content=\"2022-02-15T15:19:35+00:00\" \/>\n<meta property=\"og:image\" content=\"https:\/\/mcazorla.com\/wp-content\/uploads\/2022\/01\/img-productes-phalaris.jpg\" \/>\n\t<meta property=\"og:image:width\" content=\"500\" \/>\n\t<meta property=\"og:image:height\" content=\"386\" \/>\n\t<meta property=\"og:image:type\" content=\"image\/jpeg\" \/>\n<meta name=\"twitter:card\" content=\"summary_large_image\" \/>\n<script type=\"application\/ld+json\" class=\"yoast-schema-graph\">{\"@context\":\"https:\\\/\\\/schema.org\",\"@graph\":[{\"@type\":\"WebPage\",\"@id\":\"https:\\\/\\\/mcazorla.com\\\/fr\\\/producte\\\/phalaris\\\/\",\"url\":\"https:\\\/\\\/mcazorla.com\\\/fr\\\/producte\\\/phalaris\\\/\",\"name\":\"Phalaris - M. Cazorla\",\"isPartOf\":{\"@id\":\"https:\\\/\\\/mcazorla.com\\\/#website\"},\"primaryImageOfPage\":{\"@id\":\"https:\\\/\\\/mcazorla.com\\\/fr\\\/producte\\\/phalaris\\\/#primaryimage\"},\"image\":{\"@id\":\"https:\\\/\\\/mcazorla.com\\\/fr\\\/producte\\\/phalaris\\\/#primaryimage\"},\"thumbnailUrl\":\"https:\\\/\\\/mcazorla.com\\\/wp-content\\\/uploads\\\/2022\\\/01\\\/img-productes-phalaris.jpg\",\"datePublished\":\"2022-01-17T16:25:31+00:00\",\"dateModified\":\"2022-02-15T15:19:35+00:00\",\"breadcrumb\":{\"@id\":\"https:\\\/\\\/mcazorla.com\\\/fr\\\/producte\\\/phalaris\\\/#breadcrumb\"},\"inLanguage\":\"fr-FR\",\"potentialAction\":[{\"@type\":\"ReadAction\",\"target\":[\"https:\\\/\\\/mcazorla.com\\\/fr\\\/producte\\\/phalaris\\\/\"]}]},{\"@type\":\"ImageObject\",\"inLanguage\":\"fr-FR\",\"@id\":\"https:\\\/\\\/mcazorla.com\\\/fr\\\/producte\\\/phalaris\\\/#primaryimage\",\"url\":\"https:\\\/\\\/mcazorla.com\\\/wp-content\\\/uploads\\\/2022\\\/01\\\/img-productes-phalaris.jpg\",\"contentUrl\":\"https:\\\/\\\/mcazorla.com\\\/wp-content\\\/uploads\\\/2022\\\/01\\\/img-productes-phalaris.jpg\",\"width\":500,\"height\":386},{\"@type\":\"BreadcrumbList\",\"@id\":\"https:\\\/\\\/mcazorla.com\\\/fr\\\/producte\\\/phalaris\\\/#breadcrumb\",\"itemListElement\":[{\"@type\":\"ListItem\",\"position\":1,\"name\":\"Portada\",\"item\":\"https:\\\/\\\/mcazorla.com\\\/fr\\\/\"},{\"@type\":\"ListItem\",\"position\":2,\"name\":\"Productes\",\"item\":\"https:\\\/\\\/mcazorla.com\\\/productes\\\/\"},{\"@type\":\"ListItem\",\"position\":3,\"name\":\"Phalaris\"}]},{\"@type\":\"WebSite\",\"@id\":\"https:\\\/\\\/mcazorla.com\\\/#website\",\"url\":\"https:\\\/\\\/mcazorla.com\\\/\",\"name\":\"M. Cazorla\",\"description\":\"Comercialitzaci\u00f3 de llavors, fertilizants, adobs ,fitosanitaris i cereals.\",\"potentialAction\":[{\"@type\":\"SearchAction\",\"target\":{\"@type\":\"EntryPoint\",\"urlTemplate\":\"https:\\\/\\\/mcazorla.com\\\/?s={search_term_string}\"},\"query-input\":{\"@type\":\"PropertyValueSpecification\",\"valueRequired\":true,\"valueName\":\"search_term_string\"}}],\"inLanguage\":\"fr-FR\"}]}<\/script>\n<!-- \/ Yoast SEO plugin. -->","yoast_head_json":{"title":"Phalaris - M. Cazorla","robots":{"index":"index","follow":"follow","max-snippet":"max-snippet:-1","max-image-preview":"max-image-preview:large","max-video-preview":"max-video-preview:-1"},"canonical":"https:\/\/mcazorla.com\/fr\/producte\/phalaris\/","og_locale":"fr_FR","og_type":"article","og_title":"Phalaris - M. Cazorla","og_description":"C'est une vivace de tiges droites et feuille large. Ne r\u00e9siste pas les froids excessives pendant l'ann\u00e9e d'implantation. C'est tr\u00e8s conseill\u00e9e pour les p\u00e2tures, sp\u00e9cialement pour le b\u00e9tail, car elle a une fermet\u00e9 \u00e0 l'\u00e9crasement des animaux. Elle v\u00e9g\u00e8te pendant tout l'hiver si ce n'est pas trop rigoureux, tr\u00e8s vivement au printemps et elle se prolonge pendant jusqu'en \u00e9t\u00e9. Il a un cycle de germination tr\u00e8s lent et tr\u00e8s delicat pendant l'implantation de la culture. Il faut bien pr\u00e9parer le terrain, la semer pas trop profond\u00e9ment et qu'il ne manque pas de l'eau.","og_url":"https:\/\/mcazorla.com\/fr\/producte\/phalaris\/","og_site_name":"M. Cazorla","article_modified_time":"2022-02-15T15:19:35+00:00","og_image":[{"width":500,"height":386,"url":"https:\/\/mcazorla.com\/wp-content\/uploads\/2022\/01\/img-productes-phalaris.jpg","type":"image\/jpeg"}],"twitter_card":"summary_large_image","schema":{"@context":"https:\/\/schema.org","@graph":[{"@type":"WebPage","@id":"https:\/\/mcazorla.com\/fr\/producte\/phalaris\/","url":"https:\/\/mcazorla.com\/fr\/producte\/phalaris\/","name":"Phalaris - M. Cazorla","isPartOf":{"@id":"https:\/\/mcazorla.com\/#website"},"primaryImageOfPage":{"@id":"https:\/\/mcazorla.com\/fr\/producte\/phalaris\/#primaryimage"},"image":{"@id":"https:\/\/mcazorla.com\/fr\/producte\/phalaris\/#primaryimage"},"thumbnailUrl":"https:\/\/mcazorla.com\/wp-content\/uploads\/2022\/01\/img-productes-phalaris.jpg","datePublished":"2022-01-17T16:25:31+00:00","dateModified":"2022-02-15T15:19:35+00:00","breadcrumb":{"@id":"https:\/\/mcazorla.com\/fr\/producte\/phalaris\/#breadcrumb"},"inLanguage":"fr-FR","potentialAction":[{"@type":"ReadAction","target":["https:\/\/mcazorla.com\/fr\/producte\/phalaris\/"]}]},{"@type":"ImageObject","inLanguage":"fr-FR","@id":"https:\/\/mcazorla.com\/fr\/producte\/phalaris\/#primaryimage","url":"https:\/\/mcazorla.com\/wp-content\/uploads\/2022\/01\/img-productes-phalaris.jpg","contentUrl":"https:\/\/mcazorla.com\/wp-content\/uploads\/2022\/01\/img-productes-phalaris.jpg","width":500,"height":386},{"@type":"BreadcrumbList","@id":"https:\/\/mcazorla.com\/fr\/producte\/phalaris\/#breadcrumb","itemListElement":[{"@type":"ListItem","position":1,"name":"Portada","item":"https:\/\/mcazorla.com\/fr\/"},{"@type":"ListItem","position":2,"name":"Productes","item":"https:\/\/mcazorla.com\/productes\/"},{"@type":"ListItem","position":3,"name":"Phalaris"}]},{"@type":"WebSite","@id":"https:\/\/mcazorla.com\/#website","url":"https:\/\/mcazorla.com\/","name":"M. Cazorla","description":"Comercialitzaci\u00f3 de llavors, fertilizants, adobs ,fitosanitaris i cereals.","potentialAction":[{"@type":"SearchAction","target":{"@type":"EntryPoint","urlTemplate":"https:\/\/mcazorla.com\/?s={search_term_string}"},"query-input":{"@type":"PropertyValueSpecification","valueRequired":true,"valueName":"search_term_string"}}],"inLanguage":"fr-FR"}]}},"_links":{"self":[{"href":"https:\/\/mcazorla.com\/fr\/wp-json\/wp\/v2\/product\/3611","targetHints":{"allow":["GET"]}}],"collection":[{"href":"https:\/\/mcazorla.com\/fr\/wp-json\/wp\/v2\/product"}],"about":[{"href":"https:\/\/mcazorla.com\/fr\/wp-json\/wp\/v2\/types\/product"}],"wp:featuredmedia":[{"embeddable":true,"href":"https:\/\/mcazorla.com\/fr\/wp-json\/wp\/v2\/media\/3076"}],"wp:attachment":[{"href":"https:\/\/mcazorla.com\/fr\/wp-json\/wp\/v2\/media?parent=3611"}],"wp:term":[{"taxonomy":"product_brand","embeddable":true,"href":"https:\/\/mcazorla.com\/fr\/wp-json\/wp\/v2\/product_brand?post=3611"},{"taxonomy":"product_cat","embeddable":true,"href":"https:\/\/mcazorla.com\/fr\/wp-json\/wp\/v2\/product_cat?post=3611"},{"taxonomy":"product_tag","embeddable":true,"href":"https:\/\/mcazorla.com\/fr\/wp-json\/wp\/v2\/product_tag?post=3611"}],"curies":[{"name":"wp","href":"https:\/\/api.w.org\/{rel}","templated":true}]}}