{"id":3614,"date":"2022-01-17T16:22:51","date_gmt":"2022-01-17T16:22:51","guid":{"rendered":"https:\/\/mcazorla.com\/producto\/dactilo\/"},"modified":"2022-02-15T15:22:28","modified_gmt":"2022-02-15T15:22:28","slug":"dactyle","status":"publish","type":"product","link":"https:\/\/mcazorla.com\/fr\/producte\/dactyle\/","title":{"rendered":"Dactyle"},"content":{"rendered":"","protected":false},"excerpt":{"rendered":"<p>Le Dactyle Glomerata est une des meilleures et plus productives des gramin\u00e9es pour p\u00e2turages. Excellente pour coupage et aussi pour p\u00e2tures. Tr\u00e8s vigoureuse et rustique, elle produit une herbe tr\u00e8s abondante et haute, savoureuse pour les animaux, sp\u00e9cialement si on ne la laisse pas durcir.Pour semer tant en terrains humides comme en terrains s\u00e8ches, car elle a une r\u00e9sistance sp\u00e9ciale \u00e0 la s\u00e8cheresse gr\u00e2ce \u00e0 son syst\u00e8me radiculaire, compacte et profond. On trouve son rendement optimale dans des sols riches, profonds et les argileux.<\/p>\n","protected":false},"featured_media":3073,"template":"","meta":[],"product_brand":[],"product_cat":[198,203],"product_tag":[],"class_list":{"0":"post-3614","1":"product","2":"type-product","3":"status-publish","4":"has-post-thumbnail","6":"product_cat-semences","7":"product_cat-semences-fourrageres","9":"first","10":"instock","11":"shipping-taxable","12":"product-type-simple"},"yoast_head":"<!-- This site is optimized with the Yoast SEO plugin v27.4 - https:\/\/yoast.com\/product\/yoast-seo-wordpress\/ -->\n<title>Dactyle - M. Cazorla<\/title>\n<meta name=\"robots\" content=\"index, follow, max-snippet:-1, max-image-preview:large, max-video-preview:-1\" \/>\n<link rel=\"canonical\" href=\"https:\/\/mcazorla.com\/fr\/producte\/dactyle\/\" \/>\n<meta property=\"og:locale\" content=\"fr_FR\" \/>\n<meta property=\"og:type\" content=\"article\" \/>\n<meta property=\"og:title\" content=\"Dactyle - M. Cazorla\" \/>\n<meta property=\"og:description\" content=\"Le Dactyle Glomerata est une des meilleures et plus productives des gramin\u00e9es pour p\u00e2turages. Excellente pour coupage et aussi pour p\u00e2tures. Tr\u00e8s vigoureuse et rustique, elle produit une herbe tr\u00e8s abondante et haute, savoureuse pour les animaux, sp\u00e9cialement si on ne la laisse pas durcir.Pour semer tant en terrains humides comme en terrains s\u00e8ches, car elle a une r\u00e9sistance sp\u00e9ciale \u00e0 la s\u00e8cheresse gr\u00e2ce \u00e0 son syst\u00e8me radiculaire, compacte et profond. On trouve son rendement optimale dans des sols riches, profonds et les argileux.\" \/>\n<meta property=\"og:url\" content=\"https:\/\/mcazorla.com\/fr\/producte\/dactyle\/\" \/>\n<meta property=\"og:site_name\" content=\"M. Cazorla\" \/>\n<meta property=\"article:modified_time\" content=\"2022-02-15T15:22:28+00:00\" \/>\n<meta property=\"og:image\" content=\"https:\/\/mcazorla.com\/wp-content\/uploads\/2022\/01\/img-productes-dactilo.jpg\" \/>\n\t<meta property=\"og:image:width\" content=\"500\" \/>\n\t<meta property=\"og:image:height\" content=\"386\" \/>\n\t<meta property=\"og:image:type\" content=\"image\/jpeg\" \/>\n<meta name=\"twitter:card\" content=\"summary_large_image\" \/>\n<script type=\"application\/ld+json\" class=\"yoast-schema-graph\">{\"@context\":\"https:\\\/\\\/schema.org\",\"@graph\":[{\"@type\":\"WebPage\",\"@id\":\"https:\\\/\\\/mcazorla.com\\\/fr\\\/producte\\\/dactyle\\\/\",\"url\":\"https:\\\/\\\/mcazorla.com\\\/fr\\\/producte\\\/dactyle\\\/\",\"name\":\"Dactyle - M. Cazorla\",\"isPartOf\":{\"@id\":\"https:\\\/\\\/mcazorla.com\\\/#website\"},\"primaryImageOfPage\":{\"@id\":\"https:\\\/\\\/mcazorla.com\\\/fr\\\/producte\\\/dactyle\\\/#primaryimage\"},\"image\":{\"@id\":\"https:\\\/\\\/mcazorla.com\\\/fr\\\/producte\\\/dactyle\\\/#primaryimage\"},\"thumbnailUrl\":\"https:\\\/\\\/mcazorla.com\\\/wp-content\\\/uploads\\\/2022\\\/01\\\/img-productes-dactilo.jpg\",\"datePublished\":\"2022-01-17T16:22:51+00:00\",\"dateModified\":\"2022-02-15T15:22:28+00:00\",\"breadcrumb\":{\"@id\":\"https:\\\/\\\/mcazorla.com\\\/fr\\\/producte\\\/dactyle\\\/#breadcrumb\"},\"inLanguage\":\"fr-FR\",\"potentialAction\":[{\"@type\":\"ReadAction\",\"target\":[\"https:\\\/\\\/mcazorla.com\\\/fr\\\/producte\\\/dactyle\\\/\"]}]},{\"@type\":\"ImageObject\",\"inLanguage\":\"fr-FR\",\"@id\":\"https:\\\/\\\/mcazorla.com\\\/fr\\\/producte\\\/dactyle\\\/#primaryimage\",\"url\":\"https:\\\/\\\/mcazorla.com\\\/wp-content\\\/uploads\\\/2022\\\/01\\\/img-productes-dactilo.jpg\",\"contentUrl\":\"https:\\\/\\\/mcazorla.com\\\/wp-content\\\/uploads\\\/2022\\\/01\\\/img-productes-dactilo.jpg\",\"width\":500,\"height\":386},{\"@type\":\"BreadcrumbList\",\"@id\":\"https:\\\/\\\/mcazorla.com\\\/fr\\\/producte\\\/dactyle\\\/#breadcrumb\",\"itemListElement\":[{\"@type\":\"ListItem\",\"position\":1,\"name\":\"Portada\",\"item\":\"https:\\\/\\\/mcazorla.com\\\/fr\\\/\"},{\"@type\":\"ListItem\",\"position\":2,\"name\":\"Productes\",\"item\":\"https:\\\/\\\/mcazorla.com\\\/productes\\\/\"},{\"@type\":\"ListItem\",\"position\":3,\"name\":\"Dactyle\"}]},{\"@type\":\"WebSite\",\"@id\":\"https:\\\/\\\/mcazorla.com\\\/#website\",\"url\":\"https:\\\/\\\/mcazorla.com\\\/\",\"name\":\"M. Cazorla\",\"description\":\"Comercialitzaci\u00f3 de llavors, fertilizants, adobs ,fitosanitaris i cereals.\",\"potentialAction\":[{\"@type\":\"SearchAction\",\"target\":{\"@type\":\"EntryPoint\",\"urlTemplate\":\"https:\\\/\\\/mcazorla.com\\\/?s={search_term_string}\"},\"query-input\":{\"@type\":\"PropertyValueSpecification\",\"valueRequired\":true,\"valueName\":\"search_term_string\"}}],\"inLanguage\":\"fr-FR\"}]}<\/script>\n<!-- \/ Yoast SEO plugin. -->","yoast_head_json":{"title":"Dactyle - M. Cazorla","robots":{"index":"index","follow":"follow","max-snippet":"max-snippet:-1","max-image-preview":"max-image-preview:large","max-video-preview":"max-video-preview:-1"},"canonical":"https:\/\/mcazorla.com\/fr\/producte\/dactyle\/","og_locale":"fr_FR","og_type":"article","og_title":"Dactyle - M. Cazorla","og_description":"Le Dactyle Glomerata est une des meilleures et plus productives des gramin\u00e9es pour p\u00e2turages. Excellente pour coupage et aussi pour p\u00e2tures. Tr\u00e8s vigoureuse et rustique, elle produit une herbe tr\u00e8s abondante et haute, savoureuse pour les animaux, sp\u00e9cialement si on ne la laisse pas durcir.Pour semer tant en terrains humides comme en terrains s\u00e8ches, car elle a une r\u00e9sistance sp\u00e9ciale \u00e0 la s\u00e8cheresse gr\u00e2ce \u00e0 son syst\u00e8me radiculaire, compacte et profond. On trouve son rendement optimale dans des sols riches, profonds et les argileux.","og_url":"https:\/\/mcazorla.com\/fr\/producte\/dactyle\/","og_site_name":"M. Cazorla","article_modified_time":"2022-02-15T15:22:28+00:00","og_image":[{"width":500,"height":386,"url":"https:\/\/mcazorla.com\/wp-content\/uploads\/2022\/01\/img-productes-dactilo.jpg","type":"image\/jpeg"}],"twitter_card":"summary_large_image","schema":{"@context":"https:\/\/schema.org","@graph":[{"@type":"WebPage","@id":"https:\/\/mcazorla.com\/fr\/producte\/dactyle\/","url":"https:\/\/mcazorla.com\/fr\/producte\/dactyle\/","name":"Dactyle - M. Cazorla","isPartOf":{"@id":"https:\/\/mcazorla.com\/#website"},"primaryImageOfPage":{"@id":"https:\/\/mcazorla.com\/fr\/producte\/dactyle\/#primaryimage"},"image":{"@id":"https:\/\/mcazorla.com\/fr\/producte\/dactyle\/#primaryimage"},"thumbnailUrl":"https:\/\/mcazorla.com\/wp-content\/uploads\/2022\/01\/img-productes-dactilo.jpg","datePublished":"2022-01-17T16:22:51+00:00","dateModified":"2022-02-15T15:22:28+00:00","breadcrumb":{"@id":"https:\/\/mcazorla.com\/fr\/producte\/dactyle\/#breadcrumb"},"inLanguage":"fr-FR","potentialAction":[{"@type":"ReadAction","target":["https:\/\/mcazorla.com\/fr\/producte\/dactyle\/"]}]},{"@type":"ImageObject","inLanguage":"fr-FR","@id":"https:\/\/mcazorla.com\/fr\/producte\/dactyle\/#primaryimage","url":"https:\/\/mcazorla.com\/wp-content\/uploads\/2022\/01\/img-productes-dactilo.jpg","contentUrl":"https:\/\/mcazorla.com\/wp-content\/uploads\/2022\/01\/img-productes-dactilo.jpg","width":500,"height":386},{"@type":"BreadcrumbList","@id":"https:\/\/mcazorla.com\/fr\/producte\/dactyle\/#breadcrumb","itemListElement":[{"@type":"ListItem","position":1,"name":"Portada","item":"https:\/\/mcazorla.com\/fr\/"},{"@type":"ListItem","position":2,"name":"Productes","item":"https:\/\/mcazorla.com\/productes\/"},{"@type":"ListItem","position":3,"name":"Dactyle"}]},{"@type":"WebSite","@id":"https:\/\/mcazorla.com\/#website","url":"https:\/\/mcazorla.com\/","name":"M. Cazorla","description":"Comercialitzaci\u00f3 de llavors, fertilizants, adobs ,fitosanitaris i cereals.","potentialAction":[{"@type":"SearchAction","target":{"@type":"EntryPoint","urlTemplate":"https:\/\/mcazorla.com\/?s={search_term_string}"},"query-input":{"@type":"PropertyValueSpecification","valueRequired":true,"valueName":"search_term_string"}}],"inLanguage":"fr-FR"}]}},"_links":{"self":[{"href":"https:\/\/mcazorla.com\/fr\/wp-json\/wp\/v2\/product\/3614","targetHints":{"allow":["GET"]}}],"collection":[{"href":"https:\/\/mcazorla.com\/fr\/wp-json\/wp\/v2\/product"}],"about":[{"href":"https:\/\/mcazorla.com\/fr\/wp-json\/wp\/v2\/types\/product"}],"wp:featuredmedia":[{"embeddable":true,"href":"https:\/\/mcazorla.com\/fr\/wp-json\/wp\/v2\/media\/3073"}],"wp:attachment":[{"href":"https:\/\/mcazorla.com\/fr\/wp-json\/wp\/v2\/media?parent=3614"}],"wp:term":[{"taxonomy":"product_brand","embeddable":true,"href":"https:\/\/mcazorla.com\/fr\/wp-json\/wp\/v2\/product_brand?post=3614"},{"taxonomy":"product_cat","embeddable":true,"href":"https:\/\/mcazorla.com\/fr\/wp-json\/wp\/v2\/product_cat?post=3614"},{"taxonomy":"product_tag","embeddable":true,"href":"https:\/\/mcazorla.com\/fr\/wp-json\/wp\/v2\/product_tag?post=3614"}],"curies":[{"name":"wp","href":"https:\/\/api.w.org\/{rel}","templated":true}]}}