{"id":3622,"date":"2022-01-17T16:18:01","date_gmt":"2022-01-17T16:18:01","guid":{"rendered":"https:\/\/mcazorla.com\/producto\/raygrass\/"},"modified":"2022-02-15T15:30:43","modified_gmt":"2022-02-15T15:30:43","slug":"raygrass","status":"publish","type":"product","link":"https:\/\/mcazorla.com\/fr\/producte\/raygrass\/","title":{"rendered":"Raygrass"},"content":{"rendered":"","protected":false},"excerpt":{"rendered":"<p>Le raygrass est une des gramin\u00e9es les plus utilis\u00e9es pour la formation de p\u00e2turages permanents, en terrains forts et climats doux et humides. On ne le conseille pas dans des zones s\u00e8ches et conditions m\u00e9t\u00e9orologiques extr\u00eames.<\/p>\n<p>Parmi ses vari\u00e9t\u00e9s, nous vous ofrons les plus d\u00e9mand\u00e9es, comme le raygrass italien, lequel a une haute valeur pour son rapide d\u00e9v\u00e9loppement et excellent fourrage. Conseill\u00e9 pour p\u00e2turages de duration moyenne avec haut rendement fourrager, permet obtenir jusqu&rsquo;\u00e0 six fauches si le terrain est correctement amend\u00e9. On vous propose aussi la vari\u00e9t\u00e9 anglaise, conseill\u00e9e pour p\u00e2turages de longue dur\u00e9e dans des zones de climat doux et humide.<\/p>\n","protected":false},"featured_media":3067,"template":"","meta":[],"product_brand":[],"product_cat":[198,203],"product_tag":[],"class_list":{"0":"post-3622","1":"product","2":"type-product","3":"status-publish","4":"has-post-thumbnail","6":"product_cat-semences","7":"product_cat-semences-fourrageres","9":"first","10":"instock","11":"shipping-taxable","12":"product-type-simple"},"yoast_head":"<!-- This site is optimized with the Yoast SEO plugin v27.5 - https:\/\/yoast.com\/product\/yoast-seo-wordpress\/ -->\n<title>Raygrass - M. Cazorla<\/title>\n<meta name=\"robots\" content=\"index, follow, max-snippet:-1, max-image-preview:large, max-video-preview:-1\" \/>\n<link rel=\"canonical\" href=\"https:\/\/mcazorla.com\/fr\/producte\/raygrass\/\" \/>\n<meta property=\"og:locale\" content=\"fr_FR\" \/>\n<meta property=\"og:type\" content=\"article\" \/>\n<meta property=\"og:title\" content=\"Raygrass - M. Cazorla\" \/>\n<meta property=\"og:description\" content=\"Le raygrass est une des gramin\u00e9es les plus utilis\u00e9es pour la formation de p\u00e2turages permanents, en terrains forts et climats doux et humides. On ne le conseille pas dans des zones s\u00e8ches et conditions m\u00e9t\u00e9orologiques extr\u00eames.  Parmi ses vari\u00e9t\u00e9s, nous vous ofrons les plus d\u00e9mand\u00e9es, comme le raygrass italien, lequel a une haute valeur pour son rapide d\u00e9v\u00e9loppement et excellent fourrage. Conseill\u00e9 pour p\u00e2turages de duration moyenne avec haut rendement fourrager, permet obtenir jusqu&#039;\u00e0 six fauches si le terrain est correctement amend\u00e9. On vous propose aussi la vari\u00e9t\u00e9 anglaise, conseill\u00e9e pour p\u00e2turages de longue dur\u00e9e dans des zones de climat doux et humide.\" \/>\n<meta property=\"og:url\" content=\"https:\/\/mcazorla.com\/fr\/producte\/raygrass\/\" \/>\n<meta property=\"og:site_name\" content=\"M. Cazorla\" \/>\n<meta property=\"article:modified_time\" content=\"2022-02-15T15:30:43+00:00\" \/>\n<meta property=\"og:image\" content=\"https:\/\/mcazorla.com\/wp-content\/uploads\/2022\/01\/img-productes-raygrass.jpg\" \/>\n\t<meta property=\"og:image:width\" content=\"500\" \/>\n\t<meta property=\"og:image:height\" content=\"386\" \/>\n\t<meta property=\"og:image:type\" content=\"image\/jpeg\" \/>\n<meta name=\"twitter:card\" content=\"summary_large_image\" \/>\n<script type=\"application\/ld+json\" class=\"yoast-schema-graph\">{\"@context\":\"https:\\\/\\\/schema.org\",\"@graph\":[{\"@type\":\"WebPage\",\"@id\":\"https:\\\/\\\/mcazorla.com\\\/fr\\\/producte\\\/raygrass\\\/\",\"url\":\"https:\\\/\\\/mcazorla.com\\\/fr\\\/producte\\\/raygrass\\\/\",\"name\":\"Raygrass - M. Cazorla\",\"isPartOf\":{\"@id\":\"https:\\\/\\\/mcazorla.com\\\/#website\"},\"primaryImageOfPage\":{\"@id\":\"https:\\\/\\\/mcazorla.com\\\/fr\\\/producte\\\/raygrass\\\/#primaryimage\"},\"image\":{\"@id\":\"https:\\\/\\\/mcazorla.com\\\/fr\\\/producte\\\/raygrass\\\/#primaryimage\"},\"thumbnailUrl\":\"https:\\\/\\\/mcazorla.com\\\/wp-content\\\/uploads\\\/2022\\\/01\\\/img-productes-raygrass.jpg\",\"datePublished\":\"2022-01-17T16:18:01+00:00\",\"dateModified\":\"2022-02-15T15:30:43+00:00\",\"breadcrumb\":{\"@id\":\"https:\\\/\\\/mcazorla.com\\\/fr\\\/producte\\\/raygrass\\\/#breadcrumb\"},\"inLanguage\":\"fr-FR\",\"potentialAction\":[{\"@type\":\"ReadAction\",\"target\":[\"https:\\\/\\\/mcazorla.com\\\/fr\\\/producte\\\/raygrass\\\/\"]}]},{\"@type\":\"ImageObject\",\"inLanguage\":\"fr-FR\",\"@id\":\"https:\\\/\\\/mcazorla.com\\\/fr\\\/producte\\\/raygrass\\\/#primaryimage\",\"url\":\"https:\\\/\\\/mcazorla.com\\\/wp-content\\\/uploads\\\/2022\\\/01\\\/img-productes-raygrass.jpg\",\"contentUrl\":\"https:\\\/\\\/mcazorla.com\\\/wp-content\\\/uploads\\\/2022\\\/01\\\/img-productes-raygrass.jpg\",\"width\":500,\"height\":386},{\"@type\":\"BreadcrumbList\",\"@id\":\"https:\\\/\\\/mcazorla.com\\\/fr\\\/producte\\\/raygrass\\\/#breadcrumb\",\"itemListElement\":[{\"@type\":\"ListItem\",\"position\":1,\"name\":\"Portada\",\"item\":\"https:\\\/\\\/mcazorla.com\\\/fr\\\/\"},{\"@type\":\"ListItem\",\"position\":2,\"name\":\"Productes\",\"item\":\"https:\\\/\\\/mcazorla.com\\\/productes\\\/\"},{\"@type\":\"ListItem\",\"position\":3,\"name\":\"Raygrass\"}]},{\"@type\":\"WebSite\",\"@id\":\"https:\\\/\\\/mcazorla.com\\\/#website\",\"url\":\"https:\\\/\\\/mcazorla.com\\\/\",\"name\":\"M. Cazorla\",\"description\":\"Comercialitzaci\u00f3 de llavors, fertilizants, adobs ,fitosanitaris i cereals.\",\"potentialAction\":[{\"@type\":\"SearchAction\",\"target\":{\"@type\":\"EntryPoint\",\"urlTemplate\":\"https:\\\/\\\/mcazorla.com\\\/?s={search_term_string}\"},\"query-input\":{\"@type\":\"PropertyValueSpecification\",\"valueRequired\":true,\"valueName\":\"search_term_string\"}}],\"inLanguage\":\"fr-FR\"}]}<\/script>\n<!-- \/ Yoast SEO plugin. -->","yoast_head_json":{"title":"Raygrass - M. Cazorla","robots":{"index":"index","follow":"follow","max-snippet":"max-snippet:-1","max-image-preview":"max-image-preview:large","max-video-preview":"max-video-preview:-1"},"canonical":"https:\/\/mcazorla.com\/fr\/producte\/raygrass\/","og_locale":"fr_FR","og_type":"article","og_title":"Raygrass - M. Cazorla","og_description":"Le raygrass est une des gramin\u00e9es les plus utilis\u00e9es pour la formation de p\u00e2turages permanents, en terrains forts et climats doux et humides. On ne le conseille pas dans des zones s\u00e8ches et conditions m\u00e9t\u00e9orologiques extr\u00eames.  Parmi ses vari\u00e9t\u00e9s, nous vous ofrons les plus d\u00e9mand\u00e9es, comme le raygrass italien, lequel a une haute valeur pour son rapide d\u00e9v\u00e9loppement et excellent fourrage. Conseill\u00e9 pour p\u00e2turages de duration moyenne avec haut rendement fourrager, permet obtenir jusqu'\u00e0 six fauches si le terrain est correctement amend\u00e9. On vous propose aussi la vari\u00e9t\u00e9 anglaise, conseill\u00e9e pour p\u00e2turages de longue dur\u00e9e dans des zones de climat doux et humide.","og_url":"https:\/\/mcazorla.com\/fr\/producte\/raygrass\/","og_site_name":"M. Cazorla","article_modified_time":"2022-02-15T15:30:43+00:00","og_image":[{"width":500,"height":386,"url":"https:\/\/mcazorla.com\/wp-content\/uploads\/2022\/01\/img-productes-raygrass.jpg","type":"image\/jpeg"}],"twitter_card":"summary_large_image","schema":{"@context":"https:\/\/schema.org","@graph":[{"@type":"WebPage","@id":"https:\/\/mcazorla.com\/fr\/producte\/raygrass\/","url":"https:\/\/mcazorla.com\/fr\/producte\/raygrass\/","name":"Raygrass - M. Cazorla","isPartOf":{"@id":"https:\/\/mcazorla.com\/#website"},"primaryImageOfPage":{"@id":"https:\/\/mcazorla.com\/fr\/producte\/raygrass\/#primaryimage"},"image":{"@id":"https:\/\/mcazorla.com\/fr\/producte\/raygrass\/#primaryimage"},"thumbnailUrl":"https:\/\/mcazorla.com\/wp-content\/uploads\/2022\/01\/img-productes-raygrass.jpg","datePublished":"2022-01-17T16:18:01+00:00","dateModified":"2022-02-15T15:30:43+00:00","breadcrumb":{"@id":"https:\/\/mcazorla.com\/fr\/producte\/raygrass\/#breadcrumb"},"inLanguage":"fr-FR","potentialAction":[{"@type":"ReadAction","target":["https:\/\/mcazorla.com\/fr\/producte\/raygrass\/"]}]},{"@type":"ImageObject","inLanguage":"fr-FR","@id":"https:\/\/mcazorla.com\/fr\/producte\/raygrass\/#primaryimage","url":"https:\/\/mcazorla.com\/wp-content\/uploads\/2022\/01\/img-productes-raygrass.jpg","contentUrl":"https:\/\/mcazorla.com\/wp-content\/uploads\/2022\/01\/img-productes-raygrass.jpg","width":500,"height":386},{"@type":"BreadcrumbList","@id":"https:\/\/mcazorla.com\/fr\/producte\/raygrass\/#breadcrumb","itemListElement":[{"@type":"ListItem","position":1,"name":"Portada","item":"https:\/\/mcazorla.com\/fr\/"},{"@type":"ListItem","position":2,"name":"Productes","item":"https:\/\/mcazorla.com\/productes\/"},{"@type":"ListItem","position":3,"name":"Raygrass"}]},{"@type":"WebSite","@id":"https:\/\/mcazorla.com\/#website","url":"https:\/\/mcazorla.com\/","name":"M. Cazorla","description":"Comercialitzaci\u00f3 de llavors, fertilizants, adobs ,fitosanitaris i cereals.","potentialAction":[{"@type":"SearchAction","target":{"@type":"EntryPoint","urlTemplate":"https:\/\/mcazorla.com\/?s={search_term_string}"},"query-input":{"@type":"PropertyValueSpecification","valueRequired":true,"valueName":"search_term_string"}}],"inLanguage":"fr-FR"}]}},"_links":{"self":[{"href":"https:\/\/mcazorla.com\/fr\/wp-json\/wp\/v2\/product\/3622","targetHints":{"allow":["GET"]}}],"collection":[{"href":"https:\/\/mcazorla.com\/fr\/wp-json\/wp\/v2\/product"}],"about":[{"href":"https:\/\/mcazorla.com\/fr\/wp-json\/wp\/v2\/types\/product"}],"wp:featuredmedia":[{"embeddable":true,"href":"https:\/\/mcazorla.com\/fr\/wp-json\/wp\/v2\/media\/3067"}],"wp:attachment":[{"href":"https:\/\/mcazorla.com\/fr\/wp-json\/wp\/v2\/media?parent=3622"}],"wp:term":[{"taxonomy":"product_brand","embeddable":true,"href":"https:\/\/mcazorla.com\/fr\/wp-json\/wp\/v2\/product_brand?post=3622"},{"taxonomy":"product_cat","embeddable":true,"href":"https:\/\/mcazorla.com\/fr\/wp-json\/wp\/v2\/product_cat?post=3622"},{"taxonomy":"product_tag","embeddable":true,"href":"https:\/\/mcazorla.com\/fr\/wp-json\/wp\/v2\/product_tag?post=3622"}],"curies":[{"name":"wp","href":"https:\/\/api.w.org\/{rel}","templated":true}]}}