{"id":3640,"date":"2022-01-17T16:06:39","date_gmt":"2022-01-17T16:06:39","guid":{"rendered":"https:\/\/mcazorla.com\/producto\/alfalfa\/"},"modified":"2022-02-15T15:48:57","modified_gmt":"2022-02-15T15:48:57","slug":"luzerne","status":"publish","type":"product","link":"https:\/\/mcazorla.com\/fr\/producte\/luzerne\/","title":{"rendered":"Luz\u00e8rne"},"content":{"rendered":"","protected":false},"excerpt":{"rendered":"<p>La luz\u00e8rne, est une l\u00e9gumineuse p\u00e9renne, consid\u00e9r\u00e9e la reine des fourrag\u00e8res, pour ses qualit\u00e9s agronomiques et nutritives. De bonne adaptation, tant en cultures install\u00e9es comme dans des zones marginales. Conseill\u00e9e pour tout type de climats et sols \u00e0 l&rsquo;exception de sols acides. Rustique, productive, adaptable et d&rsquo;haute qualit\u00e9 nutritive.<\/p>\n<p>On vous propose, parmi d&rsquo;autres vari\u00e9t\u00e9s, la luz\u00e8rne Empord\u00e0, obtenue \u00e0 partir de la s\u00e9lection naturelle. Tr\u00e8s r\u00e9sistante \u00e0 la perte de feuilles, aux nematodes, au froid et la s\u00e9cheresse. D&rsquo;excellente production, on peut la semer seule ou en combinaison avec toute type de gramin\u00e9es. Vari\u00e9t\u00e9 qui am\u00e9liore aussi la structure du sol.<\/p>\n","protected":false},"featured_media":3052,"template":"","meta":[],"product_brand":[],"product_cat":[198,203],"product_tag":[],"class_list":{"0":"post-3640","1":"product","2":"type-product","3":"status-publish","4":"has-post-thumbnail","6":"product_cat-semences","7":"product_cat-semences-fourrageres","9":"first","10":"instock","11":"shipping-taxable","12":"product-type-simple"},"yoast_head":"<!-- This site is optimized with the Yoast SEO plugin v27.4 - https:\/\/yoast.com\/product\/yoast-seo-wordpress\/ -->\n<title>Luz\u00e8rne - M. Cazorla<\/title>\n<meta name=\"robots\" content=\"index, follow, max-snippet:-1, max-image-preview:large, max-video-preview:-1\" \/>\n<link rel=\"canonical\" href=\"https:\/\/mcazorla.com\/fr\/producte\/luzerne\/\" \/>\n<meta property=\"og:locale\" content=\"fr_FR\" \/>\n<meta property=\"og:type\" content=\"article\" \/>\n<meta property=\"og:title\" content=\"Luz\u00e8rne - M. Cazorla\" \/>\n<meta property=\"og:description\" content=\"La luz\u00e8rne, est une l\u00e9gumineuse p\u00e9renne, consid\u00e9r\u00e9e la reine des fourrag\u00e8res, pour ses qualit\u00e9s agronomiques et nutritives. De bonne adaptation, tant en cultures install\u00e9es comme dans des zones marginales. Conseill\u00e9e pour tout type de climats et sols \u00e0 l&#039;exception de sols acides. Rustique, productive, adaptable et d&#039;haute qualit\u00e9 nutritive.  On vous propose, parmi d&#039;autres vari\u00e9t\u00e9s, la luz\u00e8rne Empord\u00e0, obtenue \u00e0 partir de la s\u00e9lection naturelle. Tr\u00e8s r\u00e9sistante \u00e0 la perte de feuilles, aux nematodes, au froid et la s\u00e9cheresse. D&#039;excellente production, on peut la semer seule ou en combinaison avec toute type de gramin\u00e9es. Vari\u00e9t\u00e9 qui am\u00e9liore aussi la structure du sol.\" \/>\n<meta property=\"og:url\" content=\"https:\/\/mcazorla.com\/fr\/producte\/luzerne\/\" \/>\n<meta property=\"og:site_name\" content=\"M. Cazorla\" \/>\n<meta property=\"article:modified_time\" content=\"2022-02-15T15:48:57+00:00\" \/>\n<meta property=\"og:image\" content=\"https:\/\/mcazorla.com\/wp-content\/uploads\/2022\/01\/img-productes-userda.jpg\" \/>\n\t<meta property=\"og:image:width\" content=\"500\" \/>\n\t<meta property=\"og:image:height\" content=\"386\" \/>\n\t<meta property=\"og:image:type\" content=\"image\/jpeg\" \/>\n<meta name=\"twitter:card\" content=\"summary_large_image\" \/>\n<script type=\"application\/ld+json\" class=\"yoast-schema-graph\">{\"@context\":\"https:\\\/\\\/schema.org\",\"@graph\":[{\"@type\":\"WebPage\",\"@id\":\"https:\\\/\\\/mcazorla.com\\\/fr\\\/producte\\\/luzerne\\\/\",\"url\":\"https:\\\/\\\/mcazorla.com\\\/fr\\\/producte\\\/luzerne\\\/\",\"name\":\"Luz\u00e8rne - M. Cazorla\",\"isPartOf\":{\"@id\":\"https:\\\/\\\/mcazorla.com\\\/#website\"},\"primaryImageOfPage\":{\"@id\":\"https:\\\/\\\/mcazorla.com\\\/fr\\\/producte\\\/luzerne\\\/#primaryimage\"},\"image\":{\"@id\":\"https:\\\/\\\/mcazorla.com\\\/fr\\\/producte\\\/luzerne\\\/#primaryimage\"},\"thumbnailUrl\":\"https:\\\/\\\/mcazorla.com\\\/wp-content\\\/uploads\\\/2022\\\/01\\\/img-productes-userda.jpg\",\"datePublished\":\"2022-01-17T16:06:39+00:00\",\"dateModified\":\"2022-02-15T15:48:57+00:00\",\"breadcrumb\":{\"@id\":\"https:\\\/\\\/mcazorla.com\\\/fr\\\/producte\\\/luzerne\\\/#breadcrumb\"},\"inLanguage\":\"fr-FR\",\"potentialAction\":[{\"@type\":\"ReadAction\",\"target\":[\"https:\\\/\\\/mcazorla.com\\\/fr\\\/producte\\\/luzerne\\\/\"]}]},{\"@type\":\"ImageObject\",\"inLanguage\":\"fr-FR\",\"@id\":\"https:\\\/\\\/mcazorla.com\\\/fr\\\/producte\\\/luzerne\\\/#primaryimage\",\"url\":\"https:\\\/\\\/mcazorla.com\\\/wp-content\\\/uploads\\\/2022\\\/01\\\/img-productes-userda.jpg\",\"contentUrl\":\"https:\\\/\\\/mcazorla.com\\\/wp-content\\\/uploads\\\/2022\\\/01\\\/img-productes-userda.jpg\",\"width\":500,\"height\":386},{\"@type\":\"BreadcrumbList\",\"@id\":\"https:\\\/\\\/mcazorla.com\\\/fr\\\/producte\\\/luzerne\\\/#breadcrumb\",\"itemListElement\":[{\"@type\":\"ListItem\",\"position\":1,\"name\":\"Portada\",\"item\":\"https:\\\/\\\/mcazorla.com\\\/fr\\\/\"},{\"@type\":\"ListItem\",\"position\":2,\"name\":\"Productes\",\"item\":\"https:\\\/\\\/mcazorla.com\\\/productes\\\/\"},{\"@type\":\"ListItem\",\"position\":3,\"name\":\"Luz\u00e8rne\"}]},{\"@type\":\"WebSite\",\"@id\":\"https:\\\/\\\/mcazorla.com\\\/#website\",\"url\":\"https:\\\/\\\/mcazorla.com\\\/\",\"name\":\"M. Cazorla\",\"description\":\"Comercialitzaci\u00f3 de llavors, fertilizants, adobs ,fitosanitaris i cereals.\",\"potentialAction\":[{\"@type\":\"SearchAction\",\"target\":{\"@type\":\"EntryPoint\",\"urlTemplate\":\"https:\\\/\\\/mcazorla.com\\\/?s={search_term_string}\"},\"query-input\":{\"@type\":\"PropertyValueSpecification\",\"valueRequired\":true,\"valueName\":\"search_term_string\"}}],\"inLanguage\":\"fr-FR\"}]}<\/script>\n<!-- \/ Yoast SEO plugin. -->","yoast_head_json":{"title":"Luz\u00e8rne - M. Cazorla","robots":{"index":"index","follow":"follow","max-snippet":"max-snippet:-1","max-image-preview":"max-image-preview:large","max-video-preview":"max-video-preview:-1"},"canonical":"https:\/\/mcazorla.com\/fr\/producte\/luzerne\/","og_locale":"fr_FR","og_type":"article","og_title":"Luz\u00e8rne - M. Cazorla","og_description":"La luz\u00e8rne, est une l\u00e9gumineuse p\u00e9renne, consid\u00e9r\u00e9e la reine des fourrag\u00e8res, pour ses qualit\u00e9s agronomiques et nutritives. De bonne adaptation, tant en cultures install\u00e9es comme dans des zones marginales. Conseill\u00e9e pour tout type de climats et sols \u00e0 l'exception de sols acides. Rustique, productive, adaptable et d'haute qualit\u00e9 nutritive.  On vous propose, parmi d'autres vari\u00e9t\u00e9s, la luz\u00e8rne Empord\u00e0, obtenue \u00e0 partir de la s\u00e9lection naturelle. Tr\u00e8s r\u00e9sistante \u00e0 la perte de feuilles, aux nematodes, au froid et la s\u00e9cheresse. D'excellente production, on peut la semer seule ou en combinaison avec toute type de gramin\u00e9es. Vari\u00e9t\u00e9 qui am\u00e9liore aussi la structure du sol.","og_url":"https:\/\/mcazorla.com\/fr\/producte\/luzerne\/","og_site_name":"M. Cazorla","article_modified_time":"2022-02-15T15:48:57+00:00","og_image":[{"width":500,"height":386,"url":"https:\/\/mcazorla.com\/wp-content\/uploads\/2022\/01\/img-productes-userda.jpg","type":"image\/jpeg"}],"twitter_card":"summary_large_image","schema":{"@context":"https:\/\/schema.org","@graph":[{"@type":"WebPage","@id":"https:\/\/mcazorla.com\/fr\/producte\/luzerne\/","url":"https:\/\/mcazorla.com\/fr\/producte\/luzerne\/","name":"Luz\u00e8rne - M. Cazorla","isPartOf":{"@id":"https:\/\/mcazorla.com\/#website"},"primaryImageOfPage":{"@id":"https:\/\/mcazorla.com\/fr\/producte\/luzerne\/#primaryimage"},"image":{"@id":"https:\/\/mcazorla.com\/fr\/producte\/luzerne\/#primaryimage"},"thumbnailUrl":"https:\/\/mcazorla.com\/wp-content\/uploads\/2022\/01\/img-productes-userda.jpg","datePublished":"2022-01-17T16:06:39+00:00","dateModified":"2022-02-15T15:48:57+00:00","breadcrumb":{"@id":"https:\/\/mcazorla.com\/fr\/producte\/luzerne\/#breadcrumb"},"inLanguage":"fr-FR","potentialAction":[{"@type":"ReadAction","target":["https:\/\/mcazorla.com\/fr\/producte\/luzerne\/"]}]},{"@type":"ImageObject","inLanguage":"fr-FR","@id":"https:\/\/mcazorla.com\/fr\/producte\/luzerne\/#primaryimage","url":"https:\/\/mcazorla.com\/wp-content\/uploads\/2022\/01\/img-productes-userda.jpg","contentUrl":"https:\/\/mcazorla.com\/wp-content\/uploads\/2022\/01\/img-productes-userda.jpg","width":500,"height":386},{"@type":"BreadcrumbList","@id":"https:\/\/mcazorla.com\/fr\/producte\/luzerne\/#breadcrumb","itemListElement":[{"@type":"ListItem","position":1,"name":"Portada","item":"https:\/\/mcazorla.com\/fr\/"},{"@type":"ListItem","position":2,"name":"Productes","item":"https:\/\/mcazorla.com\/productes\/"},{"@type":"ListItem","position":3,"name":"Luz\u00e8rne"}]},{"@type":"WebSite","@id":"https:\/\/mcazorla.com\/#website","url":"https:\/\/mcazorla.com\/","name":"M. Cazorla","description":"Comercialitzaci\u00f3 de llavors, fertilizants, adobs ,fitosanitaris i cereals.","potentialAction":[{"@type":"SearchAction","target":{"@type":"EntryPoint","urlTemplate":"https:\/\/mcazorla.com\/?s={search_term_string}"},"query-input":{"@type":"PropertyValueSpecification","valueRequired":true,"valueName":"search_term_string"}}],"inLanguage":"fr-FR"}]}},"_links":{"self":[{"href":"https:\/\/mcazorla.com\/fr\/wp-json\/wp\/v2\/product\/3640","targetHints":{"allow":["GET"]}}],"collection":[{"href":"https:\/\/mcazorla.com\/fr\/wp-json\/wp\/v2\/product"}],"about":[{"href":"https:\/\/mcazorla.com\/fr\/wp-json\/wp\/v2\/types\/product"}],"wp:featuredmedia":[{"embeddable":true,"href":"https:\/\/mcazorla.com\/fr\/wp-json\/wp\/v2\/media\/3052"}],"wp:attachment":[{"href":"https:\/\/mcazorla.com\/fr\/wp-json\/wp\/v2\/media?parent=3640"}],"wp:term":[{"taxonomy":"product_brand","embeddable":true,"href":"https:\/\/mcazorla.com\/fr\/wp-json\/wp\/v2\/product_brand?post=3640"},{"taxonomy":"product_cat","embeddable":true,"href":"https:\/\/mcazorla.com\/fr\/wp-json\/wp\/v2\/product_cat?post=3640"},{"taxonomy":"product_tag","embeddable":true,"href":"https:\/\/mcazorla.com\/fr\/wp-json\/wp\/v2\/product_tag?post=3640"}],"curies":[{"name":"wp","href":"https:\/\/api.w.org\/{rel}","templated":true}]}}