{"id":3646,"date":"2022-01-17T16:00:39","date_gmt":"2022-01-17T16:00:39","guid":{"rendered":"https:\/\/mcazorla.com\/producto\/semilla-de-colza-ragt\/"},"modified":"2022-02-15T16:45:28","modified_gmt":"2022-02-15T16:45:28","slug":"semence-de-colza-ragt","status":"publish","type":"product","link":"https:\/\/mcazorla.com\/fr\/producte\/semence-de-colza-ragt\/","title":{"rendered":"Semence de Colza RAGT"},"content":{"rendered":"","protected":false},"excerpt":{"rendered":"<p>Nous avons actuellement les vari\u00e9t\u00e9s:<\/p>\n<p>COLZA BRAZZIL: Vari\u00e9t\u00e9 lign\u00e9e (Poids sac de 7 Kg)<br \/>\nCOLZA GRIZZLY: Vari\u00e9t\u00e9 lign\u00e9e (Poids sac de 7 Kg)<br \/>\nCOLZA NOBLESSE: Vari\u00e9t\u00e9 lign\u00e9e (Poids sac de 7 Kg)<br \/>\nCOLZA SENSATION: Vari\u00e9te Hybride (Poids sac de 6 Kg)<br \/>\nCOLZA BONANZA: Vari\u00e9t\u00e9 Hybride (Poids sac de 6 Kg)<br \/>\nCOLZA BONZAI: Vari\u00e9t\u00e9 Hybride (Poids sac de 6 Kg)<\/p>\n","protected":false},"featured_media":3046,"template":"","meta":[],"product_brand":[],"product_cat":[202,198],"product_tag":[],"class_list":{"0":"post-3646","1":"product","2":"type-product","3":"status-publish","4":"has-post-thumbnail","6":"product_cat-colza","7":"product_cat-semences","9":"first","10":"instock","11":"shipping-taxable","12":"product-type-simple"},"yoast_head":"<!-- This site is optimized with the Yoast SEO plugin v27.4 - https:\/\/yoast.com\/product\/yoast-seo-wordpress\/ -->\n<title>Semence de Colza RAGT - M. Cazorla<\/title>\n<meta name=\"robots\" content=\"index, follow, max-snippet:-1, max-image-preview:large, max-video-preview:-1\" \/>\n<link rel=\"canonical\" href=\"https:\/\/mcazorla.com\/fr\/producte\/semence-de-colza-ragt\/\" \/>\n<meta property=\"og:locale\" content=\"fr_FR\" \/>\n<meta property=\"og:type\" content=\"article\" \/>\n<meta property=\"og:title\" content=\"Semence de Colza RAGT - M. Cazorla\" \/>\n<meta property=\"og:description\" content=\"Nous avons actuellement les vari\u00e9t\u00e9s:  COLZA BRAZZIL: Vari\u00e9t\u00e9 lign\u00e9e (Poids sac de 7 Kg) COLZA GRIZZLY: Vari\u00e9t\u00e9 lign\u00e9e (Poids sac de 7 Kg) COLZA NOBLESSE: Vari\u00e9t\u00e9 lign\u00e9e (Poids sac de 7 Kg) COLZA SENSATION: Vari\u00e9te Hybride (Poids sac de 6 Kg) COLZA BONANZA: Vari\u00e9t\u00e9 Hybride (Poids sac de 6 Kg) COLZA BONZAI: Vari\u00e9t\u00e9 Hybride (Poids sac de 6 Kg)\" \/>\n<meta property=\"og:url\" content=\"https:\/\/mcazorla.com\/fr\/producte\/semence-de-colza-ragt\/\" \/>\n<meta property=\"og:site_name\" content=\"M. Cazorla\" \/>\n<meta property=\"article:modified_time\" content=\"2022-02-15T16:45:28+00:00\" \/>\n<meta property=\"og:image\" content=\"https:\/\/mcazorla.com\/wp-content\/uploads\/2022\/01\/img-productes-colza.jpg\" \/>\n\t<meta property=\"og:image:width\" content=\"500\" \/>\n\t<meta property=\"og:image:height\" content=\"386\" \/>\n\t<meta property=\"og:image:type\" content=\"image\/jpeg\" \/>\n<meta name=\"twitter:card\" content=\"summary_large_image\" \/>\n<script type=\"application\/ld+json\" class=\"yoast-schema-graph\">{\"@context\":\"https:\\\/\\\/schema.org\",\"@graph\":[{\"@type\":\"WebPage\",\"@id\":\"https:\\\/\\\/mcazorla.com\\\/fr\\\/producte\\\/semence-de-colza-ragt\\\/\",\"url\":\"https:\\\/\\\/mcazorla.com\\\/fr\\\/producte\\\/semence-de-colza-ragt\\\/\",\"name\":\"Semence de Colza RAGT - M. Cazorla\",\"isPartOf\":{\"@id\":\"https:\\\/\\\/mcazorla.com\\\/#website\"},\"primaryImageOfPage\":{\"@id\":\"https:\\\/\\\/mcazorla.com\\\/fr\\\/producte\\\/semence-de-colza-ragt\\\/#primaryimage\"},\"image\":{\"@id\":\"https:\\\/\\\/mcazorla.com\\\/fr\\\/producte\\\/semence-de-colza-ragt\\\/#primaryimage\"},\"thumbnailUrl\":\"https:\\\/\\\/mcazorla.com\\\/wp-content\\\/uploads\\\/2022\\\/01\\\/img-productes-colza.jpg\",\"datePublished\":\"2022-01-17T16:00:39+00:00\",\"dateModified\":\"2022-02-15T16:45:28+00:00\",\"breadcrumb\":{\"@id\":\"https:\\\/\\\/mcazorla.com\\\/fr\\\/producte\\\/semence-de-colza-ragt\\\/#breadcrumb\"},\"inLanguage\":\"fr-FR\",\"potentialAction\":[{\"@type\":\"ReadAction\",\"target\":[\"https:\\\/\\\/mcazorla.com\\\/fr\\\/producte\\\/semence-de-colza-ragt\\\/\"]}]},{\"@type\":\"ImageObject\",\"inLanguage\":\"fr-FR\",\"@id\":\"https:\\\/\\\/mcazorla.com\\\/fr\\\/producte\\\/semence-de-colza-ragt\\\/#primaryimage\",\"url\":\"https:\\\/\\\/mcazorla.com\\\/wp-content\\\/uploads\\\/2022\\\/01\\\/img-productes-colza.jpg\",\"contentUrl\":\"https:\\\/\\\/mcazorla.com\\\/wp-content\\\/uploads\\\/2022\\\/01\\\/img-productes-colza.jpg\",\"width\":500,\"height\":386},{\"@type\":\"BreadcrumbList\",\"@id\":\"https:\\\/\\\/mcazorla.com\\\/fr\\\/producte\\\/semence-de-colza-ragt\\\/#breadcrumb\",\"itemListElement\":[{\"@type\":\"ListItem\",\"position\":1,\"name\":\"Portada\",\"item\":\"https:\\\/\\\/mcazorla.com\\\/fr\\\/\"},{\"@type\":\"ListItem\",\"position\":2,\"name\":\"Productes\",\"item\":\"https:\\\/\\\/mcazorla.com\\\/productes\\\/\"},{\"@type\":\"ListItem\",\"position\":3,\"name\":\"Semence de Colza RAGT\"}]},{\"@type\":\"WebSite\",\"@id\":\"https:\\\/\\\/mcazorla.com\\\/#website\",\"url\":\"https:\\\/\\\/mcazorla.com\\\/\",\"name\":\"M. Cazorla\",\"description\":\"Comercialitzaci\u00f3 de llavors, fertilizants, adobs ,fitosanitaris i cereals.\",\"potentialAction\":[{\"@type\":\"SearchAction\",\"target\":{\"@type\":\"EntryPoint\",\"urlTemplate\":\"https:\\\/\\\/mcazorla.com\\\/?s={search_term_string}\"},\"query-input\":{\"@type\":\"PropertyValueSpecification\",\"valueRequired\":true,\"valueName\":\"search_term_string\"}}],\"inLanguage\":\"fr-FR\"}]}<\/script>\n<!-- \/ Yoast SEO plugin. -->","yoast_head_json":{"title":"Semence de Colza RAGT - M. Cazorla","robots":{"index":"index","follow":"follow","max-snippet":"max-snippet:-1","max-image-preview":"max-image-preview:large","max-video-preview":"max-video-preview:-1"},"canonical":"https:\/\/mcazorla.com\/fr\/producte\/semence-de-colza-ragt\/","og_locale":"fr_FR","og_type":"article","og_title":"Semence de Colza RAGT - M. Cazorla","og_description":"Nous avons actuellement les vari\u00e9t\u00e9s:  COLZA BRAZZIL: Vari\u00e9t\u00e9 lign\u00e9e (Poids sac de 7 Kg) COLZA GRIZZLY: Vari\u00e9t\u00e9 lign\u00e9e (Poids sac de 7 Kg) COLZA NOBLESSE: Vari\u00e9t\u00e9 lign\u00e9e (Poids sac de 7 Kg) COLZA SENSATION: Vari\u00e9te Hybride (Poids sac de 6 Kg) COLZA BONANZA: Vari\u00e9t\u00e9 Hybride (Poids sac de 6 Kg) COLZA BONZAI: Vari\u00e9t\u00e9 Hybride (Poids sac de 6 Kg)","og_url":"https:\/\/mcazorla.com\/fr\/producte\/semence-de-colza-ragt\/","og_site_name":"M. Cazorla","article_modified_time":"2022-02-15T16:45:28+00:00","og_image":[{"width":500,"height":386,"url":"https:\/\/mcazorla.com\/wp-content\/uploads\/2022\/01\/img-productes-colza.jpg","type":"image\/jpeg"}],"twitter_card":"summary_large_image","schema":{"@context":"https:\/\/schema.org","@graph":[{"@type":"WebPage","@id":"https:\/\/mcazorla.com\/fr\/producte\/semence-de-colza-ragt\/","url":"https:\/\/mcazorla.com\/fr\/producte\/semence-de-colza-ragt\/","name":"Semence de Colza RAGT - M. Cazorla","isPartOf":{"@id":"https:\/\/mcazorla.com\/#website"},"primaryImageOfPage":{"@id":"https:\/\/mcazorla.com\/fr\/producte\/semence-de-colza-ragt\/#primaryimage"},"image":{"@id":"https:\/\/mcazorla.com\/fr\/producte\/semence-de-colza-ragt\/#primaryimage"},"thumbnailUrl":"https:\/\/mcazorla.com\/wp-content\/uploads\/2022\/01\/img-productes-colza.jpg","datePublished":"2022-01-17T16:00:39+00:00","dateModified":"2022-02-15T16:45:28+00:00","breadcrumb":{"@id":"https:\/\/mcazorla.com\/fr\/producte\/semence-de-colza-ragt\/#breadcrumb"},"inLanguage":"fr-FR","potentialAction":[{"@type":"ReadAction","target":["https:\/\/mcazorla.com\/fr\/producte\/semence-de-colza-ragt\/"]}]},{"@type":"ImageObject","inLanguage":"fr-FR","@id":"https:\/\/mcazorla.com\/fr\/producte\/semence-de-colza-ragt\/#primaryimage","url":"https:\/\/mcazorla.com\/wp-content\/uploads\/2022\/01\/img-productes-colza.jpg","contentUrl":"https:\/\/mcazorla.com\/wp-content\/uploads\/2022\/01\/img-productes-colza.jpg","width":500,"height":386},{"@type":"BreadcrumbList","@id":"https:\/\/mcazorla.com\/fr\/producte\/semence-de-colza-ragt\/#breadcrumb","itemListElement":[{"@type":"ListItem","position":1,"name":"Portada","item":"https:\/\/mcazorla.com\/fr\/"},{"@type":"ListItem","position":2,"name":"Productes","item":"https:\/\/mcazorla.com\/productes\/"},{"@type":"ListItem","position":3,"name":"Semence de Colza RAGT"}]},{"@type":"WebSite","@id":"https:\/\/mcazorla.com\/#website","url":"https:\/\/mcazorla.com\/","name":"M. Cazorla","description":"Comercialitzaci\u00f3 de llavors, fertilizants, adobs ,fitosanitaris i cereals.","potentialAction":[{"@type":"SearchAction","target":{"@type":"EntryPoint","urlTemplate":"https:\/\/mcazorla.com\/?s={search_term_string}"},"query-input":{"@type":"PropertyValueSpecification","valueRequired":true,"valueName":"search_term_string"}}],"inLanguage":"fr-FR"}]}},"_links":{"self":[{"href":"https:\/\/mcazorla.com\/fr\/wp-json\/wp\/v2\/product\/3646","targetHints":{"allow":["GET"]}}],"collection":[{"href":"https:\/\/mcazorla.com\/fr\/wp-json\/wp\/v2\/product"}],"about":[{"href":"https:\/\/mcazorla.com\/fr\/wp-json\/wp\/v2\/types\/product"}],"wp:featuredmedia":[{"embeddable":true,"href":"https:\/\/mcazorla.com\/fr\/wp-json\/wp\/v2\/media\/3046"}],"wp:attachment":[{"href":"https:\/\/mcazorla.com\/fr\/wp-json\/wp\/v2\/media?parent=3646"}],"wp:term":[{"taxonomy":"product_brand","embeddable":true,"href":"https:\/\/mcazorla.com\/fr\/wp-json\/wp\/v2\/product_brand?post=3646"},{"taxonomy":"product_cat","embeddable":true,"href":"https:\/\/mcazorla.com\/fr\/wp-json\/wp\/v2\/product_cat?post=3646"},{"taxonomy":"product_tag","embeddable":true,"href":"https:\/\/mcazorla.com\/fr\/wp-json\/wp\/v2\/product_tag?post=3646"}],"curies":[{"name":"wp","href":"https:\/\/api.w.org\/{rel}","templated":true}]}}