{"id":3652,"date":"2022-01-17T15:54:34","date_gmt":"2022-01-17T15:54:34","guid":{"rendered":"https:\/\/mcazorla.com\/producto\/guisante-proteaginoso\/"},"modified":"2022-02-15T16:57:19","modified_gmt":"2022-02-15T16:57:19","slug":"pois-proteine","status":"publish","type":"product","link":"https:\/\/mcazorla.com\/fr\/producte\/pois-proteine\/","title":{"rendered":"Pois prot\u00e9in\u00e9"},"content":{"rendered":"","protected":false},"excerpt":{"rendered":"<p>Les vari\u00e9t\u00e9s les plus courantes sont:<\/p>\n<p>&#8211; POIS ENDURO<br \/>\n&#8211; POIS MYTHIQUE<br \/>\n&#8211; POIS HARDY<\/p>\n","protected":false},"featured_media":3040,"template":"","meta":[],"product_brand":[],"product_cat":[198,200],"product_tag":[],"class_list":{"0":"post-3652","1":"product","2":"type-product","3":"status-publish","4":"has-post-thumbnail","6":"product_cat-semences","7":"product_cat-semences-dhiver","9":"first","10":"instock","11":"shipping-taxable","12":"product-type-simple"},"yoast_head":"<!-- This site is optimized with the Yoast SEO plugin v27.4 - https:\/\/yoast.com\/product\/yoast-seo-wordpress\/ -->\n<title>Pois prot\u00e9in\u00e9 - M. Cazorla<\/title>\n<meta name=\"robots\" content=\"index, follow, max-snippet:-1, max-image-preview:large, max-video-preview:-1\" \/>\n<link rel=\"canonical\" href=\"https:\/\/mcazorla.com\/fr\/producte\/pois-proteine\/\" \/>\n<meta property=\"og:locale\" content=\"fr_FR\" \/>\n<meta property=\"og:type\" content=\"article\" \/>\n<meta property=\"og:title\" content=\"Pois prot\u00e9in\u00e9 - M. Cazorla\" \/>\n<meta property=\"og:description\" content=\"Les vari\u00e9t\u00e9s les plus courantes sont:  - POIS ENDURO - POIS MYTHIQUE - POIS HARDY\" \/>\n<meta property=\"og:url\" content=\"https:\/\/mcazorla.com\/fr\/producte\/pois-proteine\/\" \/>\n<meta property=\"og:site_name\" content=\"M. Cazorla\" \/>\n<meta property=\"article:modified_time\" content=\"2022-02-15T16:57:19+00:00\" \/>\n<meta property=\"og:image\" content=\"https:\/\/mcazorla.com\/wp-content\/uploads\/2022\/01\/img-productes-pesol-proteaginos.jpg\" \/>\n\t<meta property=\"og:image:width\" content=\"500\" \/>\n\t<meta property=\"og:image:height\" content=\"386\" \/>\n\t<meta property=\"og:image:type\" content=\"image\/jpeg\" \/>\n<meta name=\"twitter:card\" content=\"summary_large_image\" \/>\n<script type=\"application\/ld+json\" class=\"yoast-schema-graph\">{\"@context\":\"https:\\\/\\\/schema.org\",\"@graph\":[{\"@type\":\"WebPage\",\"@id\":\"https:\\\/\\\/mcazorla.com\\\/fr\\\/producte\\\/pois-proteine\\\/\",\"url\":\"https:\\\/\\\/mcazorla.com\\\/fr\\\/producte\\\/pois-proteine\\\/\",\"name\":\"Pois prot\u00e9in\u00e9 - M. Cazorla\",\"isPartOf\":{\"@id\":\"https:\\\/\\\/mcazorla.com\\\/#website\"},\"primaryImageOfPage\":{\"@id\":\"https:\\\/\\\/mcazorla.com\\\/fr\\\/producte\\\/pois-proteine\\\/#primaryimage\"},\"image\":{\"@id\":\"https:\\\/\\\/mcazorla.com\\\/fr\\\/producte\\\/pois-proteine\\\/#primaryimage\"},\"thumbnailUrl\":\"https:\\\/\\\/mcazorla.com\\\/wp-content\\\/uploads\\\/2022\\\/01\\\/img-productes-pesol-proteaginos.jpg\",\"datePublished\":\"2022-01-17T15:54:34+00:00\",\"dateModified\":\"2022-02-15T16:57:19+00:00\",\"breadcrumb\":{\"@id\":\"https:\\\/\\\/mcazorla.com\\\/fr\\\/producte\\\/pois-proteine\\\/#breadcrumb\"},\"inLanguage\":\"fr-FR\",\"potentialAction\":[{\"@type\":\"ReadAction\",\"target\":[\"https:\\\/\\\/mcazorla.com\\\/fr\\\/producte\\\/pois-proteine\\\/\"]}]},{\"@type\":\"ImageObject\",\"inLanguage\":\"fr-FR\",\"@id\":\"https:\\\/\\\/mcazorla.com\\\/fr\\\/producte\\\/pois-proteine\\\/#primaryimage\",\"url\":\"https:\\\/\\\/mcazorla.com\\\/wp-content\\\/uploads\\\/2022\\\/01\\\/img-productes-pesol-proteaginos.jpg\",\"contentUrl\":\"https:\\\/\\\/mcazorla.com\\\/wp-content\\\/uploads\\\/2022\\\/01\\\/img-productes-pesol-proteaginos.jpg\",\"width\":500,\"height\":386},{\"@type\":\"BreadcrumbList\",\"@id\":\"https:\\\/\\\/mcazorla.com\\\/fr\\\/producte\\\/pois-proteine\\\/#breadcrumb\",\"itemListElement\":[{\"@type\":\"ListItem\",\"position\":1,\"name\":\"Portada\",\"item\":\"https:\\\/\\\/mcazorla.com\\\/fr\\\/\"},{\"@type\":\"ListItem\",\"position\":2,\"name\":\"Productes\",\"item\":\"https:\\\/\\\/mcazorla.com\\\/productes\\\/\"},{\"@type\":\"ListItem\",\"position\":3,\"name\":\"Pois prot\u00e9in\u00e9\"}]},{\"@type\":\"WebSite\",\"@id\":\"https:\\\/\\\/mcazorla.com\\\/#website\",\"url\":\"https:\\\/\\\/mcazorla.com\\\/\",\"name\":\"M. Cazorla\",\"description\":\"Comercialitzaci\u00f3 de llavors, fertilizants, adobs ,fitosanitaris i cereals.\",\"potentialAction\":[{\"@type\":\"SearchAction\",\"target\":{\"@type\":\"EntryPoint\",\"urlTemplate\":\"https:\\\/\\\/mcazorla.com\\\/?s={search_term_string}\"},\"query-input\":{\"@type\":\"PropertyValueSpecification\",\"valueRequired\":true,\"valueName\":\"search_term_string\"}}],\"inLanguage\":\"fr-FR\"}]}<\/script>\n<!-- \/ Yoast SEO plugin. -->","yoast_head_json":{"title":"Pois prot\u00e9in\u00e9 - M. Cazorla","robots":{"index":"index","follow":"follow","max-snippet":"max-snippet:-1","max-image-preview":"max-image-preview:large","max-video-preview":"max-video-preview:-1"},"canonical":"https:\/\/mcazorla.com\/fr\/producte\/pois-proteine\/","og_locale":"fr_FR","og_type":"article","og_title":"Pois prot\u00e9in\u00e9 - M. Cazorla","og_description":"Les vari\u00e9t\u00e9s les plus courantes sont:  - POIS ENDURO - POIS MYTHIQUE - POIS HARDY","og_url":"https:\/\/mcazorla.com\/fr\/producte\/pois-proteine\/","og_site_name":"M. Cazorla","article_modified_time":"2022-02-15T16:57:19+00:00","og_image":[{"width":500,"height":386,"url":"https:\/\/mcazorla.com\/wp-content\/uploads\/2022\/01\/img-productes-pesol-proteaginos.jpg","type":"image\/jpeg"}],"twitter_card":"summary_large_image","schema":{"@context":"https:\/\/schema.org","@graph":[{"@type":"WebPage","@id":"https:\/\/mcazorla.com\/fr\/producte\/pois-proteine\/","url":"https:\/\/mcazorla.com\/fr\/producte\/pois-proteine\/","name":"Pois prot\u00e9in\u00e9 - M. Cazorla","isPartOf":{"@id":"https:\/\/mcazorla.com\/#website"},"primaryImageOfPage":{"@id":"https:\/\/mcazorla.com\/fr\/producte\/pois-proteine\/#primaryimage"},"image":{"@id":"https:\/\/mcazorla.com\/fr\/producte\/pois-proteine\/#primaryimage"},"thumbnailUrl":"https:\/\/mcazorla.com\/wp-content\/uploads\/2022\/01\/img-productes-pesol-proteaginos.jpg","datePublished":"2022-01-17T15:54:34+00:00","dateModified":"2022-02-15T16:57:19+00:00","breadcrumb":{"@id":"https:\/\/mcazorla.com\/fr\/producte\/pois-proteine\/#breadcrumb"},"inLanguage":"fr-FR","potentialAction":[{"@type":"ReadAction","target":["https:\/\/mcazorla.com\/fr\/producte\/pois-proteine\/"]}]},{"@type":"ImageObject","inLanguage":"fr-FR","@id":"https:\/\/mcazorla.com\/fr\/producte\/pois-proteine\/#primaryimage","url":"https:\/\/mcazorla.com\/wp-content\/uploads\/2022\/01\/img-productes-pesol-proteaginos.jpg","contentUrl":"https:\/\/mcazorla.com\/wp-content\/uploads\/2022\/01\/img-productes-pesol-proteaginos.jpg","width":500,"height":386},{"@type":"BreadcrumbList","@id":"https:\/\/mcazorla.com\/fr\/producte\/pois-proteine\/#breadcrumb","itemListElement":[{"@type":"ListItem","position":1,"name":"Portada","item":"https:\/\/mcazorla.com\/fr\/"},{"@type":"ListItem","position":2,"name":"Productes","item":"https:\/\/mcazorla.com\/productes\/"},{"@type":"ListItem","position":3,"name":"Pois prot\u00e9in\u00e9"}]},{"@type":"WebSite","@id":"https:\/\/mcazorla.com\/#website","url":"https:\/\/mcazorla.com\/","name":"M. Cazorla","description":"Comercialitzaci\u00f3 de llavors, fertilizants, adobs ,fitosanitaris i cereals.","potentialAction":[{"@type":"SearchAction","target":{"@type":"EntryPoint","urlTemplate":"https:\/\/mcazorla.com\/?s={search_term_string}"},"query-input":{"@type":"PropertyValueSpecification","valueRequired":true,"valueName":"search_term_string"}}],"inLanguage":"fr-FR"}]}},"_links":{"self":[{"href":"https:\/\/mcazorla.com\/fr\/wp-json\/wp\/v2\/product\/3652","targetHints":{"allow":["GET"]}}],"collection":[{"href":"https:\/\/mcazorla.com\/fr\/wp-json\/wp\/v2\/product"}],"about":[{"href":"https:\/\/mcazorla.com\/fr\/wp-json\/wp\/v2\/types\/product"}],"wp:featuredmedia":[{"embeddable":true,"href":"https:\/\/mcazorla.com\/fr\/wp-json\/wp\/v2\/media\/3040"}],"wp:attachment":[{"href":"https:\/\/mcazorla.com\/fr\/wp-json\/wp\/v2\/media?parent=3652"}],"wp:term":[{"taxonomy":"product_brand","embeddable":true,"href":"https:\/\/mcazorla.com\/fr\/wp-json\/wp\/v2\/product_brand?post=3652"},{"taxonomy":"product_cat","embeddable":true,"href":"https:\/\/mcazorla.com\/fr\/wp-json\/wp\/v2\/product_cat?post=3652"},{"taxonomy":"product_tag","embeddable":true,"href":"https:\/\/mcazorla.com\/fr\/wp-json\/wp\/v2\/product_tag?post=3652"}],"curies":[{"name":"wp","href":"https:\/\/api.w.org\/{rel}","templated":true}]}}