{"id":3704,"date":"2022-01-17T15:11:42","date_gmt":"2022-01-17T15:11:42","guid":{"rendered":"https:\/\/mcazorla.com\/producto\/batlle-semillas-ecologicas\/"},"modified":"2022-02-20T09:07:29","modified_gmt":"2022-02-20T09:07:29","slug":"batlle-graines-bio","status":"publish","type":"product","link":"https:\/\/mcazorla.com\/fr\/producte\/batlle-graines-bio\/","title":{"rendered":"Batlle (graines bio)"},"content":{"rendered":"","protected":false},"excerpt":{"rendered":"<p>Notre gamme compl\u00e8te de semences biologiques est formul\u00e9e et cr\u00e9\u00e9e pour garantir une haute qualit\u00e9 et un respect attentif de l&rsquo;environnement.<\/p>\n<p>Produit selon une r\u00e9glementation \u00e9cologique europ\u00e9enne stricte, bas\u00e9e sur la non-utilisation de produits chimiques et avec une p\u00e9riode de jach\u00e8re garantissant l&rsquo;absence de traces synth\u00e9tiques.<\/p>\n<p>Le r\u00e9sultat est un produit 100% biologique et \u00e9cologique avec une large gamme de restes de graines de l\u00e9gumes avec 31 vari\u00e9t\u00e9s diff\u00e9rentes, parmi lesquelles se distinguent: laitue, tomates et oignons.<\/p>\n[fusion_button link=\"\/wp-content\/uploads\/2022\/02\/Batlle_llavors_ecologiques.pdf\" title=\"\" target=\"_blank\" link_attributes=\"\" alignment_medium=\"\" alignment_small=\"\" alignment=\"\" modal=\"\" hide_on_mobile=\"small-visibility,medium-visibility,large-visibility\" sticky_display=\"normal,sticky\" class=\"\" id=\"\" color=\"default\" button_gradient_top_color=\"\" button_gradient_bottom_color=\"\" button_gradient_top_color_hover=\"\" button_gradient_bottom_color_hover=\"\" gradient_start_position=\"\" gradient_end_position=\"\" gradient_type=\"\" radial_direction=\"\" linear_angle=\"180\" accent_color=\"\" accent_hover_color=\"\" type=\"\" bevel_color=\"\" bevel_color_hover=\"\" border_top=\"\" border_right=\"\" border_bottom=\"\" border_left=\"\" border_radius_top_left=\"\" border_radius_top_right=\"\" border_radius_bottom_right=\"\" border_radius_bottom_left=\"\" border_color=\"\" border_hover_color=\"\" size=\"\" padding_top=\"\" padding_right=\"\" padding_bottom=\"\" padding_left=\"\" font_size=\"\" line_height=\"\" fusion_font_family_button_font=\"\" fusion_font_variant_button_font=\"\" letter_spacing=\"\" text_transform=\"\" stretch=\"default\" margin_top=\"\" margin_right=\"\" margin_bottom=\"\" margin_left=\"\" icon=\"\" icon_position=\"left\" icon_divider=\"no\" animation_type=\"\" animation_direction=\"left\" animation_speed=\"0.3\" animation_offset=\"\"]T\u00c9L\u00c9CHARGER LE CATALOGUE PDF[\/fusion_button]\n","protected":false},"featured_media":3007,"template":"","meta":[],"product_brand":[],"product_cat":[199,198],"product_tag":[],"class_list":{"0":"post-3704","1":"product","2":"type-product","3":"status-publish","4":"has-post-thumbnail","6":"product_cat-graines-biologiques","7":"product_cat-semences","9":"first","10":"instock","11":"shipping-taxable","12":"product-type-simple"},"yoast_head":"<!-- This site is optimized with the Yoast SEO plugin v27.4 - https:\/\/yoast.com\/product\/yoast-seo-wordpress\/ -->\n<title>Batlle (graines bio) - M. Cazorla<\/title>\n<meta name=\"robots\" content=\"index, follow, max-snippet:-1, max-image-preview:large, max-video-preview:-1\" \/>\n<link rel=\"canonical\" href=\"https:\/\/mcazorla.com\/fr\/producte\/batlle-graines-bio\/\" \/>\n<meta property=\"og:locale\" content=\"fr_FR\" \/>\n<meta property=\"og:type\" content=\"article\" \/>\n<meta property=\"og:title\" content=\"Batlle (graines bio) - M. Cazorla\" \/>\n<meta property=\"og:description\" content=\"Notre gamme compl\u00e8te de semences biologiques est formul\u00e9e et cr\u00e9\u00e9e pour garantir une haute qualit\u00e9 et un respect attentif de l&#039;environnement.  Produit selon une r\u00e9glementation \u00e9cologique europ\u00e9enne stricte, bas\u00e9e sur la non-utilisation de produits chimiques et avec une p\u00e9riode de jach\u00e8re garantissant l&#039;absence de traces synth\u00e9tiques.  Le r\u00e9sultat est un produit 100% biologique et \u00e9cologique avec une large gamme de restes de graines de l\u00e9gumes avec 31 vari\u00e9t\u00e9s diff\u00e9rentes, parmi lesquelles se distinguent: laitue, tomates et oignons.\" \/>\n<meta property=\"og:url\" content=\"https:\/\/mcazorla.com\/fr\/producte\/batlle-graines-bio\/\" \/>\n<meta property=\"og:site_name\" content=\"M. Cazorla\" \/>\n<meta property=\"article:modified_time\" content=\"2022-02-20T09:07:29+00:00\" \/>\n<meta property=\"og:image\" content=\"https:\/\/mcazorla.com\/wp-content\/uploads\/2022\/01\/img-productes-batlle.jpg\" \/>\n\t<meta property=\"og:image:width\" content=\"500\" \/>\n\t<meta property=\"og:image:height\" content=\"386\" \/>\n\t<meta property=\"og:image:type\" content=\"image\/jpeg\" \/>\n<meta name=\"twitter:card\" content=\"summary_large_image\" \/>\n<script type=\"application\/ld+json\" class=\"yoast-schema-graph\">{\"@context\":\"https:\\\/\\\/schema.org\",\"@graph\":[{\"@type\":\"WebPage\",\"@id\":\"https:\\\/\\\/mcazorla.com\\\/fr\\\/producte\\\/batlle-graines-bio\\\/\",\"url\":\"https:\\\/\\\/mcazorla.com\\\/fr\\\/producte\\\/batlle-graines-bio\\\/\",\"name\":\"Batlle (graines bio) - M. Cazorla\",\"isPartOf\":{\"@id\":\"https:\\\/\\\/mcazorla.com\\\/#website\"},\"primaryImageOfPage\":{\"@id\":\"https:\\\/\\\/mcazorla.com\\\/fr\\\/producte\\\/batlle-graines-bio\\\/#primaryimage\"},\"image\":{\"@id\":\"https:\\\/\\\/mcazorla.com\\\/fr\\\/producte\\\/batlle-graines-bio\\\/#primaryimage\"},\"thumbnailUrl\":\"https:\\\/\\\/mcazorla.com\\\/wp-content\\\/uploads\\\/2022\\\/01\\\/img-productes-batlle.jpg\",\"datePublished\":\"2022-01-17T15:11:42+00:00\",\"dateModified\":\"2022-02-20T09:07:29+00:00\",\"breadcrumb\":{\"@id\":\"https:\\\/\\\/mcazorla.com\\\/fr\\\/producte\\\/batlle-graines-bio\\\/#breadcrumb\"},\"inLanguage\":\"fr-FR\",\"potentialAction\":[{\"@type\":\"ReadAction\",\"target\":[\"https:\\\/\\\/mcazorla.com\\\/fr\\\/producte\\\/batlle-graines-bio\\\/\"]}]},{\"@type\":\"ImageObject\",\"inLanguage\":\"fr-FR\",\"@id\":\"https:\\\/\\\/mcazorla.com\\\/fr\\\/producte\\\/batlle-graines-bio\\\/#primaryimage\",\"url\":\"https:\\\/\\\/mcazorla.com\\\/wp-content\\\/uploads\\\/2022\\\/01\\\/img-productes-batlle.jpg\",\"contentUrl\":\"https:\\\/\\\/mcazorla.com\\\/wp-content\\\/uploads\\\/2022\\\/01\\\/img-productes-batlle.jpg\",\"width\":500,\"height\":386},{\"@type\":\"BreadcrumbList\",\"@id\":\"https:\\\/\\\/mcazorla.com\\\/fr\\\/producte\\\/batlle-graines-bio\\\/#breadcrumb\",\"itemListElement\":[{\"@type\":\"ListItem\",\"position\":1,\"name\":\"Portada\",\"item\":\"https:\\\/\\\/mcazorla.com\\\/fr\\\/\"},{\"@type\":\"ListItem\",\"position\":2,\"name\":\"Productes\",\"item\":\"https:\\\/\\\/mcazorla.com\\\/productes\\\/\"},{\"@type\":\"ListItem\",\"position\":3,\"name\":\"Batlle (graines bio)\"}]},{\"@type\":\"WebSite\",\"@id\":\"https:\\\/\\\/mcazorla.com\\\/#website\",\"url\":\"https:\\\/\\\/mcazorla.com\\\/\",\"name\":\"M. Cazorla\",\"description\":\"Comercialitzaci\u00f3 de llavors, fertilizants, adobs ,fitosanitaris i cereals.\",\"potentialAction\":[{\"@type\":\"SearchAction\",\"target\":{\"@type\":\"EntryPoint\",\"urlTemplate\":\"https:\\\/\\\/mcazorla.com\\\/?s={search_term_string}\"},\"query-input\":{\"@type\":\"PropertyValueSpecification\",\"valueRequired\":true,\"valueName\":\"search_term_string\"}}],\"inLanguage\":\"fr-FR\"}]}<\/script>\n<!-- \/ Yoast SEO plugin. -->","yoast_head_json":{"title":"Batlle (graines bio) - M. Cazorla","robots":{"index":"index","follow":"follow","max-snippet":"max-snippet:-1","max-image-preview":"max-image-preview:large","max-video-preview":"max-video-preview:-1"},"canonical":"https:\/\/mcazorla.com\/fr\/producte\/batlle-graines-bio\/","og_locale":"fr_FR","og_type":"article","og_title":"Batlle (graines bio) - M. Cazorla","og_description":"Notre gamme compl\u00e8te de semences biologiques est formul\u00e9e et cr\u00e9\u00e9e pour garantir une haute qualit\u00e9 et un respect attentif de l'environnement.  Produit selon une r\u00e9glementation \u00e9cologique europ\u00e9enne stricte, bas\u00e9e sur la non-utilisation de produits chimiques et avec une p\u00e9riode de jach\u00e8re garantissant l'absence de traces synth\u00e9tiques.  Le r\u00e9sultat est un produit 100% biologique et \u00e9cologique avec une large gamme de restes de graines de l\u00e9gumes avec 31 vari\u00e9t\u00e9s diff\u00e9rentes, parmi lesquelles se distinguent: laitue, tomates et oignons.","og_url":"https:\/\/mcazorla.com\/fr\/producte\/batlle-graines-bio\/","og_site_name":"M. Cazorla","article_modified_time":"2022-02-20T09:07:29+00:00","og_image":[{"width":500,"height":386,"url":"https:\/\/mcazorla.com\/wp-content\/uploads\/2022\/01\/img-productes-batlle.jpg","type":"image\/jpeg"}],"twitter_card":"summary_large_image","schema":{"@context":"https:\/\/schema.org","@graph":[{"@type":"WebPage","@id":"https:\/\/mcazorla.com\/fr\/producte\/batlle-graines-bio\/","url":"https:\/\/mcazorla.com\/fr\/producte\/batlle-graines-bio\/","name":"Batlle (graines bio) - M. Cazorla","isPartOf":{"@id":"https:\/\/mcazorla.com\/#website"},"primaryImageOfPage":{"@id":"https:\/\/mcazorla.com\/fr\/producte\/batlle-graines-bio\/#primaryimage"},"image":{"@id":"https:\/\/mcazorla.com\/fr\/producte\/batlle-graines-bio\/#primaryimage"},"thumbnailUrl":"https:\/\/mcazorla.com\/wp-content\/uploads\/2022\/01\/img-productes-batlle.jpg","datePublished":"2022-01-17T15:11:42+00:00","dateModified":"2022-02-20T09:07:29+00:00","breadcrumb":{"@id":"https:\/\/mcazorla.com\/fr\/producte\/batlle-graines-bio\/#breadcrumb"},"inLanguage":"fr-FR","potentialAction":[{"@type":"ReadAction","target":["https:\/\/mcazorla.com\/fr\/producte\/batlle-graines-bio\/"]}]},{"@type":"ImageObject","inLanguage":"fr-FR","@id":"https:\/\/mcazorla.com\/fr\/producte\/batlle-graines-bio\/#primaryimage","url":"https:\/\/mcazorla.com\/wp-content\/uploads\/2022\/01\/img-productes-batlle.jpg","contentUrl":"https:\/\/mcazorla.com\/wp-content\/uploads\/2022\/01\/img-productes-batlle.jpg","width":500,"height":386},{"@type":"BreadcrumbList","@id":"https:\/\/mcazorla.com\/fr\/producte\/batlle-graines-bio\/#breadcrumb","itemListElement":[{"@type":"ListItem","position":1,"name":"Portada","item":"https:\/\/mcazorla.com\/fr\/"},{"@type":"ListItem","position":2,"name":"Productes","item":"https:\/\/mcazorla.com\/productes\/"},{"@type":"ListItem","position":3,"name":"Batlle (graines bio)"}]},{"@type":"WebSite","@id":"https:\/\/mcazorla.com\/#website","url":"https:\/\/mcazorla.com\/","name":"M. Cazorla","description":"Comercialitzaci\u00f3 de llavors, fertilizants, adobs ,fitosanitaris i cereals.","potentialAction":[{"@type":"SearchAction","target":{"@type":"EntryPoint","urlTemplate":"https:\/\/mcazorla.com\/?s={search_term_string}"},"query-input":{"@type":"PropertyValueSpecification","valueRequired":true,"valueName":"search_term_string"}}],"inLanguage":"fr-FR"}]}},"_links":{"self":[{"href":"https:\/\/mcazorla.com\/fr\/wp-json\/wp\/v2\/product\/3704","targetHints":{"allow":["GET"]}}],"collection":[{"href":"https:\/\/mcazorla.com\/fr\/wp-json\/wp\/v2\/product"}],"about":[{"href":"https:\/\/mcazorla.com\/fr\/wp-json\/wp\/v2\/types\/product"}],"wp:featuredmedia":[{"embeddable":true,"href":"https:\/\/mcazorla.com\/fr\/wp-json\/wp\/v2\/media\/3007"}],"wp:attachment":[{"href":"https:\/\/mcazorla.com\/fr\/wp-json\/wp\/v2\/media?parent=3704"}],"wp:term":[{"taxonomy":"product_brand","embeddable":true,"href":"https:\/\/mcazorla.com\/fr\/wp-json\/wp\/v2\/product_brand?post=3704"},{"taxonomy":"product_cat","embeddable":true,"href":"https:\/\/mcazorla.com\/fr\/wp-json\/wp\/v2\/product_cat?post=3704"},{"taxonomy":"product_tag","embeddable":true,"href":"https:\/\/mcazorla.com\/fr\/wp-json\/wp\/v2\/product_tag?post=3704"}],"curies":[{"name":"wp","href":"https:\/\/api.w.org\/{rel}","templated":true}]}}