{"id":3710,"date":"2022-01-17T15:06:14","date_gmt":"2022-01-17T15:06:14","guid":{"rendered":"https:\/\/mcazorla.com\/producto\/profilm\/"},"modified":"2022-02-20T09:19:20","modified_gmt":"2022-02-20T09:19:20","slug":"profilm","status":"publish","type":"product","link":"https:\/\/mcazorla.com\/fr\/producte\/profilm\/","title":{"rendered":"Profilm"},"content":{"rendered":"","protected":false},"excerpt":{"rendered":"<p>Produit \u00e0 base de Kaolin sous forme de poudre mouillable. Pour application foliaire, c&rsquo;est un protecteur des cultures contre les dommages produits par les temp\u00e9ratures trop \u00e9l\u00e9v\u00e9es et les br\u00fblures pour les coups de soleil, en formant sur la plante un film protecteur blanc et r\u00e9flectant. Son action \u00ab\u00a0rafraichissante\u00a0\u00bb aide \u00e0 la culture \u00e0 supporter les situations de stress hydrique et l&rsquo;exc\u00e8s de chaleur et l&rsquo;insolation, sp\u00e9cialement en \u00e9t\u00e9.<\/p>\n<p>Produit utilisable en agriculture biologique conformement au R\u00e8glement (CE) n\u00ba 834\/2007 et 889\/2008 de l&rsquo;Agriculture Biologique.<\/p>\n<p><strong>DOSES:<\/strong><\/p>\n<p>Arbres fruitiers, tomates et agrumes : 30 Kg de produit pour 1000 L. d&rsquo;eau<br \/>\nVigne et oliviers : 50 Kg de produit pour 1000 L. d&rsquo;eau<\/p>\n","protected":false},"featured_media":3001,"template":"","meta":[],"product_brand":[],"product_cat":[217,207],"product_tag":[],"class_list":{"0":"post-3710","1":"product","2":"type-product","3":"status-publish","4":"has-post-thumbnail","6":"product_cat-autres-produits-en-bio","7":"product_cat-produits-en-bio","9":"first","10":"instock","11":"shipping-taxable","12":"product-type-simple"},"yoast_head":"<!-- This site is optimized with the Yoast SEO plugin v27.4 - https:\/\/yoast.com\/product\/yoast-seo-wordpress\/ -->\n<title>Profilm - M. Cazorla<\/title>\n<meta name=\"robots\" content=\"index, follow, max-snippet:-1, max-image-preview:large, max-video-preview:-1\" \/>\n<link rel=\"canonical\" href=\"https:\/\/mcazorla.com\/fr\/producte\/profilm\/\" \/>\n<meta property=\"og:locale\" content=\"fr_FR\" \/>\n<meta property=\"og:type\" content=\"article\" \/>\n<meta property=\"og:title\" content=\"Profilm - M. Cazorla\" \/>\n<meta property=\"og:description\" content=\"Produit \u00e0 base de Kaolin sous forme de poudre mouillable. Pour application foliaire, c&#039;est un protecteur des cultures contre les dommages produits par les temp\u00e9ratures trop \u00e9l\u00e9v\u00e9es et les br\u00fblures pour les coups de soleil, en formant sur la plante un film protecteur blanc et r\u00e9flectant. Son action &quot;rafraichissante&quot; aide \u00e0 la culture \u00e0 supporter les situations de stress hydrique et l&#039;exc\u00e8s de chaleur et l&#039;insolation, sp\u00e9cialement en \u00e9t\u00e9.  Produit utilisable en agriculture biologique conformement au R\u00e8glement (CE) n\u00ba 834\/2007 et 889\/2008 de l&#039;Agriculture Biologique.  DOSES:  Arbres fruitiers, tomates et agrumes : 30 Kg de produit pour 1000 L. d&#039;eau Vigne et oliviers : 50 Kg de produit pour 1000 L. d&#039;eau\" \/>\n<meta property=\"og:url\" content=\"https:\/\/mcazorla.com\/fr\/producte\/profilm\/\" \/>\n<meta property=\"og:site_name\" content=\"M. Cazorla\" \/>\n<meta property=\"article:modified_time\" content=\"2022-02-20T09:19:20+00:00\" \/>\n<meta property=\"og:image\" content=\"https:\/\/mcazorla.com\/wp-content\/uploads\/2022\/01\/img-productes-profilm.jpg\" \/>\n\t<meta property=\"og:image:width\" content=\"500\" \/>\n\t<meta property=\"og:image:height\" content=\"386\" \/>\n\t<meta property=\"og:image:type\" content=\"image\/jpeg\" \/>\n<meta name=\"twitter:card\" content=\"summary_large_image\" \/>\n<script type=\"application\/ld+json\" class=\"yoast-schema-graph\">{\"@context\":\"https:\\\/\\\/schema.org\",\"@graph\":[{\"@type\":\"WebPage\",\"@id\":\"https:\\\/\\\/mcazorla.com\\\/fr\\\/producte\\\/profilm\\\/\",\"url\":\"https:\\\/\\\/mcazorla.com\\\/fr\\\/producte\\\/profilm\\\/\",\"name\":\"Profilm - M. Cazorla\",\"isPartOf\":{\"@id\":\"https:\\\/\\\/mcazorla.com\\\/#website\"},\"primaryImageOfPage\":{\"@id\":\"https:\\\/\\\/mcazorla.com\\\/fr\\\/producte\\\/profilm\\\/#primaryimage\"},\"image\":{\"@id\":\"https:\\\/\\\/mcazorla.com\\\/fr\\\/producte\\\/profilm\\\/#primaryimage\"},\"thumbnailUrl\":\"https:\\\/\\\/mcazorla.com\\\/wp-content\\\/uploads\\\/2022\\\/01\\\/img-productes-profilm.jpg\",\"datePublished\":\"2022-01-17T15:06:14+00:00\",\"dateModified\":\"2022-02-20T09:19:20+00:00\",\"breadcrumb\":{\"@id\":\"https:\\\/\\\/mcazorla.com\\\/fr\\\/producte\\\/profilm\\\/#breadcrumb\"},\"inLanguage\":\"fr-FR\",\"potentialAction\":[{\"@type\":\"ReadAction\",\"target\":[\"https:\\\/\\\/mcazorla.com\\\/fr\\\/producte\\\/profilm\\\/\"]}]},{\"@type\":\"ImageObject\",\"inLanguage\":\"fr-FR\",\"@id\":\"https:\\\/\\\/mcazorla.com\\\/fr\\\/producte\\\/profilm\\\/#primaryimage\",\"url\":\"https:\\\/\\\/mcazorla.com\\\/wp-content\\\/uploads\\\/2022\\\/01\\\/img-productes-profilm.jpg\",\"contentUrl\":\"https:\\\/\\\/mcazorla.com\\\/wp-content\\\/uploads\\\/2022\\\/01\\\/img-productes-profilm.jpg\",\"width\":500,\"height\":386},{\"@type\":\"BreadcrumbList\",\"@id\":\"https:\\\/\\\/mcazorla.com\\\/fr\\\/producte\\\/profilm\\\/#breadcrumb\",\"itemListElement\":[{\"@type\":\"ListItem\",\"position\":1,\"name\":\"Portada\",\"item\":\"https:\\\/\\\/mcazorla.com\\\/fr\\\/\"},{\"@type\":\"ListItem\",\"position\":2,\"name\":\"Productes\",\"item\":\"https:\\\/\\\/mcazorla.com\\\/productes\\\/\"},{\"@type\":\"ListItem\",\"position\":3,\"name\":\"Profilm\"}]},{\"@type\":\"WebSite\",\"@id\":\"https:\\\/\\\/mcazorla.com\\\/#website\",\"url\":\"https:\\\/\\\/mcazorla.com\\\/\",\"name\":\"M. Cazorla\",\"description\":\"Comercialitzaci\u00f3 de llavors, fertilizants, adobs ,fitosanitaris i cereals.\",\"potentialAction\":[{\"@type\":\"SearchAction\",\"target\":{\"@type\":\"EntryPoint\",\"urlTemplate\":\"https:\\\/\\\/mcazorla.com\\\/?s={search_term_string}\"},\"query-input\":{\"@type\":\"PropertyValueSpecification\",\"valueRequired\":true,\"valueName\":\"search_term_string\"}}],\"inLanguage\":\"fr-FR\"}]}<\/script>\n<!-- \/ Yoast SEO plugin. -->","yoast_head_json":{"title":"Profilm - M. Cazorla","robots":{"index":"index","follow":"follow","max-snippet":"max-snippet:-1","max-image-preview":"max-image-preview:large","max-video-preview":"max-video-preview:-1"},"canonical":"https:\/\/mcazorla.com\/fr\/producte\/profilm\/","og_locale":"fr_FR","og_type":"article","og_title":"Profilm - M. Cazorla","og_description":"Produit \u00e0 base de Kaolin sous forme de poudre mouillable. Pour application foliaire, c'est un protecteur des cultures contre les dommages produits par les temp\u00e9ratures trop \u00e9l\u00e9v\u00e9es et les br\u00fblures pour les coups de soleil, en formant sur la plante un film protecteur blanc et r\u00e9flectant. Son action \"rafraichissante\" aide \u00e0 la culture \u00e0 supporter les situations de stress hydrique et l'exc\u00e8s de chaleur et l'insolation, sp\u00e9cialement en \u00e9t\u00e9.  Produit utilisable en agriculture biologique conformement au R\u00e8glement (CE) n\u00ba 834\/2007 et 889\/2008 de l'Agriculture Biologique.  DOSES:  Arbres fruitiers, tomates et agrumes : 30 Kg de produit pour 1000 L. d'eau Vigne et oliviers : 50 Kg de produit pour 1000 L. d'eau","og_url":"https:\/\/mcazorla.com\/fr\/producte\/profilm\/","og_site_name":"M. Cazorla","article_modified_time":"2022-02-20T09:19:20+00:00","og_image":[{"width":500,"height":386,"url":"https:\/\/mcazorla.com\/wp-content\/uploads\/2022\/01\/img-productes-profilm.jpg","type":"image\/jpeg"}],"twitter_card":"summary_large_image","schema":{"@context":"https:\/\/schema.org","@graph":[{"@type":"WebPage","@id":"https:\/\/mcazorla.com\/fr\/producte\/profilm\/","url":"https:\/\/mcazorla.com\/fr\/producte\/profilm\/","name":"Profilm - M. Cazorla","isPartOf":{"@id":"https:\/\/mcazorla.com\/#website"},"primaryImageOfPage":{"@id":"https:\/\/mcazorla.com\/fr\/producte\/profilm\/#primaryimage"},"image":{"@id":"https:\/\/mcazorla.com\/fr\/producte\/profilm\/#primaryimage"},"thumbnailUrl":"https:\/\/mcazorla.com\/wp-content\/uploads\/2022\/01\/img-productes-profilm.jpg","datePublished":"2022-01-17T15:06:14+00:00","dateModified":"2022-02-20T09:19:20+00:00","breadcrumb":{"@id":"https:\/\/mcazorla.com\/fr\/producte\/profilm\/#breadcrumb"},"inLanguage":"fr-FR","potentialAction":[{"@type":"ReadAction","target":["https:\/\/mcazorla.com\/fr\/producte\/profilm\/"]}]},{"@type":"ImageObject","inLanguage":"fr-FR","@id":"https:\/\/mcazorla.com\/fr\/producte\/profilm\/#primaryimage","url":"https:\/\/mcazorla.com\/wp-content\/uploads\/2022\/01\/img-productes-profilm.jpg","contentUrl":"https:\/\/mcazorla.com\/wp-content\/uploads\/2022\/01\/img-productes-profilm.jpg","width":500,"height":386},{"@type":"BreadcrumbList","@id":"https:\/\/mcazorla.com\/fr\/producte\/profilm\/#breadcrumb","itemListElement":[{"@type":"ListItem","position":1,"name":"Portada","item":"https:\/\/mcazorla.com\/fr\/"},{"@type":"ListItem","position":2,"name":"Productes","item":"https:\/\/mcazorla.com\/productes\/"},{"@type":"ListItem","position":3,"name":"Profilm"}]},{"@type":"WebSite","@id":"https:\/\/mcazorla.com\/#website","url":"https:\/\/mcazorla.com\/","name":"M. Cazorla","description":"Comercialitzaci\u00f3 de llavors, fertilizants, adobs ,fitosanitaris i cereals.","potentialAction":[{"@type":"SearchAction","target":{"@type":"EntryPoint","urlTemplate":"https:\/\/mcazorla.com\/?s={search_term_string}"},"query-input":{"@type":"PropertyValueSpecification","valueRequired":true,"valueName":"search_term_string"}}],"inLanguage":"fr-FR"}]}},"_links":{"self":[{"href":"https:\/\/mcazorla.com\/fr\/wp-json\/wp\/v2\/product\/3710","targetHints":{"allow":["GET"]}}],"collection":[{"href":"https:\/\/mcazorla.com\/fr\/wp-json\/wp\/v2\/product"}],"about":[{"href":"https:\/\/mcazorla.com\/fr\/wp-json\/wp\/v2\/types\/product"}],"wp:featuredmedia":[{"embeddable":true,"href":"https:\/\/mcazorla.com\/fr\/wp-json\/wp\/v2\/media\/3001"}],"wp:attachment":[{"href":"https:\/\/mcazorla.com\/fr\/wp-json\/wp\/v2\/media?parent=3710"}],"wp:term":[{"taxonomy":"product_brand","embeddable":true,"href":"https:\/\/mcazorla.com\/fr\/wp-json\/wp\/v2\/product_brand?post=3710"},{"taxonomy":"product_cat","embeddable":true,"href":"https:\/\/mcazorla.com\/fr\/wp-json\/wp\/v2\/product_cat?post=3710"},{"taxonomy":"product_tag","embeddable":true,"href":"https:\/\/mcazorla.com\/fr\/wp-json\/wp\/v2\/product_tag?post=3710"}],"curies":[{"name":"wp","href":"https:\/\/api.w.org\/{rel}","templated":true}]}}