{"id":3720,"date":"2022-01-17T14:58:33","date_gmt":"2022-01-17T14:58:33","guid":{"rendered":"https:\/\/mcazorla.com\/producto\/epso-top\/"},"modified":"2022-02-20T09:33:29","modified_gmt":"2022-02-20T09:33:29","slug":"epso-top","status":"publish","type":"product","link":"https:\/\/mcazorla.com\/fr\/producte\/epso-top\/","title":{"rendered":"Epso Top"},"content":{"rendered":"","protected":false},"excerpt":{"rendered":"<p><strong>Engrais CE<\/strong><\/p>\n<p>Sulfat de Magnesium 16 + 32<br \/>\n16 % MgO : Oxyde de Magnesium soluble dans l&rsquo;eau<br \/>\n32,5% SO3 : Trioxyde de Soufre soluble dans l&rsquo;eau<\/p>\n<p><strong>Analyse chimique:<\/strong><\/p>\n<p>Sulfate de Magn\u00e9sium heptahydrat\u00e9e 49%<br \/>\nEPSO TOP est autoris\u00e9 en Agriculture Biologique conform\u00e8ment aux R\u00e8glement s(CE) n\u00ba 834\/2007 et (CE) n\u00ba 889\/2008<\/p>\n<p><strong>Conseil d&rsquo;utilisation:<\/strong><\/p>\n<p>5 Kg dilu\u00e9 dans 100 L d&rsquo;eau comme engrais foliaire<br \/>\nIl elimine rapidement les carences de soufre et magn\u00e9sium.<\/p>\n","protected":false},"featured_media":2992,"template":"","meta":[],"product_brand":[],"product_cat":[215,207],"product_tag":[],"class_list":{"0":"post-3720","1":"product","2":"type-product","3":"status-publish","4":"has-post-thumbnail","6":"product_cat-engrais-granule-bio","7":"product_cat-produits-en-bio","9":"first","10":"instock","11":"shipping-taxable","12":"product-type-simple"},"yoast_head":"<!-- This site is optimized with the Yoast SEO plugin v27.3 - https:\/\/yoast.com\/product\/yoast-seo-wordpress\/ -->\n<title>Epso Top - M. Cazorla<\/title>\n<meta name=\"robots\" content=\"index, follow, max-snippet:-1, max-image-preview:large, max-video-preview:-1\" \/>\n<link rel=\"canonical\" href=\"https:\/\/mcazorla.com\/fr\/producte\/epso-top\/\" \/>\n<meta property=\"og:locale\" content=\"fr_FR\" \/>\n<meta property=\"og:type\" content=\"article\" \/>\n<meta property=\"og:title\" content=\"Epso Top - M. Cazorla\" \/>\n<meta property=\"og:description\" content=\"Engrais CE  Sulfat de Magnesium 16 + 32 16 % MgO : Oxyde de Magnesium soluble dans l&#039;eau 32,5% SO3 : Trioxyde de Soufre soluble dans l&#039;eau  Analyse chimique:  Sulfate de Magn\u00e9sium heptahydrat\u00e9e 49% EPSO TOP est autoris\u00e9 en Agriculture Biologique conform\u00e8ment aux R\u00e8glement s(CE) n\u00ba 834\/2007 et (CE) n\u00ba 889\/2008  Conseil d&#039;utilisation:  5 Kg dilu\u00e9 dans 100 L d&#039;eau comme engrais foliaire Il elimine rapidement les carences de soufre et magn\u00e9sium.\" \/>\n<meta property=\"og:url\" content=\"https:\/\/mcazorla.com\/fr\/producte\/epso-top\/\" \/>\n<meta property=\"og:site_name\" content=\"M. Cazorla\" \/>\n<meta property=\"article:modified_time\" content=\"2022-02-20T09:33:29+00:00\" \/>\n<meta property=\"og:image\" content=\"https:\/\/mcazorla.com\/wp-content\/uploads\/2022\/01\/img-productes-epso-top.jpg\" \/>\n\t<meta property=\"og:image:width\" content=\"500\" \/>\n\t<meta property=\"og:image:height\" content=\"386\" \/>\n\t<meta property=\"og:image:type\" content=\"image\/jpeg\" \/>\n<meta name=\"twitter:card\" content=\"summary_large_image\" \/>\n<script type=\"application\/ld+json\" class=\"yoast-schema-graph\">{\"@context\":\"https:\\\/\\\/schema.org\",\"@graph\":[{\"@type\":\"WebPage\",\"@id\":\"https:\\\/\\\/mcazorla.com\\\/fr\\\/producte\\\/epso-top\\\/\",\"url\":\"https:\\\/\\\/mcazorla.com\\\/fr\\\/producte\\\/epso-top\\\/\",\"name\":\"Epso Top - M. Cazorla\",\"isPartOf\":{\"@id\":\"https:\\\/\\\/mcazorla.com\\\/#website\"},\"primaryImageOfPage\":{\"@id\":\"https:\\\/\\\/mcazorla.com\\\/fr\\\/producte\\\/epso-top\\\/#primaryimage\"},\"image\":{\"@id\":\"https:\\\/\\\/mcazorla.com\\\/fr\\\/producte\\\/epso-top\\\/#primaryimage\"},\"thumbnailUrl\":\"https:\\\/\\\/mcazorla.com\\\/wp-content\\\/uploads\\\/2022\\\/01\\\/img-productes-epso-top.jpg\",\"datePublished\":\"2022-01-17T14:58:33+00:00\",\"dateModified\":\"2022-02-20T09:33:29+00:00\",\"breadcrumb\":{\"@id\":\"https:\\\/\\\/mcazorla.com\\\/fr\\\/producte\\\/epso-top\\\/#breadcrumb\"},\"inLanguage\":\"fr-FR\",\"potentialAction\":[{\"@type\":\"ReadAction\",\"target\":[\"https:\\\/\\\/mcazorla.com\\\/fr\\\/producte\\\/epso-top\\\/\"]}]},{\"@type\":\"ImageObject\",\"inLanguage\":\"fr-FR\",\"@id\":\"https:\\\/\\\/mcazorla.com\\\/fr\\\/producte\\\/epso-top\\\/#primaryimage\",\"url\":\"https:\\\/\\\/mcazorla.com\\\/wp-content\\\/uploads\\\/2022\\\/01\\\/img-productes-epso-top.jpg\",\"contentUrl\":\"https:\\\/\\\/mcazorla.com\\\/wp-content\\\/uploads\\\/2022\\\/01\\\/img-productes-epso-top.jpg\",\"width\":500,\"height\":386},{\"@type\":\"BreadcrumbList\",\"@id\":\"https:\\\/\\\/mcazorla.com\\\/fr\\\/producte\\\/epso-top\\\/#breadcrumb\",\"itemListElement\":[{\"@type\":\"ListItem\",\"position\":1,\"name\":\"Portada\",\"item\":\"https:\\\/\\\/mcazorla.com\\\/fr\\\/\"},{\"@type\":\"ListItem\",\"position\":2,\"name\":\"Productes\",\"item\":\"https:\\\/\\\/mcazorla.com\\\/productes\\\/\"},{\"@type\":\"ListItem\",\"position\":3,\"name\":\"Epso Top\"}]},{\"@type\":\"WebSite\",\"@id\":\"https:\\\/\\\/mcazorla.com\\\/#website\",\"url\":\"https:\\\/\\\/mcazorla.com\\\/\",\"name\":\"M. Cazorla\",\"description\":\"Comercialitzaci\u00f3 de llavors, fertilizants, adobs ,fitosanitaris i cereals.\",\"potentialAction\":[{\"@type\":\"SearchAction\",\"target\":{\"@type\":\"EntryPoint\",\"urlTemplate\":\"https:\\\/\\\/mcazorla.com\\\/?s={search_term_string}\"},\"query-input\":{\"@type\":\"PropertyValueSpecification\",\"valueRequired\":true,\"valueName\":\"search_term_string\"}}],\"inLanguage\":\"fr-FR\"}]}<\/script>\n<!-- \/ Yoast SEO plugin. -->","yoast_head_json":{"title":"Epso Top - M. Cazorla","robots":{"index":"index","follow":"follow","max-snippet":"max-snippet:-1","max-image-preview":"max-image-preview:large","max-video-preview":"max-video-preview:-1"},"canonical":"https:\/\/mcazorla.com\/fr\/producte\/epso-top\/","og_locale":"fr_FR","og_type":"article","og_title":"Epso Top - M. Cazorla","og_description":"Engrais CE  Sulfat de Magnesium 16 + 32 16 % MgO : Oxyde de Magnesium soluble dans l'eau 32,5% SO3 : Trioxyde de Soufre soluble dans l'eau  Analyse chimique:  Sulfate de Magn\u00e9sium heptahydrat\u00e9e 49% EPSO TOP est autoris\u00e9 en Agriculture Biologique conform\u00e8ment aux R\u00e8glement s(CE) n\u00ba 834\/2007 et (CE) n\u00ba 889\/2008  Conseil d'utilisation:  5 Kg dilu\u00e9 dans 100 L d'eau comme engrais foliaire Il elimine rapidement les carences de soufre et magn\u00e9sium.","og_url":"https:\/\/mcazorla.com\/fr\/producte\/epso-top\/","og_site_name":"M. Cazorla","article_modified_time":"2022-02-20T09:33:29+00:00","og_image":[{"width":500,"height":386,"url":"https:\/\/mcazorla.com\/wp-content\/uploads\/2022\/01\/img-productes-epso-top.jpg","type":"image\/jpeg"}],"twitter_card":"summary_large_image","schema":{"@context":"https:\/\/schema.org","@graph":[{"@type":"WebPage","@id":"https:\/\/mcazorla.com\/fr\/producte\/epso-top\/","url":"https:\/\/mcazorla.com\/fr\/producte\/epso-top\/","name":"Epso Top - M. Cazorla","isPartOf":{"@id":"https:\/\/mcazorla.com\/#website"},"primaryImageOfPage":{"@id":"https:\/\/mcazorla.com\/fr\/producte\/epso-top\/#primaryimage"},"image":{"@id":"https:\/\/mcazorla.com\/fr\/producte\/epso-top\/#primaryimage"},"thumbnailUrl":"https:\/\/mcazorla.com\/wp-content\/uploads\/2022\/01\/img-productes-epso-top.jpg","datePublished":"2022-01-17T14:58:33+00:00","dateModified":"2022-02-20T09:33:29+00:00","breadcrumb":{"@id":"https:\/\/mcazorla.com\/fr\/producte\/epso-top\/#breadcrumb"},"inLanguage":"fr-FR","potentialAction":[{"@type":"ReadAction","target":["https:\/\/mcazorla.com\/fr\/producte\/epso-top\/"]}]},{"@type":"ImageObject","inLanguage":"fr-FR","@id":"https:\/\/mcazorla.com\/fr\/producte\/epso-top\/#primaryimage","url":"https:\/\/mcazorla.com\/wp-content\/uploads\/2022\/01\/img-productes-epso-top.jpg","contentUrl":"https:\/\/mcazorla.com\/wp-content\/uploads\/2022\/01\/img-productes-epso-top.jpg","width":500,"height":386},{"@type":"BreadcrumbList","@id":"https:\/\/mcazorla.com\/fr\/producte\/epso-top\/#breadcrumb","itemListElement":[{"@type":"ListItem","position":1,"name":"Portada","item":"https:\/\/mcazorla.com\/fr\/"},{"@type":"ListItem","position":2,"name":"Productes","item":"https:\/\/mcazorla.com\/productes\/"},{"@type":"ListItem","position":3,"name":"Epso Top"}]},{"@type":"WebSite","@id":"https:\/\/mcazorla.com\/#website","url":"https:\/\/mcazorla.com\/","name":"M. Cazorla","description":"Comercialitzaci\u00f3 de llavors, fertilizants, adobs ,fitosanitaris i cereals.","potentialAction":[{"@type":"SearchAction","target":{"@type":"EntryPoint","urlTemplate":"https:\/\/mcazorla.com\/?s={search_term_string}"},"query-input":{"@type":"PropertyValueSpecification","valueRequired":true,"valueName":"search_term_string"}}],"inLanguage":"fr-FR"}]}},"_links":{"self":[{"href":"https:\/\/mcazorla.com\/fr\/wp-json\/wp\/v2\/product\/3720","targetHints":{"allow":["GET"]}}],"collection":[{"href":"https:\/\/mcazorla.com\/fr\/wp-json\/wp\/v2\/product"}],"about":[{"href":"https:\/\/mcazorla.com\/fr\/wp-json\/wp\/v2\/types\/product"}],"wp:featuredmedia":[{"embeddable":true,"href":"https:\/\/mcazorla.com\/fr\/wp-json\/wp\/v2\/media\/2992"}],"wp:attachment":[{"href":"https:\/\/mcazorla.com\/fr\/wp-json\/wp\/v2\/media?parent=3720"}],"wp:term":[{"taxonomy":"product_brand","embeddable":true,"href":"https:\/\/mcazorla.com\/fr\/wp-json\/wp\/v2\/product_brand?post=3720"},{"taxonomy":"product_cat","embeddable":true,"href":"https:\/\/mcazorla.com\/fr\/wp-json\/wp\/v2\/product_cat?post=3720"},{"taxonomy":"product_tag","embeddable":true,"href":"https:\/\/mcazorla.com\/fr\/wp-json\/wp\/v2\/product_tag?post=3720"}],"curies":[{"name":"wp","href":"https:\/\/api.w.org\/{rel}","templated":true}]}}