{"id":3727,"date":"2022-01-10T16:02:31","date_gmt":"2022-01-10T16:02:31","guid":{"rendered":"https:\/\/mcazorla.com\/producto\/corbiran\/"},"modified":"2022-02-20T09:49:39","modified_gmt":"2022-02-20T09:49:39","slug":"corbiran","status":"publish","type":"product","link":"https:\/\/mcazorla.com\/fr\/producte\/corbiran\/","title":{"rendered":"Corbiran"},"content":{"rendered":"","protected":false},"excerpt":{"rendered":"<p><strong>Amendement Calcique-magnesique granul\u00e9<\/strong> fabriqu\u00e9 avec une technologie innovatrice qui groupe des fines particules de calcium avec un complexe d&rsquo;\u00e9lev\u00e9 valeur agronomique.<\/p>\n<p>Richesses garanties:<br \/>\n44,8% Oxyde de Calcium (CaO)<br \/>\n7,2% Oxyde de Magn\u00e9sium<br \/>\n85: Valeur neutralisant<\/p>\n<p>Complex\u00e9 avec la technologie (C Bio Innovator)<\/p>\n<p>&#8211; Apporte des substances humiques et fulviques.<br \/>\n&#8211; Aide \u00e0 r\u00e9tablir le niveau organique ad\u00e9quat du sol.<br \/>\n&#8211; Induit une sup\u00e9rieur activit\u00e9 microbienne du sol.<br \/>\n&#8211; A cause de cette technologie , il a un \u00e9lev\u00e9 pouvoir neutralisant.<\/p>\n<p>Formulation en granul\u00e9<\/p>\n<p>Dose: 800 Kg \/ Ha dans les nouvelles zones.<br \/>\nDose de maintenance : 400 \u2013 600 Kg \/ Ha<\/p>\n<p>Il est autoris\u00e9 en Agriculture Biologique et certifi\u00e9 par CAAE<\/p>\n","protected":false},"featured_media":2986,"template":"","meta":[],"product_brand":[],"product_cat":[215,207],"product_tag":[],"class_list":{"0":"post-3727","1":"product","2":"type-product","3":"status-publish","4":"has-post-thumbnail","6":"product_cat-engrais-granule-bio","7":"product_cat-produits-en-bio","9":"first","10":"instock","11":"shipping-taxable","12":"product-type-simple"},"yoast_head":"<!-- This site is optimized with the Yoast SEO plugin v27.3 - https:\/\/yoast.com\/product\/yoast-seo-wordpress\/ -->\n<title>Corbiran - M. Cazorla<\/title>\n<meta name=\"robots\" content=\"index, follow, max-snippet:-1, max-image-preview:large, max-video-preview:-1\" \/>\n<link rel=\"canonical\" href=\"https:\/\/mcazorla.com\/fr\/producte\/corbiran\/\" \/>\n<meta property=\"og:locale\" content=\"fr_FR\" \/>\n<meta property=\"og:type\" content=\"article\" \/>\n<meta property=\"og:title\" content=\"Corbiran - M. Cazorla\" \/>\n<meta property=\"og:description\" content=\"Amendement Calcique-magnesique granul\u00e9 fabriqu\u00e9 avec une technologie innovatrice qui groupe des fines particules de calcium avec un complexe d&#039;\u00e9lev\u00e9 valeur agronomique.  Richesses garanties: 44,8% Oxyde de Calcium (CaO) 7,2% Oxyde de Magn\u00e9sium 85: Valeur neutralisant  Complex\u00e9 avec la technologie (C Bio Innovator)  - Apporte des substances humiques et fulviques. - Aide \u00e0 r\u00e9tablir le niveau organique ad\u00e9quat du sol. - Induit une sup\u00e9rieur activit\u00e9 microbienne du sol. - A cause de cette technologie , il a un \u00e9lev\u00e9 pouvoir neutralisant.  Formulation en granul\u00e9  Dose: 800 Kg \/ Ha dans les nouvelles zones. Dose de maintenance : 400 \u2013 600 Kg \/ Ha  Il est autoris\u00e9 en Agriculture Biologique et certifi\u00e9 par CAAE\" \/>\n<meta property=\"og:url\" content=\"https:\/\/mcazorla.com\/fr\/producte\/corbiran\/\" \/>\n<meta property=\"og:site_name\" content=\"M. Cazorla\" \/>\n<meta property=\"article:modified_time\" content=\"2022-02-20T09:49:39+00:00\" \/>\n<meta property=\"og:image\" content=\"https:\/\/mcazorla.com\/wp-content\/uploads\/2022\/01\/img-productes-corbiran.jpg\" \/>\n\t<meta property=\"og:image:width\" content=\"500\" \/>\n\t<meta property=\"og:image:height\" content=\"386\" \/>\n\t<meta property=\"og:image:type\" content=\"image\/jpeg\" \/>\n<meta name=\"twitter:card\" content=\"summary_large_image\" \/>\n<script type=\"application\/ld+json\" class=\"yoast-schema-graph\">{\"@context\":\"https:\\\/\\\/schema.org\",\"@graph\":[{\"@type\":\"WebPage\",\"@id\":\"https:\\\/\\\/mcazorla.com\\\/fr\\\/producte\\\/corbiran\\\/\",\"url\":\"https:\\\/\\\/mcazorla.com\\\/fr\\\/producte\\\/corbiran\\\/\",\"name\":\"Corbiran - M. Cazorla\",\"isPartOf\":{\"@id\":\"https:\\\/\\\/mcazorla.com\\\/#website\"},\"primaryImageOfPage\":{\"@id\":\"https:\\\/\\\/mcazorla.com\\\/fr\\\/producte\\\/corbiran\\\/#primaryimage\"},\"image\":{\"@id\":\"https:\\\/\\\/mcazorla.com\\\/fr\\\/producte\\\/corbiran\\\/#primaryimage\"},\"thumbnailUrl\":\"https:\\\/\\\/mcazorla.com\\\/wp-content\\\/uploads\\\/2022\\\/01\\\/img-productes-corbiran.jpg\",\"datePublished\":\"2022-01-10T16:02:31+00:00\",\"dateModified\":\"2022-02-20T09:49:39+00:00\",\"breadcrumb\":{\"@id\":\"https:\\\/\\\/mcazorla.com\\\/fr\\\/producte\\\/corbiran\\\/#breadcrumb\"},\"inLanguage\":\"fr-FR\",\"potentialAction\":[{\"@type\":\"ReadAction\",\"target\":[\"https:\\\/\\\/mcazorla.com\\\/fr\\\/producte\\\/corbiran\\\/\"]}]},{\"@type\":\"ImageObject\",\"inLanguage\":\"fr-FR\",\"@id\":\"https:\\\/\\\/mcazorla.com\\\/fr\\\/producte\\\/corbiran\\\/#primaryimage\",\"url\":\"https:\\\/\\\/mcazorla.com\\\/wp-content\\\/uploads\\\/2022\\\/01\\\/img-productes-corbiran.jpg\",\"contentUrl\":\"https:\\\/\\\/mcazorla.com\\\/wp-content\\\/uploads\\\/2022\\\/01\\\/img-productes-corbiran.jpg\",\"width\":500,\"height\":386},{\"@type\":\"BreadcrumbList\",\"@id\":\"https:\\\/\\\/mcazorla.com\\\/fr\\\/producte\\\/corbiran\\\/#breadcrumb\",\"itemListElement\":[{\"@type\":\"ListItem\",\"position\":1,\"name\":\"Portada\",\"item\":\"https:\\\/\\\/mcazorla.com\\\/fr\\\/\"},{\"@type\":\"ListItem\",\"position\":2,\"name\":\"Productes\",\"item\":\"https:\\\/\\\/mcazorla.com\\\/productes\\\/\"},{\"@type\":\"ListItem\",\"position\":3,\"name\":\"Corbiran\"}]},{\"@type\":\"WebSite\",\"@id\":\"https:\\\/\\\/mcazorla.com\\\/#website\",\"url\":\"https:\\\/\\\/mcazorla.com\\\/\",\"name\":\"M. Cazorla\",\"description\":\"Comercialitzaci\u00f3 de llavors, fertilizants, adobs ,fitosanitaris i cereals.\",\"potentialAction\":[{\"@type\":\"SearchAction\",\"target\":{\"@type\":\"EntryPoint\",\"urlTemplate\":\"https:\\\/\\\/mcazorla.com\\\/?s={search_term_string}\"},\"query-input\":{\"@type\":\"PropertyValueSpecification\",\"valueRequired\":true,\"valueName\":\"search_term_string\"}}],\"inLanguage\":\"fr-FR\"}]}<\/script>\n<!-- \/ Yoast SEO plugin. -->","yoast_head_json":{"title":"Corbiran - M. Cazorla","robots":{"index":"index","follow":"follow","max-snippet":"max-snippet:-1","max-image-preview":"max-image-preview:large","max-video-preview":"max-video-preview:-1"},"canonical":"https:\/\/mcazorla.com\/fr\/producte\/corbiran\/","og_locale":"fr_FR","og_type":"article","og_title":"Corbiran - M. Cazorla","og_description":"Amendement Calcique-magnesique granul\u00e9 fabriqu\u00e9 avec une technologie innovatrice qui groupe des fines particules de calcium avec un complexe d'\u00e9lev\u00e9 valeur agronomique.  Richesses garanties: 44,8% Oxyde de Calcium (CaO) 7,2% Oxyde de Magn\u00e9sium 85: Valeur neutralisant  Complex\u00e9 avec la technologie (C Bio Innovator)  - Apporte des substances humiques et fulviques. - Aide \u00e0 r\u00e9tablir le niveau organique ad\u00e9quat du sol. - Induit une sup\u00e9rieur activit\u00e9 microbienne du sol. - A cause de cette technologie , il a un \u00e9lev\u00e9 pouvoir neutralisant.  Formulation en granul\u00e9  Dose: 800 Kg \/ Ha dans les nouvelles zones. Dose de maintenance : 400 \u2013 600 Kg \/ Ha  Il est autoris\u00e9 en Agriculture Biologique et certifi\u00e9 par CAAE","og_url":"https:\/\/mcazorla.com\/fr\/producte\/corbiran\/","og_site_name":"M. Cazorla","article_modified_time":"2022-02-20T09:49:39+00:00","og_image":[{"width":500,"height":386,"url":"https:\/\/mcazorla.com\/wp-content\/uploads\/2022\/01\/img-productes-corbiran.jpg","type":"image\/jpeg"}],"twitter_card":"summary_large_image","schema":{"@context":"https:\/\/schema.org","@graph":[{"@type":"WebPage","@id":"https:\/\/mcazorla.com\/fr\/producte\/corbiran\/","url":"https:\/\/mcazorla.com\/fr\/producte\/corbiran\/","name":"Corbiran - M. Cazorla","isPartOf":{"@id":"https:\/\/mcazorla.com\/#website"},"primaryImageOfPage":{"@id":"https:\/\/mcazorla.com\/fr\/producte\/corbiran\/#primaryimage"},"image":{"@id":"https:\/\/mcazorla.com\/fr\/producte\/corbiran\/#primaryimage"},"thumbnailUrl":"https:\/\/mcazorla.com\/wp-content\/uploads\/2022\/01\/img-productes-corbiran.jpg","datePublished":"2022-01-10T16:02:31+00:00","dateModified":"2022-02-20T09:49:39+00:00","breadcrumb":{"@id":"https:\/\/mcazorla.com\/fr\/producte\/corbiran\/#breadcrumb"},"inLanguage":"fr-FR","potentialAction":[{"@type":"ReadAction","target":["https:\/\/mcazorla.com\/fr\/producte\/corbiran\/"]}]},{"@type":"ImageObject","inLanguage":"fr-FR","@id":"https:\/\/mcazorla.com\/fr\/producte\/corbiran\/#primaryimage","url":"https:\/\/mcazorla.com\/wp-content\/uploads\/2022\/01\/img-productes-corbiran.jpg","contentUrl":"https:\/\/mcazorla.com\/wp-content\/uploads\/2022\/01\/img-productes-corbiran.jpg","width":500,"height":386},{"@type":"BreadcrumbList","@id":"https:\/\/mcazorla.com\/fr\/producte\/corbiran\/#breadcrumb","itemListElement":[{"@type":"ListItem","position":1,"name":"Portada","item":"https:\/\/mcazorla.com\/fr\/"},{"@type":"ListItem","position":2,"name":"Productes","item":"https:\/\/mcazorla.com\/productes\/"},{"@type":"ListItem","position":3,"name":"Corbiran"}]},{"@type":"WebSite","@id":"https:\/\/mcazorla.com\/#website","url":"https:\/\/mcazorla.com\/","name":"M. Cazorla","description":"Comercialitzaci\u00f3 de llavors, fertilizants, adobs ,fitosanitaris i cereals.","potentialAction":[{"@type":"SearchAction","target":{"@type":"EntryPoint","urlTemplate":"https:\/\/mcazorla.com\/?s={search_term_string}"},"query-input":{"@type":"PropertyValueSpecification","valueRequired":true,"valueName":"search_term_string"}}],"inLanguage":"fr-FR"}]}},"_links":{"self":[{"href":"https:\/\/mcazorla.com\/fr\/wp-json\/wp\/v2\/product\/3727","targetHints":{"allow":["GET"]}}],"collection":[{"href":"https:\/\/mcazorla.com\/fr\/wp-json\/wp\/v2\/product"}],"about":[{"href":"https:\/\/mcazorla.com\/fr\/wp-json\/wp\/v2\/types\/product"}],"wp:featuredmedia":[{"embeddable":true,"href":"https:\/\/mcazorla.com\/fr\/wp-json\/wp\/v2\/media\/2986"}],"wp:attachment":[{"href":"https:\/\/mcazorla.com\/fr\/wp-json\/wp\/v2\/media?parent=3727"}],"wp:term":[{"taxonomy":"product_brand","embeddable":true,"href":"https:\/\/mcazorla.com\/fr\/wp-json\/wp\/v2\/product_brand?post=3727"},{"taxonomy":"product_cat","embeddable":true,"href":"https:\/\/mcazorla.com\/fr\/wp-json\/wp\/v2\/product_cat?post=3727"},{"taxonomy":"product_tag","embeddable":true,"href":"https:\/\/mcazorla.com\/fr\/wp-json\/wp\/v2\/product_tag?post=3727"}],"curies":[{"name":"wp","href":"https:\/\/api.w.org\/{rel}","templated":true}]}}