{"id":3732,"date":"2022-01-10T15:51:06","date_gmt":"2022-01-10T15:51:06","guid":{"rendered":"https:\/\/mcazorla.com\/producto\/cultivit-activ-ecologico\/"},"modified":"2022-02-20T10:03:26","modified_gmt":"2022-02-20T10:03:26","slug":"cultivit-activ-ecologique","status":"publish","type":"product","link":"https:\/\/mcazorla.com\/fr\/producte\/cultivit-activ-ecologique\/","title":{"rendered":"Cultivit activ \u00e9cologique"},"content":{"rendered":"","protected":false},"excerpt":{"rendered":"<p><strong>Formulation en bouchon<\/strong><\/p>\n<p>Il est un engrais organique provenant de la fermentation contr\u00f4l\u00e9 de fumier de brevis. Son emploi favorise et stabilise l&rsquo;structure du sol, en am\u00e9liorant les sols l\u00e9gers et lourds. Il ameliore l&rsquo;aeration et la r\u00e9tention d&rsquo;eau; augmente la vie microbienne, en lib\u00e9rant et en mettant \u00e0 disposition des plantes plein des oligo\u00e9lements.<\/p>\n<p>Il ne contient pas des semences ni des mauvaises herbes, ni des champignons pathog\u00e8nes, ni des cailloux que normalement on trouve dans les fumiers de brevis traditionnels.<\/p>\n<p>Richesses garantis:<\/p>\n<p>Matiere organique totale: 54,40 % sms<br \/>\nMatiere organique oxydable: 41,00 % sms<br \/>\nExtrait humique total: 12% sms<br \/>\nAcides Humiques: 9% sms et Acides Fulviques : 3% sms<br \/>\nAzote total: 3% sms<br \/>\nPhosphore total (P2O5): 2,5% sms<br \/>\nOxyde de Potasse (K2O): 2,5% sms<br \/>\nRelation C\/N = 11<br \/>\npH = 7<br \/>\nHumidit\u00e9 maximum : 15%<\/p>\n<p><strong>Certifi\u00e9 en Agriculture Biologique par CAAE<\/strong><\/p>\n","protected":false},"featured_media":2983,"template":"","meta":[],"product_brand":[],"product_cat":[215,207],"product_tag":[],"class_list":{"0":"post-3732","1":"product","2":"type-product","3":"status-publish","4":"has-post-thumbnail","6":"product_cat-engrais-granule-bio","7":"product_cat-produits-en-bio","9":"first","10":"instock","11":"shipping-taxable","12":"product-type-simple"},"yoast_head":"<!-- This site is optimized with the Yoast SEO plugin v27.3 - https:\/\/yoast.com\/product\/yoast-seo-wordpress\/ -->\n<title>Cultivit activ \u00e9cologique - M. Cazorla<\/title>\n<meta name=\"robots\" content=\"index, follow, max-snippet:-1, max-image-preview:large, max-video-preview:-1\" \/>\n<link rel=\"canonical\" href=\"https:\/\/mcazorla.com\/fr\/producte\/cultivit-activ-ecologique\/\" \/>\n<meta property=\"og:locale\" content=\"fr_FR\" \/>\n<meta property=\"og:type\" content=\"article\" \/>\n<meta property=\"og:title\" content=\"Cultivit activ \u00e9cologique - M. Cazorla\" \/>\n<meta property=\"og:description\" content=\"Formulation en bouchon  Il est un engrais organique provenant de la fermentation contr\u00f4l\u00e9 de fumier de brevis. Son emploi favorise et stabilise l&#039;structure du sol, en am\u00e9liorant les sols l\u00e9gers et lourds. Il ameliore l&#039;aeration et la r\u00e9tention d&#039;eau; augmente la vie microbienne, en lib\u00e9rant et en mettant \u00e0 disposition des plantes plein des oligo\u00e9lements.  Il ne contient pas des semences ni des mauvaises herbes, ni des champignons pathog\u00e8nes, ni des cailloux que normalement on trouve dans les fumiers de brevis traditionnels.  Richesses garantis:  Matiere organique totale: 54,40 % sms Matiere organique oxydable: 41,00 % sms Extrait humique total: 12% sms Acides Humiques: 9% sms et Acides Fulviques : 3% sms Azote total: 3% sms Phosphore total (P2O5): 2,5% sms Oxyde de Potasse (K2O): 2,5% sms Relation C\/N = 11 pH = 7 Humidit\u00e9 maximum : 15%  Certifi\u00e9 en Agriculture Biologique par CAAE\" \/>\n<meta property=\"og:url\" content=\"https:\/\/mcazorla.com\/fr\/producte\/cultivit-activ-ecologique\/\" \/>\n<meta property=\"og:site_name\" content=\"M. Cazorla\" \/>\n<meta property=\"article:modified_time\" content=\"2022-02-20T10:03:26+00:00\" \/>\n<meta property=\"og:image\" content=\"https:\/\/mcazorla.com\/wp-content\/uploads\/2022\/01\/img-productes-cultivit.jpg\" \/>\n\t<meta property=\"og:image:width\" content=\"500\" \/>\n\t<meta property=\"og:image:height\" content=\"386\" \/>\n\t<meta property=\"og:image:type\" content=\"image\/jpeg\" \/>\n<meta name=\"twitter:card\" content=\"summary_large_image\" \/>\n<script type=\"application\/ld+json\" class=\"yoast-schema-graph\">{\"@context\":\"https:\\\/\\\/schema.org\",\"@graph\":[{\"@type\":\"WebPage\",\"@id\":\"https:\\\/\\\/mcazorla.com\\\/fr\\\/producte\\\/cultivit-activ-ecologique\\\/\",\"url\":\"https:\\\/\\\/mcazorla.com\\\/fr\\\/producte\\\/cultivit-activ-ecologique\\\/\",\"name\":\"Cultivit activ \u00e9cologique - M. Cazorla\",\"isPartOf\":{\"@id\":\"https:\\\/\\\/mcazorla.com\\\/#website\"},\"primaryImageOfPage\":{\"@id\":\"https:\\\/\\\/mcazorla.com\\\/fr\\\/producte\\\/cultivit-activ-ecologique\\\/#primaryimage\"},\"image\":{\"@id\":\"https:\\\/\\\/mcazorla.com\\\/fr\\\/producte\\\/cultivit-activ-ecologique\\\/#primaryimage\"},\"thumbnailUrl\":\"https:\\\/\\\/mcazorla.com\\\/wp-content\\\/uploads\\\/2022\\\/01\\\/img-productes-cultivit.jpg\",\"datePublished\":\"2022-01-10T15:51:06+00:00\",\"dateModified\":\"2022-02-20T10:03:26+00:00\",\"breadcrumb\":{\"@id\":\"https:\\\/\\\/mcazorla.com\\\/fr\\\/producte\\\/cultivit-activ-ecologique\\\/#breadcrumb\"},\"inLanguage\":\"fr-FR\",\"potentialAction\":[{\"@type\":\"ReadAction\",\"target\":[\"https:\\\/\\\/mcazorla.com\\\/fr\\\/producte\\\/cultivit-activ-ecologique\\\/\"]}]},{\"@type\":\"ImageObject\",\"inLanguage\":\"fr-FR\",\"@id\":\"https:\\\/\\\/mcazorla.com\\\/fr\\\/producte\\\/cultivit-activ-ecologique\\\/#primaryimage\",\"url\":\"https:\\\/\\\/mcazorla.com\\\/wp-content\\\/uploads\\\/2022\\\/01\\\/img-productes-cultivit.jpg\",\"contentUrl\":\"https:\\\/\\\/mcazorla.com\\\/wp-content\\\/uploads\\\/2022\\\/01\\\/img-productes-cultivit.jpg\",\"width\":500,\"height\":386},{\"@type\":\"BreadcrumbList\",\"@id\":\"https:\\\/\\\/mcazorla.com\\\/fr\\\/producte\\\/cultivit-activ-ecologique\\\/#breadcrumb\",\"itemListElement\":[{\"@type\":\"ListItem\",\"position\":1,\"name\":\"Portada\",\"item\":\"https:\\\/\\\/mcazorla.com\\\/fr\\\/\"},{\"@type\":\"ListItem\",\"position\":2,\"name\":\"Productes\",\"item\":\"https:\\\/\\\/mcazorla.com\\\/productes\\\/\"},{\"@type\":\"ListItem\",\"position\":3,\"name\":\"Cultivit activ \u00e9cologique\"}]},{\"@type\":\"WebSite\",\"@id\":\"https:\\\/\\\/mcazorla.com\\\/#website\",\"url\":\"https:\\\/\\\/mcazorla.com\\\/\",\"name\":\"M. Cazorla\",\"description\":\"Comercialitzaci\u00f3 de llavors, fertilizants, adobs ,fitosanitaris i cereals.\",\"potentialAction\":[{\"@type\":\"SearchAction\",\"target\":{\"@type\":\"EntryPoint\",\"urlTemplate\":\"https:\\\/\\\/mcazorla.com\\\/?s={search_term_string}\"},\"query-input\":{\"@type\":\"PropertyValueSpecification\",\"valueRequired\":true,\"valueName\":\"search_term_string\"}}],\"inLanguage\":\"fr-FR\"}]}<\/script>\n<!-- \/ Yoast SEO plugin. -->","yoast_head_json":{"title":"Cultivit activ \u00e9cologique - M. Cazorla","robots":{"index":"index","follow":"follow","max-snippet":"max-snippet:-1","max-image-preview":"max-image-preview:large","max-video-preview":"max-video-preview:-1"},"canonical":"https:\/\/mcazorla.com\/fr\/producte\/cultivit-activ-ecologique\/","og_locale":"fr_FR","og_type":"article","og_title":"Cultivit activ \u00e9cologique - M. Cazorla","og_description":"Formulation en bouchon  Il est un engrais organique provenant de la fermentation contr\u00f4l\u00e9 de fumier de brevis. Son emploi favorise et stabilise l'structure du sol, en am\u00e9liorant les sols l\u00e9gers et lourds. Il ameliore l'aeration et la r\u00e9tention d'eau; augmente la vie microbienne, en lib\u00e9rant et en mettant \u00e0 disposition des plantes plein des oligo\u00e9lements.  Il ne contient pas des semences ni des mauvaises herbes, ni des champignons pathog\u00e8nes, ni des cailloux que normalement on trouve dans les fumiers de brevis traditionnels.  Richesses garantis:  Matiere organique totale: 54,40 % sms Matiere organique oxydable: 41,00 % sms Extrait humique total: 12% sms Acides Humiques: 9% sms et Acides Fulviques : 3% sms Azote total: 3% sms Phosphore total (P2O5): 2,5% sms Oxyde de Potasse (K2O): 2,5% sms Relation C\/N = 11 pH = 7 Humidit\u00e9 maximum : 15%  Certifi\u00e9 en Agriculture Biologique par CAAE","og_url":"https:\/\/mcazorla.com\/fr\/producte\/cultivit-activ-ecologique\/","og_site_name":"M. Cazorla","article_modified_time":"2022-02-20T10:03:26+00:00","og_image":[{"width":500,"height":386,"url":"https:\/\/mcazorla.com\/wp-content\/uploads\/2022\/01\/img-productes-cultivit.jpg","type":"image\/jpeg"}],"twitter_card":"summary_large_image","schema":{"@context":"https:\/\/schema.org","@graph":[{"@type":"WebPage","@id":"https:\/\/mcazorla.com\/fr\/producte\/cultivit-activ-ecologique\/","url":"https:\/\/mcazorla.com\/fr\/producte\/cultivit-activ-ecologique\/","name":"Cultivit activ \u00e9cologique - M. Cazorla","isPartOf":{"@id":"https:\/\/mcazorla.com\/#website"},"primaryImageOfPage":{"@id":"https:\/\/mcazorla.com\/fr\/producte\/cultivit-activ-ecologique\/#primaryimage"},"image":{"@id":"https:\/\/mcazorla.com\/fr\/producte\/cultivit-activ-ecologique\/#primaryimage"},"thumbnailUrl":"https:\/\/mcazorla.com\/wp-content\/uploads\/2022\/01\/img-productes-cultivit.jpg","datePublished":"2022-01-10T15:51:06+00:00","dateModified":"2022-02-20T10:03:26+00:00","breadcrumb":{"@id":"https:\/\/mcazorla.com\/fr\/producte\/cultivit-activ-ecologique\/#breadcrumb"},"inLanguage":"fr-FR","potentialAction":[{"@type":"ReadAction","target":["https:\/\/mcazorla.com\/fr\/producte\/cultivit-activ-ecologique\/"]}]},{"@type":"ImageObject","inLanguage":"fr-FR","@id":"https:\/\/mcazorla.com\/fr\/producte\/cultivit-activ-ecologique\/#primaryimage","url":"https:\/\/mcazorla.com\/wp-content\/uploads\/2022\/01\/img-productes-cultivit.jpg","contentUrl":"https:\/\/mcazorla.com\/wp-content\/uploads\/2022\/01\/img-productes-cultivit.jpg","width":500,"height":386},{"@type":"BreadcrumbList","@id":"https:\/\/mcazorla.com\/fr\/producte\/cultivit-activ-ecologique\/#breadcrumb","itemListElement":[{"@type":"ListItem","position":1,"name":"Portada","item":"https:\/\/mcazorla.com\/fr\/"},{"@type":"ListItem","position":2,"name":"Productes","item":"https:\/\/mcazorla.com\/productes\/"},{"@type":"ListItem","position":3,"name":"Cultivit activ \u00e9cologique"}]},{"@type":"WebSite","@id":"https:\/\/mcazorla.com\/#website","url":"https:\/\/mcazorla.com\/","name":"M. Cazorla","description":"Comercialitzaci\u00f3 de llavors, fertilizants, adobs ,fitosanitaris i cereals.","potentialAction":[{"@type":"SearchAction","target":{"@type":"EntryPoint","urlTemplate":"https:\/\/mcazorla.com\/?s={search_term_string}"},"query-input":{"@type":"PropertyValueSpecification","valueRequired":true,"valueName":"search_term_string"}}],"inLanguage":"fr-FR"}]}},"_links":{"self":[{"href":"https:\/\/mcazorla.com\/fr\/wp-json\/wp\/v2\/product\/3732","targetHints":{"allow":["GET"]}}],"collection":[{"href":"https:\/\/mcazorla.com\/fr\/wp-json\/wp\/v2\/product"}],"about":[{"href":"https:\/\/mcazorla.com\/fr\/wp-json\/wp\/v2\/types\/product"}],"wp:featuredmedia":[{"embeddable":true,"href":"https:\/\/mcazorla.com\/fr\/wp-json\/wp\/v2\/media\/2983"}],"wp:attachment":[{"href":"https:\/\/mcazorla.com\/fr\/wp-json\/wp\/v2\/media?parent=3732"}],"wp:term":[{"taxonomy":"product_brand","embeddable":true,"href":"https:\/\/mcazorla.com\/fr\/wp-json\/wp\/v2\/product_brand?post=3732"},{"taxonomy":"product_cat","embeddable":true,"href":"https:\/\/mcazorla.com\/fr\/wp-json\/wp\/v2\/product_cat?post=3732"},{"taxonomy":"product_tag","embeddable":true,"href":"https:\/\/mcazorla.com\/fr\/wp-json\/wp\/v2\/product_tag?post=3732"}],"curies":[{"name":"wp","href":"https:\/\/api.w.org\/{rel}","templated":true}]}}