{"id":3737,"date":"2022-01-10T15:48:02","date_gmt":"2022-01-10T15:48:02","guid":{"rendered":"https:\/\/mcazorla.com\/producto\/biofuerza-5-5-10\/"},"modified":"2022-02-20T10:16:38","modified_gmt":"2022-02-20T10:16:38","slug":"biofuerza-5-5-10","status":"publish","type":"product","link":"https:\/\/mcazorla.com\/fr\/producte\/biofuerza-5-5-10\/","title":{"rendered":"Biofuerza 5 5 10"},"content":{"rendered":"","protected":false},"excerpt":{"rendered":"<p>Engrais organo-mineral NF U 42-001<br \/>\nEngrais Organo-mineral NPK 5-5-10<\/p>\n<p><strong>Teneurs d\u00e9clar\u00e9s:<\/strong> Masse de produit brut<\/p>\n<p>Azote (N) total: 5%<br \/>\ndont Azote organique (issu de fumier de mouton compost\u00e9 et prot\u00e9ines animales transform\u00e9es): 4,5%<br \/>\nAnhydride Phosphorique (P2O5) total: 5%<br \/>\nOxyde de Potassium (K2O) soluble dans l&rsquo;eau: 10%<\/p>\n<p><strong>Autres caracteristiques: <\/strong><br \/>\nMatiere organique issue du fumier de mouton compost\u00e9 et de proteines animales transform\u00e9s (farine de viande hydrolys\u00e9e de classe 2): 40%<br \/>\nExtraits humiques totaux: 10%<\/p>\n<p>Formulation en Bouchon<\/p>\n<p><strong>Certifi\u00e9 en Agriculture Biologique conformement au Reglement CE n\u00ba 837 \/2007 par Sohiscert<\/strong><\/p>\n","protected":false},"featured_media":2980,"template":"","meta":[],"product_brand":[],"product_cat":[215,207],"product_tag":[],"class_list":{"0":"post-3737","1":"product","2":"type-product","3":"status-publish","4":"has-post-thumbnail","6":"product_cat-engrais-granule-bio","7":"product_cat-produits-en-bio","9":"first","10":"instock","11":"shipping-taxable","12":"product-type-simple"},"yoast_head":"<!-- This site is optimized with the Yoast SEO plugin v27.3 - https:\/\/yoast.com\/product\/yoast-seo-wordpress\/ -->\n<title>Biofuerza 5 5 10 - M. Cazorla<\/title>\n<meta name=\"robots\" content=\"index, follow, max-snippet:-1, max-image-preview:large, max-video-preview:-1\" \/>\n<link rel=\"canonical\" href=\"https:\/\/mcazorla.com\/fr\/producte\/biofuerza-5-5-10\/\" \/>\n<meta property=\"og:locale\" content=\"fr_FR\" \/>\n<meta property=\"og:type\" content=\"article\" \/>\n<meta property=\"og:title\" content=\"Biofuerza 5 5 10 - M. Cazorla\" \/>\n<meta property=\"og:description\" content=\"Engrais organo-mineral NF U 42-001 Engrais Organo-mineral NPK 5-5-10  Teneurs d\u00e9clar\u00e9s: Masse de produit brut  Azote (N) total: 5% dont Azote organique (issu de fumier de mouton compost\u00e9 et prot\u00e9ines animales transform\u00e9es): 4,5% Anhydride Phosphorique (P2O5) total: 5% Oxyde de Potassium (K2O) soluble dans l&#039;eau: 10%  Autres caracteristiques:  Matiere organique issue du fumier de mouton compost\u00e9 et de proteines animales transform\u00e9s (farine de viande hydrolys\u00e9e de classe 2): 40% Extraits humiques totaux: 10%  Formulation en Bouchon  Certifi\u00e9 en Agriculture Biologique conformement au Reglement CE n\u00ba 837 \/2007 par Sohiscert\" \/>\n<meta property=\"og:url\" content=\"https:\/\/mcazorla.com\/fr\/producte\/biofuerza-5-5-10\/\" \/>\n<meta property=\"og:site_name\" content=\"M. Cazorla\" \/>\n<meta property=\"article:modified_time\" content=\"2022-02-20T10:16:38+00:00\" \/>\n<meta property=\"og:image\" content=\"https:\/\/mcazorla.com\/wp-content\/uploads\/2022\/01\/img-productes-biofuerza.jpg\" \/>\n\t<meta property=\"og:image:width\" content=\"500\" \/>\n\t<meta property=\"og:image:height\" content=\"386\" \/>\n\t<meta property=\"og:image:type\" content=\"image\/jpeg\" \/>\n<meta name=\"twitter:card\" content=\"summary_large_image\" \/>\n<script type=\"application\/ld+json\" class=\"yoast-schema-graph\">{\"@context\":\"https:\\\/\\\/schema.org\",\"@graph\":[{\"@type\":\"WebPage\",\"@id\":\"https:\\\/\\\/mcazorla.com\\\/fr\\\/producte\\\/biofuerza-5-5-10\\\/\",\"url\":\"https:\\\/\\\/mcazorla.com\\\/fr\\\/producte\\\/biofuerza-5-5-10\\\/\",\"name\":\"Biofuerza 5 5 10 - M. Cazorla\",\"isPartOf\":{\"@id\":\"https:\\\/\\\/mcazorla.com\\\/#website\"},\"primaryImageOfPage\":{\"@id\":\"https:\\\/\\\/mcazorla.com\\\/fr\\\/producte\\\/biofuerza-5-5-10\\\/#primaryimage\"},\"image\":{\"@id\":\"https:\\\/\\\/mcazorla.com\\\/fr\\\/producte\\\/biofuerza-5-5-10\\\/#primaryimage\"},\"thumbnailUrl\":\"https:\\\/\\\/mcazorla.com\\\/wp-content\\\/uploads\\\/2022\\\/01\\\/img-productes-biofuerza.jpg\",\"datePublished\":\"2022-01-10T15:48:02+00:00\",\"dateModified\":\"2022-02-20T10:16:38+00:00\",\"breadcrumb\":{\"@id\":\"https:\\\/\\\/mcazorla.com\\\/fr\\\/producte\\\/biofuerza-5-5-10\\\/#breadcrumb\"},\"inLanguage\":\"fr-FR\",\"potentialAction\":[{\"@type\":\"ReadAction\",\"target\":[\"https:\\\/\\\/mcazorla.com\\\/fr\\\/producte\\\/biofuerza-5-5-10\\\/\"]}]},{\"@type\":\"ImageObject\",\"inLanguage\":\"fr-FR\",\"@id\":\"https:\\\/\\\/mcazorla.com\\\/fr\\\/producte\\\/biofuerza-5-5-10\\\/#primaryimage\",\"url\":\"https:\\\/\\\/mcazorla.com\\\/wp-content\\\/uploads\\\/2022\\\/01\\\/img-productes-biofuerza.jpg\",\"contentUrl\":\"https:\\\/\\\/mcazorla.com\\\/wp-content\\\/uploads\\\/2022\\\/01\\\/img-productes-biofuerza.jpg\",\"width\":500,\"height\":386},{\"@type\":\"BreadcrumbList\",\"@id\":\"https:\\\/\\\/mcazorla.com\\\/fr\\\/producte\\\/biofuerza-5-5-10\\\/#breadcrumb\",\"itemListElement\":[{\"@type\":\"ListItem\",\"position\":1,\"name\":\"Portada\",\"item\":\"https:\\\/\\\/mcazorla.com\\\/fr\\\/\"},{\"@type\":\"ListItem\",\"position\":2,\"name\":\"Productes\",\"item\":\"https:\\\/\\\/mcazorla.com\\\/productes\\\/\"},{\"@type\":\"ListItem\",\"position\":3,\"name\":\"Biofuerza 5 5 10\"}]},{\"@type\":\"WebSite\",\"@id\":\"https:\\\/\\\/mcazorla.com\\\/#website\",\"url\":\"https:\\\/\\\/mcazorla.com\\\/\",\"name\":\"M. Cazorla\",\"description\":\"Comercialitzaci\u00f3 de llavors, fertilizants, adobs ,fitosanitaris i cereals.\",\"potentialAction\":[{\"@type\":\"SearchAction\",\"target\":{\"@type\":\"EntryPoint\",\"urlTemplate\":\"https:\\\/\\\/mcazorla.com\\\/?s={search_term_string}\"},\"query-input\":{\"@type\":\"PropertyValueSpecification\",\"valueRequired\":true,\"valueName\":\"search_term_string\"}}],\"inLanguage\":\"fr-FR\"}]}<\/script>\n<!-- \/ Yoast SEO plugin. -->","yoast_head_json":{"title":"Biofuerza 5 5 10 - M. Cazorla","robots":{"index":"index","follow":"follow","max-snippet":"max-snippet:-1","max-image-preview":"max-image-preview:large","max-video-preview":"max-video-preview:-1"},"canonical":"https:\/\/mcazorla.com\/fr\/producte\/biofuerza-5-5-10\/","og_locale":"fr_FR","og_type":"article","og_title":"Biofuerza 5 5 10 - M. Cazorla","og_description":"Engrais organo-mineral NF U 42-001 Engrais Organo-mineral NPK 5-5-10  Teneurs d\u00e9clar\u00e9s: Masse de produit brut  Azote (N) total: 5% dont Azote organique (issu de fumier de mouton compost\u00e9 et prot\u00e9ines animales transform\u00e9es): 4,5% Anhydride Phosphorique (P2O5) total: 5% Oxyde de Potassium (K2O) soluble dans l'eau: 10%  Autres caracteristiques:  Matiere organique issue du fumier de mouton compost\u00e9 et de proteines animales transform\u00e9s (farine de viande hydrolys\u00e9e de classe 2): 40% Extraits humiques totaux: 10%  Formulation en Bouchon  Certifi\u00e9 en Agriculture Biologique conformement au Reglement CE n\u00ba 837 \/2007 par Sohiscert","og_url":"https:\/\/mcazorla.com\/fr\/producte\/biofuerza-5-5-10\/","og_site_name":"M. Cazorla","article_modified_time":"2022-02-20T10:16:38+00:00","og_image":[{"width":500,"height":386,"url":"https:\/\/mcazorla.com\/wp-content\/uploads\/2022\/01\/img-productes-biofuerza.jpg","type":"image\/jpeg"}],"twitter_card":"summary_large_image","schema":{"@context":"https:\/\/schema.org","@graph":[{"@type":"WebPage","@id":"https:\/\/mcazorla.com\/fr\/producte\/biofuerza-5-5-10\/","url":"https:\/\/mcazorla.com\/fr\/producte\/biofuerza-5-5-10\/","name":"Biofuerza 5 5 10 - M. Cazorla","isPartOf":{"@id":"https:\/\/mcazorla.com\/#website"},"primaryImageOfPage":{"@id":"https:\/\/mcazorla.com\/fr\/producte\/biofuerza-5-5-10\/#primaryimage"},"image":{"@id":"https:\/\/mcazorla.com\/fr\/producte\/biofuerza-5-5-10\/#primaryimage"},"thumbnailUrl":"https:\/\/mcazorla.com\/wp-content\/uploads\/2022\/01\/img-productes-biofuerza.jpg","datePublished":"2022-01-10T15:48:02+00:00","dateModified":"2022-02-20T10:16:38+00:00","breadcrumb":{"@id":"https:\/\/mcazorla.com\/fr\/producte\/biofuerza-5-5-10\/#breadcrumb"},"inLanguage":"fr-FR","potentialAction":[{"@type":"ReadAction","target":["https:\/\/mcazorla.com\/fr\/producte\/biofuerza-5-5-10\/"]}]},{"@type":"ImageObject","inLanguage":"fr-FR","@id":"https:\/\/mcazorla.com\/fr\/producte\/biofuerza-5-5-10\/#primaryimage","url":"https:\/\/mcazorla.com\/wp-content\/uploads\/2022\/01\/img-productes-biofuerza.jpg","contentUrl":"https:\/\/mcazorla.com\/wp-content\/uploads\/2022\/01\/img-productes-biofuerza.jpg","width":500,"height":386},{"@type":"BreadcrumbList","@id":"https:\/\/mcazorla.com\/fr\/producte\/biofuerza-5-5-10\/#breadcrumb","itemListElement":[{"@type":"ListItem","position":1,"name":"Portada","item":"https:\/\/mcazorla.com\/fr\/"},{"@type":"ListItem","position":2,"name":"Productes","item":"https:\/\/mcazorla.com\/productes\/"},{"@type":"ListItem","position":3,"name":"Biofuerza 5 5 10"}]},{"@type":"WebSite","@id":"https:\/\/mcazorla.com\/#website","url":"https:\/\/mcazorla.com\/","name":"M. Cazorla","description":"Comercialitzaci\u00f3 de llavors, fertilizants, adobs ,fitosanitaris i cereals.","potentialAction":[{"@type":"SearchAction","target":{"@type":"EntryPoint","urlTemplate":"https:\/\/mcazorla.com\/?s={search_term_string}"},"query-input":{"@type":"PropertyValueSpecification","valueRequired":true,"valueName":"search_term_string"}}],"inLanguage":"fr-FR"}]}},"_links":{"self":[{"href":"https:\/\/mcazorla.com\/fr\/wp-json\/wp\/v2\/product\/3737","targetHints":{"allow":["GET"]}}],"collection":[{"href":"https:\/\/mcazorla.com\/fr\/wp-json\/wp\/v2\/product"}],"about":[{"href":"https:\/\/mcazorla.com\/fr\/wp-json\/wp\/v2\/types\/product"}],"wp:featuredmedia":[{"embeddable":true,"href":"https:\/\/mcazorla.com\/fr\/wp-json\/wp\/v2\/media\/2980"}],"wp:attachment":[{"href":"https:\/\/mcazorla.com\/fr\/wp-json\/wp\/v2\/media?parent=3737"}],"wp:term":[{"taxonomy":"product_brand","embeddable":true,"href":"https:\/\/mcazorla.com\/fr\/wp-json\/wp\/v2\/product_brand?post=3737"},{"taxonomy":"product_cat","embeddable":true,"href":"https:\/\/mcazorla.com\/fr\/wp-json\/wp\/v2\/product_cat?post=3737"},{"taxonomy":"product_tag","embeddable":true,"href":"https:\/\/mcazorla.com\/fr\/wp-json\/wp\/v2\/product_tag?post=3737"}],"curies":[{"name":"wp","href":"https:\/\/api.w.org\/{rel}","templated":true}]}}