{"id":3741,"date":"2022-01-10T15:45:58","date_gmt":"2022-01-10T15:45:58","guid":{"rendered":"https:\/\/mcazorla.com\/producto\/agriorgan\/"},"modified":"2022-02-20T10:27:18","modified_gmt":"2022-02-20T10:27:18","slug":"agriorgan","status":"publish","type":"product","link":"https:\/\/mcazorla.com\/fr\/producte\/agriorgan\/","title":{"rendered":"Agriorgan"},"content":{"rendered":"","protected":false},"excerpt":{"rendered":"<p>Amendement organique NF U 44-051<\/p>\n<p><strong>Fumier compost\u00e9 (80\u00a0% de fumier de mouton et 20\u00a0% de mati\u00e8res v\u00e9g\u00e9tales).<\/strong><\/p>\n<p><strong>Taux d\u00e9clar\u00e9s\u00a0: masse de produit brut<\/strong><\/p>\n<p>Azote total (N): 2%<br \/>\ndont azote organique (de fumier de mouton compost\u00e9) : 1,1 %<br \/>\nAnhydride phosphorique total (P2O5) : 2,5 %<br \/>\nOxyde de Potassium (K2O): 2%<br \/>\nMati\u00e8re organique : 40%<br \/>\nMati\u00e8re s\u00e8che : 80%<\/p>\n<p>C\/N\u00a0: 10<\/p>\n<p><strong>Autres fonctionnalit\u00e9s\u00a0: <\/strong><\/p>\n<p>Mati\u00e8re organique provenant du fumier de mouton compost\u00e9<br \/>\nExtraits humiques totaux : 5%<br \/>\nAcides humiques : 5 %<\/p>\n<p><strong>Certificat en Agriculture Biologique selon le R\u00e8glement CE n\u00b0 837\/2007 par : SOHISCERT<\/strong><\/p>\n","protected":false},"featured_media":2977,"template":"","meta":[],"product_brand":[],"product_cat":[215,207],"product_tag":[],"class_list":{"0":"post-3741","1":"product","2":"type-product","3":"status-publish","4":"has-post-thumbnail","6":"product_cat-engrais-granule-bio","7":"product_cat-produits-en-bio","9":"first","10":"instock","11":"shipping-taxable","12":"product-type-simple"},"yoast_head":"<!-- This site is optimized with the Yoast SEO plugin v27.4 - https:\/\/yoast.com\/product\/yoast-seo-wordpress\/ -->\n<title>Agriorgan - M. Cazorla<\/title>\n<meta name=\"robots\" content=\"index, follow, max-snippet:-1, max-image-preview:large, max-video-preview:-1\" \/>\n<link rel=\"canonical\" href=\"https:\/\/mcazorla.com\/fr\/producte\/agriorgan\/\" \/>\n<meta property=\"og:locale\" content=\"fr_FR\" \/>\n<meta property=\"og:type\" content=\"article\" \/>\n<meta property=\"og:title\" content=\"Agriorgan - M. Cazorla\" \/>\n<meta property=\"og:description\" content=\"Amendement organique NF U 44-051  Fumier compost\u00e9 (80\u00a0% de fumier de mouton et 20\u00a0% de mati\u00e8res v\u00e9g\u00e9tales).  Taux d\u00e9clar\u00e9s\u00a0: masse de produit brut  Azote total (N): 2% dont azote organique (de fumier de mouton compost\u00e9) : 1,1 % Anhydride phosphorique total (P2O5) : 2,5 % Oxyde de Potassium (K2O): 2% Mati\u00e8re organique : 40% Mati\u00e8re s\u00e8che : 80%  C\/N\u00a0: 10  Autres fonctionnalit\u00e9s\u00a0:   Mati\u00e8re organique provenant du fumier de mouton compost\u00e9 Extraits humiques totaux : 5% Acides humiques : 5 %  Certificat en Agriculture Biologique selon le R\u00e8glement CE n\u00b0 837\/2007 par : SOHISCERT\" \/>\n<meta property=\"og:url\" content=\"https:\/\/mcazorla.com\/fr\/producte\/agriorgan\/\" \/>\n<meta property=\"og:site_name\" content=\"M. Cazorla\" \/>\n<meta property=\"article:modified_time\" content=\"2022-02-20T10:27:18+00:00\" \/>\n<meta property=\"og:image\" content=\"https:\/\/mcazorla.com\/wp-content\/uploads\/2022\/01\/img-productes-agriorgan.jpg\" \/>\n\t<meta property=\"og:image:width\" content=\"500\" \/>\n\t<meta property=\"og:image:height\" content=\"386\" \/>\n\t<meta property=\"og:image:type\" content=\"image\/jpeg\" \/>\n<meta name=\"twitter:card\" content=\"summary_large_image\" \/>\n<script type=\"application\/ld+json\" class=\"yoast-schema-graph\">{\"@context\":\"https:\\\/\\\/schema.org\",\"@graph\":[{\"@type\":\"WebPage\",\"@id\":\"https:\\\/\\\/mcazorla.com\\\/fr\\\/producte\\\/agriorgan\\\/\",\"url\":\"https:\\\/\\\/mcazorla.com\\\/fr\\\/producte\\\/agriorgan\\\/\",\"name\":\"Agriorgan - M. Cazorla\",\"isPartOf\":{\"@id\":\"https:\\\/\\\/mcazorla.com\\\/#website\"},\"primaryImageOfPage\":{\"@id\":\"https:\\\/\\\/mcazorla.com\\\/fr\\\/producte\\\/agriorgan\\\/#primaryimage\"},\"image\":{\"@id\":\"https:\\\/\\\/mcazorla.com\\\/fr\\\/producte\\\/agriorgan\\\/#primaryimage\"},\"thumbnailUrl\":\"https:\\\/\\\/mcazorla.com\\\/wp-content\\\/uploads\\\/2022\\\/01\\\/img-productes-agriorgan.jpg\",\"datePublished\":\"2022-01-10T15:45:58+00:00\",\"dateModified\":\"2022-02-20T10:27:18+00:00\",\"breadcrumb\":{\"@id\":\"https:\\\/\\\/mcazorla.com\\\/fr\\\/producte\\\/agriorgan\\\/#breadcrumb\"},\"inLanguage\":\"fr-FR\",\"potentialAction\":[{\"@type\":\"ReadAction\",\"target\":[\"https:\\\/\\\/mcazorla.com\\\/fr\\\/producte\\\/agriorgan\\\/\"]}]},{\"@type\":\"ImageObject\",\"inLanguage\":\"fr-FR\",\"@id\":\"https:\\\/\\\/mcazorla.com\\\/fr\\\/producte\\\/agriorgan\\\/#primaryimage\",\"url\":\"https:\\\/\\\/mcazorla.com\\\/wp-content\\\/uploads\\\/2022\\\/01\\\/img-productes-agriorgan.jpg\",\"contentUrl\":\"https:\\\/\\\/mcazorla.com\\\/wp-content\\\/uploads\\\/2022\\\/01\\\/img-productes-agriorgan.jpg\",\"width\":500,\"height\":386},{\"@type\":\"BreadcrumbList\",\"@id\":\"https:\\\/\\\/mcazorla.com\\\/fr\\\/producte\\\/agriorgan\\\/#breadcrumb\",\"itemListElement\":[{\"@type\":\"ListItem\",\"position\":1,\"name\":\"Portada\",\"item\":\"https:\\\/\\\/mcazorla.com\\\/fr\\\/\"},{\"@type\":\"ListItem\",\"position\":2,\"name\":\"Productes\",\"item\":\"https:\\\/\\\/mcazorla.com\\\/productes\\\/\"},{\"@type\":\"ListItem\",\"position\":3,\"name\":\"Agriorgan\"}]},{\"@type\":\"WebSite\",\"@id\":\"https:\\\/\\\/mcazorla.com\\\/#website\",\"url\":\"https:\\\/\\\/mcazorla.com\\\/\",\"name\":\"M. Cazorla\",\"description\":\"Comercialitzaci\u00f3 de llavors, fertilizants, adobs ,fitosanitaris i cereals.\",\"potentialAction\":[{\"@type\":\"SearchAction\",\"target\":{\"@type\":\"EntryPoint\",\"urlTemplate\":\"https:\\\/\\\/mcazorla.com\\\/?s={search_term_string}\"},\"query-input\":{\"@type\":\"PropertyValueSpecification\",\"valueRequired\":true,\"valueName\":\"search_term_string\"}}],\"inLanguage\":\"fr-FR\"}]}<\/script>\n<!-- \/ Yoast SEO plugin. -->","yoast_head_json":{"title":"Agriorgan - M. Cazorla","robots":{"index":"index","follow":"follow","max-snippet":"max-snippet:-1","max-image-preview":"max-image-preview:large","max-video-preview":"max-video-preview:-1"},"canonical":"https:\/\/mcazorla.com\/fr\/producte\/agriorgan\/","og_locale":"fr_FR","og_type":"article","og_title":"Agriorgan - M. Cazorla","og_description":"Amendement organique NF U 44-051  Fumier compost\u00e9 (80\u00a0% de fumier de mouton et 20\u00a0% de mati\u00e8res v\u00e9g\u00e9tales).  Taux d\u00e9clar\u00e9s\u00a0: masse de produit brut  Azote total (N): 2% dont azote organique (de fumier de mouton compost\u00e9) : 1,1 % Anhydride phosphorique total (P2O5) : 2,5 % Oxyde de Potassium (K2O): 2% Mati\u00e8re organique : 40% Mati\u00e8re s\u00e8che : 80%  C\/N\u00a0: 10  Autres fonctionnalit\u00e9s\u00a0:   Mati\u00e8re organique provenant du fumier de mouton compost\u00e9 Extraits humiques totaux : 5% Acides humiques : 5 %  Certificat en Agriculture Biologique selon le R\u00e8glement CE n\u00b0 837\/2007 par : SOHISCERT","og_url":"https:\/\/mcazorla.com\/fr\/producte\/agriorgan\/","og_site_name":"M. Cazorla","article_modified_time":"2022-02-20T10:27:18+00:00","og_image":[{"width":500,"height":386,"url":"https:\/\/mcazorla.com\/wp-content\/uploads\/2022\/01\/img-productes-agriorgan.jpg","type":"image\/jpeg"}],"twitter_card":"summary_large_image","schema":{"@context":"https:\/\/schema.org","@graph":[{"@type":"WebPage","@id":"https:\/\/mcazorla.com\/fr\/producte\/agriorgan\/","url":"https:\/\/mcazorla.com\/fr\/producte\/agriorgan\/","name":"Agriorgan - M. Cazorla","isPartOf":{"@id":"https:\/\/mcazorla.com\/#website"},"primaryImageOfPage":{"@id":"https:\/\/mcazorla.com\/fr\/producte\/agriorgan\/#primaryimage"},"image":{"@id":"https:\/\/mcazorla.com\/fr\/producte\/agriorgan\/#primaryimage"},"thumbnailUrl":"https:\/\/mcazorla.com\/wp-content\/uploads\/2022\/01\/img-productes-agriorgan.jpg","datePublished":"2022-01-10T15:45:58+00:00","dateModified":"2022-02-20T10:27:18+00:00","breadcrumb":{"@id":"https:\/\/mcazorla.com\/fr\/producte\/agriorgan\/#breadcrumb"},"inLanguage":"fr-FR","potentialAction":[{"@type":"ReadAction","target":["https:\/\/mcazorla.com\/fr\/producte\/agriorgan\/"]}]},{"@type":"ImageObject","inLanguage":"fr-FR","@id":"https:\/\/mcazorla.com\/fr\/producte\/agriorgan\/#primaryimage","url":"https:\/\/mcazorla.com\/wp-content\/uploads\/2022\/01\/img-productes-agriorgan.jpg","contentUrl":"https:\/\/mcazorla.com\/wp-content\/uploads\/2022\/01\/img-productes-agriorgan.jpg","width":500,"height":386},{"@type":"BreadcrumbList","@id":"https:\/\/mcazorla.com\/fr\/producte\/agriorgan\/#breadcrumb","itemListElement":[{"@type":"ListItem","position":1,"name":"Portada","item":"https:\/\/mcazorla.com\/fr\/"},{"@type":"ListItem","position":2,"name":"Productes","item":"https:\/\/mcazorla.com\/productes\/"},{"@type":"ListItem","position":3,"name":"Agriorgan"}]},{"@type":"WebSite","@id":"https:\/\/mcazorla.com\/#website","url":"https:\/\/mcazorla.com\/","name":"M. Cazorla","description":"Comercialitzaci\u00f3 de llavors, fertilizants, adobs ,fitosanitaris i cereals.","potentialAction":[{"@type":"SearchAction","target":{"@type":"EntryPoint","urlTemplate":"https:\/\/mcazorla.com\/?s={search_term_string}"},"query-input":{"@type":"PropertyValueSpecification","valueRequired":true,"valueName":"search_term_string"}}],"inLanguage":"fr-FR"}]}},"_links":{"self":[{"href":"https:\/\/mcazorla.com\/fr\/wp-json\/wp\/v2\/product\/3741","targetHints":{"allow":["GET"]}}],"collection":[{"href":"https:\/\/mcazorla.com\/fr\/wp-json\/wp\/v2\/product"}],"about":[{"href":"https:\/\/mcazorla.com\/fr\/wp-json\/wp\/v2\/types\/product"}],"wp:featuredmedia":[{"embeddable":true,"href":"https:\/\/mcazorla.com\/fr\/wp-json\/wp\/v2\/media\/2977"}],"wp:attachment":[{"href":"https:\/\/mcazorla.com\/fr\/wp-json\/wp\/v2\/media?parent=3741"}],"wp:term":[{"taxonomy":"product_brand","embeddable":true,"href":"https:\/\/mcazorla.com\/fr\/wp-json\/wp\/v2\/product_brand?post=3741"},{"taxonomy":"product_cat","embeddable":true,"href":"https:\/\/mcazorla.com\/fr\/wp-json\/wp\/v2\/product_cat?post=3741"},{"taxonomy":"product_tag","embeddable":true,"href":"https:\/\/mcazorla.com\/fr\/wp-json\/wp\/v2\/product_tag?post=3741"}],"curies":[{"name":"wp","href":"https:\/\/api.w.org\/{rel}","templated":true}]}}