{"id":3749,"date":"2022-01-10T15:37:31","date_gmt":"2022-01-10T15:37:31","guid":{"rendered":"https:\/\/mcazorla.com\/producto\/top-ten\/"},"modified":"2022-02-20T10:39:15","modified_gmt":"2022-02-20T10:39:15","slug":"top-ten","status":"publish","type":"product","link":"https:\/\/mcazorla.com\/fr\/producte\/top-ten\/","title":{"rendered":"Top ten"},"content":{"rendered":"","protected":false},"excerpt":{"rendered":"<p>Il est un produit avec un effet protecteur <strong>contre morsures de lapins, campagnols et plusieurs rongeurs. Le produit apporte un go\u00fbt desagreable contre lapins, campagnols et des autres rongeurs, sangliers et chevreuils.<\/strong><\/p>\n<p>Il a un coleur jaune , d&rsquo;odeur caracter\u00edstique \u00e0 des huiles vegetales.<\/p>\n<p>TOPTEN est indiqu\u00e9 dans toutes les cultures : maraichage, ornamentales, vigne, fruitiers, agrumes, &#8230;<\/p>\n<p>Applicat\u00edon foliaire: 100 &#8211; 150 c \/ HL<br \/>\nApplication goutte-\u00e0-goutte:  2 &#8211; 2,5 L \/ Ha<\/p>\n<p>Persistencie de 8 \u00e0 15 dies<\/p>\n<p>Appliquer avec ph = 6-7<\/p>\n<p><strong>Produit autoris\u00e9 en agriculture biologique<\/strong><\/p>\n","protected":false},"featured_media":4284,"template":"","meta":[],"product_brand":[],"product_cat":[214,207],"product_tag":[],"class_list":{"0":"post-3749","1":"product","2":"type-product","3":"status-publish","4":"has-post-thumbnail","6":"product_cat-correcteurs-de-carences","7":"product_cat-produits-en-bio","9":"first","10":"instock","11":"shipping-taxable","12":"product-type-simple"},"yoast_head":"<!-- This site is optimized with the Yoast SEO plugin v27.3 - https:\/\/yoast.com\/product\/yoast-seo-wordpress\/ -->\n<title>Top ten - M. Cazorla<\/title>\n<meta name=\"robots\" content=\"index, follow, max-snippet:-1, max-image-preview:large, max-video-preview:-1\" \/>\n<link rel=\"canonical\" href=\"https:\/\/mcazorla.com\/fr\/producte\/top-ten\/\" \/>\n<meta property=\"og:locale\" content=\"fr_FR\" \/>\n<meta property=\"og:type\" content=\"article\" \/>\n<meta property=\"og:title\" content=\"Top ten - M. Cazorla\" \/>\n<meta property=\"og:description\" content=\"Il est un produit avec un effet protecteur contre morsures de lapins, campagnols et plusieurs rongeurs. Le produit apporte un go\u00fbt desagreable contre lapins, campagnols et des autres rongeurs, sangliers et chevreuils.  Il a un coleur jaune , d&#039;odeur caracter\u00edstique \u00e0 des huiles vegetales.  TOPTEN est indiqu\u00e9 dans toutes les cultures : maraichage, ornamentales, vigne, fruitiers, agrumes, ...  Applicat\u00edon foliaire: 100 - 150 c \/ HL Application goutte-\u00e0-goutte: 2 - 2,5 L \/ Ha  Persistencie de 8 \u00e0 15 dies  Appliquer avec ph = 6-7  Produit autoris\u00e9 en agriculture biologique\" \/>\n<meta property=\"og:url\" content=\"https:\/\/mcazorla.com\/fr\/producte\/top-ten\/\" \/>\n<meta property=\"og:site_name\" content=\"M. Cazorla\" \/>\n<meta property=\"article:modified_time\" content=\"2022-02-20T10:39:15+00:00\" \/>\n<meta property=\"og:image\" content=\"https:\/\/mcazorla.com\/wp-content\/uploads\/2022\/01\/img-productes-topten.jpg\" \/>\n\t<meta property=\"og:image:width\" content=\"500\" \/>\n\t<meta property=\"og:image:height\" content=\"386\" \/>\n\t<meta property=\"og:image:type\" content=\"image\/jpeg\" \/>\n<meta name=\"twitter:card\" content=\"summary_large_image\" \/>\n<script type=\"application\/ld+json\" class=\"yoast-schema-graph\">{\"@context\":\"https:\\\/\\\/schema.org\",\"@graph\":[{\"@type\":\"WebPage\",\"@id\":\"https:\\\/\\\/mcazorla.com\\\/fr\\\/producte\\\/top-ten\\\/\",\"url\":\"https:\\\/\\\/mcazorla.com\\\/fr\\\/producte\\\/top-ten\\\/\",\"name\":\"Top ten - M. Cazorla\",\"isPartOf\":{\"@id\":\"https:\\\/\\\/mcazorla.com\\\/#website\"},\"primaryImageOfPage\":{\"@id\":\"https:\\\/\\\/mcazorla.com\\\/fr\\\/producte\\\/top-ten\\\/#primaryimage\"},\"image\":{\"@id\":\"https:\\\/\\\/mcazorla.com\\\/fr\\\/producte\\\/top-ten\\\/#primaryimage\"},\"thumbnailUrl\":\"https:\\\/\\\/mcazorla.com\\\/wp-content\\\/uploads\\\/2022\\\/01\\\/img-productes-topten-1.jpg\",\"datePublished\":\"2022-01-10T15:37:31+00:00\",\"dateModified\":\"2022-02-20T10:39:15+00:00\",\"breadcrumb\":{\"@id\":\"https:\\\/\\\/mcazorla.com\\\/fr\\\/producte\\\/top-ten\\\/#breadcrumb\"},\"inLanguage\":\"fr-FR\",\"potentialAction\":[{\"@type\":\"ReadAction\",\"target\":[\"https:\\\/\\\/mcazorla.com\\\/fr\\\/producte\\\/top-ten\\\/\"]}]},{\"@type\":\"ImageObject\",\"inLanguage\":\"fr-FR\",\"@id\":\"https:\\\/\\\/mcazorla.com\\\/fr\\\/producte\\\/top-ten\\\/#primaryimage\",\"url\":\"https:\\\/\\\/mcazorla.com\\\/wp-content\\\/uploads\\\/2022\\\/01\\\/img-productes-topten-1.jpg\",\"contentUrl\":\"https:\\\/\\\/mcazorla.com\\\/wp-content\\\/uploads\\\/2022\\\/01\\\/img-productes-topten-1.jpg\",\"width\":500,\"height\":386},{\"@type\":\"BreadcrumbList\",\"@id\":\"https:\\\/\\\/mcazorla.com\\\/fr\\\/producte\\\/top-ten\\\/#breadcrumb\",\"itemListElement\":[{\"@type\":\"ListItem\",\"position\":1,\"name\":\"Portada\",\"item\":\"https:\\\/\\\/mcazorla.com\\\/fr\\\/\"},{\"@type\":\"ListItem\",\"position\":2,\"name\":\"Productes\",\"item\":\"https:\\\/\\\/mcazorla.com\\\/productes\\\/\"},{\"@type\":\"ListItem\",\"position\":3,\"name\":\"Top ten\"}]},{\"@type\":\"WebSite\",\"@id\":\"https:\\\/\\\/mcazorla.com\\\/#website\",\"url\":\"https:\\\/\\\/mcazorla.com\\\/\",\"name\":\"M. Cazorla\",\"description\":\"Comercialitzaci\u00f3 de llavors, fertilizants, adobs ,fitosanitaris i cereals.\",\"potentialAction\":[{\"@type\":\"SearchAction\",\"target\":{\"@type\":\"EntryPoint\",\"urlTemplate\":\"https:\\\/\\\/mcazorla.com\\\/?s={search_term_string}\"},\"query-input\":{\"@type\":\"PropertyValueSpecification\",\"valueRequired\":true,\"valueName\":\"search_term_string\"}}],\"inLanguage\":\"fr-FR\"}]}<\/script>\n<!-- \/ Yoast SEO plugin. -->","yoast_head_json":{"title":"Top ten - M. Cazorla","robots":{"index":"index","follow":"follow","max-snippet":"max-snippet:-1","max-image-preview":"max-image-preview:large","max-video-preview":"max-video-preview:-1"},"canonical":"https:\/\/mcazorla.com\/fr\/producte\/top-ten\/","og_locale":"fr_FR","og_type":"article","og_title":"Top ten - M. Cazorla","og_description":"Il est un produit avec un effet protecteur contre morsures de lapins, campagnols et plusieurs rongeurs. Le produit apporte un go\u00fbt desagreable contre lapins, campagnols et des autres rongeurs, sangliers et chevreuils.  Il a un coleur jaune , d'odeur caracter\u00edstique \u00e0 des huiles vegetales.  TOPTEN est indiqu\u00e9 dans toutes les cultures : maraichage, ornamentales, vigne, fruitiers, agrumes, ...  Applicat\u00edon foliaire: 100 - 150 c \/ HL Application goutte-\u00e0-goutte: 2 - 2,5 L \/ Ha  Persistencie de 8 \u00e0 15 dies  Appliquer avec ph = 6-7  Produit autoris\u00e9 en agriculture biologique","og_url":"https:\/\/mcazorla.com\/fr\/producte\/top-ten\/","og_site_name":"M. Cazorla","article_modified_time":"2022-02-20T10:39:15+00:00","og_image":[{"width":500,"height":386,"url":"https:\/\/mcazorla.com\/wp-content\/uploads\/2022\/01\/img-productes-topten.jpg","type":"image\/jpeg"}],"twitter_card":"summary_large_image","schema":{"@context":"https:\/\/schema.org","@graph":[{"@type":"WebPage","@id":"https:\/\/mcazorla.com\/fr\/producte\/top-ten\/","url":"https:\/\/mcazorla.com\/fr\/producte\/top-ten\/","name":"Top ten - M. Cazorla","isPartOf":{"@id":"https:\/\/mcazorla.com\/#website"},"primaryImageOfPage":{"@id":"https:\/\/mcazorla.com\/fr\/producte\/top-ten\/#primaryimage"},"image":{"@id":"https:\/\/mcazorla.com\/fr\/producte\/top-ten\/#primaryimage"},"thumbnailUrl":"https:\/\/mcazorla.com\/wp-content\/uploads\/2022\/01\/img-productes-topten-1.jpg","datePublished":"2022-01-10T15:37:31+00:00","dateModified":"2022-02-20T10:39:15+00:00","breadcrumb":{"@id":"https:\/\/mcazorla.com\/fr\/producte\/top-ten\/#breadcrumb"},"inLanguage":"fr-FR","potentialAction":[{"@type":"ReadAction","target":["https:\/\/mcazorla.com\/fr\/producte\/top-ten\/"]}]},{"@type":"ImageObject","inLanguage":"fr-FR","@id":"https:\/\/mcazorla.com\/fr\/producte\/top-ten\/#primaryimage","url":"https:\/\/mcazorla.com\/wp-content\/uploads\/2022\/01\/img-productes-topten-1.jpg","contentUrl":"https:\/\/mcazorla.com\/wp-content\/uploads\/2022\/01\/img-productes-topten-1.jpg","width":500,"height":386},{"@type":"BreadcrumbList","@id":"https:\/\/mcazorla.com\/fr\/producte\/top-ten\/#breadcrumb","itemListElement":[{"@type":"ListItem","position":1,"name":"Portada","item":"https:\/\/mcazorla.com\/fr\/"},{"@type":"ListItem","position":2,"name":"Productes","item":"https:\/\/mcazorla.com\/productes\/"},{"@type":"ListItem","position":3,"name":"Top ten"}]},{"@type":"WebSite","@id":"https:\/\/mcazorla.com\/#website","url":"https:\/\/mcazorla.com\/","name":"M. Cazorla","description":"Comercialitzaci\u00f3 de llavors, fertilizants, adobs ,fitosanitaris i cereals.","potentialAction":[{"@type":"SearchAction","target":{"@type":"EntryPoint","urlTemplate":"https:\/\/mcazorla.com\/?s={search_term_string}"},"query-input":{"@type":"PropertyValueSpecification","valueRequired":true,"valueName":"search_term_string"}}],"inLanguage":"fr-FR"}]}},"_links":{"self":[{"href":"https:\/\/mcazorla.com\/fr\/wp-json\/wp\/v2\/product\/3749","targetHints":{"allow":["GET"]}}],"collection":[{"href":"https:\/\/mcazorla.com\/fr\/wp-json\/wp\/v2\/product"}],"about":[{"href":"https:\/\/mcazorla.com\/fr\/wp-json\/wp\/v2\/types\/product"}],"wp:featuredmedia":[{"embeddable":true,"href":"https:\/\/mcazorla.com\/fr\/wp-json\/wp\/v2\/media\/4284"}],"wp:attachment":[{"href":"https:\/\/mcazorla.com\/fr\/wp-json\/wp\/v2\/media?parent=3749"}],"wp:term":[{"taxonomy":"product_brand","embeddable":true,"href":"https:\/\/mcazorla.com\/fr\/wp-json\/wp\/v2\/product_brand?post=3749"},{"taxonomy":"product_cat","embeddable":true,"href":"https:\/\/mcazorla.com\/fr\/wp-json\/wp\/v2\/product_cat?post=3749"},{"taxonomy":"product_tag","embeddable":true,"href":"https:\/\/mcazorla.com\/fr\/wp-json\/wp\/v2\/product_tag?post=3749"}],"curies":[{"name":"wp","href":"https:\/\/api.w.org\/{rel}","templated":true}]}}