{"id":3754,"date":"2022-01-10T15:34:54","date_gmt":"2022-01-10T15:34:54","guid":{"rendered":"https:\/\/mcazorla.com\/producto\/tukom\/"},"modified":"2022-08-09T13:09:07","modified_gmt":"2022-08-09T13:09:07","slug":"tukom","status":"publish","type":"product","link":"https:\/\/mcazorla.com\/fr\/producte\/tukom\/","title":{"rendered":"Tukom"},"content":{"rendered":"","protected":false},"excerpt":{"rendered":"<p><strong>EFFET PROTECTEUR CONTRE OISEAUX<\/strong><\/p>\n<p>Description: Il est un correcteur en carences de Magnesie avec des composants terpeniques qui proviennent des plantes aromatiques avec lequel son odeur produit un environnement desagreable pour les oisseaux en provocant un aloignement de la zone trait\u00e9.<\/p>\n<p>TUKOM est indiqu\u00e9 pour toute classe de cultures: maraichage, ornamentaux, vigne, arbres fruiters, agrumes, olivier, cereales, &#8230;<\/p>\n<p>Dose: 200 &#8211; 250 cc per 100 L avec une dose Ha de: 2 &#8211; 2,5 L \/ Ha<\/p>\n<p><strong>Conseils:<\/strong><\/p>\n<p>Ne pas m\u00e9langer avec cuivre. Appliquer avec un ph de 6 \u00e0 7. Il est un produit sans r\u00e9sidus. Il a une persistence de 15 \u00e0 20 jours.<\/p>\n<p><strong>Produit autorise en agriculture biologique<\/strong><\/p>\n","protected":false},"featured_media":4286,"template":"","meta":[],"product_brand":[],"product_cat":[214,207],"product_tag":[],"class_list":{"0":"post-3754","1":"product","2":"type-product","3":"status-publish","4":"has-post-thumbnail","6":"product_cat-correcteurs-de-carences","7":"product_cat-produits-en-bio","9":"first","10":"instock","11":"shipping-taxable","12":"product-type-simple"},"yoast_head":"<!-- This site is optimized with the Yoast SEO plugin v27.4 - https:\/\/yoast.com\/product\/yoast-seo-wordpress\/ -->\n<title>Tukom - M. Cazorla<\/title>\n<meta name=\"robots\" content=\"index, follow, max-snippet:-1, max-image-preview:large, max-video-preview:-1\" \/>\n<link rel=\"canonical\" href=\"https:\/\/mcazorla.com\/fr\/producte\/tukom\/\" \/>\n<meta property=\"og:locale\" content=\"fr_FR\" \/>\n<meta property=\"og:type\" content=\"article\" \/>\n<meta property=\"og:title\" content=\"Tukom - M. Cazorla\" \/>\n<meta property=\"og:description\" content=\"EFFET PROTECTEUR CONTRE OISEAUX  Description: Il est un correcteur en carences de Magnesie avec des composants terpeniques qui proviennent des plantes aromatiques avec lequel son odeur produit un environnement desagreable pour les oisseaux en provocant un aloignement de la zone trait\u00e9.  TUKOM est indiqu\u00e9 pour toute classe de cultures: maraichage, ornamentaux, vigne, arbres fruiters, agrumes, olivier, cereales, ...  Dose: 200 - 250 cc per 100 L avec une dose Ha de: 2 - 2,5 L \/ Ha  Conseils:  Ne pas m\u00e9langer avec cuivre. Appliquer avec un ph de 6 \u00e0 7. Il est un produit sans r\u00e9sidus. Il a une persistence de 15 \u00e0 20 jours.  Produit autorise en agriculture biologique\" \/>\n<meta property=\"og:url\" content=\"https:\/\/mcazorla.com\/fr\/producte\/tukom\/\" \/>\n<meta property=\"og:site_name\" content=\"M. Cazorla\" \/>\n<meta property=\"article:modified_time\" content=\"2022-08-09T13:09:07+00:00\" \/>\n<meta property=\"og:image\" content=\"https:\/\/mcazorla.com\/wp-content\/uploads\/2022\/01\/img-productes-tukom.jpg\" \/>\n\t<meta property=\"og:image:width\" content=\"500\" \/>\n\t<meta property=\"og:image:height\" content=\"386\" \/>\n\t<meta property=\"og:image:type\" content=\"image\/jpeg\" \/>\n<meta name=\"twitter:card\" content=\"summary_large_image\" \/>\n<script type=\"application\/ld+json\" class=\"yoast-schema-graph\">{\"@context\":\"https:\\\/\\\/schema.org\",\"@graph\":[{\"@type\":\"WebPage\",\"@id\":\"https:\\\/\\\/mcazorla.com\\\/fr\\\/producte\\\/tukom\\\/\",\"url\":\"https:\\\/\\\/mcazorla.com\\\/fr\\\/producte\\\/tukom\\\/\",\"name\":\"Tukom - M. Cazorla\",\"isPartOf\":{\"@id\":\"https:\\\/\\\/mcazorla.com\\\/#website\"},\"primaryImageOfPage\":{\"@id\":\"https:\\\/\\\/mcazorla.com\\\/fr\\\/producte\\\/tukom\\\/#primaryimage\"},\"image\":{\"@id\":\"https:\\\/\\\/mcazorla.com\\\/fr\\\/producte\\\/tukom\\\/#primaryimage\"},\"thumbnailUrl\":\"https:\\\/\\\/mcazorla.com\\\/wp-content\\\/uploads\\\/2022\\\/07\\\/img-productes-tukom.jpg\",\"datePublished\":\"2022-01-10T15:34:54+00:00\",\"dateModified\":\"2022-08-09T13:09:07+00:00\",\"breadcrumb\":{\"@id\":\"https:\\\/\\\/mcazorla.com\\\/fr\\\/producte\\\/tukom\\\/#breadcrumb\"},\"inLanguage\":\"fr-FR\",\"potentialAction\":[{\"@type\":\"ReadAction\",\"target\":[\"https:\\\/\\\/mcazorla.com\\\/fr\\\/producte\\\/tukom\\\/\"]}]},{\"@type\":\"ImageObject\",\"inLanguage\":\"fr-FR\",\"@id\":\"https:\\\/\\\/mcazorla.com\\\/fr\\\/producte\\\/tukom\\\/#primaryimage\",\"url\":\"https:\\\/\\\/mcazorla.com\\\/wp-content\\\/uploads\\\/2022\\\/07\\\/img-productes-tukom.jpg\",\"contentUrl\":\"https:\\\/\\\/mcazorla.com\\\/wp-content\\\/uploads\\\/2022\\\/07\\\/img-productes-tukom.jpg\",\"width\":500,\"height\":386},{\"@type\":\"BreadcrumbList\",\"@id\":\"https:\\\/\\\/mcazorla.com\\\/fr\\\/producte\\\/tukom\\\/#breadcrumb\",\"itemListElement\":[{\"@type\":\"ListItem\",\"position\":1,\"name\":\"Portada\",\"item\":\"https:\\\/\\\/mcazorla.com\\\/fr\\\/\"},{\"@type\":\"ListItem\",\"position\":2,\"name\":\"Productes\",\"item\":\"https:\\\/\\\/mcazorla.com\\\/productes\\\/\"},{\"@type\":\"ListItem\",\"position\":3,\"name\":\"Tukom\"}]},{\"@type\":\"WebSite\",\"@id\":\"https:\\\/\\\/mcazorla.com\\\/#website\",\"url\":\"https:\\\/\\\/mcazorla.com\\\/\",\"name\":\"M. Cazorla\",\"description\":\"Comercialitzaci\u00f3 de llavors, fertilizants, adobs ,fitosanitaris i cereals.\",\"potentialAction\":[{\"@type\":\"SearchAction\",\"target\":{\"@type\":\"EntryPoint\",\"urlTemplate\":\"https:\\\/\\\/mcazorla.com\\\/?s={search_term_string}\"},\"query-input\":{\"@type\":\"PropertyValueSpecification\",\"valueRequired\":true,\"valueName\":\"search_term_string\"}}],\"inLanguage\":\"fr-FR\"}]}<\/script>\n<!-- \/ Yoast SEO plugin. -->","yoast_head_json":{"title":"Tukom - M. Cazorla","robots":{"index":"index","follow":"follow","max-snippet":"max-snippet:-1","max-image-preview":"max-image-preview:large","max-video-preview":"max-video-preview:-1"},"canonical":"https:\/\/mcazorla.com\/fr\/producte\/tukom\/","og_locale":"fr_FR","og_type":"article","og_title":"Tukom - M. Cazorla","og_description":"EFFET PROTECTEUR CONTRE OISEAUX  Description: Il est un correcteur en carences de Magnesie avec des composants terpeniques qui proviennent des plantes aromatiques avec lequel son odeur produit un environnement desagreable pour les oisseaux en provocant un aloignement de la zone trait\u00e9.  TUKOM est indiqu\u00e9 pour toute classe de cultures: maraichage, ornamentaux, vigne, arbres fruiters, agrumes, olivier, cereales, ...  Dose: 200 - 250 cc per 100 L avec une dose Ha de: 2 - 2,5 L \/ Ha  Conseils:  Ne pas m\u00e9langer avec cuivre. Appliquer avec un ph de 6 \u00e0 7. Il est un produit sans r\u00e9sidus. Il a une persistence de 15 \u00e0 20 jours.  Produit autorise en agriculture biologique","og_url":"https:\/\/mcazorla.com\/fr\/producte\/tukom\/","og_site_name":"M. Cazorla","article_modified_time":"2022-08-09T13:09:07+00:00","og_image":[{"width":500,"height":386,"url":"https:\/\/mcazorla.com\/wp-content\/uploads\/2022\/01\/img-productes-tukom.jpg","type":"image\/jpeg"}],"twitter_card":"summary_large_image","schema":{"@context":"https:\/\/schema.org","@graph":[{"@type":"WebPage","@id":"https:\/\/mcazorla.com\/fr\/producte\/tukom\/","url":"https:\/\/mcazorla.com\/fr\/producte\/tukom\/","name":"Tukom - M. Cazorla","isPartOf":{"@id":"https:\/\/mcazorla.com\/#website"},"primaryImageOfPage":{"@id":"https:\/\/mcazorla.com\/fr\/producte\/tukom\/#primaryimage"},"image":{"@id":"https:\/\/mcazorla.com\/fr\/producte\/tukom\/#primaryimage"},"thumbnailUrl":"https:\/\/mcazorla.com\/wp-content\/uploads\/2022\/07\/img-productes-tukom.jpg","datePublished":"2022-01-10T15:34:54+00:00","dateModified":"2022-08-09T13:09:07+00:00","breadcrumb":{"@id":"https:\/\/mcazorla.com\/fr\/producte\/tukom\/#breadcrumb"},"inLanguage":"fr-FR","potentialAction":[{"@type":"ReadAction","target":["https:\/\/mcazorla.com\/fr\/producte\/tukom\/"]}]},{"@type":"ImageObject","inLanguage":"fr-FR","@id":"https:\/\/mcazorla.com\/fr\/producte\/tukom\/#primaryimage","url":"https:\/\/mcazorla.com\/wp-content\/uploads\/2022\/07\/img-productes-tukom.jpg","contentUrl":"https:\/\/mcazorla.com\/wp-content\/uploads\/2022\/07\/img-productes-tukom.jpg","width":500,"height":386},{"@type":"BreadcrumbList","@id":"https:\/\/mcazorla.com\/fr\/producte\/tukom\/#breadcrumb","itemListElement":[{"@type":"ListItem","position":1,"name":"Portada","item":"https:\/\/mcazorla.com\/fr\/"},{"@type":"ListItem","position":2,"name":"Productes","item":"https:\/\/mcazorla.com\/productes\/"},{"@type":"ListItem","position":3,"name":"Tukom"}]},{"@type":"WebSite","@id":"https:\/\/mcazorla.com\/#website","url":"https:\/\/mcazorla.com\/","name":"M. Cazorla","description":"Comercialitzaci\u00f3 de llavors, fertilizants, adobs ,fitosanitaris i cereals.","potentialAction":[{"@type":"SearchAction","target":{"@type":"EntryPoint","urlTemplate":"https:\/\/mcazorla.com\/?s={search_term_string}"},"query-input":{"@type":"PropertyValueSpecification","valueRequired":true,"valueName":"search_term_string"}}],"inLanguage":"fr-FR"}]}},"_links":{"self":[{"href":"https:\/\/mcazorla.com\/fr\/wp-json\/wp\/v2\/product\/3754","targetHints":{"allow":["GET"]}}],"collection":[{"href":"https:\/\/mcazorla.com\/fr\/wp-json\/wp\/v2\/product"}],"about":[{"href":"https:\/\/mcazorla.com\/fr\/wp-json\/wp\/v2\/types\/product"}],"wp:featuredmedia":[{"embeddable":true,"href":"https:\/\/mcazorla.com\/fr\/wp-json\/wp\/v2\/media\/4286"}],"wp:attachment":[{"href":"https:\/\/mcazorla.com\/fr\/wp-json\/wp\/v2\/media?parent=3754"}],"wp:term":[{"taxonomy":"product_brand","embeddable":true,"href":"https:\/\/mcazorla.com\/fr\/wp-json\/wp\/v2\/product_brand?post=3754"},{"taxonomy":"product_cat","embeddable":true,"href":"https:\/\/mcazorla.com\/fr\/wp-json\/wp\/v2\/product_cat?post=3754"},{"taxonomy":"product_tag","embeddable":true,"href":"https:\/\/mcazorla.com\/fr\/wp-json\/wp\/v2\/product_tag?post=3754"}],"curies":[{"name":"wp","href":"https:\/\/api.w.org\/{rel}","templated":true}]}}