{"id":3761,"date":"2022-01-10T15:10:49","date_gmt":"2022-01-10T15:10:49","guid":{"rendered":"https:\/\/mcazorla.com\/producto\/invelop-white-protect\/"},"modified":"2022-02-20T11:01:21","modified_gmt":"2022-02-20T11:01:21","slug":"invelop-white-protect","status":"publish","type":"product","link":"https:\/\/mcazorla.com\/fr\/producte\/invelop-white-protect\/","title":{"rendered":"Invelop white protect"},"content":{"rendered":"","protected":false},"excerpt":{"rendered":"<p>Barriere Physique minerale 100% naturelle<\/p>\n<p>Il est un produit \u00e0 base de Talc E55b sp\u00e9cialement \u00e9labor\u00e9 et formul\u00e9s pour les applications foliaires en agriculture.<\/p>\n<p>Inv. White Protect fournit une double protection et permet de lutter contre les:<\/p>\n<p>*Stress abiotiques li\u00e9s \u00e0 l&rsquo;effet des coups de soleil (\u00e9chaudage, sunburn) en arboriculture.<br \/>\n*Stress biotiques li\u00e9s aux attaques fongiques (arboriculture et vigne) et aux attaques de ravageurs en arboriculture.<\/p>\n<p><strong>Usages et doses en tant que barri\u00e8re physique et coups du soleil:<\/strong><\/p>\n<p>50 Kg\/Ha d\u00e8s le stade de sensibilit\u00e9 des fruits<br \/>\n50 Kg\/Ha \u00e0 3-4 semaines apr\u00e8s<\/p>\n<p>Renouvellement \u00e0 25 Kg\/Ha suivant les conditions climatiques et la date de r\u00e9colte<\/p>\n<p><strong>Usages et doses en tant que fongifuge et insectifuge:<\/strong><\/p>\n<p>Comme insectifuge: Sur mouche de l&rsquo;olive, thrips du p\u00eacher et psylle du poirier \u00e0 25 Kg\/Ha en premiere application et 20 Kg\/Ha les suivantes<br \/>\nComme fongifuge: Sur tavelure en arbo \u00e0 15 Kg\/Ha et Sur oidium en vigne \u00e0 15 Kg\/Ha (2 \u00e0 5 fois \u00e0 moduler en fonction de la pression)<\/p>\n<p><strong>Volume de bouillie mininum:<\/strong><\/p>\n<p>600 L\/Ha en arboriculture et 150 L\/Ha en vigne<\/p>\n","protected":false},"featured_media":2962,"template":"","meta":[],"product_brand":[],"product_cat":[207,213],"product_tag":[],"class_list":{"0":"post-3761","1":"product","2":"type-product","3":"status-publish","4":"has-post-thumbnail","6":"product_cat-produits-en-bio","7":"product_cat-protection-solaire-fr","9":"first","10":"instock","11":"shipping-taxable","12":"product-type-simple"},"yoast_head":"<!-- This site is optimized with the Yoast SEO plugin v27.3 - https:\/\/yoast.com\/product\/yoast-seo-wordpress\/ -->\n<title>Invelop white protect - M. Cazorla<\/title>\n<meta name=\"robots\" content=\"index, follow, max-snippet:-1, max-image-preview:large, max-video-preview:-1\" \/>\n<link rel=\"canonical\" href=\"https:\/\/mcazorla.com\/fr\/producte\/invelop-white-protect\/\" \/>\n<meta property=\"og:locale\" content=\"fr_FR\" \/>\n<meta property=\"og:type\" content=\"article\" \/>\n<meta property=\"og:title\" content=\"Invelop white protect - M. Cazorla\" \/>\n<meta property=\"og:description\" content=\"Barriere Physique minerale 100% naturelle  Il est un produit \u00e0 base de Talc E55b sp\u00e9cialement \u00e9labor\u00e9 et formul\u00e9s pour les applications foliaires en agriculture.  Inv. White Protect fournit une double protection et permet de lutter contre les:  *Stress abiotiques li\u00e9s \u00e0 l&#039;effet des coups de soleil (\u00e9chaudage, sunburn) en arboriculture. *Stress biotiques li\u00e9s aux attaques fongiques (arboriculture et vigne) et aux attaques de ravageurs en arboriculture.  Usages et doses en tant que barri\u00e8re physique et coups du soleil:  50 Kg\/Ha d\u00e8s le stade de sensibilit\u00e9 des fruits 50 Kg\/Ha \u00e0 3-4 semaines apr\u00e8s  Renouvellement \u00e0 25 Kg\/Ha suivant les conditions climatiques et la date de r\u00e9colte  Usages et doses en tant que fongifuge et insectifuge:  Comme insectifuge: Sur mouche de l&#039;olive, thrips du p\u00eacher et psylle du poirier \u00e0 25 Kg\/Ha en premiere application et 20 Kg\/Ha les suivantes Comme fongifuge: Sur tavelure en arbo \u00e0 15 Kg\/Ha et Sur oidium en vigne \u00e0 15 Kg\/Ha (2 \u00e0 5 fois \u00e0 moduler en fonction de la pression)  Volume de bouillie mininum:  600 L\/Ha en arboriculture et 150 L\/Ha en vigne\" \/>\n<meta property=\"og:url\" content=\"https:\/\/mcazorla.com\/fr\/producte\/invelop-white-protect\/\" \/>\n<meta property=\"og:site_name\" content=\"M. Cazorla\" \/>\n<meta property=\"article:modified_time\" content=\"2022-02-20T11:01:21+00:00\" \/>\n<meta property=\"og:image\" content=\"https:\/\/mcazorla.com\/wp-content\/uploads\/2022\/01\/img-productes-invelop-white.jpg\" \/>\n\t<meta property=\"og:image:width\" content=\"500\" \/>\n\t<meta property=\"og:image:height\" content=\"386\" \/>\n\t<meta property=\"og:image:type\" content=\"image\/jpeg\" \/>\n<meta name=\"twitter:card\" content=\"summary_large_image\" \/>\n<script type=\"application\/ld+json\" class=\"yoast-schema-graph\">{\"@context\":\"https:\\\/\\\/schema.org\",\"@graph\":[{\"@type\":\"WebPage\",\"@id\":\"https:\\\/\\\/mcazorla.com\\\/fr\\\/producte\\\/invelop-white-protect\\\/\",\"url\":\"https:\\\/\\\/mcazorla.com\\\/fr\\\/producte\\\/invelop-white-protect\\\/\",\"name\":\"Invelop white protect - M. Cazorla\",\"isPartOf\":{\"@id\":\"https:\\\/\\\/mcazorla.com\\\/#website\"},\"primaryImageOfPage\":{\"@id\":\"https:\\\/\\\/mcazorla.com\\\/fr\\\/producte\\\/invelop-white-protect\\\/#primaryimage\"},\"image\":{\"@id\":\"https:\\\/\\\/mcazorla.com\\\/fr\\\/producte\\\/invelop-white-protect\\\/#primaryimage\"},\"thumbnailUrl\":\"https:\\\/\\\/mcazorla.com\\\/wp-content\\\/uploads\\\/2022\\\/01\\\/img-productes-invelop-white.jpg\",\"datePublished\":\"2022-01-10T15:10:49+00:00\",\"dateModified\":\"2022-02-20T11:01:21+00:00\",\"breadcrumb\":{\"@id\":\"https:\\\/\\\/mcazorla.com\\\/fr\\\/producte\\\/invelop-white-protect\\\/#breadcrumb\"},\"inLanguage\":\"fr-FR\",\"potentialAction\":[{\"@type\":\"ReadAction\",\"target\":[\"https:\\\/\\\/mcazorla.com\\\/fr\\\/producte\\\/invelop-white-protect\\\/\"]}]},{\"@type\":\"ImageObject\",\"inLanguage\":\"fr-FR\",\"@id\":\"https:\\\/\\\/mcazorla.com\\\/fr\\\/producte\\\/invelop-white-protect\\\/#primaryimage\",\"url\":\"https:\\\/\\\/mcazorla.com\\\/wp-content\\\/uploads\\\/2022\\\/01\\\/img-productes-invelop-white.jpg\",\"contentUrl\":\"https:\\\/\\\/mcazorla.com\\\/wp-content\\\/uploads\\\/2022\\\/01\\\/img-productes-invelop-white.jpg\",\"width\":500,\"height\":386},{\"@type\":\"BreadcrumbList\",\"@id\":\"https:\\\/\\\/mcazorla.com\\\/fr\\\/producte\\\/invelop-white-protect\\\/#breadcrumb\",\"itemListElement\":[{\"@type\":\"ListItem\",\"position\":1,\"name\":\"Portada\",\"item\":\"https:\\\/\\\/mcazorla.com\\\/fr\\\/\"},{\"@type\":\"ListItem\",\"position\":2,\"name\":\"Productes\",\"item\":\"https:\\\/\\\/mcazorla.com\\\/productes\\\/\"},{\"@type\":\"ListItem\",\"position\":3,\"name\":\"Invelop white protect\"}]},{\"@type\":\"WebSite\",\"@id\":\"https:\\\/\\\/mcazorla.com\\\/#website\",\"url\":\"https:\\\/\\\/mcazorla.com\\\/\",\"name\":\"M. Cazorla\",\"description\":\"Comercialitzaci\u00f3 de llavors, fertilizants, adobs ,fitosanitaris i cereals.\",\"potentialAction\":[{\"@type\":\"SearchAction\",\"target\":{\"@type\":\"EntryPoint\",\"urlTemplate\":\"https:\\\/\\\/mcazorla.com\\\/?s={search_term_string}\"},\"query-input\":{\"@type\":\"PropertyValueSpecification\",\"valueRequired\":true,\"valueName\":\"search_term_string\"}}],\"inLanguage\":\"fr-FR\"}]}<\/script>\n<!-- \/ Yoast SEO plugin. -->","yoast_head_json":{"title":"Invelop white protect - M. Cazorla","robots":{"index":"index","follow":"follow","max-snippet":"max-snippet:-1","max-image-preview":"max-image-preview:large","max-video-preview":"max-video-preview:-1"},"canonical":"https:\/\/mcazorla.com\/fr\/producte\/invelop-white-protect\/","og_locale":"fr_FR","og_type":"article","og_title":"Invelop white protect - M. Cazorla","og_description":"Barriere Physique minerale 100% naturelle  Il est un produit \u00e0 base de Talc E55b sp\u00e9cialement \u00e9labor\u00e9 et formul\u00e9s pour les applications foliaires en agriculture.  Inv. White Protect fournit une double protection et permet de lutter contre les:  *Stress abiotiques li\u00e9s \u00e0 l'effet des coups de soleil (\u00e9chaudage, sunburn) en arboriculture. *Stress biotiques li\u00e9s aux attaques fongiques (arboriculture et vigne) et aux attaques de ravageurs en arboriculture.  Usages et doses en tant que barri\u00e8re physique et coups du soleil:  50 Kg\/Ha d\u00e8s le stade de sensibilit\u00e9 des fruits 50 Kg\/Ha \u00e0 3-4 semaines apr\u00e8s  Renouvellement \u00e0 25 Kg\/Ha suivant les conditions climatiques et la date de r\u00e9colte  Usages et doses en tant que fongifuge et insectifuge:  Comme insectifuge: Sur mouche de l'olive, thrips du p\u00eacher et psylle du poirier \u00e0 25 Kg\/Ha en premiere application et 20 Kg\/Ha les suivantes Comme fongifuge: Sur tavelure en arbo \u00e0 15 Kg\/Ha et Sur oidium en vigne \u00e0 15 Kg\/Ha (2 \u00e0 5 fois \u00e0 moduler en fonction de la pression)  Volume de bouillie mininum:  600 L\/Ha en arboriculture et 150 L\/Ha en vigne","og_url":"https:\/\/mcazorla.com\/fr\/producte\/invelop-white-protect\/","og_site_name":"M. Cazorla","article_modified_time":"2022-02-20T11:01:21+00:00","og_image":[{"width":500,"height":386,"url":"https:\/\/mcazorla.com\/wp-content\/uploads\/2022\/01\/img-productes-invelop-white.jpg","type":"image\/jpeg"}],"twitter_card":"summary_large_image","schema":{"@context":"https:\/\/schema.org","@graph":[{"@type":"WebPage","@id":"https:\/\/mcazorla.com\/fr\/producte\/invelop-white-protect\/","url":"https:\/\/mcazorla.com\/fr\/producte\/invelop-white-protect\/","name":"Invelop white protect - M. Cazorla","isPartOf":{"@id":"https:\/\/mcazorla.com\/#website"},"primaryImageOfPage":{"@id":"https:\/\/mcazorla.com\/fr\/producte\/invelop-white-protect\/#primaryimage"},"image":{"@id":"https:\/\/mcazorla.com\/fr\/producte\/invelop-white-protect\/#primaryimage"},"thumbnailUrl":"https:\/\/mcazorla.com\/wp-content\/uploads\/2022\/01\/img-productes-invelop-white.jpg","datePublished":"2022-01-10T15:10:49+00:00","dateModified":"2022-02-20T11:01:21+00:00","breadcrumb":{"@id":"https:\/\/mcazorla.com\/fr\/producte\/invelop-white-protect\/#breadcrumb"},"inLanguage":"fr-FR","potentialAction":[{"@type":"ReadAction","target":["https:\/\/mcazorla.com\/fr\/producte\/invelop-white-protect\/"]}]},{"@type":"ImageObject","inLanguage":"fr-FR","@id":"https:\/\/mcazorla.com\/fr\/producte\/invelop-white-protect\/#primaryimage","url":"https:\/\/mcazorla.com\/wp-content\/uploads\/2022\/01\/img-productes-invelop-white.jpg","contentUrl":"https:\/\/mcazorla.com\/wp-content\/uploads\/2022\/01\/img-productes-invelop-white.jpg","width":500,"height":386},{"@type":"BreadcrumbList","@id":"https:\/\/mcazorla.com\/fr\/producte\/invelop-white-protect\/#breadcrumb","itemListElement":[{"@type":"ListItem","position":1,"name":"Portada","item":"https:\/\/mcazorla.com\/fr\/"},{"@type":"ListItem","position":2,"name":"Productes","item":"https:\/\/mcazorla.com\/productes\/"},{"@type":"ListItem","position":3,"name":"Invelop white protect"}]},{"@type":"WebSite","@id":"https:\/\/mcazorla.com\/#website","url":"https:\/\/mcazorla.com\/","name":"M. Cazorla","description":"Comercialitzaci\u00f3 de llavors, fertilizants, adobs ,fitosanitaris i cereals.","potentialAction":[{"@type":"SearchAction","target":{"@type":"EntryPoint","urlTemplate":"https:\/\/mcazorla.com\/?s={search_term_string}"},"query-input":{"@type":"PropertyValueSpecification","valueRequired":true,"valueName":"search_term_string"}}],"inLanguage":"fr-FR"}]}},"_links":{"self":[{"href":"https:\/\/mcazorla.com\/fr\/wp-json\/wp\/v2\/product\/3761","targetHints":{"allow":["GET"]}}],"collection":[{"href":"https:\/\/mcazorla.com\/fr\/wp-json\/wp\/v2\/product"}],"about":[{"href":"https:\/\/mcazorla.com\/fr\/wp-json\/wp\/v2\/types\/product"}],"wp:featuredmedia":[{"embeddable":true,"href":"https:\/\/mcazorla.com\/fr\/wp-json\/wp\/v2\/media\/2962"}],"wp:attachment":[{"href":"https:\/\/mcazorla.com\/fr\/wp-json\/wp\/v2\/media?parent=3761"}],"wp:term":[{"taxonomy":"product_brand","embeddable":true,"href":"https:\/\/mcazorla.com\/fr\/wp-json\/wp\/v2\/product_brand?post=3761"},{"taxonomy":"product_cat","embeddable":true,"href":"https:\/\/mcazorla.com\/fr\/wp-json\/wp\/v2\/product_cat?post=3761"},{"taxonomy":"product_tag","embeddable":true,"href":"https:\/\/mcazorla.com\/fr\/wp-json\/wp\/v2\/product_tag?post=3761"}],"curies":[{"name":"wp","href":"https:\/\/api.w.org\/{rel}","templated":true}]}}